{"id":1459,"date":"2026-02-12T06:31:52","date_gmt":"2026-02-12T06:31:52","guid":{"rendered":"https:\/\/bonuskongcasino.net\/login-and-registration\/"},"modified":"2026-02-12T09:56:37","modified_gmt":"2026-02-12T09:56:37","slug":"logowanie-i-rejestracja","status":"publish","type":"page","link":"https:\/\/bonuskongcasino.net\/pl\/logowanie-i-rejestracja\/","title":{"rendered":"Logowanie i rejestracja"},"content":{"rendered":"<h1>Logowanie i rejestracja w Bonuskong<\/h1>\n<p>Bonuskong login to jedyny krok dziel\u0105cy polskich u\u017cytkownik\u00f3w od gry na prawdziwe pieni\u0105dze. Wymagamy tylko niezb\u0119dnych informacji, takich jak adres e-mail i has\u0142o. Rejestracja w kasynie Bonuskong jest dost\u0119pna dla wszystkich os\u00f3b, kt\u00f3re uko\u0144czy\u0142y 18 lat. Proces ten nie zajmuje du\u017co czasu i mo\u017cna go zako\u0144czy\u0107 w ci\u0105gu kilku minut.<\/p>\n<p><div class=\"banner-wrap\" aria-label=\"Banner\"><img src=\"https:\/\/bonuskongcasino.net\/wp-content\/uploads\/2026\/02\/bonuskong-desktop-banner.webp\" class=\"w-100 d-none d-lg-block img-pc main-banner-img\" alt=\"Bonuskong desktop banner\" fetchpriority=\"high\" decoding=\"async\"><img src=\"https:\/\/bonuskongcasino.net\/wp-content\/uploads\/2026\/02\/bonuskong-mobile.webp\" class=\"w-100 d-none d-md-block d-lg-none main-banner-img\" alt=\"Bonuskong banner mobile\" fetchpriority=\"high\" decoding=\"async\"><img src=\"https:\/\/bonuskongcasino.net\/wp-content\/uploads\/2026\/02\/bonuskong-mobile.webp\" class=\"w-100 d-md-none\" alt=\"Bonuskong banner mobile\" fetchpriority=\"high\" decoding=\"async\"><div class=\"banner-description\">\n<div class=\"banner-title\">Bonusy powitalne<\/div>\n<p class=\"banner-header-title\">\u20ac1,500<\/p>\n<div class=\"banner-header-AdditionalText\">+ 250 Darmowe spiny<\/div>\n<button data-item=\"homepage_banner_link\" class=\"goto m-button m-gradient-border m-button--primary m-button--large banner-button btn-orange\">\n            <div class=\"m-button-content\">\n                <span>Zarejestruj si\u0119 teraz<\/span>\n                <span><\/span>\n            <\/div>\n        <\/button>\n<\/div>\n<div class=\"WelcomePack\">\n<p><img loading=\"lazy\" decoding=\"async\" class=\"alignnone size-full wp-image-1386\" src=\"https:\/\/bonuskongcasino.net\/wp-content\/uploads\/2026\/02\/welcome-crown.png\" alt=\"welcome crown\" width=\"25\" height=\"26\" \/><\/p>\n<div class=\"WelcomePack-Info\">Cotygodniowy zwrot got\u00f3wki do 25%<\/div>\n<p><img loading=\"lazy\" decoding=\"async\" class=\"alignnone size-full wp-image-1386\" src=\"https:\/\/bonuskongcasino.net\/wp-content\/uploads\/2026\/02\/welcome-crown.png\" alt=\"welcome crown\" width=\"25\" height=\"26\" \/><\/p>\n<\/div>\n<\/div><div class=\"scrollable-content-wrap my-5\"><div class=\"scrollable-content-inner\"><h2>Proces rejestracji w Bonuskong<\/h2>\n<p>Wszyscy nowi u\u017cytkownicy, kt\u00f3rzy odwiedzaj\u0105 nasz\u0105 platform\u0119 po raz pierwszy, powinni rozwa\u017cy\u0107 proces rejestracji w Bonus Kong. Zdecydowanie zalecamy utworzenie konta, poniewa\u017c oferuje ono wiele funkcji i korzy\u015bci. Po pierwsze, po rejestracji wszyscy nowi gracze otrzymuj\u0105 pakiet powitalny o warto\u015bci do 1 500 \u20ac + 250 darmowych spin\u00f3w.<\/p>\n<p>Tylko zarejestrowani u\u017cytkownicy mog\u0105 dokonywa\u0107 wp\u0142at, gra\u0107 na prawdziwe pieni\u0105dze i wyp\u0142aca\u0107 swoje wygrane. Otrzymasz dost\u0119p do kolekcji gier z ponad 6 000 opcji w r\u00f3\u017cnych kategoriach i gatunkach. Poza tym mo\u017cesz skorzysta\u0107 z hojnych bonus\u00f3w Bonuskong Casino.<\/p>\n<h3>Za\u0142\u00f3\u017c konto<\/h3>\n<p>Proces rejestracji w Bonuskong jest dost\u0119pny dla ka\u017cdego u\u017cytkownika, kt\u00f3ry uko\u0144czy\u0142 18 lat. Ka\u017cdy gracz mo\u017ce mie\u0107 tylko jedno konto na naszej platformie. Dlatego je\u015bli grasz na r\u00f3\u017cnych urz\u0105dzeniach, u\u017cywaj tego samego konta. Je\u015bli jeste\u015b gotowy, aby uzyska\u0107 dost\u0119p do wszystkich fajnych funkcji naszego kasyna online, post\u0119puj zgodnie z poni\u017cszymi instrukcjami rejestracji:<\/p>\n<ol>\n<li>U\u017cytkownicy powinni odwiedzi\u0107 nasz\u0105 stron\u0119 internetow\u0105 na dowolnym urz\u0105dzeniu w dowolnej przegl\u0105darce.<\/li>\n<li>Aby rozpocz\u0105\u0107 proces, nale\u017cy klikn\u0105\u0107 przycisk \u201eZarejestruj si\u0119\u201d.<\/li>\n<li>Wprowad\u017a wymagane informacje: adres e-mail, has\u0142o i kod promocyjny (je\u015bli go posiadasz).<\/li>\n<li>Zaznacz pola, aby potwierdzi\u0107, \u017ce masz uko\u0144czone 18 lat i akceptujesz nasze warunki.<\/li>\n<li>Po dok\u0142adnym sprawdzeniu informacji nale\u017cy klikn\u0105\u0107 \u201eZarejestruj si\u0119\u201d na ko\u0144cu formularza.<\/li>\n<\/ol>\n<h2>Bonuskong \u2013 logowanie do konta<\/h2>\n<p>Proces logowania do Bonus Kong jest dost\u0119pny dla wszystkich os\u00f3b, kt\u00f3re maj\u0105 ju\u017c konto na naszej platformie. W tym miejscu nale\u017cy poda\u0107 informacje u\u017cyte podczas rejestracji: adres e-mail i has\u0142o. Aby dodatkowo zabezpieczy\u0107 sw\u00f3j profil, mo\u017cna skorzysta\u0107 z uwierzytelniania dwusk\u0142adnikowego.<\/p>\n<p>Konto w Bonuskong Casino zapewnia dost\u0119p nie tylko do fajnych funkcji platformy, ale tak\u017ce do wa\u017cnych narz\u0119dzi i ustawie\u0144 konta, kt\u00f3re sprawi\u0105, \u017ce korzystanie z serwisu b\u0119dzie jeszcze przyjemniejsze.<\/p>\n<table>\n<tbody>\n<tr>\n<td>Funkcje konta<\/td>\n<td>Szczeg\u00f3\u0142y<\/td>\n<\/tr>\n<tr>\n<td>Historia aktywno\u015bci<\/td>\n<td>W dowolnym momencie u\u017cytkownicy mog\u0105 sprawdzi\u0107 informacje o czasie sp\u0119dzonym na platformie, statusie promocji, wp\u0142atach, zak\u0142adach i wyp\u0142atach.<\/td>\n<\/tr>\n<tr>\n<td>Narz\u0119dzia odpowiedzialnej gry<\/td>\n<td>Masz mo\u017cliwo\u015b\u0107 w\u0142\u0105czenia limit\u00f3w czasowych i finansowych. Je\u015bli hazard ma negatywny wp\u0142yw na Twoje \u017cycie, mo\u017cesz skorzysta\u0107 z opcji samowykluczenia.<\/td>\n<\/tr>\n<tr>\n<td>Zarz\u0105dzanie kontem<\/td>\n<td>Gracze mog\u0105 edytowa\u0107 i aktualizowa\u0107 swoje dane osobowe i finansowe.<\/td>\n<\/tr>\n<tr>\n<td>Program partnerski<\/td>\n<td>U\u017cytkownicy znajd\u0105 sw\u00f3j osobisty link, kt\u00f3rym mog\u0105 podzieli\u0107 si\u0119 z przyjaci\u00f3\u0142mi i rodzin\u0105. Za ka\u017cdego nowego klienta zarejestrowanego za po\u015brednictwem Twojego linku otrzymasz dodatkowe nagrody.<\/td>\n<\/tr>\n<\/tbody>\n<\/table>\n<h3>Weryfikacja w kasynie Bonuskong<\/h3>\n<p>Przed dokonaniem pierwszej wyp\u0142aty musisz przej\u015b\u0107 prosty proces weryfikacji. Jest to cz\u0119\u015b\u0107 naszej polityki bezpiecze\u0144stwa. Musimy potwierdzi\u0107 Tw\u00f3j wiek, w\u0142asno\u015b\u0107 konta p\u0142atniczego i adres zamieszkania. Po tym procesie logowanie do Bonuskong i wyp\u0142aty b\u0119d\u0105 mog\u0142y odbywa\u0107 si\u0119 bez \u017cadnych op\u00f3\u017anie\u0144.<\/p>\n<p>Proces ten wymaga od wszystkich u\u017cytkownik\u00f3w przes\u0142ania zdj\u0119\u0107 swoich dokument\u00f3w osobistych do systemu. Nasi mened\u017cerowie sprawdz\u0105 wszystko w ci\u0105gu 48 godzin. Nast\u0119pnie status weryfikacji na koncie Bonus Kong Casino zostanie zaktualizowany.<\/p>\n<h2>Dost\u0119p do konta<\/h2>\n<p>U\u017cytkownicy mog\u0105 uzyska\u0107 dost\u0119p do swoich kont za pomoc\u0105 komputera stacjonarnego, laptopa, smartfona lub tabletu. W przypadku urz\u0105dze\u0144 mobilnych mog\u0105 one dzia\u0142a\u0107 na systemie Android lub iOS. Bonuskong Casino jest dost\u0119pne we wszystkich nowoczesnych przegl\u0105darkach, takich jak Safari, Google Chrome lub Firefox.<\/p>\n<p>Je\u015bli zapomnia\u0142e\u015b has\u0142a, nie ma problemu. Wystarczy klikn\u0105\u0107 link \u201eNie pami\u0119tasz has\u0142a?\u201d na stronie logowania Bonuskong. Gracze musz\u0105 poda\u0107 sw\u00f3j adres e-mail, aby\u015bmy mogli wys\u0142a\u0107 specjalny link do resetowania has\u0142a. Nast\u0119pnie wystarczy utworzy\u0107 nowe has\u0142o i u\u017cy\u0107 go przy nast\u0119pnym logowaniu.<\/p>\n<h2>FAQ<\/h2>\n<h3>Co zrobi\u0107, je\u015bli zapomnia\u0142em nazwy u\u017cytkownika lub adresu e-mail?<\/h3>\n<p>W przypadku zapomnienia has\u0142a, na stronie logowania Bonuskong dost\u0119pna jest specjalna funkcja odzyskiwania. Je\u015bli nie pami\u0119tasz swojego adresu e-mail, skontaktuj si\u0119 z naszym wieloj\u0119zycznym zespo\u0142em pomocy technicznej. Zweryfikuje on Twoj\u0105 to\u017csamo\u015b\u0107 i pomo\u017ce w uzyskaniu dost\u0119pu.<\/p>\n<h3>Jak mog\u0119 zweryfikowa\u0107 swoj\u0105 to\u017csamo\u015b\u0107 po problemach z logowaniem?<\/h3>\n<p>Wy\u015blemy Ci e-mail z linkiem potwierdzaj\u0105cym. Je\u015bli to nie wystarczy, nasz zesp\u00f3\u0142 Bonus Kong poprosi Ci\u0119 o dostarczenie niekt\u00f3rych dokument\u00f3w osobistych w celu weryfikacji Twojej to\u017csamo\u015bci.<\/p>\n<h3>Co nale\u017cy zrobi\u0107, je\u015bli moje konto zosta\u0142o tymczasowo zablokowane?<\/h3>\n<p>Kiedy zdecydujemy si\u0119 zablokowa\u0107 lub zawiesi\u0107 konto, u\u017cytkownik otrzymuje wiadomo\u015b\u0107 e-mail z dodatkowymi informacjami na temat jego konkretnego przypadku. Je\u015bli nie otrzyma\u0142e\u015b \u017cadnej wiadomo\u015bci, skontaktuj si\u0119 z zespo\u0142em pomocy technicznej za po\u015brednictwem czatu na \u017cywo lub poczty elektronicznej.<\/p>\n<\/div><\/div><\/p>\n","protected":false},"excerpt":{"rendered":"<p>Logowanie i rejestracja w Bonuskong Bonuskong login to jedyny krok dziel\u0105cy polskich u\u017cytkownik\u00f3w od gry na prawdziwe pieni\u0105dze. Wymagamy tylko niezb\u0119dnych informacji, takich jak adres e-mail i has\u0142o. Rejestracja w kasynie Bonuskong jest dost\u0119pna dla wszystkich os\u00f3b, kt\u00f3re uko\u0144czy\u0142y 18 lat. Proces ten nie zajmuje du\u017co czasu i mo\u017cna go zako\u0144czy\u0107 w ci\u0105gu kilku minut.<\/p>\n","protected":false},"author":9,"featured_media":0,"parent":0,"menu_order":0,"comment_status":"closed","ping_status":"closed","template":"template-builder.php","meta":{"_acf_changed":false,"inline_featured_image":false,"footnotes":""},"class_list":["post-1459","page","type-page","status-publish","hentry"],"acf":[],"yoast_head":"<!-- This site is optimized with the Yoast SEO plugin v24.4 - https:\/\/yoast.com\/wordpress\/plugins\/seo\/ -->\n<title>Bonuskong Login &amp; Rejestracja | Bezpieczny Dost\u0119p<\/title>\n<meta name=\"description\" content=\"Bonuskong Login \u2013 zaloguj si\u0119 bezpiecznie lub utw\u00f3rz nowe konto z szyfrowanym dost\u0119pem. Zarz\u0105dzaj weryfikacj\u0105, resetem has\u0142a i ustawieniami profilu w Bonus Kong.\" \/>\n<meta name=\"robots\" content=\"index, follow, max-snippet:-1, max-image-preview:large, max-video-preview:-1\" \/>\n<link rel=\"canonical\" href=\"https:\/\/bonuskongcasino.net\/pl\/logowanie-i-rejestracja\/\" \/>\n<meta property=\"og:locale\" content=\"pl_PL\" \/>\n<meta property=\"og:type\" content=\"article\" \/>\n<meta property=\"og:title\" content=\"Bonuskong Login &amp; Rejestracja | Bezpieczny Dost\u0119p\" \/>\n<meta property=\"og:description\" content=\"Bonuskong Login \u2013 zaloguj si\u0119 bezpiecznie lub utw\u00f3rz nowe konto z szyfrowanym dost\u0119pem. Zarz\u0105dzaj weryfikacj\u0105, resetem has\u0142a i ustawieniami profilu w Bonus Kong.\" \/>\n<meta property=\"og:url\" content=\"https:\/\/bonuskongcasino.net\/pl\/logowanie-i-rejestracja\/\" \/>\n<meta property=\"og:site_name\" content=\"bonuskong\" \/>\n<meta property=\"article:modified_time\" content=\"2026-02-12T09:56:37+00:00\" \/>\n<meta name=\"twitter:card\" content=\"summary_large_image\" \/>\n<meta name=\"twitter:label1\" content=\"Est. reading time\" \/>\n\t<meta name=\"twitter:data1\" content=\"1 minute\" \/>\n<script type=\"application\/ld+json\" class=\"yoast-schema-graph\">{\"@context\":\"https:\/\/schema.org\",\"@graph\":[{\"@type\":\"WebPage\",\"@id\":\"https:\/\/bonuskongcasino.net\/pl\/logowanie-i-rejestracja\/\",\"url\":\"https:\/\/bonuskongcasino.net\/pl\/logowanie-i-rejestracja\/\",\"name\":\"Bonuskong Login & Rejestracja | Bezpieczny Dost\u0119p\",\"isPartOf\":{\"@id\":\"https:\/\/bonuskongcasino.net\/pl\/#website\"},\"datePublished\":\"2026-02-12T06:31:52+00:00\",\"dateModified\":\"2026-02-12T09:56:37+00:00\",\"description\":\"Bonuskong Login \u2013 zaloguj si\u0119 bezpiecznie lub utw\u00f3rz nowe konto z szyfrowanym dost\u0119pem. Zarz\u0105dzaj weryfikacj\u0105, resetem has\u0142a i ustawieniami profilu w Bonus Kong.\",\"breadcrumb\":{\"@id\":\"https:\/\/bonuskongcasino.net\/pl\/logowanie-i-rejestracja\/#breadcrumb\"},\"inLanguage\":\"pl-PL\",\"potentialAction\":[{\"@type\":\"ReadAction\",\"target\":[\"https:\/\/bonuskongcasino.net\/pl\/logowanie-i-rejestracja\/\"]}]},{\"@type\":\"BreadcrumbList\",\"@id\":\"https:\/\/bonuskongcasino.net\/pl\/logowanie-i-rejestracja\/#breadcrumb\",\"itemListElement\":[{\"@type\":\"ListItem\",\"position\":1,\"name\":\"Bonuskong\",\"item\":\"https:\/\/bonuskongcasino.net\/pl\/\"},{\"@type\":\"ListItem\",\"position\":2,\"name\":\"Logowanie i rejestracja\"}]},{\"@type\":\"WebSite\",\"@id\":\"https:\/\/bonuskongcasino.net\/pl\/#website\",\"url\":\"https:\/\/bonuskongcasino.net\/pl\/\",\"name\":\"Bonuskong\",\"description\":\"\",\"publisher\":{\"@id\":\"https:\/\/bonuskongcasino.net\/pl\/#organization\"},\"potentialAction\":[{\"@type\":\"SearchAction\",\"target\":{\"@type\":\"EntryPoint\",\"urlTemplate\":\"https:\/\/bonuskongcasino.net\/pl\/?s={search_term_string}\"},\"query-input\":{\"@type\":\"PropertyValueSpecification\",\"valueRequired\":true,\"valueName\":\"search_term_string\"}}],\"inLanguage\":\"pl-PL\"},{\"@type\":\"Organization\",\"@id\":\"https:\/\/bonuskongcasino.net\/pl\/#organization\",\"name\":\"Bonuskong\",\"url\":\"https:\/\/bonuskongcasino.net\/pl\/\",\"logo\":{\"@type\":\"ImageObject\",\"inLanguage\":\"pl-PL\",\"@id\":\"https:\/\/bonuskongcasino.net\/pl\/#\/schema\/logo\/image\/\",\"url\":\"https:\/\/bonuskongcasino.net\/wp-content\/uploads\/2026\/02\/Bonuskong-logo.png\",\"contentUrl\":\"https:\/\/bonuskongcasino.net\/wp-content\/uploads\/2026\/02\/Bonuskong-logo.png\",\"width\":60,\"height\":24,\"caption\":\"Bonuskong\"},\"image\":{\"@id\":\"https:\/\/bonuskongcasino.net\/pl\/#\/schema\/logo\/image\/\"}}]}<\/script>\n<!-- \/ Yoast SEO plugin. -->","yoast_head_json":{"title":"Bonuskong Login & Rejestracja | Bezpieczny Dost\u0119p","description":"Bonuskong Login \u2013 zaloguj si\u0119 bezpiecznie lub utw\u00f3rz nowe konto z szyfrowanym dost\u0119pem. Zarz\u0105dzaj weryfikacj\u0105, resetem has\u0142a i ustawieniami profilu w Bonus Kong.","robots":{"index":"index","follow":"follow","max-snippet":"max-snippet:-1","max-image-preview":"max-image-preview:large","max-video-preview":"max-video-preview:-1"},"canonical":"https:\/\/bonuskongcasino.net\/pl\/logowanie-i-rejestracja\/","og_locale":"pl_PL","og_type":"article","og_title":"Bonuskong Login & Rejestracja | Bezpieczny Dost\u0119p","og_description":"Bonuskong Login \u2013 zaloguj si\u0119 bezpiecznie lub utw\u00f3rz nowe konto z szyfrowanym dost\u0119pem. Zarz\u0105dzaj weryfikacj\u0105, resetem has\u0142a i ustawieniami profilu w Bonus Kong.","og_url":"https:\/\/bonuskongcasino.net\/pl\/logowanie-i-rejestracja\/","og_site_name":"bonuskong","article_modified_time":"2026-02-12T09:56:37+00:00","twitter_card":"summary_large_image","twitter_misc":{"Est. reading time":"1 minute"},"schema":{"@context":"https:\/\/schema.org","@graph":[{"@type":"WebPage","@id":"https:\/\/bonuskongcasino.net\/pl\/logowanie-i-rejestracja\/","url":"https:\/\/bonuskongcasino.net\/pl\/logowanie-i-rejestracja\/","name":"Bonuskong Login & Rejestracja | Bezpieczny Dost\u0119p","isPartOf":{"@id":"https:\/\/bonuskongcasino.net\/pl\/#website"},"datePublished":"2026-02-12T06:31:52+00:00","dateModified":"2026-02-12T09:56:37+00:00","description":"Bonuskong Login \u2013 zaloguj si\u0119 bezpiecznie lub utw\u00f3rz nowe konto z szyfrowanym dost\u0119pem. Zarz\u0105dzaj weryfikacj\u0105, resetem has\u0142a i ustawieniami profilu w Bonus Kong.","breadcrumb":{"@id":"https:\/\/bonuskongcasino.net\/pl\/logowanie-i-rejestracja\/#breadcrumb"},"inLanguage":"pl-PL","potentialAction":[{"@type":"ReadAction","target":["https:\/\/bonuskongcasino.net\/pl\/logowanie-i-rejestracja\/"]}]},{"@type":"BreadcrumbList","@id":"https:\/\/bonuskongcasino.net\/pl\/logowanie-i-rejestracja\/#breadcrumb","itemListElement":[{"@type":"ListItem","position":1,"name":"Bonuskong","item":"https:\/\/bonuskongcasino.net\/pl\/"},{"@type":"ListItem","position":2,"name":"Logowanie i rejestracja"}]},{"@type":"WebSite","@id":"https:\/\/bonuskongcasino.net\/pl\/#website","url":"https:\/\/bonuskongcasino.net\/pl\/","name":"Bonuskong","description":"","publisher":{"@id":"https:\/\/bonuskongcasino.net\/pl\/#organization"},"potentialAction":[{"@type":"SearchAction","target":{"@type":"EntryPoint","urlTemplate":"https:\/\/bonuskongcasino.net\/pl\/?s={search_term_string}"},"query-input":{"@type":"PropertyValueSpecification","valueRequired":true,"valueName":"search_term_string"}}],"inLanguage":"pl-PL"},{"@type":"Organization","@id":"https:\/\/bonuskongcasino.net\/pl\/#organization","name":"Bonuskong","url":"https:\/\/bonuskongcasino.net\/pl\/","logo":{"@type":"ImageObject","inLanguage":"pl-PL","@id":"https:\/\/bonuskongcasino.net\/pl\/#\/schema\/logo\/image\/","url":"https:\/\/bonuskongcasino.net\/wp-content\/uploads\/2026\/02\/Bonuskong-logo.png","contentUrl":"https:\/\/bonuskongcasino.net\/wp-content\/uploads\/2026\/02\/Bonuskong-logo.png","width":60,"height":24,"caption":"Bonuskong"},"image":{"@id":"https:\/\/bonuskongcasino.net\/pl\/#\/schema\/logo\/image\/"}}]}},"_links":{"self":[{"href":"https:\/\/bonuskongcasino.net\/pl\/wp-json\/wp\/v2\/pages\/1459"}],"collection":[{"href":"https:\/\/bonuskongcasino.net\/pl\/wp-json\/wp\/v2\/pages"}],"about":[{"href":"https:\/\/bonuskongcasino.net\/pl\/wp-json\/wp\/v2\/types\/page"}],"author":[{"embeddable":true,"href":"https:\/\/bonuskongcasino.net\/pl\/wp-json\/wp\/v2\/users\/9"}],"replies":[{"embeddable":true,"href":"https:\/\/bonuskongcasino.net\/pl\/wp-json\/wp\/v2\/comments?post=1459"}],"version-history":[{"count":2,"href":"https:\/\/bonuskongcasino.net\/pl\/wp-json\/wp\/v2\/pages\/1459\/revisions"}],"predecessor-version":[{"id":1776,"href":"https:\/\/bonuskongcasino.net\/pl\/wp-json\/wp\/v2\/pages\/1459\/revisions\/1776"}],"wp:attachment":[{"href":"https:\/\/bonuskongcasino.net\/pl\/wp-json\/wp\/v2\/media?parent=1459"}],"curies":[{"name":"wp","href":"https:\/\/api.w.org\/{rel}","templated":true}]}}