{"id":1432,"date":"2026-02-12T06:38:26","date_gmt":"2026-02-12T06:38:26","guid":{"rendered":"https:\/\/bonuskongcasino.net\/bonus\/"},"modified":"2026-02-12T10:00:14","modified_gmt":"2026-02-12T10:00:14","slug":"bonus","status":"publish","type":"page","link":"https:\/\/bonuskongcasino.net\/pl\/bonus\/","title":{"rendered":"Bonus"},"content":{"rendered":"<h1>Bonusy Bonuskong<\/h1>\n<p>Dzi\u0119ki kolekcji Bonuskong bonus mo\u017cemy sprawi\u0107, \u017ce Twoje do\u015bwiadczenia b\u0119d\u0105 przyjemniejsze i bardziej dochodowe. Aktywuj\u0105c promocj\u0119, mo\u017cesz otrzyma\u0107 \u015brodki bonusowe, darmowe spiny, monety i dodatkowe rundy. Wszystkie oferty maj\u0105 jasne warunki, z kt\u00f3rymi nale\u017cy si\u0119 zapozna\u0107 przed wyborem jednej z nich. Po rejestracji wszyscy nowi klienci z Polski otrzymuj\u0105 pakiet powitalny o warto\u015bci do 1 500 \u20ac + 250 darmowych spin\u00f3w.<\/p>\n<p><div class=\"banner-wrap\" aria-label=\"Banner\"><img src=\"https:\/\/bonuskongcasino.net\/wp-content\/uploads\/2026\/02\/bonuskong-desktop-banner.webp\" class=\"w-100 d-none d-lg-block img-pc main-banner-img\" alt=\"Bonuskong desktop banner\" fetchpriority=\"high\" decoding=\"async\"><img src=\"https:\/\/bonuskongcasino.net\/wp-content\/uploads\/2026\/02\/bonuskong-mobile.webp\" class=\"w-100 d-none d-md-block d-lg-none main-banner-img\" alt=\"Bonuskong banner mobile\" fetchpriority=\"high\" decoding=\"async\"><img src=\"https:\/\/bonuskongcasino.net\/wp-content\/uploads\/2026\/02\/bonuskong-mobile.webp\" class=\"w-100 d-md-none\" alt=\"Bonuskong banner mobile\" fetchpriority=\"high\" decoding=\"async\"><div class=\"banner-description\">\n<div class=\"banner-title\">Bonusy powitalne<\/div>\n<p class=\"banner-header-title\">\u20ac1,500<\/p>\n<div class=\"banner-header-AdditionalText\">+ 250 Darmowe spiny<\/div>\n<button data-item=\"homepage_banner_link\" class=\"goto m-button m-gradient-border m-button--primary m-button--large banner-button btn-orange\">\n            <div class=\"m-button-content\">\n                <span>Zarejestruj si\u0119 teraz<\/span>\n                <span><\/span>\n            <\/div>\n        <\/button>\n<\/div>\n<div class=\"WelcomePack\">\n<p><img loading=\"lazy\" decoding=\"async\" class=\"alignnone size-full wp-image-1386\" src=\"https:\/\/bonuskongcasino.net\/wp-content\/uploads\/2026\/02\/welcome-crown.png\" alt=\"welcome crown\" width=\"25\" height=\"26\" \/><\/p>\n<div class=\"WelcomePack-Info\">Cotygodniowy zwrot got\u00f3wki do 25%<\/div>\n<p><img loading=\"lazy\" decoding=\"async\" class=\"alignnone size-full wp-image-1386\" src=\"https:\/\/bonuskongcasino.net\/wp-content\/uploads\/2026\/02\/welcome-crown.png\" alt=\"welcome crown\" width=\"25\" height=\"26\" \/><\/p>\n<\/div>\n<\/div><div class=\"promotions-wrap\"><div class=\"promotion-card\" style=\"background-image: url(https:\/\/bonuskongcasino.net\/wp-content\/uploads\/2026\/02\/bonuskong-first-dep.webp);\"><h2 class=\"promotion-card__title\">Oferta za pierwsz\u0105 wp\u0142at\u0119<\/h2><label class=\"promotion-card__offer\">500 \u20ac + 150 darmowych spin\u00f3w<\/label><label class=\"promotion-card__description\"><\/label><div class=\"promotion-card__actions\"><button data-item=\"payments_link\" data-group=\"website_links\" class=\"goto btn btn-orange rounded-pill fw-bold px-4 m-button m-gradient-border m-button--primary m-button--large promotion-button promotion-card__action-btn\" aria-label=\"Zarejestruj si\u0119\"><div class=\"m-button-content\"><span class=\"promotion-button__content\">Zarejestruj si\u0119<\/span><\/div><\/button><button data-item=\"http:\/\/bonus_link\" data-group=\"website_links\" class=\"goto m-button m-gradient-border m-button--secondary m-button--medium promotion-card__info-btn\" aria-label=\"More information\"><div class=\"m-button-content\"><svg viewBox=\"0 0 24 24\" fill=\"none\" xmlns=\"http:\/\/www.w3.org\/2000\/svg\" class=\"m-icon m-icon-loadable\" name=\"Attention\" loading=\"false\" aria-hidden=\"true\"><path d=\"M12 22C6.477 22 2 17.522 2 12S6.477 2 12 2s10 4.478 10 10-4.477 10-10 10m-.002-13.004a.999.999 0 1 0 0-1.997.999.999 0 0 0 0 1.997M12 17a1 1 0 0 0 .993-.884L13 16l-.002-5.001-.007-.117a1 1 0 0 0-1.986 0l-.007.117L11 16l.007.117A1 1 0 0 0 12 17\" fill=\"currentColor\"><\/path><\/svg><\/div><\/button><\/div><\/div><div class=\"promotion-card\" style=\"background-image: url(https:\/\/bonuskongcasino.net\/wp-content\/uploads\/2026\/02\/bonuskong-2-dep.webp);\"><h2 class=\"promotion-card__title\">Oferta za drug\u0105 wp\u0142at\u0119<\/h2><label class=\"promotion-card__offer\">500 \u20ac + 100 darmowych spin\u00f3w<\/label><label class=\"promotion-card__description\"><\/label><div class=\"promotion-card__actions\"><button data-item=\"payments_link\" data-group=\"website_links\" class=\"goto btn btn-orange rounded-pill fw-bold px-4 m-button m-gradient-border m-button--primary m-button--large promotion-button promotion-card__action-btn\" aria-label=\"Zarejestruj si\u0119\"><div class=\"m-button-content\"><span class=\"promotion-button__content\">Zarejestruj si\u0119<\/span><\/div><\/button><button data-item=\"http:\/\/bonus_link\" data-group=\"website_links\" class=\"goto m-button m-gradient-border m-button--secondary m-button--medium promotion-card__info-btn\" aria-label=\"More information\"><div class=\"m-button-content\"><svg viewBox=\"0 0 24 24\" fill=\"none\" xmlns=\"http:\/\/www.w3.org\/2000\/svg\" class=\"m-icon m-icon-loadable\" name=\"Attention\" loading=\"false\" aria-hidden=\"true\"><path d=\"M12 22C6.477 22 2 17.522 2 12S6.477 2 12 2s10 4.478 10 10-4.477 10-10 10m-.002-13.004a.999.999 0 1 0 0-1.997.999.999 0 0 0 0 1.997M12 17a1 1 0 0 0 .993-.884L13 16l-.002-5.001-.007-.117a1 1 0 0 0-1.986 0l-.007.117L11 16l.007.117A1 1 0 0 0 12 17\" fill=\"currentColor\"><\/path><\/svg><\/div><\/button><\/div><\/div><div class=\"promotion-card\" style=\"background-image: url(https:\/\/bonuskongcasino.net\/wp-content\/uploads\/2026\/02\/bonuskong-3-dep.webp);\"><h2 class=\"promotion-card__title\">Oferta za trzeci\u0105 wp\u0142at\u0119<\/h2><label class=\"promotion-card__offer\">500 \u20ac<\/label><label class=\"promotion-card__description\"><\/label><div class=\"promotion-card__actions\"><button data-item=\"payments_link\" data-group=\"website_links\" class=\"goto btn btn-orange rounded-pill fw-bold px-4 m-button m-gradient-border m-button--primary m-button--large promotion-button promotion-card__action-btn\" aria-label=\"Zarejestruj si\u0119\"><div class=\"m-button-content\"><span class=\"promotion-button__content\">Zarejestruj si\u0119<\/span><\/div><\/button><button data-item=\"http:\/\/bonus_link\" data-group=\"website_links\" class=\"goto m-button m-gradient-border m-button--secondary m-button--medium promotion-card__info-btn\" aria-label=\"More information\"><div class=\"m-button-content\"><svg viewBox=\"0 0 24 24\" fill=\"none\" xmlns=\"http:\/\/www.w3.org\/2000\/svg\" class=\"m-icon m-icon-loadable\" name=\"Attention\" loading=\"false\" aria-hidden=\"true\"><path d=\"M12 22C6.477 22 2 17.522 2 12S6.477 2 12 2s10 4.478 10 10-4.477 10-10 10m-.002-13.004a.999.999 0 1 0 0-1.997.999.999 0 0 0 0 1.997M12 17a1 1 0 0 0 .993-.884L13 16l-.002-5.001-.007-.117a1 1 0 0 0-1.986 0l-.007.117L11 16l.007.117A1 1 0 0 0 12 17\" fill=\"currentColor\"><\/path><\/svg><\/div><\/button><\/div><\/div><div class=\"promotion-card\" style=\"background-image: url(https:\/\/bonuskongcasino.net\/wp-content\/uploads\/2026\/02\/bonuskong-cashback.webp);\"><h2 class=\"promotion-card__title\">Cotygodniowy zwrot got\u00f3wki<\/h2><label class=\"promotion-card__offer\">do 25%<\/label><label class=\"promotion-card__description\"><\/label><div class=\"promotion-card__actions\"><button data-item=\"payments_link\" data-group=\"website_links\" class=\"goto btn btn-orange rounded-pill fw-bold px-4 m-button m-gradient-border m-button--primary m-button--large promotion-button promotion-card__action-btn\" aria-label=\"Zarejestruj si\u0119\"><div class=\"m-button-content\"><span class=\"promotion-button__content\">Zarejestruj si\u0119<\/span><\/div><\/button><button data-item=\"http:\/\/bonus_link\" data-group=\"website_links\" class=\"goto m-button m-gradient-border m-button--secondary m-button--medium promotion-card__info-btn\" aria-label=\"More information\"><div class=\"m-button-content\"><svg viewBox=\"0 0 24 24\" fill=\"none\" xmlns=\"http:\/\/www.w3.org\/2000\/svg\" class=\"m-icon m-icon-loadable\" name=\"Attention\" loading=\"false\" aria-hidden=\"true\"><path d=\"M12 22C6.477 22 2 17.522 2 12S6.477 2 12 2s10 4.478 10 10-4.477 10-10 10m-.002-13.004a.999.999 0 1 0 0-1.997.999.999 0 0 0 0 1.997M12 17a1 1 0 0 0 .993-.884L13 16l-.002-5.001-.007-.117a1 1 0 0 0-1.986 0l-.007.117L11 16l.007.117A1 1 0 0 0 12 17\" fill=\"currentColor\"><\/path><\/svg><\/div><\/button><\/div><\/div><div class=\"promotion-card\" style=\"background-image: url(https:\/\/bonuskongcasino.net\/wp-content\/uploads\/2026\/02\/bonuskong-spinoleague.webp);\"><h2 class=\"promotion-card__title\">Niedzielna do\u0142adowanie<\/h2><label class=\"promotion-card__offer\">25% do 100 \u20ac<\/label><label class=\"promotion-card__description\"><\/label><div class=\"promotion-card__actions\"><button data-item=\"payments_link\" data-group=\"website_links\" class=\"goto btn btn-orange rounded-pill fw-bold px-4 m-button m-gradient-border m-button--primary m-button--large promotion-button promotion-card__action-btn\" aria-label=\"Zarejestruj si\u0119\"><div class=\"m-button-content\"><span class=\"promotion-button__content\">Zarejestruj si\u0119<\/span><\/div><\/button><button data-item=\"http:\/\/bonus_link\" data-group=\"website_links\" class=\"goto m-button m-gradient-border m-button--secondary m-button--medium promotion-card__info-btn\" aria-label=\"More information\"><div class=\"m-button-content\"><svg viewBox=\"0 0 24 24\" fill=\"none\" xmlns=\"http:\/\/www.w3.org\/2000\/svg\" class=\"m-icon m-icon-loadable\" name=\"Attention\" loading=\"false\" aria-hidden=\"true\"><path d=\"M12 22C6.477 22 2 17.522 2 12S6.477 2 12 2s10 4.478 10 10-4.477 10-10 10m-.002-13.004a.999.999 0 1 0 0-1.997.999.999 0 0 0 0 1.997M12 17a1 1 0 0 0 .993-.884L13 16l-.002-5.001-.007-.117a1 1 0 0 0-1.986 0l-.007.117L11 16l.007.117A1 1 0 0 0 12 17\" fill=\"currentColor\"><\/path><\/svg><\/div><\/button><\/div><\/div><div class=\"promotion-card\" style=\"background-image: url(https:\/\/bonuskongcasino.net\/wp-content\/uploads\/2026\/02\/bonuskong-rakeback.webp);\"><h2 class=\"promotion-card__title\">Rakeback<\/h2><label class=\"promotion-card__offer\">do 17%<\/label><label class=\"promotion-card__description\"><\/label><div class=\"promotion-card__actions\"><button data-item=\"payments_link\" data-group=\"website_links\" class=\"goto btn btn-orange rounded-pill fw-bold px-4 m-button m-gradient-border m-button--primary m-button--large promotion-button promotion-card__action-btn\" aria-label=\"Zarejestruj si\u0119\"><div class=\"m-button-content\"><span class=\"promotion-button__content\">Zarejestruj si\u0119<\/span><\/div><\/button><button data-item=\"http:\/\/bonus_link\" data-group=\"website_links\" class=\"goto m-button m-gradient-border m-button--secondary m-button--medium promotion-card__info-btn\" aria-label=\"More information\"><div class=\"m-button-content\"><svg viewBox=\"0 0 24 24\" fill=\"none\" xmlns=\"http:\/\/www.w3.org\/2000\/svg\" class=\"m-icon m-icon-loadable\" name=\"Attention\" loading=\"false\" aria-hidden=\"true\"><path d=\"M12 22C6.477 22 2 17.522 2 12S6.477 2 12 2s10 4.478 10 10-4.477 10-10 10m-.002-13.004a.999.999 0 1 0 0-1.997.999.999 0 0 0 0 1.997M12 17a1 1 0 0 0 .993-.884L13 16l-.002-5.001-.007-.117a1 1 0 0 0-1.986 0l-.007.117L11 16l.007.117A1 1 0 0 0 12 17\" fill=\"currentColor\"><\/path><\/svg><\/div><\/button><\/div><\/div><div class=\"promotion-card\" style=\"background-image: url(https:\/\/bonuskongcasino.net\/wp-content\/uploads\/2026\/02\/bonuskong-highroller.webp);\"><h2 class=\"promotion-card__title\">Bonus dla graczy o wysokich stawkach<\/h2><label class=\"promotion-card__offer\">50% do 500 \u20ac<\/label><label class=\"promotion-card__description\"><\/label><div class=\"promotion-card__actions\"><button data-item=\"payments_link\" data-group=\"website_links\" class=\"goto btn btn-orange rounded-pill fw-bold px-4 m-button m-gradient-border m-button--primary m-button--large promotion-button promotion-card__action-btn\" aria-label=\"Zarejestruj si\u0119\"><div class=\"m-button-content\"><span class=\"promotion-button__content\">Zarejestruj si\u0119<\/span><\/div><\/button><button data-item=\"http:\/\/bonus_link\" data-group=\"website_links\" class=\"goto m-button m-gradient-border m-button--secondary m-button--medium promotion-card__info-btn\" aria-label=\"More information\"><div class=\"m-button-content\"><svg viewBox=\"0 0 24 24\" fill=\"none\" xmlns=\"http:\/\/www.w3.org\/2000\/svg\" class=\"m-icon m-icon-loadable\" name=\"Attention\" loading=\"false\" aria-hidden=\"true\"><path d=\"M12 22C6.477 22 2 17.522 2 12S6.477 2 12 2s10 4.478 10 10-4.477 10-10 10m-.002-13.004a.999.999 0 1 0 0-1.997.999.999 0 0 0 0 1.997M12 17a1 1 0 0 0 .993-.884L13 16l-.002-5.001-.007-.117a1 1 0 0 0-1.986 0l-.007.117L11 16l.007.117A1 1 0 0 0 12 17\" fill=\"currentColor\"><\/path><\/svg><\/div><\/button><\/div><\/div><\/div><div class=\"scrollable-content-wrap my-5\"><div class=\"scrollable-content-inner\"><h2>System bonus\u00f3w Bonuskong<\/h2>\n<p>Wyb\u00f3r bonus\u00f3w Bonuskong obejmuje opcje dla nowych i sta\u0142ych u\u017cytkownik\u00f3w. Wszystkie maj\u0105 r\u00f3\u017cne zasady i nagrody. Gwarantujemy, \u017ce ka\u017cdy znajdzie co\u015b odpowiedniego dla swoich upodoba\u0144 i bud\u017cetu. Pierwsz\u0105 rzecz\u0105, kt\u00f3r\u0105 mo\u017cesz otrzyma\u0107, jest bonus powitalny w postaci got\u00f3wki i darmowych spin\u00f3w.<\/p>\n<p>Ponadto u\u017cytkownicy maj\u0105 dost\u0119p do regularnych promocji. Niekt\u00f3re z nich s\u0105 tymczasowe, a inne sezonowe i ograniczone czasowo. W\u015br\u00f3d aktualnych ofert w Bonus Kong Casino znajdziesz cotygodniowy zwrot got\u00f3wki w wysoko\u015bci do 25%. Procent zale\u017cy od Twojego poziomu lojalno\u015bci. Poza tym istnieje system rakebacku do 17%. Gracze mog\u0105 otrzymywa\u0107 go co miesi\u0105c, co tydzie\u0144 lub codziennie. Dla tych, kt\u00f3rzy lubi\u0105 du\u017ce wygrane, dost\u0119pna jest oferta high roller w wysoko\u015bci 50% do 500 \u20ac.<\/p>\n<h2>Bonus Kong \u2013 pakiet powitalny<\/h2>\n<p>Doceniamy, \u017ce wybra\u0142e\u015b nasz\u0105 platform\u0119 i zdecydowa\u0142e\u015b si\u0119 zarejestrowa\u0107. Dlatego po utworzeniu konta i dokonaniu pierwszej wp\u0142aty wszyscy nowi u\u017cytkownicy otrzymuj\u0105 pakiet powitalny do 1 500 \u20ac + 250 darmowych spin\u00f3w. Bonus Bonuskong dla nowych klient\u00f3w zostanie podzielony na pierwsze trzy wp\u0142aty.<\/p>\n<table>\n<tbody>\n<tr>\n<td>Oferta za pierwsz\u0105 wp\u0142at\u0119<\/td>\n<td>500 \u20ac + 150 darmowych spin\u00f3w<\/td>\n<\/tr>\n<tr>\n<td>Oferta za drug\u0105 wp\u0142at\u0119<\/td>\n<td>500 \u20ac + 100 darmowych spin\u00f3w<\/td>\n<\/tr>\n<tr>\n<td>Oferta za trzeci\u0105 wp\u0142at\u0119<\/td>\n<td>500 \u20ac<\/td>\n<\/tr>\n<\/tbody>\n<\/table>\n<p>Aby aktywowa\u0107 promocj\u0119, nale\u017cy wp\u0142aci\u0107 co najmniej 20 \u20ac. Darmowe spiny b\u0119d\u0105 przyznawane w ilo\u015bci 50 dziennie. Mo\u017cna je wykorzysta\u0107 w automatach online od dostawcy oprogramowania BGaming. Wym\u00f3g obrotu w kasynie Bonuskong wynosi x35. Dopiero po spe\u0142nieniu wszystkich warunk\u00f3w gracze mog\u0105 wyp\u0142aci\u0107 wygrane.<\/p>\n<h2>Lista turniej\u00f3w i aktywno\u015bci<\/h2>\n<p>Opr\u00f3cz powy\u017cszych opcji bonusowych Bonus Kong, oferujemy r\u00f3wnie\u017c szeroki wyb\u00f3r turniej\u00f3w. Maj\u0105 one ogromne pule nagr\u00f3d i pozwalaj\u0105 zaj\u0105\u0107 miejsce w tabeli wynik\u00f3w. Wi\u0119kszo\u015b\u0107 wydarze\u0144 jest przeznaczona dla automat\u00f3w online i gier z krupierem na \u017cywo. Poni\u017cej znajdziesz aktualnie dost\u0119pne opcje w Bonuskong:<\/p>\n<ul>\n<li>Turniej na \u017cywo z pul\u0105 nagr\u00f3d w wysoko\u015bci 10 000 \u20ac<\/li>\n<li>BGaming Drops z pul\u0105 nagr\u00f3d w wysoko\u015bci 60 000 \u20ac<\/li>\n<li>Spinoleague z pul\u0105 nagr\u00f3d w wysoko\u015bci 12 000 000 \u20ac<\/li>\n<\/ul>\n<p>W zale\u017cno\u015bci od wybranej opcji obowi\u0105zuj\u0105 r\u00f3\u017cne zasady uczestnictwa. Niekt\u00f3re z nich wymagaj\u0105 op\u0142aty za uczestnictwo. Inne wydarzenia w kasynie Bonuskong s\u0105 automatycznie dost\u0119pne po zagraniu w wymagane tytu\u0142y.<\/p>\n<p>Je\u015bli chcesz spr\u00f3bowa\u0107 czego\u015b innego, dla wszystkich zarejestrowanych graczy dost\u0119pne s\u0105 r\u00f3wnie\u017c misje powitalne i regularne. Aby zdoby\u0107 monety, musisz wykona\u0107 proste zadania Bonus Kong. Za te monety mo\u017cesz kupi\u0107 ekskluzywne nagrody.<\/p>\n<h2>Warunki<\/h2>\n<p>Bonuskong Casino to bezpieczna i uczciwa platforma. Zapewniamy jasne zasady dla ka\u017cdej konkretnej oferty bonusowej. Mo\u017cna je znale\u017a\u0107, klikaj\u0105c na konkretn\u0105 opcj\u0119. Og\u00f3lne informacje na temat promocji w Bonuskong znajduj\u0105 si\u0119 na stronie z warunkami bonus\u00f3w.<\/p>\n<p>Nawet je\u015bli masz ju\u017c do\u015bwiadczenie z bonusami w innym kasynie online, przeczytaj zasady dotycz\u0105ce ka\u017cdej konkretnej opcji w Bonuskong Casino, poniewa\u017c mog\u0105 si\u0119 one r\u00f3\u017cni\u0107. Og\u00f3lnym wymogiem jest to, \u017ce jeden u\u017cytkownik mo\u017ce mie\u0107 tylko jedn\u0105 aktywn\u0105 promocj\u0119 depozytow\u0105.<\/p>\n<p>Wi\u0119kszo\u015b\u0107 bonus\u00f3w ma okres wa\u017cno\u015bci od 7 do 14 dni. Zazwyczaj obowi\u0105zuje zasada dotycz\u0105ca minimalnej wp\u0142aty. Maksymalny zak\u0142ad na naszej platformie wynosi zawsze 5 euro. Wk\u0142ad gry pokazuje, kt\u00f3re kategorie tytu\u0142\u00f3w maj\u0105 wp\u0142yw na wynik. Wym\u00f3g obrotu w Bonuskong odgrywa wa\u017cn\u0105 rol\u0119, poniewa\u017c wyja\u015bnia, ile razy nale\u017cy obstawi\u0107 kwot\u0119 bonusu przed wyp\u0142at\u0105.<\/p>\n<h2>FAQ<\/h2>\n<h3>Czy bonusy s\u0105 dost\u0119pne dla powracaj\u0105cych graczy?<\/h3>\n<p>Cieszymy si\u0119, \u017ce zdecydowa\u0142e\u015b si\u0119 powr\u00f3ci\u0107 na nasz\u0105 platform\u0119. Wszystkie bonusy w Bonus Kong, z wyj\u0105tkiem pakietu powitalnego, b\u0119d\u0105 dla Ciebie dost\u0119pne.<\/p>\n<h3>Czy mog\u0119 wyp\u0142aci\u0107 wygrane z bonusu?<\/h3>\n<p>Wszyscy u\u017cytkownicy mog\u0105 wyp\u0142aci\u0107 swoje wygrane po spe\u0142nieniu wszystkich zasad bonusu Bonuskong. Szczeg\u00f3lnie wa\u017cny jest wym\u00f3g obrotu, kt\u00f3ry wynosi x35 lub x40.<\/p>\n<h3>Czy mog\u0119 mie\u0107 wi\u0119cej ni\u017c jeden aktywny bonus jednocze\u015bnie?<\/h3>\n<p>Nie zezwalamy graczom na posiadanie wielu aktywnych bonus\u00f3w od depozytu. Musisz spe\u0142ni\u0107 warunki jednej oferty lub mo\u017cesz j\u0105 anulowa\u0107, aby rozpocz\u0105\u0107 kolejn\u0105. Zasada ta nie dotyczy turniej\u00f3w i misji.<\/p>\n<\/div><\/div><\/p>\n","protected":false},"excerpt":{"rendered":"<p>Bonusy Bonuskong Dzi\u0119ki kolekcji Bonuskong bonus mo\u017cemy sprawi\u0107, \u017ce Twoje do\u015bwiadczenia b\u0119d\u0105 przyjemniejsze i bardziej dochodowe. Aktywuj\u0105c promocj\u0119, mo\u017cesz otrzyma\u0107 \u015brodki bonusowe, darmowe spiny, monety i dodatkowe rundy. Wszystkie oferty maj\u0105 jasne warunki, z kt\u00f3rymi nale\u017cy si\u0119 zapozna\u0107 przed wyborem jednej z nich. Po rejestracji wszyscy nowi klienci z Polski otrzymuj\u0105 pakiet powitalny o warto\u015bci [&hellip;]<\/p>\n","protected":false},"author":9,"featured_media":0,"parent":0,"menu_order":0,"comment_status":"closed","ping_status":"closed","template":"template-builder.php","meta":{"_acf_changed":false,"inline_featured_image":false,"footnotes":""},"class_list":["post-1432","page","type-page","status-publish","hentry"],"acf":[],"yoast_head":"<!-- This site is optimized with the Yoast SEO plugin v24.4 - https:\/\/yoast.com\/wordpress\/plugins\/seo\/ -->\n<title>Bonuskong Casino Bonus | Bonus Powitalny i Promocje<\/title>\n<meta name=\"description\" content=\"Bonuskong Casino Bonus \u2013 poznaj bonus powitalny, oferty reload, darmowe spiny i bie\u017c\u0105ce promocje. Korzystaj z cashbacku i sezonowych ofert w Bonus Kong.\" \/>\n<meta name=\"robots\" content=\"index, follow, max-snippet:-1, max-image-preview:large, max-video-preview:-1\" \/>\n<link rel=\"canonical\" href=\"https:\/\/bonuskongcasino.net\/pl\/bonus\/\" \/>\n<meta property=\"og:locale\" content=\"pl_PL\" \/>\n<meta property=\"og:type\" content=\"article\" \/>\n<meta property=\"og:title\" content=\"Bonuskong Casino Bonus | Bonus Powitalny i Promocje\" \/>\n<meta property=\"og:description\" content=\"Bonuskong Casino Bonus \u2013 poznaj bonus powitalny, oferty reload, darmowe spiny i bie\u017c\u0105ce promocje. Korzystaj z cashbacku i sezonowych ofert w Bonus Kong.\" \/>\n<meta property=\"og:url\" content=\"https:\/\/bonuskongcasino.net\/pl\/bonus\/\" \/>\n<meta property=\"og:site_name\" content=\"bonuskong\" \/>\n<meta property=\"article:modified_time\" content=\"2026-02-12T10:00:14+00:00\" \/>\n<meta name=\"twitter:card\" content=\"summary_large_image\" \/>\n<meta name=\"twitter:label1\" content=\"Est. reading time\" \/>\n\t<meta name=\"twitter:data1\" content=\"1 minute\" \/>\n<script type=\"application\/ld+json\" class=\"yoast-schema-graph\">{\"@context\":\"https:\/\/schema.org\",\"@graph\":[{\"@type\":\"WebPage\",\"@id\":\"https:\/\/bonuskongcasino.net\/pl\/bonus\/\",\"url\":\"https:\/\/bonuskongcasino.net\/pl\/bonus\/\",\"name\":\"Bonuskong Casino Bonus | Bonus Powitalny i Promocje\",\"isPartOf\":{\"@id\":\"https:\/\/bonuskongcasino.net\/pl\/#website\"},\"datePublished\":\"2026-02-12T06:38:26+00:00\",\"dateModified\":\"2026-02-12T10:00:14+00:00\",\"description\":\"Bonuskong Casino Bonus \u2013 poznaj bonus powitalny, oferty reload, darmowe spiny i bie\u017c\u0105ce promocje. Korzystaj z cashbacku i sezonowych ofert w Bonus Kong.\",\"breadcrumb\":{\"@id\":\"https:\/\/bonuskongcasino.net\/pl\/bonus\/#breadcrumb\"},\"inLanguage\":\"pl-PL\",\"potentialAction\":[{\"@type\":\"ReadAction\",\"target\":[\"https:\/\/bonuskongcasino.net\/pl\/bonus\/\"]}]},{\"@type\":\"BreadcrumbList\",\"@id\":\"https:\/\/bonuskongcasino.net\/pl\/bonus\/#breadcrumb\",\"itemListElement\":[{\"@type\":\"ListItem\",\"position\":1,\"name\":\"Bonuskong\",\"item\":\"https:\/\/bonuskongcasino.net\/pl\/\"},{\"@type\":\"ListItem\",\"position\":2,\"name\":\"Bonus\"}]},{\"@type\":\"WebSite\",\"@id\":\"https:\/\/bonuskongcasino.net\/pl\/#website\",\"url\":\"https:\/\/bonuskongcasino.net\/pl\/\",\"name\":\"Bonuskong\",\"description\":\"\",\"publisher\":{\"@id\":\"https:\/\/bonuskongcasino.net\/pl\/#organization\"},\"potentialAction\":[{\"@type\":\"SearchAction\",\"target\":{\"@type\":\"EntryPoint\",\"urlTemplate\":\"https:\/\/bonuskongcasino.net\/pl\/?s={search_term_string}\"},\"query-input\":{\"@type\":\"PropertyValueSpecification\",\"valueRequired\":true,\"valueName\":\"search_term_string\"}}],\"inLanguage\":\"pl-PL\"},{\"@type\":\"Organization\",\"@id\":\"https:\/\/bonuskongcasino.net\/pl\/#organization\",\"name\":\"Bonuskong\",\"url\":\"https:\/\/bonuskongcasino.net\/pl\/\",\"logo\":{\"@type\":\"ImageObject\",\"inLanguage\":\"pl-PL\",\"@id\":\"https:\/\/bonuskongcasino.net\/pl\/#\/schema\/logo\/image\/\",\"url\":\"https:\/\/bonuskongcasino.net\/wp-content\/uploads\/2026\/02\/Bonuskong-logo.png\",\"contentUrl\":\"https:\/\/bonuskongcasino.net\/wp-content\/uploads\/2026\/02\/Bonuskong-logo.png\",\"width\":60,\"height\":24,\"caption\":\"Bonuskong\"},\"image\":{\"@id\":\"https:\/\/bonuskongcasino.net\/pl\/#\/schema\/logo\/image\/\"}}]}<\/script>\n<!-- \/ Yoast SEO plugin. -->","yoast_head_json":{"title":"Bonuskong Casino Bonus | Bonus Powitalny i Promocje","description":"Bonuskong Casino Bonus \u2013 poznaj bonus powitalny, oferty reload, darmowe spiny i bie\u017c\u0105ce promocje. Korzystaj z cashbacku i sezonowych ofert w Bonus Kong.","robots":{"index":"index","follow":"follow","max-snippet":"max-snippet:-1","max-image-preview":"max-image-preview:large","max-video-preview":"max-video-preview:-1"},"canonical":"https:\/\/bonuskongcasino.net\/pl\/bonus\/","og_locale":"pl_PL","og_type":"article","og_title":"Bonuskong Casino Bonus | Bonus Powitalny i Promocje","og_description":"Bonuskong Casino Bonus \u2013 poznaj bonus powitalny, oferty reload, darmowe spiny i bie\u017c\u0105ce promocje. Korzystaj z cashbacku i sezonowych ofert w Bonus Kong.","og_url":"https:\/\/bonuskongcasino.net\/pl\/bonus\/","og_site_name":"bonuskong","article_modified_time":"2026-02-12T10:00:14+00:00","twitter_card":"summary_large_image","twitter_misc":{"Est. reading time":"1 minute"},"schema":{"@context":"https:\/\/schema.org","@graph":[{"@type":"WebPage","@id":"https:\/\/bonuskongcasino.net\/pl\/bonus\/","url":"https:\/\/bonuskongcasino.net\/pl\/bonus\/","name":"Bonuskong Casino Bonus | Bonus Powitalny i Promocje","isPartOf":{"@id":"https:\/\/bonuskongcasino.net\/pl\/#website"},"datePublished":"2026-02-12T06:38:26+00:00","dateModified":"2026-02-12T10:00:14+00:00","description":"Bonuskong Casino Bonus \u2013 poznaj bonus powitalny, oferty reload, darmowe spiny i bie\u017c\u0105ce promocje. Korzystaj z cashbacku i sezonowych ofert w Bonus Kong.","breadcrumb":{"@id":"https:\/\/bonuskongcasino.net\/pl\/bonus\/#breadcrumb"},"inLanguage":"pl-PL","potentialAction":[{"@type":"ReadAction","target":["https:\/\/bonuskongcasino.net\/pl\/bonus\/"]}]},{"@type":"BreadcrumbList","@id":"https:\/\/bonuskongcasino.net\/pl\/bonus\/#breadcrumb","itemListElement":[{"@type":"ListItem","position":1,"name":"Bonuskong","item":"https:\/\/bonuskongcasino.net\/pl\/"},{"@type":"ListItem","position":2,"name":"Bonus"}]},{"@type":"WebSite","@id":"https:\/\/bonuskongcasino.net\/pl\/#website","url":"https:\/\/bonuskongcasino.net\/pl\/","name":"Bonuskong","description":"","publisher":{"@id":"https:\/\/bonuskongcasino.net\/pl\/#organization"},"potentialAction":[{"@type":"SearchAction","target":{"@type":"EntryPoint","urlTemplate":"https:\/\/bonuskongcasino.net\/pl\/?s={search_term_string}"},"query-input":{"@type":"PropertyValueSpecification","valueRequired":true,"valueName":"search_term_string"}}],"inLanguage":"pl-PL"},{"@type":"Organization","@id":"https:\/\/bonuskongcasino.net\/pl\/#organization","name":"Bonuskong","url":"https:\/\/bonuskongcasino.net\/pl\/","logo":{"@type":"ImageObject","inLanguage":"pl-PL","@id":"https:\/\/bonuskongcasino.net\/pl\/#\/schema\/logo\/image\/","url":"https:\/\/bonuskongcasino.net\/wp-content\/uploads\/2026\/02\/Bonuskong-logo.png","contentUrl":"https:\/\/bonuskongcasino.net\/wp-content\/uploads\/2026\/02\/Bonuskong-logo.png","width":60,"height":24,"caption":"Bonuskong"},"image":{"@id":"https:\/\/bonuskongcasino.net\/pl\/#\/schema\/logo\/image\/"}}]}},"_links":{"self":[{"href":"https:\/\/bonuskongcasino.net\/pl\/wp-json\/wp\/v2\/pages\/1432"}],"collection":[{"href":"https:\/\/bonuskongcasino.net\/pl\/wp-json\/wp\/v2\/pages"}],"about":[{"href":"https:\/\/bonuskongcasino.net\/pl\/wp-json\/wp\/v2\/types\/page"}],"author":[{"embeddable":true,"href":"https:\/\/bonuskongcasino.net\/pl\/wp-json\/wp\/v2\/users\/9"}],"replies":[{"embeddable":true,"href":"https:\/\/bonuskongcasino.net\/pl\/wp-json\/wp\/v2\/comments?post=1432"}],"version-history":[{"count":2,"href":"https:\/\/bonuskongcasino.net\/pl\/wp-json\/wp\/v2\/pages\/1432\/revisions"}],"predecessor-version":[{"id":1784,"href":"https:\/\/bonuskongcasino.net\/pl\/wp-json\/wp\/v2\/pages\/1432\/revisions\/1784"}],"wp:attachment":[{"href":"https:\/\/bonuskongcasino.net\/pl\/wp-json\/wp\/v2\/media?parent=1432"}],"curies":[{"name":"wp","href":"https:\/\/api.w.org\/{rel}","templated":true}]}}