{"id":1420,"date":"2026-02-12T06:26:05","date_gmt":"2026-02-12T06:26:05","guid":{"rendered":"https:\/\/bonuskongcasino.net\/app\/"},"modified":"2026-02-12T09:55:36","modified_gmt":"2026-02-12T09:55:36","slug":"aplikacja","status":"publish","type":"page","link":"https:\/\/bonuskongcasino.net\/pl\/aplikacja\/","title":{"rendered":"Aplikacja"},"content":{"rendered":"<h1>Aplikacja Bonuskong<\/h1>\n<p>Trudno wyobrazi\u0107 sobie wsp\u00f3\u0142czesny \u015bwiat bez smartfon\u00f3w i mo\u017cliwo\u015bci korzystania ze wszystkich ulubionych \u017ar\u00f3de\u0142 na urz\u0105dzeniach mobilnych. Dlatego wszystkim naszym polskim klientom oferujemy Bonuskong App. Jest ona dost\u0119pna na wszystkich urz\u0105dzeniach z systemem Android i iOS. Mo\u017cna j\u0105 \u0142atwo zainstalowa\u0107 bezpo\u015brednio z naszej strony internetowej. W oprogramowaniu mobilnym u\u017cytkownicy znajd\u0105 wszystkie swoje ulubione funkcje, takie jak tytu\u0142y, bonusy, p\u0142atno\u015bci i obs\u0142uga klienta.<\/p>\n<div class=\"banner-wrap\" aria-label=\"Banner\"><img src=\"https:\/\/bonuskongcasino.net\/wp-content\/uploads\/2026\/02\/bonuskong-desktop-banner.webp\" class=\"w-100 d-none d-lg-block img-pc main-banner-img\" alt=\"Bonuskong desktop banner\" fetchpriority=\"high\" decoding=\"async\"><img src=\"https:\/\/bonuskongcasino.net\/wp-content\/uploads\/2026\/02\/bonuskong-mobile.webp\" class=\"w-100 d-none d-md-block d-lg-none main-banner-img\" alt=\"Bonuskong banner mobile\" fetchpriority=\"high\" decoding=\"async\"><img src=\"https:\/\/bonuskongcasino.net\/wp-content\/uploads\/2026\/02\/bonuskong-mobile.webp\" class=\"w-100 d-md-none\" alt=\"Bonuskong banner mobile\" fetchpriority=\"high\" decoding=\"async\"><div class=\"banner-description\">\n<div class=\"banner-title\">Bonusy powitalne<\/div>\n<p class=\"banner-header-title\">\u20ac1,500<\/p>\n<div class=\"banner-header-AdditionalText\">+ 250 Darmowe spiny<\/div>\n<button data-item=\"homepage_banner_link\" class=\"goto m-button m-gradient-border m-button--primary m-button--large banner-button btn-orange\">\n            <div class=\"m-button-content\">\n                <span>Zarejestruj si\u0119 teraz<\/span>\n                <span><\/span>\n            <\/div>\n        <\/button>\n<\/div>\n<div class=\"WelcomePack\">\n<p><img loading=\"lazy\" decoding=\"async\" class=\"alignnone size-full wp-image-1386\" src=\"https:\/\/bonuskongcasino.net\/wp-content\/uploads\/2026\/02\/welcome-crown.png\" alt=\"welcome crown\" width=\"25\" height=\"26\" \/><\/p>\n<div class=\"WelcomePack-Info\">Cotygodniowy zwrot got\u00f3wki do 25%<\/div>\n<p><img loading=\"lazy\" decoding=\"async\" class=\"alignnone size-full wp-image-1386\" src=\"https:\/\/bonuskongcasino.net\/wp-content\/uploads\/2026\/02\/welcome-crown.png\" alt=\"welcome crown\" width=\"25\" height=\"26\" \/><\/p>\n<\/div>\n<\/div>\n<h2>Funkcje aplikacji Bonuskong<\/h2>\n<p>W przypadku wi\u0119kszo\u015bci stron internetowych posiadanie wersji mobilnej lub dedykowanej aplikacji jest konieczno\u015bci\u0105. Pomaga to u\u017cytkownikom pozosta\u0107 online, gdziekolwiek si\u0119 znajduj\u0105. Kasyno Bonuskong oferuje zar\u00f3wno wersj\u0119 mobiln\u0105 przegl\u0105darki, jak i oprogramowanie mobilne. Znajdziesz tu wszystkie funkcje dost\u0119pne na komputerze stacjonarnym lub laptopie.<\/p>\n<p>Aplikacj\u0119 Bonus Kong mo\u017cna zainstalowa\u0107 bezpo\u015brednio z naszej strony internetowej w ci\u0105gu kilku minut. Jest ona dost\u0119pna na wszystkich nowoczesnych urz\u0105dzeniach z systemem Android i iOS, w tym smartfonach i tabletach. Nasze oprogramowanie mobilne wymaga tylko niezb\u0119dnych uprawnie\u0144, takich jak dost\u0119p do Internetu w celu grania w czasie rzeczywistym oraz powiadomienia o wa\u017cnych aktualizacjach konta lub promocjach. Wszystkie interakcje w Bonuskong s\u0105 chronione przez szyfrowane po\u0142\u0105czenia, aby zapobiec nieautoryzowanemu dost\u0119powi lub przechwyceniu danych.<\/p>\n<p>Poni\u017csza tabela pokazuje r\u00f3\u017cnice mi\u0119dzy korzystaniem ze strony internetowej na komputerze PC a korzystaniem z aplikacji Bonuskong na urz\u0105dzeniu mobilnym.<\/p>\n<table>\n<tbody>\n<tr>\n<td>Funkcja<\/td>\n<td>Wersja przegl\u0105darki na komputerze PC<\/td>\n<td>Oprogramowanie mobilne<\/td>\n<\/tr>\n<tr>\n<td>Instalacja<\/td>\n<td>Nie wymaga instalacji.<\/td>\n<td>Lekka instalacja bez konieczno\u015bci korzystania z App Store lub Google Play.<\/td>\n<\/tr>\n<tr>\n<td>Uk\u0142ad interfejsu<\/td>\n<td>Zoptymalizowany pod k\u0105tem du\u017cych ekran\u00f3w z rozszerzonymi menu i pe\u0142nym panelem nawigacyjnym.<\/td>\n<td>Uk\u0142ad zoptymalizowany pod k\u0105tem obs\u0142ugi dotykowej, z uproszczonymi menu i przewijaniem w pionie.<\/td>\n<\/tr>\n<tr>\n<td>Aktualizacje<\/td>\n<td>Automatyczne po od\u015bwie\u017ceniu strony internetowej.<\/td>\n<td>Aktualizacje odbywaj\u0105 si\u0119 automatycznie w tle, bez konieczno\u015bci r\u0119cznego pobierania.<\/td>\n<\/tr>\n<tr>\n<td>Powiadomienia<\/td>\n<td>Ograniczone powiadomienia przegl\u0105darki.<\/td>\n<td>Obs\u0142uga powiadomie\u0144 push (bonusy, turnieje, alerty).<\/td>\n<\/tr>\n<tr>\n<td>Wygoda<\/td>\n<td>Idealne rozwi\u0105zanie do d\u0142u\u017cszych sesji i przegl\u0105dania wielu kart.<\/td>\n<td>Szybki dost\u0119p poprzez ikon\u0119 na ekranie g\u0142\u00f3wnym, zaprojektowany z my\u015bl\u0105 o grach mobilnych.<\/td>\n<\/tr>\n<\/tbody>\n<\/table>\n<p><div class=\"scrollable-content-wrap my-5\"><div class=\"scrollable-content-inner\"><h2>Aplikacja Bonuskong dla systemu Android<\/h2>\n<p>Gwarantujemy, \u017ce dzi\u0119ki naszej aplikacji na Androida Twoje wra\u017cenia z gry b\u0119d\u0105 jeszcze lepsze. Nie musisz instalowa\u0107 \u017cadnych plik\u00f3w APK Bonus Kong ani tworzy\u0107 kont w sklepach z aplikacjami. Na stronie oferujemy progresywn\u0105 aplikacj\u0119 internetow\u0105 (PWA), kt\u00f3ra nie zajmuje du\u017co miejsca w pami\u0119ci urz\u0105dzenia. Proces ten jest w pe\u0142ni bezpieczny i regularnie testowany przez nasz zesp\u00f3\u0142.<\/p>\n<p>W aplikacji znajdziesz ca\u0142\u0105 kolekcj\u0119 gier z tysi\u0105cami tytu\u0142\u00f3w, w tym automaty online, gry sto\u0142owe, opcje z krupierem na \u017cywo i wiele innych. Og\u00f3lnie rzecz bior\u0105c, korzystaj\u0105c ze smartfona lub tabletu, nie b\u0119dziesz mie\u0107 \u017cadnych ogranicze\u0144, poniewa\u017c wszystkie funkcje Bonuskong Casino s\u0105 tutaj dost\u0119pne.<\/p>\n<p>Je\u015bli chcesz wypr\u00f3bowa\u0107 aplikacj\u0119 Bonuskong, post\u0119puj zgodnie z poni\u017cszymi instrukcjami:<\/p>\n<ol>\n<li>U\u017cytkownicy musz\u0105 odwiedzi\u0107 nasz\u0105 oficjaln\u0105 stron\u0119 internetow\u0105 na urz\u0105dzeniu mobilnym.<\/li>\n<li>W pasku adresu nale\u017cy znale\u017a\u0107 i klikn\u0105\u0107 przycisk \u201eWi\u0119cej\u201d. Wygl\u0105da on jak trzy pionowe kropki.<\/li>\n<li>Spo\u015br\u00f3d dost\u0119pnych opcji nale\u017cy wybra\u0107 \u201eDodaj do ekranu g\u0142\u00f3wnego\u201d.<\/li>\n<li>U\u017cytkownicy mog\u0105 spersonalizowa\u0107 nazw\u0119 i wygl\u0105d ikony.<\/li>\n<li>Kliknij \u201eDodaj\u201d, aby zako\u0144czy\u0107 proces i utworzy\u0107 ikon\u0119 Bonus Kong na ekranie g\u0142\u00f3wnym.<\/li>\n<\/ol>\n<p><img loading=\"lazy\" decoding=\"async\" src=\"https:\/\/bonuskongcasino.net\/wp-content\/uploads\/2026\/02\/Bonuskong-Android.webp\" alt=\"Bonuskong Android\" width=\"1248\" height=\"536\" \/><\/p>\n<\/div><\/div><div style=\"clear: both\"><\/div><div class=\"d-flex justify-content-center\"><button data-item=\"decouvrez_link\" data-group=\"website_links\" class=\"goto fw-bold rounded-pill btn btn-orange\" aria-label=\"Pobierz aplikacj\u0119 Bonuskong\" >Pobierz aplikacj\u0119 Bonuskong<\/button><\/div><div class=\"scrollable-content-wrap my-5\"><div class=\"scrollable-content-inner\"><h2>Aplikacja Bonuskong \u2013 iOS<\/h2>\n<p>Ponad po\u0142owa naszych u\u017cytkownik\u00f3w iOS woli gra\u0107 w podr\u00f3\u017cy. Dzi\u0119ki Bonuskong Casino jest to mo\u017cliwe i bardzo wygodne. Pierwsz\u0105 opcj\u0105 jest skorzystanie z mobilnej wersji przegl\u0105darki. W tym celu wystarczy odwiedzi\u0107 nasz\u0105 oficjaln\u0105 stron\u0119 internetow\u0105 w przegl\u0105darce Safari lub Google Chrome. Strona Bonuskong dostosuje si\u0119 do rozmiaru ekranu i preferencji u\u017cytkownika.<\/p>\n<p>Inn\u0105 opcj\u0105 dla u\u017cytkownik\u00f3w iOS b\u0119dzie aplikacja Bonuskong. Opracowali\u015bmy j\u0105 przy u\u017cyciu zaawansowanych technik sterowania dotykowego, umo\u017cliwiaj\u0105cych u\u017cytkownikom dost\u0119p do wszystkich ulubionych gier i innych funkcji bez zak\u0142\u00f3ce\u0144. Nasze mobilne kasyno jest w pe\u0142ni bezpieczne. U\u017cywamy innowacyjnego szyfrowania 1.3 TLS, aby zapewni\u0107 bezpiecze\u0144stwo Twoich danych osobowych i finansowych.<\/p>\n<p>Proces instalacji jest prosty i \u0142atwy, nawet dla pocz\u0105tkuj\u0105cych. Je\u015bli korzystasz z przegl\u0105darki Safari, po prostu kliknij przycisk \u201eUdost\u0119pnij\u201d i wybierz \u201eDodaj do ekranu g\u0142\u00f3wnego\u201d. W ci\u0105gu kilku sekund ikona Bonus Kong Casino pojawi si\u0119 na ekranie g\u0142\u00f3wnym. Gracze mog\u0105 j\u0105 przesuwa\u0107 i umieszcza\u0107 w dowolnym miejscu na ekranie.<\/p>\n<p><img loading=\"lazy\" decoding=\"async\" src=\"https:\/\/bonuskongcasino.net\/wp-content\/uploads\/2026\/02\/Bonuskong-iOS.webp\" alt=\"Bonuskong iOS\" width=\"1248\" height=\"536\" \/><\/p>\n<\/div><\/div><div style=\"clear: both\"><\/div><div class=\"d-flex justify-content-center\"><button data-item=\"decouvrez_link\" data-group=\"website_links\" class=\"goto fw-bold rounded-pill btn btn-orange\" aria-label=\"Pobierz Bonuskong\" >Pobierz Bonuskong<\/button><\/div><div class=\"scrollable-content-wrap my-5\"><div class=\"scrollable-content-inner\"><h2>Bonus Kong Casino \u2013 wersja na komputery stacjonarne<\/h2>\n<p>Je\u015bli wolisz bardziej klasyczn\u0105 rozgrywk\u0119 na komputerze stacjonarnym lub laptopie, w Bonuskong r\u00f3wnie\u017c nie ma problemu. Mo\u017cesz uzyska\u0107 dost\u0119p do naszej strony internetowej w dowolnej przegl\u0105darce. Platforma jest zoptymalizowana pod k\u0105tem wszystkich rozmiar\u00f3w ekran\u00f3w. Nie ograniczamy sposobu gry. U\u017cytkownicy mog\u0105 z \u0142atwo\u015bci\u0105 korzysta\u0107 ze smartfon\u00f3w w podr\u00f3\u017cy i prze\u0142\u0105cza\u0107 si\u0119 na komputer stacjonarny w domu. Po zalogowaniu wszystkie preferencje zostan\u0105 zsynchronizowane mi\u0119dzy urz\u0105dzeniami.<\/p>\n<p>Aby uzyska\u0107 szybszy dost\u0119p, zawsze mo\u017cesz zainstalowa\u0107 ikon\u0119 skr\u00f3tu. Umo\u017cliwi to otwarcie naszej platformy Bonuskong Casino jednym klikni\u0119ciem, bez konieczno\u015bci odwiedzania przegl\u0105darki. Je\u015bli napotkasz jakiekolwiek problemy podczas korzystania ze strony internetowej lub aplikacji na komputerze lub urz\u0105dzeniu mobilnym, zawsze mo\u017cesz skontaktowa\u0107 si\u0119 z naszym zespo\u0142em pomocy technicznej za po\u015brednictwem czatu na \u017cywo lub poczty elektronicznej.<\/p>\n<h3>Bezpiecze\u0144stwo i uczciwa gra<\/h3>\n<p>Niezale\u017cnie od platformy lub urz\u0105dzenia, z kt\u00f3rego korzystasz, Twoje bezpiecze\u0144stwo jest dla nas priorytetem. W oprogramowaniu mobilnym szyfrujemy i tokenizujemy wszystkie dane dotycz\u0105ce p\u0142atno\u015bci. Ponadto w Bonuskong stosujemy bezpieczn\u0105 wymian\u0119 kluczy RSA-2048+. Aby zapewni\u0107 uczciw\u0105 gr\u0119, wszystkie nasze tytu\u0142y posiadaj\u0105 certyfikowane generatory liczb losowych (RNG).<\/p>\n<p>Ponadto prosimy wszystkich u\u017cytkownik\u00f3w komputer\u00f3w stacjonarnych i urz\u0105dze\u0144 mobilnych o przej\u015bcie prostego procesu weryfikacji. Je\u015bli chcesz zwi\u0119kszy\u0107 bezpiecze\u0144stwo swojego profilu, zawsze mo\u017cesz w\u0142\u0105czy\u0107 uwierzytelnianie dwusk\u0142adnikowe.<\/p>\n<p><img loading=\"lazy\" decoding=\"async\" src=\"https:\/\/bonuskongcasino.net\/wp-content\/uploads\/2026\/02\/Bonuskong-Desktop.webp\" alt=\"Bonuskong Desktop\" width=\"1248\" height=\"536\" \/><\/p>\n<\/div><\/div><div style=\"clear: both\"><\/div><div class=\"d-flex justify-content-center\"><button data-item=\"decouvrez_link\" data-group=\"website_links\" class=\"goto fw-bold rounded-pill btn btn-orange\" aria-label=\"Pobierz aplikacj\u0119 Bonuskong\" >Pobierz aplikacj\u0119 Bonuskong<\/button><\/div><div class=\"scrollable-content-wrap my-5\"><div class=\"scrollable-content-inner\"><h2>FAQ<\/h2>\n<h3>Czy aplikacja Bonuskong Casino jest zoptymalizowana pod k\u0105tem tablet\u00f3w i wi\u0119kszych ekran\u00f3w?<\/h3>\n<p>Aplikacja Bonuskong Casino jest zoptymalizowana pod k\u0105tem wszystkich tablet\u00f3w i urz\u0105dze\u0144 z wi\u0119kszymi ekranami. Korzystamy ze specjalnych funkcji sterowania dotykowego, przewijania i przesuwania, dzi\u0119ki czemu mo\u017cesz cieszy\u0107 si\u0119 procesami na dowolnym urz\u0105dzeniu.<\/p>\n<h3>Czy mog\u0119 \u0142atwo prze\u0142\u0105cza\u0107 si\u0119 mi\u0119dzy wersj\u0105 aplikacji a wersj\u0105 na komputery stacjonarne?<\/h3>\n<p>U\u017cytkownicy mog\u0105 wybra\u0107 preferowane urz\u0105dzenie w zale\u017cno\u015bci od sytuacji. Po zalogowaniu si\u0119 na konto saldo, preferencje i osi\u0105gni\u0119cia s\u0105 synchronizowane. Najwa\u017cniejsze jest, aby nie u\u017cywa\u0107 wielu urz\u0105dze\u0144 jednocze\u015bnie.<\/p>\n<h3>Czy wszystkie gry Bonus Kong s\u0105 dost\u0119pne w aplikacji?<\/h3>\n<p>Ca\u0142a kolekcja tytu\u0142\u00f3w jest dost\u0119pna w aplikacji Bonuskong. Znajdziesz tu popularne automaty, opcje kasyna na \u017cywo, gry sto\u0142owe i gry z natychmiastow\u0105 wygran\u0105. Nasi dostawcy oprogramowania opracowuj\u0105 je tak, aby by\u0142y zoptymalizowane pod k\u0105tem wszystkich nowoczesnych urz\u0105dze\u0144 mobilnych.<\/p>\n<\/div><\/div><\/p>\n","protected":false},"excerpt":{"rendered":"<p>Aplikacja Bonuskong Trudno wyobrazi\u0107 sobie wsp\u00f3\u0142czesny \u015bwiat bez smartfon\u00f3w i mo\u017cliwo\u015bci korzystania ze wszystkich ulubionych \u017ar\u00f3de\u0142 na urz\u0105dzeniach mobilnych. Dlatego wszystkim naszym polskim klientom oferujemy Bonuskong App. Jest ona dost\u0119pna na wszystkich urz\u0105dzeniach z systemem Android i iOS. Mo\u017cna j\u0105 \u0142atwo zainstalowa\u0107 bezpo\u015brednio z naszej strony internetowej. W oprogramowaniu mobilnym u\u017cytkownicy znajd\u0105 wszystkie swoje ulubione [&hellip;]<\/p>\n","protected":false},"author":9,"featured_media":0,"parent":0,"menu_order":0,"comment_status":"closed","ping_status":"closed","template":"template-builder.php","meta":{"_acf_changed":false,"inline_featured_image":false,"footnotes":""},"class_list":["post-1420","page","type-page","status-publish","hentry"],"acf":[],"yoast_head":"<!-- This site is optimized with the Yoast SEO plugin v24.4 - https:\/\/yoast.com\/wordpress\/plugins\/seo\/ -->\n<title>Bonuskong Login \u2013 Bezpieczny Dost\u0119p do Konta Kasyna<\/title>\n<meta name=\"description\" content=\"Bonuskong Login \u2013 uzyskaj bezpieczny dost\u0119p do konta kasyna dzi\u0119ki szyfrowanemu logowaniu. Zarz\u0105dzaj has\u0142em, profilem i ustawieniami bezpiecze\u0144stwa w Bonus Kong.\" \/>\n<meta name=\"robots\" content=\"index, follow, max-snippet:-1, max-image-preview:large, max-video-preview:-1\" \/>\n<link rel=\"canonical\" href=\"https:\/\/bonuskongcasino.net\/pl\/aplikacja\/\" \/>\n<meta property=\"og:locale\" content=\"pl_PL\" \/>\n<meta property=\"og:type\" content=\"article\" \/>\n<meta property=\"og:title\" content=\"Bonuskong Login \u2013 Bezpieczny Dost\u0119p do Konta Kasyna\" \/>\n<meta property=\"og:description\" content=\"Bonuskong Login \u2013 uzyskaj bezpieczny dost\u0119p do konta kasyna dzi\u0119ki szyfrowanemu logowaniu. Zarz\u0105dzaj has\u0142em, profilem i ustawieniami bezpiecze\u0144stwa w Bonus Kong.\" \/>\n<meta property=\"og:url\" content=\"https:\/\/bonuskongcasino.net\/pl\/aplikacja\/\" \/>\n<meta property=\"og:site_name\" content=\"bonuskong\" \/>\n<meta property=\"article:modified_time\" content=\"2026-02-12T09:55:36+00:00\" \/>\n<meta name=\"twitter:card\" content=\"summary_large_image\" \/>\n<meta name=\"twitter:label1\" content=\"Est. reading time\" \/>\n\t<meta name=\"twitter:data1\" content=\"2 minutes\" \/>\n<script type=\"application\/ld+json\" class=\"yoast-schema-graph\">{\"@context\":\"https:\/\/schema.org\",\"@graph\":[{\"@type\":\"WebPage\",\"@id\":\"https:\/\/bonuskongcasino.net\/pl\/aplikacja\/\",\"url\":\"https:\/\/bonuskongcasino.net\/pl\/aplikacja\/\",\"name\":\"Bonuskong Login \u2013 Bezpieczny Dost\u0119p do Konta Kasyna\",\"isPartOf\":{\"@id\":\"https:\/\/bonuskongcasino.net\/pl\/#website\"},\"datePublished\":\"2026-02-12T06:26:05+00:00\",\"dateModified\":\"2026-02-12T09:55:36+00:00\",\"description\":\"Bonuskong Login \u2013 uzyskaj bezpieczny dost\u0119p do konta kasyna dzi\u0119ki szyfrowanemu logowaniu. Zarz\u0105dzaj has\u0142em, profilem i ustawieniami bezpiecze\u0144stwa w Bonus Kong.\",\"breadcrumb\":{\"@id\":\"https:\/\/bonuskongcasino.net\/pl\/aplikacja\/#breadcrumb\"},\"inLanguage\":\"pl-PL\",\"potentialAction\":[{\"@type\":\"ReadAction\",\"target\":[\"https:\/\/bonuskongcasino.net\/pl\/aplikacja\/\"]}]},{\"@type\":\"BreadcrumbList\",\"@id\":\"https:\/\/bonuskongcasino.net\/pl\/aplikacja\/#breadcrumb\",\"itemListElement\":[{\"@type\":\"ListItem\",\"position\":1,\"name\":\"Bonuskong\",\"item\":\"https:\/\/bonuskongcasino.net\/pl\/\"},{\"@type\":\"ListItem\",\"position\":2,\"name\":\"Aplikacja\"}]},{\"@type\":\"WebSite\",\"@id\":\"https:\/\/bonuskongcasino.net\/pl\/#website\",\"url\":\"https:\/\/bonuskongcasino.net\/pl\/\",\"name\":\"Bonuskong\",\"description\":\"\",\"publisher\":{\"@id\":\"https:\/\/bonuskongcasino.net\/pl\/#organization\"},\"potentialAction\":[{\"@type\":\"SearchAction\",\"target\":{\"@type\":\"EntryPoint\",\"urlTemplate\":\"https:\/\/bonuskongcasino.net\/pl\/?s={search_term_string}\"},\"query-input\":{\"@type\":\"PropertyValueSpecification\",\"valueRequired\":true,\"valueName\":\"search_term_string\"}}],\"inLanguage\":\"pl-PL\"},{\"@type\":\"Organization\",\"@id\":\"https:\/\/bonuskongcasino.net\/pl\/#organization\",\"name\":\"Bonuskong\",\"url\":\"https:\/\/bonuskongcasino.net\/pl\/\",\"logo\":{\"@type\":\"ImageObject\",\"inLanguage\":\"pl-PL\",\"@id\":\"https:\/\/bonuskongcasino.net\/pl\/#\/schema\/logo\/image\/\",\"url\":\"https:\/\/bonuskongcasino.net\/wp-content\/uploads\/2026\/02\/Bonuskong-logo.png\",\"contentUrl\":\"https:\/\/bonuskongcasino.net\/wp-content\/uploads\/2026\/02\/Bonuskong-logo.png\",\"width\":60,\"height\":24,\"caption\":\"Bonuskong\"},\"image\":{\"@id\":\"https:\/\/bonuskongcasino.net\/pl\/#\/schema\/logo\/image\/\"}}]}<\/script>\n<!-- \/ Yoast SEO plugin. -->","yoast_head_json":{"title":"Bonuskong Login \u2013 Bezpieczny Dost\u0119p do Konta Kasyna","description":"Bonuskong Login \u2013 uzyskaj bezpieczny dost\u0119p do konta kasyna dzi\u0119ki szyfrowanemu logowaniu. Zarz\u0105dzaj has\u0142em, profilem i ustawieniami bezpiecze\u0144stwa w Bonus Kong.","robots":{"index":"index","follow":"follow","max-snippet":"max-snippet:-1","max-image-preview":"max-image-preview:large","max-video-preview":"max-video-preview:-1"},"canonical":"https:\/\/bonuskongcasino.net\/pl\/aplikacja\/","og_locale":"pl_PL","og_type":"article","og_title":"Bonuskong Login \u2013 Bezpieczny Dost\u0119p do Konta Kasyna","og_description":"Bonuskong Login \u2013 uzyskaj bezpieczny dost\u0119p do konta kasyna dzi\u0119ki szyfrowanemu logowaniu. Zarz\u0105dzaj has\u0142em, profilem i ustawieniami bezpiecze\u0144stwa w Bonus Kong.","og_url":"https:\/\/bonuskongcasino.net\/pl\/aplikacja\/","og_site_name":"bonuskong","article_modified_time":"2026-02-12T09:55:36+00:00","twitter_card":"summary_large_image","twitter_misc":{"Est. reading time":"2 minutes"},"schema":{"@context":"https:\/\/schema.org","@graph":[{"@type":"WebPage","@id":"https:\/\/bonuskongcasino.net\/pl\/aplikacja\/","url":"https:\/\/bonuskongcasino.net\/pl\/aplikacja\/","name":"Bonuskong Login \u2013 Bezpieczny Dost\u0119p do Konta Kasyna","isPartOf":{"@id":"https:\/\/bonuskongcasino.net\/pl\/#website"},"datePublished":"2026-02-12T06:26:05+00:00","dateModified":"2026-02-12T09:55:36+00:00","description":"Bonuskong Login \u2013 uzyskaj bezpieczny dost\u0119p do konta kasyna dzi\u0119ki szyfrowanemu logowaniu. Zarz\u0105dzaj has\u0142em, profilem i ustawieniami bezpiecze\u0144stwa w Bonus Kong.","breadcrumb":{"@id":"https:\/\/bonuskongcasino.net\/pl\/aplikacja\/#breadcrumb"},"inLanguage":"pl-PL","potentialAction":[{"@type":"ReadAction","target":["https:\/\/bonuskongcasino.net\/pl\/aplikacja\/"]}]},{"@type":"BreadcrumbList","@id":"https:\/\/bonuskongcasino.net\/pl\/aplikacja\/#breadcrumb","itemListElement":[{"@type":"ListItem","position":1,"name":"Bonuskong","item":"https:\/\/bonuskongcasino.net\/pl\/"},{"@type":"ListItem","position":2,"name":"Aplikacja"}]},{"@type":"WebSite","@id":"https:\/\/bonuskongcasino.net\/pl\/#website","url":"https:\/\/bonuskongcasino.net\/pl\/","name":"Bonuskong","description":"","publisher":{"@id":"https:\/\/bonuskongcasino.net\/pl\/#organization"},"potentialAction":[{"@type":"SearchAction","target":{"@type":"EntryPoint","urlTemplate":"https:\/\/bonuskongcasino.net\/pl\/?s={search_term_string}"},"query-input":{"@type":"PropertyValueSpecification","valueRequired":true,"valueName":"search_term_string"}}],"inLanguage":"pl-PL"},{"@type":"Organization","@id":"https:\/\/bonuskongcasino.net\/pl\/#organization","name":"Bonuskong","url":"https:\/\/bonuskongcasino.net\/pl\/","logo":{"@type":"ImageObject","inLanguage":"pl-PL","@id":"https:\/\/bonuskongcasino.net\/pl\/#\/schema\/logo\/image\/","url":"https:\/\/bonuskongcasino.net\/wp-content\/uploads\/2026\/02\/Bonuskong-logo.png","contentUrl":"https:\/\/bonuskongcasino.net\/wp-content\/uploads\/2026\/02\/Bonuskong-logo.png","width":60,"height":24,"caption":"Bonuskong"},"image":{"@id":"https:\/\/bonuskongcasino.net\/pl\/#\/schema\/logo\/image\/"}}]}},"_links":{"self":[{"href":"https:\/\/bonuskongcasino.net\/pl\/wp-json\/wp\/v2\/pages\/1420"}],"collection":[{"href":"https:\/\/bonuskongcasino.net\/pl\/wp-json\/wp\/v2\/pages"}],"about":[{"href":"https:\/\/bonuskongcasino.net\/pl\/wp-json\/wp\/v2\/types\/page"}],"author":[{"embeddable":true,"href":"https:\/\/bonuskongcasino.net\/pl\/wp-json\/wp\/v2\/users\/9"}],"replies":[{"embeddable":true,"href":"https:\/\/bonuskongcasino.net\/pl\/wp-json\/wp\/v2\/comments?post=1420"}],"version-history":[{"count":2,"href":"https:\/\/bonuskongcasino.net\/pl\/wp-json\/wp\/v2\/pages\/1420\/revisions"}],"predecessor-version":[{"id":1775,"href":"https:\/\/bonuskongcasino.net\/pl\/wp-json\/wp\/v2\/pages\/1420\/revisions\/1775"}],"wp:attachment":[{"href":"https:\/\/bonuskongcasino.net\/pl\/wp-json\/wp\/v2\/media?parent=1420"}],"curies":[{"name":"wp","href":"https:\/\/api.w.org\/{rel}","templated":true}]}}