{"id":1423,"date":"2026-02-12T06:38:26","date_gmt":"2026-02-12T06:38:26","guid":{"rendered":"https:\/\/bonuskongcasino.net\/bonus\/"},"modified":"2026-02-12T07:27:54","modified_gmt":"2026-02-12T07:27:54","slug":"bonus","status":"publish","type":"page","link":"https:\/\/bonuskongcasino.net\/nl\/bonus\/","title":{"rendered":"Bonus"},"content":{"rendered":"<h1>Bonuskong bonussen<\/h1>\n<p>We kunnen uw ervaring nog leuker en winstgevender maken met de Bonuskong bonus collectie. Door een promotie te activeren, kunt u bonusgeld, gratis spins, munten en extra rondes krijgen. Alle aanbiedingen hebben duidelijke voorwaarden die u moet lezen voordat u er een kiest. Na registratie krijgen alle nieuwe klanten uit Nederland een welkomstpakket van maximaal \u20ac 1.500 + 250 gratis spins.<\/p>\n<p><div class=\"banner-wrap\" aria-label=\"Banner\"><img src=\"https:\/\/bonuskongcasino.net\/wp-content\/uploads\/2026\/02\/bonuskong-desktop-banner.webp\" class=\"w-100 d-none d-lg-block img-pc main-banner-img\" alt=\"Bonuskong desktop banner\" fetchpriority=\"high\" decoding=\"async\"><img src=\"https:\/\/bonuskongcasino.net\/wp-content\/uploads\/2026\/02\/bonuskong-mobile.webp\" class=\"w-100 d-none d-md-block d-lg-none main-banner-img\" alt=\"Bonuskong banner mobile\" fetchpriority=\"high\" decoding=\"async\"><img src=\"https:\/\/bonuskongcasino.net\/wp-content\/uploads\/2026\/02\/bonuskong-mobile.webp\" class=\"w-100 d-md-none\" alt=\"Bonuskong banner mobile\" fetchpriority=\"high\" decoding=\"async\"><div class=\"banner-description\">\n<div class=\"banner-title\">Welkomstbonussen<\/div>\n<p class=\"banner-header-title\">\u20ac1,500<\/p>\n<div class=\"banner-header-AdditionalText\">+ 250 Gratis Spins<\/div>\n<button data-item=\"homepage_banner_link\" class=\"goto m-button m-gradient-border m-button--primary m-button--large banner-button btn-orange\">\n            <div class=\"m-button-content\">\n                <span>Meld je nu aan<\/span>\n                <span><\/span>\n            <\/div>\n        <\/button>\n<\/div>\n<div class=\"WelcomePack\">\n<p><img loading=\"lazy\" decoding=\"async\" class=\"alignnone size-full wp-image-1386\" src=\"https:\/\/bonuskongcasino.net\/wp-content\/uploads\/2026\/02\/welcome-crown.png\" alt=\"welcome crown\" width=\"25\" height=\"26\" \/><\/p>\n<div class=\"WelcomePack-Info\">Wekelijkse cashback tot 25%<\/div>\n<p><img loading=\"lazy\" decoding=\"async\" class=\"alignnone size-full wp-image-1386\" src=\"https:\/\/bonuskongcasino.net\/wp-content\/uploads\/2026\/02\/welcome-crown.png\" alt=\"welcome crown\" width=\"25\" height=\"26\" \/><\/p>\n<\/div>\n<\/div><div class=\"promotions-wrap\"><div class=\"promotion-card\" style=\"background-image: url(https:\/\/bonuskongcasino.net\/wp-content\/uploads\/2026\/02\/bonuskong-first-dep.webp);\"><h2 class=\"promotion-card__title\">Aanbieding voor eerste storting<\/h2><label class=\"promotion-card__offer\">\u20ac 500 + 150 gratis spins<\/label><label class=\"promotion-card__description\"><\/label><div class=\"promotion-card__actions\"><button data-item=\"payments_link\" data-group=\"website_links\" class=\"goto btn btn-orange rounded-pill fw-bold px-4 m-button m-gradient-border m-button--primary m-button--large promotion-button promotion-card__action-btn\" aria-label=\"Aanmelden\"><div class=\"m-button-content\"><span class=\"promotion-button__content\">Aanmelden<\/span><\/div><\/button><button data-item=\"http:\/\/bonus_link\" data-group=\"website_links\" class=\"goto m-button m-gradient-border m-button--secondary m-button--medium promotion-card__info-btn\" aria-label=\"More information\"><div class=\"m-button-content\"><svg viewBox=\"0 0 24 24\" fill=\"none\" xmlns=\"http:\/\/www.w3.org\/2000\/svg\" class=\"m-icon m-icon-loadable\" name=\"Attention\" loading=\"false\" aria-hidden=\"true\"><path d=\"M12 22C6.477 22 2 17.522 2 12S6.477 2 12 2s10 4.478 10 10-4.477 10-10 10m-.002-13.004a.999.999 0 1 0 0-1.997.999.999 0 0 0 0 1.997M12 17a1 1 0 0 0 .993-.884L13 16l-.002-5.001-.007-.117a1 1 0 0 0-1.986 0l-.007.117L11 16l.007.117A1 1 0 0 0 12 17\" fill=\"currentColor\"><\/path><\/svg><\/div><\/button><\/div><\/div><div class=\"promotion-card\" style=\"background-image: url(https:\/\/bonuskongcasino.net\/wp-content\/uploads\/2026\/02\/bonuskong-2-dep.webp);\"><h2 class=\"promotion-card__title\">2e stortingsaanbieding<\/h2><label class=\"promotion-card__offer\">\u20ac 500 + 100 gratis spins<\/label><label class=\"promotion-card__description\"><\/label><div class=\"promotion-card__actions\"><button data-item=\"payments_link\" data-group=\"website_links\" class=\"goto btn btn-orange rounded-pill fw-bold px-4 m-button m-gradient-border m-button--primary m-button--large promotion-button promotion-card__action-btn\" aria-label=\"Aanmelden\"><div class=\"m-button-content\"><span class=\"promotion-button__content\">Aanmelden<\/span><\/div><\/button><button data-item=\"http:\/\/bonus_link\" data-group=\"website_links\" class=\"goto m-button m-gradient-border m-button--secondary m-button--medium promotion-card__info-btn\" aria-label=\"More information\"><div class=\"m-button-content\"><svg viewBox=\"0 0 24 24\" fill=\"none\" xmlns=\"http:\/\/www.w3.org\/2000\/svg\" class=\"m-icon m-icon-loadable\" name=\"Attention\" loading=\"false\" aria-hidden=\"true\"><path d=\"M12 22C6.477 22 2 17.522 2 12S6.477 2 12 2s10 4.478 10 10-4.477 10-10 10m-.002-13.004a.999.999 0 1 0 0-1.997.999.999 0 0 0 0 1.997M12 17a1 1 0 0 0 .993-.884L13 16l-.002-5.001-.007-.117a1 1 0 0 0-1.986 0l-.007.117L11 16l.007.117A1 1 0 0 0 12 17\" fill=\"currentColor\"><\/path><\/svg><\/div><\/button><\/div><\/div><div class=\"promotion-card\" style=\"background-image: url(https:\/\/bonuskongcasino.net\/wp-content\/uploads\/2026\/02\/bonuskong-3-dep.webp);\"><h2 class=\"promotion-card__title\">3e stortingsaanbieding<\/h2><label class=\"promotion-card__offer\">\u20ac 500<\/label><label class=\"promotion-card__description\"><\/label><div class=\"promotion-card__actions\"><button data-item=\"payments_link\" data-group=\"website_links\" class=\"goto btn btn-orange rounded-pill fw-bold px-4 m-button m-gradient-border m-button--primary m-button--large promotion-button promotion-card__action-btn\" aria-label=\"Aanmelden\"><div class=\"m-button-content\"><span class=\"promotion-button__content\">Aanmelden<\/span><\/div><\/button><button data-item=\"http:\/\/bonus_link\" data-group=\"website_links\" class=\"goto m-button m-gradient-border m-button--secondary m-button--medium promotion-card__info-btn\" aria-label=\"More information\"><div class=\"m-button-content\"><svg viewBox=\"0 0 24 24\" fill=\"none\" xmlns=\"http:\/\/www.w3.org\/2000\/svg\" class=\"m-icon m-icon-loadable\" name=\"Attention\" loading=\"false\" aria-hidden=\"true\"><path d=\"M12 22C6.477 22 2 17.522 2 12S6.477 2 12 2s10 4.478 10 10-4.477 10-10 10m-.002-13.004a.999.999 0 1 0 0-1.997.999.999 0 0 0 0 1.997M12 17a1 1 0 0 0 .993-.884L13 16l-.002-5.001-.007-.117a1 1 0 0 0-1.986 0l-.007.117L11 16l.007.117A1 1 0 0 0 12 17\" fill=\"currentColor\"><\/path><\/svg><\/div><\/button><\/div><\/div><div class=\"promotion-card\" style=\"background-image: url(https:\/\/bonuskongcasino.net\/wp-content\/uploads\/2026\/02\/bonuskong-cashback.webp);\"><h2 class=\"promotion-card__title\">Wekelijkse cashback<\/h2><label class=\"promotion-card__offer\">tot 25%<\/label><label class=\"promotion-card__description\"><\/label><div class=\"promotion-card__actions\"><button data-item=\"payments_link\" data-group=\"website_links\" class=\"goto btn btn-orange rounded-pill fw-bold px-4 m-button m-gradient-border m-button--primary m-button--large promotion-button promotion-card__action-btn\" aria-label=\"Aanmelden\"><div class=\"m-button-content\"><span class=\"promotion-button__content\">Aanmelden<\/span><\/div><\/button><button data-item=\"http:\/\/bonus_link\" data-group=\"website_links\" class=\"goto m-button m-gradient-border m-button--secondary m-button--medium promotion-card__info-btn\" aria-label=\"More information\"><div class=\"m-button-content\"><svg viewBox=\"0 0 24 24\" fill=\"none\" xmlns=\"http:\/\/www.w3.org\/2000\/svg\" class=\"m-icon m-icon-loadable\" name=\"Attention\" loading=\"false\" aria-hidden=\"true\"><path d=\"M12 22C6.477 22 2 17.522 2 12S6.477 2 12 2s10 4.478 10 10-4.477 10-10 10m-.002-13.004a.999.999 0 1 0 0-1.997.999.999 0 0 0 0 1.997M12 17a1 1 0 0 0 .993-.884L13 16l-.002-5.001-.007-.117a1 1 0 0 0-1.986 0l-.007.117L11 16l.007.117A1 1 0 0 0 12 17\" fill=\"currentColor\"><\/path><\/svg><\/div><\/button><\/div><\/div><div class=\"promotion-card\" style=\"background-image: url(https:\/\/bonuskongcasino.net\/wp-content\/uploads\/2026\/02\/bonuskong-spinoleague.webp);\"><h2 class=\"promotion-card__title\">Zondag herlaad<\/h2><label class=\"promotion-card__offer\">25% tot \u20ac 100<\/label><label class=\"promotion-card__description\"><\/label><div class=\"promotion-card__actions\"><button data-item=\"payments_link\" data-group=\"website_links\" class=\"goto btn btn-orange rounded-pill fw-bold px-4 m-button m-gradient-border m-button--primary m-button--large promotion-button promotion-card__action-btn\" aria-label=\"Aanmelden\"><div class=\"m-button-content\"><span class=\"promotion-button__content\">Aanmelden<\/span><\/div><\/button><button data-item=\"http:\/\/bonus_link\" data-group=\"website_links\" class=\"goto m-button m-gradient-border m-button--secondary m-button--medium promotion-card__info-btn\" aria-label=\"More information\"><div class=\"m-button-content\"><svg viewBox=\"0 0 24 24\" fill=\"none\" xmlns=\"http:\/\/www.w3.org\/2000\/svg\" class=\"m-icon m-icon-loadable\" name=\"Attention\" loading=\"false\" aria-hidden=\"true\"><path d=\"M12 22C6.477 22 2 17.522 2 12S6.477 2 12 2s10 4.478 10 10-4.477 10-10 10m-.002-13.004a.999.999 0 1 0 0-1.997.999.999 0 0 0 0 1.997M12 17a1 1 0 0 0 .993-.884L13 16l-.002-5.001-.007-.117a1 1 0 0 0-1.986 0l-.007.117L11 16l.007.117A1 1 0 0 0 12 17\" fill=\"currentColor\"><\/path><\/svg><\/div><\/button><\/div><\/div><div class=\"promotion-card\" style=\"background-image: url(https:\/\/bonuskongcasino.net\/wp-content\/uploads\/2026\/02\/bonuskong-rakeback.webp);\"><h2 class=\"promotion-card__title\">Rakeback<\/h2><label class=\"promotion-card__offer\">tot 17%<\/label><label class=\"promotion-card__description\"><\/label><div class=\"promotion-card__actions\"><button data-item=\"payments_link\" data-group=\"website_links\" class=\"goto btn btn-orange rounded-pill fw-bold px-4 m-button m-gradient-border m-button--primary m-button--large promotion-button promotion-card__action-btn\" aria-label=\"Aanmelden\"><div class=\"m-button-content\"><span class=\"promotion-button__content\">Aanmelden<\/span><\/div><\/button><button data-item=\"http:\/\/bonus_link\" data-group=\"website_links\" class=\"goto m-button m-gradient-border m-button--secondary m-button--medium promotion-card__info-btn\" aria-label=\"More information\"><div class=\"m-button-content\"><svg viewBox=\"0 0 24 24\" fill=\"none\" xmlns=\"http:\/\/www.w3.org\/2000\/svg\" class=\"m-icon m-icon-loadable\" name=\"Attention\" loading=\"false\" aria-hidden=\"true\"><path d=\"M12 22C6.477 22 2 17.522 2 12S6.477 2 12 2s10 4.478 10 10-4.477 10-10 10m-.002-13.004a.999.999 0 1 0 0-1.997.999.999 0 0 0 0 1.997M12 17a1 1 0 0 0 .993-.884L13 16l-.002-5.001-.007-.117a1 1 0 0 0-1.986 0l-.007.117L11 16l.007.117A1 1 0 0 0 12 17\" fill=\"currentColor\"><\/path><\/svg><\/div><\/button><\/div><\/div><div class=\"promotion-card\" style=\"background-image: url(https:\/\/bonuskongcasino.net\/wp-content\/uploads\/2026\/02\/bonuskong-highroller.webp);\"><h2 class=\"promotion-card__title\">Highroller-bonus<\/h2><label class=\"promotion-card__offer\">50% tot \u20ac 500<\/label><label class=\"promotion-card__description\"><\/label><div class=\"promotion-card__actions\"><button data-item=\"payments_link\" data-group=\"website_links\" class=\"goto btn btn-orange rounded-pill fw-bold px-4 m-button m-gradient-border m-button--primary m-button--large promotion-button promotion-card__action-btn\" aria-label=\"Aanmelden\"><div class=\"m-button-content\"><span class=\"promotion-button__content\">Aanmelden<\/span><\/div><\/button><button data-item=\"http:\/\/bonus_link\" data-group=\"website_links\" class=\"goto m-button m-gradient-border m-button--secondary m-button--medium promotion-card__info-btn\" aria-label=\"More information\"><div class=\"m-button-content\"><svg viewBox=\"0 0 24 24\" fill=\"none\" xmlns=\"http:\/\/www.w3.org\/2000\/svg\" class=\"m-icon m-icon-loadable\" name=\"Attention\" loading=\"false\" aria-hidden=\"true\"><path d=\"M12 22C6.477 22 2 17.522 2 12S6.477 2 12 2s10 4.478 10 10-4.477 10-10 10m-.002-13.004a.999.999 0 1 0 0-1.997.999.999 0 0 0 0 1.997M12 17a1 1 0 0 0 .993-.884L13 16l-.002-5.001-.007-.117a1 1 0 0 0-1.986 0l-.007.117L11 16l.007.117A1 1 0 0 0 12 17\" fill=\"currentColor\"><\/path><\/svg><\/div><\/button><\/div><\/div><\/div><div class=\"scrollable-content-wrap my-5\"><div class=\"scrollable-content-inner\"><h2>Bonuskong bonussysteem<\/h2>\n<p>De Bonuskong-bonusselectie omvat opties voor nieuwe en vaste gebruikers. Ze hebben allemaal verschillende regels en beloningen. We garanderen dat iedereen iets vindt dat past bij zijn smaak en budget. Het eerste dat u kunt ontvangen is de welkomstbonus met contant geld en gratis spins.<\/p>\n<p>Daarnaast hebben gebruikers toegang tot regelmatige promoties. Sommige daarvan zijn tijdelijk, terwijl andere seizoensgebonden en beperkt in de tijd zijn. Onder de huidige aanbiedingen bij Bonus Kong Casino vindt u een wekelijkse cashback van maximaal 25%. Het percentage is afhankelijk van uw loyaliteitsniveau. Daarnaast is er een rakeback-systeem van maximaal 17%. Spelers kunnen dit maandelijks, wekelijks of dagelijks ontvangen. Voor wie van grote winsten houdt, is er een high roller aanbieding van 50% tot \u20ac 500.<\/p>\n<h2>Bonus Kong \u2013 Welkomstpakket<\/h2>\n<p>We waarderen het dat je voor ons platform hebt gekozen en hebt besloten je te registreren. Daarom ontvangen alle nieuwe gebruikers na het aanmaken van een account en het doen van de eerste storting een welkomstpakket van maximaal \u20ac 1.500 + 250 gratis spins. De Bonuskong-bonus voor nieuwe klanten wordt verdeeld over de eerste drie stortingen.<\/p>\n<table>\n<tbody>\n<tr>\n<td>Aanbieding voor eerste storting<\/td>\n<td>\u20ac 500 + 150 gratis spins<\/td>\n<\/tr>\n<tr>\n<td>2e stortingsaanbieding<\/td>\n<td>\u20ac 500 + 100 gratis spins<\/td>\n<\/tr>\n<tr>\n<td>3e stortingsaanbieding<\/td>\n<td>\u20ac 500<\/td>\n<\/tr>\n<\/tbody>\n<\/table>\n<p>Om de promotie te activeren, moet je minimaal \u20ac 20 storten. Gratis spins worden bijgeschreven tegen een tarief van 50 per dag. Ze kunnen worden gebruikt in de online slots van de softwareleverancier BGaming. De inzetvereiste van Bonuskong Casino is x35. Pas nadat aan alle voorwaarden is voldaan, mogen spelers de winst opnemen.<\/p>\n<h2>Lijst met toernooien en activiteiten<\/h2>\n<p>Naast de bovenstaande Bonus Kong-bonusopties bieden we ook een ruime keuze aan toernooien. Deze hebben enorme prijzenpotten en geven je de kans om een plaats op het klassement te veroveren. De meeste evenementen zijn bedoeld voor online slots en live dealer-spellen. Hieronder vind je de momenteel beschikbare opties bij Bonuskong:<\/p>\n<ul>\n<li>Live toernooi met een prijzenpot van \u20ac 10.000<\/li>\n<li>BGaming Drops met een prijzenpot van \u20ac 60.000<\/li>\n<li>Spinoleague met een prijzenpot van \u20ac 12.000.000<\/li>\n<\/ul>\n<p>Afhankelijk van de gekozen optie gelden er verschillende deelnameregels. Voor sommige moet je inschrijfgeld betalen. Andere evenementen bij Bonuskong Casino zijn automatisch beschikbaar als je de vereiste spellen speelt.<\/p>\n<p>Als je eens iets anders wilt proberen, zijn er ook onboarding- en reguliere missies beschikbaar voor alle geregistreerde spelers. Je moet eenvoudige Bonus Kong taken voltooien om munten te verdienen. Met deze munten kun je exclusieve beloningen kopen.<\/p>\n<h2>Algemene voorwaarden<\/h2>\n<p>Bonuskong Casino is een veilig en eerlijk platform. We bieden je duidelijke regels voor elke specifieke bonusaanbieding. Je kunt deze vinden door op de specifieke optie te klikken. Algemene informatie over de promoties bij Bonuskong vind je op de pagina met bonusvoorwaarden.<\/p>\n<p>Zelfs als je al ervaring hebt met bonussen in een ander online casino, is het raadzaam om de regels voor elke specifieke optie bij Bonuskong Casino te lezen, aangezien deze kunnen verschillen. De algemene vereiste is dat \u00e9\u00e9n gebruiker slechts \u00e9\u00e9n actieve stortingspromotie kan hebben.<\/p>\n<p>De meeste bonussen hebben een geldigheidsduur van 7-14 dagen. Meestal geldt er een regel met betrekking tot de minimale storting. De maximale inzet op ons platform is altijd \u20ac 5. De spelbijdrage geeft aan welke titelcategorie\u00ebn van invloed zijn op het resultaat. De inzetvereiste van Bonuskong speelt een belangrijke rol, omdat deze aangeeft hoe vaak het bonusbedrag moet worden ingezet voordat het kan worden opgenomen.<\/p>\n<h2>FAQ<\/h2>\n<h3>Zijn er bonussen beschikbaar voor terugkerende spelers?<\/h3>\n<p>We zijn erg blij dat u hebt besloten om terug te keren naar ons platform. Alle bonussen bij Bonus Kong, behalve het welkomstpakket, zijn voor u beschikbaar.<\/p>\n<h3>Kan ik winsten van een bonus opnemen?<\/h3>\n<p>Alle gebruikers kunnen hun winsten opnemen nadat ze aan alle regels van de Bonuskong-bonus hebben voldaan. Bijzonder belangrijk is de inzetvereiste, die x35 of x40 bedraagt.<\/p>\n<h3>Kan ik meer dan \u00e9\u00e9n bonus tegelijk actief hebben?<\/h3>\n<p>We staan niet toe dat spelers meerdere actieve stortingsbonussen hebben. Je moet aan de voorwaarden van \u00e9\u00e9n aanbieding voldoen of je kunt deze annuleren om met de volgende te beginnen. Deze regel is niet van toepassing op toernooien en missies.<\/p>\n<\/div><\/div><\/p>\n","protected":false},"excerpt":{"rendered":"<p>Bonuskong bonussen We kunnen uw ervaring nog leuker en winstgevender maken met de Bonuskong bonus collectie. Door een promotie te activeren, kunt u bonusgeld, gratis spins, munten en extra rondes krijgen. Alle aanbiedingen hebben duidelijke voorwaarden die u moet lezen voordat u er een kiest. Na registratie krijgen alle nieuwe klanten uit Nederland een welkomstpakket [&hellip;]<\/p>\n","protected":false},"author":9,"featured_media":0,"parent":0,"menu_order":0,"comment_status":"closed","ping_status":"closed","template":"template-builder.php","meta":{"_acf_changed":false,"inline_featured_image":false,"footnotes":""},"class_list":["post-1423","page","type-page","status-publish","hentry"],"acf":[],"yoast_head":"<!-- This site is optimized with the Yoast SEO plugin v24.4 - https:\/\/yoast.com\/wordpress\/plugins\/seo\/ -->\n<title>Bonuskong Casino Bonus | Welkomst- en Promo-aanbiedingen<\/title>\n<meta name=\"description\" content=\"Bonuskong Casino Bonus \u2013 ontdek welkomstbonussen, reload-deals, free spins en doorlopende promoties. Geniet van cashback en seizoensaanbiedingen bij Bonus Kong.\" \/>\n<meta name=\"robots\" content=\"index, follow, max-snippet:-1, max-image-preview:large, max-video-preview:-1\" \/>\n<link rel=\"canonical\" href=\"https:\/\/bonuskongcasino.net\/nl\/bonus\/\" \/>\n<meta property=\"og:locale\" content=\"nl_NL\" \/>\n<meta property=\"og:type\" content=\"article\" \/>\n<meta property=\"og:title\" content=\"Bonuskong Casino Bonus | Welkomst- en Promo-aanbiedingen\" \/>\n<meta property=\"og:description\" content=\"Bonuskong Casino Bonus \u2013 ontdek welkomstbonussen, reload-deals, free spins en doorlopende promoties. Geniet van cashback en seizoensaanbiedingen bij Bonus Kong.\" \/>\n<meta property=\"og:url\" content=\"https:\/\/bonuskongcasino.net\/nl\/bonus\/\" \/>\n<meta property=\"og:site_name\" content=\"bonuskong\" \/>\n<meta property=\"article:modified_time\" content=\"2026-02-12T07:27:54+00:00\" \/>\n<meta name=\"twitter:card\" content=\"summary_large_image\" \/>\n<meta name=\"twitter:label1\" content=\"Est. reading time\" \/>\n\t<meta name=\"twitter:data1\" content=\"1 minute\" \/>\n<script type=\"application\/ld+json\" class=\"yoast-schema-graph\">{\"@context\":\"https:\/\/schema.org\",\"@graph\":[{\"@type\":\"WebPage\",\"@id\":\"https:\/\/bonuskongcasino.net\/nl\/bonus\/\",\"url\":\"https:\/\/bonuskongcasino.net\/nl\/bonus\/\",\"name\":\"Bonuskong Casino Bonus | Welkomst- en Promo-aanbiedingen\",\"isPartOf\":{\"@id\":\"https:\/\/bonuskongcasino.net\/nl\/#website\"},\"datePublished\":\"2026-02-12T06:38:26+00:00\",\"dateModified\":\"2026-02-12T07:27:54+00:00\",\"description\":\"Bonuskong Casino Bonus \u2013 ontdek welkomstbonussen, reload-deals, free spins en doorlopende promoties. Geniet van cashback en seizoensaanbiedingen bij Bonus Kong.\",\"breadcrumb\":{\"@id\":\"https:\/\/bonuskongcasino.net\/nl\/bonus\/#breadcrumb\"},\"inLanguage\":\"nl-NL\",\"potentialAction\":[{\"@type\":\"ReadAction\",\"target\":[\"https:\/\/bonuskongcasino.net\/nl\/bonus\/\"]}]},{\"@type\":\"BreadcrumbList\",\"@id\":\"https:\/\/bonuskongcasino.net\/nl\/bonus\/#breadcrumb\",\"itemListElement\":[{\"@type\":\"ListItem\",\"position\":1,\"name\":\"Bonuskong\",\"item\":\"https:\/\/bonuskongcasino.net\/nl\/\"},{\"@type\":\"ListItem\",\"position\":2,\"name\":\"Bonus\"}]},{\"@type\":\"WebSite\",\"@id\":\"https:\/\/bonuskongcasino.net\/nl\/#website\",\"url\":\"https:\/\/bonuskongcasino.net\/nl\/\",\"name\":\"Bonuskong\",\"description\":\"\",\"publisher\":{\"@id\":\"https:\/\/bonuskongcasino.net\/nl\/#organization\"},\"potentialAction\":[{\"@type\":\"SearchAction\",\"target\":{\"@type\":\"EntryPoint\",\"urlTemplate\":\"https:\/\/bonuskongcasino.net\/nl\/?s={search_term_string}\"},\"query-input\":{\"@type\":\"PropertyValueSpecification\",\"valueRequired\":true,\"valueName\":\"search_term_string\"}}],\"inLanguage\":\"nl-NL\"},{\"@type\":\"Organization\",\"@id\":\"https:\/\/bonuskongcasino.net\/nl\/#organization\",\"name\":\"Bonuskong\",\"url\":\"https:\/\/bonuskongcasino.net\/nl\/\",\"logo\":{\"@type\":\"ImageObject\",\"inLanguage\":\"nl-NL\",\"@id\":\"https:\/\/bonuskongcasino.net\/nl\/#\/schema\/logo\/image\/\",\"url\":\"https:\/\/bonuskongcasino.net\/wp-content\/uploads\/2026\/02\/Bonuskong-logo.png\",\"contentUrl\":\"https:\/\/bonuskongcasino.net\/wp-content\/uploads\/2026\/02\/Bonuskong-logo.png\",\"width\":60,\"height\":24,\"caption\":\"Bonuskong\"},\"image\":{\"@id\":\"https:\/\/bonuskongcasino.net\/nl\/#\/schema\/logo\/image\/\"}}]}<\/script>\n<!-- \/ Yoast SEO plugin. -->","yoast_head_json":{"title":"Bonuskong Casino Bonus | Welkomst- en Promo-aanbiedingen","description":"Bonuskong Casino Bonus \u2013 ontdek welkomstbonussen, reload-deals, free spins en doorlopende promoties. Geniet van cashback en seizoensaanbiedingen bij Bonus Kong.","robots":{"index":"index","follow":"follow","max-snippet":"max-snippet:-1","max-image-preview":"max-image-preview:large","max-video-preview":"max-video-preview:-1"},"canonical":"https:\/\/bonuskongcasino.net\/nl\/bonus\/","og_locale":"nl_NL","og_type":"article","og_title":"Bonuskong Casino Bonus | Welkomst- en Promo-aanbiedingen","og_description":"Bonuskong Casino Bonus \u2013 ontdek welkomstbonussen, reload-deals, free spins en doorlopende promoties. Geniet van cashback en seizoensaanbiedingen bij Bonus Kong.","og_url":"https:\/\/bonuskongcasino.net\/nl\/bonus\/","og_site_name":"bonuskong","article_modified_time":"2026-02-12T07:27:54+00:00","twitter_card":"summary_large_image","twitter_misc":{"Est. reading time":"1 minute"},"schema":{"@context":"https:\/\/schema.org","@graph":[{"@type":"WebPage","@id":"https:\/\/bonuskongcasino.net\/nl\/bonus\/","url":"https:\/\/bonuskongcasino.net\/nl\/bonus\/","name":"Bonuskong Casino Bonus | Welkomst- en Promo-aanbiedingen","isPartOf":{"@id":"https:\/\/bonuskongcasino.net\/nl\/#website"},"datePublished":"2026-02-12T06:38:26+00:00","dateModified":"2026-02-12T07:27:54+00:00","description":"Bonuskong Casino Bonus \u2013 ontdek welkomstbonussen, reload-deals, free spins en doorlopende promoties. Geniet van cashback en seizoensaanbiedingen bij Bonus Kong.","breadcrumb":{"@id":"https:\/\/bonuskongcasino.net\/nl\/bonus\/#breadcrumb"},"inLanguage":"nl-NL","potentialAction":[{"@type":"ReadAction","target":["https:\/\/bonuskongcasino.net\/nl\/bonus\/"]}]},{"@type":"BreadcrumbList","@id":"https:\/\/bonuskongcasino.net\/nl\/bonus\/#breadcrumb","itemListElement":[{"@type":"ListItem","position":1,"name":"Bonuskong","item":"https:\/\/bonuskongcasino.net\/nl\/"},{"@type":"ListItem","position":2,"name":"Bonus"}]},{"@type":"WebSite","@id":"https:\/\/bonuskongcasino.net\/nl\/#website","url":"https:\/\/bonuskongcasino.net\/nl\/","name":"Bonuskong","description":"","publisher":{"@id":"https:\/\/bonuskongcasino.net\/nl\/#organization"},"potentialAction":[{"@type":"SearchAction","target":{"@type":"EntryPoint","urlTemplate":"https:\/\/bonuskongcasino.net\/nl\/?s={search_term_string}"},"query-input":{"@type":"PropertyValueSpecification","valueRequired":true,"valueName":"search_term_string"}}],"inLanguage":"nl-NL"},{"@type":"Organization","@id":"https:\/\/bonuskongcasino.net\/nl\/#organization","name":"Bonuskong","url":"https:\/\/bonuskongcasino.net\/nl\/","logo":{"@type":"ImageObject","inLanguage":"nl-NL","@id":"https:\/\/bonuskongcasino.net\/nl\/#\/schema\/logo\/image\/","url":"https:\/\/bonuskongcasino.net\/wp-content\/uploads\/2026\/02\/Bonuskong-logo.png","contentUrl":"https:\/\/bonuskongcasino.net\/wp-content\/uploads\/2026\/02\/Bonuskong-logo.png","width":60,"height":24,"caption":"Bonuskong"},"image":{"@id":"https:\/\/bonuskongcasino.net\/nl\/#\/schema\/logo\/image\/"}}]}},"_links":{"self":[{"href":"https:\/\/bonuskongcasino.net\/nl\/wp-json\/wp\/v2\/pages\/1423"}],"collection":[{"href":"https:\/\/bonuskongcasino.net\/nl\/wp-json\/wp\/v2\/pages"}],"about":[{"href":"https:\/\/bonuskongcasino.net\/nl\/wp-json\/wp\/v2\/types\/page"}],"author":[{"embeddable":true,"href":"https:\/\/bonuskongcasino.net\/nl\/wp-json\/wp\/v2\/users\/9"}],"replies":[{"embeddable":true,"href":"https:\/\/bonuskongcasino.net\/nl\/wp-json\/wp\/v2\/comments?post=1423"}],"version-history":[{"count":2,"href":"https:\/\/bonuskongcasino.net\/nl\/wp-json\/wp\/v2\/pages\/1423\/revisions"}],"predecessor-version":[{"id":1541,"href":"https:\/\/bonuskongcasino.net\/nl\/wp-json\/wp\/v2\/pages\/1423\/revisions\/1541"}],"wp:attachment":[{"href":"https:\/\/bonuskongcasino.net\/nl\/wp-json\/wp\/v2\/media?parent=1423"}],"curies":[{"name":"wp","href":"https:\/\/api.w.org\/{rel}","templated":true}]}}