{"id":1458,"date":"2026-02-12T06:31:52","date_gmt":"2026-02-12T06:31:52","guid":{"rendered":"https:\/\/bonuskongcasino.net\/login-and-registration\/"},"modified":"2026-02-12T09:37:40","modified_gmt":"2026-02-12T09:37:40","slug":"accesso-e-registrazione","status":"publish","type":"page","link":"https:\/\/bonuskongcasino.net\/it\/accesso-e-registrazione\/","title":{"rendered":"Accesso e registrazione"},"content":{"rendered":"<h1>Accesso e registrazione a Bonuskong<\/h1>\n<p>Bonuskong login \u00e8 l&#8217;unico passo che separa gli utenti italiani dal giocare con soldi veri. Richiediamo solo le informazioni essenziali, come l&#8217;indirizzo e-mail e la password. La registrazione al casin\u00f2 Bonuskong \u00e8 disponibile per tutti coloro che hanno compiuto 18 anni. Il processo non richiede molto tempo e pu\u00f2 essere completato in pochi minuti.<\/p>\n<p><div class=\"banner-wrap\" aria-label=\"Banner\"><img src=\"https:\/\/bonuskongcasino.net\/wp-content\/uploads\/2026\/02\/bonuskong-desktop-banner.webp\" class=\"w-100 d-none d-lg-block img-pc main-banner-img\" alt=\"Bonuskong desktop banner\" fetchpriority=\"high\" decoding=\"async\"><img src=\"https:\/\/bonuskongcasino.net\/wp-content\/uploads\/2026\/02\/bonuskong-mobile.webp\" class=\"w-100 d-none d-md-block d-lg-none main-banner-img\" alt=\"Bonuskong banner mobile\" fetchpriority=\"high\" decoding=\"async\"><img src=\"https:\/\/bonuskongcasino.net\/wp-content\/uploads\/2026\/02\/bonuskong-mobile.webp\" class=\"w-100 d-md-none\" alt=\"Bonuskong banner mobile\" fetchpriority=\"high\" decoding=\"async\"><div class=\"banner-description\">\n<div class=\"banner-title\">Bonus di benvenuto<\/div>\n<p class=\"banner-header-title\">\u20ac1,500<\/p>\n<div class=\"banner-header-AdditionalText\">+ 250 Giri gratuiti<\/div>\n<button data-item=\"homepage_banner_link\" class=\"goto m-button m-gradient-border m-button--primary m-button--large banner-button btn-orange\">\n            <div class=\"m-button-content\">\n                <span>Iscriviti ora<\/span>\n                <span><\/span>\n            <\/div>\n        <\/button>\n<\/div>\n<div class=\"WelcomePack\">\n<p><img loading=\"lazy\" decoding=\"async\" class=\"alignnone size-full wp-image-1386\" src=\"https:\/\/bonuskongcasino.net\/wp-content\/uploads\/2026\/02\/welcome-crown.png\" alt=\"welcome crown\" width=\"25\" height=\"26\" \/><\/p>\n<div class=\"WelcomePack-Info\">Cashback settimanale fino al 25%<\/div>\n<p><img loading=\"lazy\" decoding=\"async\" class=\"alignnone size-full wp-image-1386\" src=\"https:\/\/bonuskongcasino.net\/wp-content\/uploads\/2026\/02\/welcome-crown.png\" alt=\"welcome crown\" width=\"25\" height=\"26\" \/><\/p>\n<\/div>\n<\/div><div class=\"scrollable-content-wrap my-5\"><div class=\"scrollable-content-inner\"><h2>Procedura di registrazione su Bonuskong<\/h2>\n<p>Tutti i nuovi utenti che visitano la nostra piattaforma per la prima volta dovrebbero prendere in considerazione la procedura di registrazione a Bonus Kong. Consigliamo vivamente di creare un account, poich\u00e9 offre molte funzionalit\u00e0 e vantaggi. Innanzitutto, dopo la registrazione, tutti i nuovi giocatori ricevono un pacchetto di benvenuto fino a 1.500 \u20ac + 250 giri gratuiti.<\/p>\n<p>Solo gli utenti registrati possono effettuare depositi, giocare con denaro reale e prelevare le loro vincite. Avrai accesso a una collezione di giochi con oltre 6.000 opzioni in diverse categorie e generi. Oltre a ci\u00f2, potrai approfittare dei generosi bonus di Bonuskong Casino.<\/p>\n<h3>Crea un account<\/h3>\n<p>Il processo di registrazione su Bonuskong \u00e8 disponibile per tutti gli utenti che hanno compiuto 18 anni. Ogni giocatore pu\u00f2 avere un solo account sulla nostra piattaforma. Ecco perch\u00e9, se giochi su dispositivi diversi, devi utilizzare lo stesso account. Se sei pronto per accedere a tutte le fantastiche funzionalit\u00e0 del nostro casin\u00f2 online, segui le istruzioni di registrazione riportate di seguito:<\/p>\n<ol>\n<li>Gli utenti devono visitare il nostro sito web su qualsiasi dispositivo con il browser preferito.<\/li>\n<li>Per avviare la procedura, \u00e8 necessario cliccare sul pulsante &#8220;Registrati&#8221;.<\/li>\n<li>Inserisci le informazioni richieste: e-mail, password e codice promozionale (se ne hai uno).<\/li>\n<li>Seleziona le caselle per confermare di avere almeno 18 anni e di accettare i nostri termini e condizioni.<\/li>\n<li>Dopo aver ricontrollato le informazioni, clicca su &#8220;Registrati&#8221; alla fine del modulo.<\/li>\n<\/ol>\n<h2>Bonuskong accesso all&#8217;account<\/h2>\n<p>Il processo di accesso a Bonus Kong \u00e8 disponibile per tutti coloro che hanno gi\u00e0 un account sulla nostra piattaforma. Qui dovrai fornirci le informazioni che hai utilizzato al momento della registrazione: il tuo indirizzo e-mail e la password. Per proteggere il tuo profilo con misure aggiuntive, puoi utilizzare l&#8217;autenticazione a due fattori.<\/p>\n<p>Un account su Bonuskong Casino ti d\u00e0 accesso non solo alle fantastiche funzionalit\u00e0 della piattaforma, ma anche ad alcuni strumenti importanti e alle impostazioni dell&#8217;account che renderanno la tua esperienza pi\u00f9 piacevole.<\/p>\n<table>\n<tbody>\n<tr>\n<td>Funzionalit\u00e0 dell&#8217;account<\/td>\n<td>Dettagli<\/td>\n<\/tr>\n<tr>\n<td>Cronologia delle attivit\u00e0<\/td>\n<td>In qualsiasi momento, gli utenti possono controllare le informazioni relative al tempo trascorso sulla piattaforma, allo stato delle promozioni, ai depositi, alle scommesse e ai prelievi.<\/td>\n<\/tr>\n<tr>\n<td>Strumenti per il gioco responsabile<\/td>\n<td>Hai la possibilit\u00e0 di impostare limiti di tempo e finanziari. Se il gioco sta influenzando negativamente la tua vita, puoi utilizzare l&#8217;opzione di autoesclusione.<\/td>\n<\/tr>\n<tr>\n<td>Gestione dell&#8217;account<\/td>\n<td>I giocatori possono modificare e aggiornare le proprie informazioni personali e finanziarie.<\/td>\n<\/tr>\n<tr>\n<td>Programma di affiliazione<\/td>\n<td>Gli utenti troveranno il loro link personale che potranno condividere con amici e familiari. Per ogni nuovo cliente registrato tramite il tuo link, riceverai ulteriori premi.<\/td>\n<\/tr>\n<\/tbody>\n<\/table>\n<h3>Verifica di Bonuskong Casino<\/h3>\n<p>Prima di effettuare il primo prelievo, \u00e8 necessario completare una semplice procedura di verifica. Fa parte della nostra politica di sicurezza. Dobbiamo confermare la tua et\u00e0, la titolarit\u00e0 del conto di pagamento e l&#8217;indirizzo di residenza. Dopodich\u00e9, le procedure di accesso e prelievo da Bonuskong potranno essere effettuate senza alcun ritardo.<\/p>\n<p>Il processo richiede a tutti gli utenti di caricare le foto dei propri documenti personali nel sistema. I nostri responsabili esamineranno tutto entro 48 ore. Successivamente, lo stato di verifica nel tuo account Bonus Kong Casino verr\u00e0 aggiornato.<\/p>\n<h2>Accesso all&#8217;account<\/h2>\n<p>Gli utenti possono accedere ai propri account utilizzando un PC, un laptop, uno smartphone o un tablet. Nel caso dei dispositivi mobili, \u00e8 possibile utilizzare Android o iOS. Bonuskong Casino \u00e8 disponibile su tutti i browser moderni, come Safari, Google Chrome o Firefox.<\/p>\n<p>Se hai dimenticato la password, non \u00e8 un grosso problema. Basta cliccare sul link &#8220;Hai dimenticato la password?&#8221; nella pagina di login di Bonuskong. I giocatori devono fornire il loro indirizzo e-mail in modo che possiamo inviare un link speciale per reimpostare la password. Dopodich\u00e9, basta creare una nuova password e utilizzarla al prossimo login.<\/p>\n<h2>Domande frequenti<\/h2>\n<h3>Cosa devo fare se dimentico il mio nome utente o la mia e-mail?<\/h3>\n<p>Nel caso in cui dimentichi la tua password, abbiamo una speciale funzione di recupero nella pagina di accesso di Bonuskong. Se non ricordi la tua e-mail, contatta il nostro team di assistenza multilingue. Verificheranno la tua identit\u00e0 e ti aiuteranno con l&#8217;accesso.<\/p>\n<h3>Come posso verificare la mia identit\u00e0 dopo problemi di accesso?<\/h3>\n<p>Ti invieremo un&#8217;e-mail con il link di conferma. Se ci\u00f2 non fosse sufficiente, il nostro team Bonus Kong ti chieder\u00e0 di fornire alcuni dei tuoi documenti personali per verificare la tua identit\u00e0.<\/p>\n<h3>Cosa devo fare se il mio account \u00e8 stato temporaneamente bloccato?<\/h3>\n<p>Quando decidiamo di bloccare o sospendere un account, l&#8217;utente riceve un&#8217;e-mail con ulteriori informazioni sul suo caso specifico. Se non hai ricevuto nulla, contatta il team di assistenza tramite live chat o e-mail.<\/p>\n<\/div><\/div><\/p>\n","protected":false},"excerpt":{"rendered":"<p>Accesso e registrazione a Bonuskong Bonuskong login \u00e8 l&#8217;unico passo che separa gli utenti italiani dal giocare con soldi veri. Richiediamo solo le informazioni essenziali, come l&#8217;indirizzo e-mail e la password. La registrazione al casin\u00f2 Bonuskong \u00e8 disponibile per tutti coloro che hanno compiuto 18 anni. Il processo non richiede molto tempo e pu\u00f2 essere [&hellip;]<\/p>\n","protected":false},"author":9,"featured_media":0,"parent":0,"menu_order":0,"comment_status":"closed","ping_status":"closed","template":"template-builder.php","meta":{"_acf_changed":false,"inline_featured_image":false,"footnotes":""},"class_list":["post-1458","page","type-page","status-publish","hentry"],"acf":[],"yoast_head":"<!-- This site is optimized with the Yoast SEO plugin v24.4 - https:\/\/yoast.com\/wordpress\/plugins\/seo\/ -->\n<title>Bonuskong Login &amp; Registrazione | Accesso Sicuro<\/title>\n<meta name=\"description\" content=\"Bonuskong Login \u2013 accedi in modo sicuro o crea un nuovo account con accesso protetto. Gestisci verifica, recupero password e impostazioni profilo su Bonus Kong.\" \/>\n<meta name=\"robots\" content=\"index, follow, max-snippet:-1, max-image-preview:large, max-video-preview:-1\" \/>\n<link rel=\"canonical\" href=\"https:\/\/bonuskongcasino.net\/it\/accesso-e-registrazione\/\" \/>\n<meta property=\"og:locale\" content=\"it_IT\" \/>\n<meta property=\"og:type\" content=\"article\" \/>\n<meta property=\"og:title\" content=\"Bonuskong Login &amp; Registrazione | Accesso Sicuro\" \/>\n<meta property=\"og:description\" content=\"Bonuskong Login \u2013 accedi in modo sicuro o crea un nuovo account con accesso protetto. Gestisci verifica, recupero password e impostazioni profilo su Bonus Kong.\" \/>\n<meta property=\"og:url\" content=\"https:\/\/bonuskongcasino.net\/it\/accesso-e-registrazione\/\" \/>\n<meta property=\"og:site_name\" content=\"bonuskong\" \/>\n<meta property=\"article:modified_time\" content=\"2026-02-12T09:37:40+00:00\" \/>\n<meta name=\"twitter:card\" content=\"summary_large_image\" \/>\n<meta name=\"twitter:label1\" content=\"Est. reading time\" \/>\n\t<meta name=\"twitter:data1\" content=\"1 minute\" \/>\n<script type=\"application\/ld+json\" class=\"yoast-schema-graph\">{\"@context\":\"https:\/\/schema.org\",\"@graph\":[{\"@type\":\"WebPage\",\"@id\":\"https:\/\/bonuskongcasino.net\/it\/accesso-e-registrazione\/\",\"url\":\"https:\/\/bonuskongcasino.net\/it\/accesso-e-registrazione\/\",\"name\":\"Bonuskong Login & Registrazione | Accesso Sicuro\",\"isPartOf\":{\"@id\":\"https:\/\/bonuskongcasino.net\/it\/#website\"},\"datePublished\":\"2026-02-12T06:31:52+00:00\",\"dateModified\":\"2026-02-12T09:37:40+00:00\",\"description\":\"Bonuskong Login \u2013 accedi in modo sicuro o crea un nuovo account con accesso protetto. Gestisci verifica, recupero password e impostazioni profilo su Bonus Kong.\",\"breadcrumb\":{\"@id\":\"https:\/\/bonuskongcasino.net\/it\/accesso-e-registrazione\/#breadcrumb\"},\"inLanguage\":\"it-IT\",\"potentialAction\":[{\"@type\":\"ReadAction\",\"target\":[\"https:\/\/bonuskongcasino.net\/it\/accesso-e-registrazione\/\"]}]},{\"@type\":\"BreadcrumbList\",\"@id\":\"https:\/\/bonuskongcasino.net\/it\/accesso-e-registrazione\/#breadcrumb\",\"itemListElement\":[{\"@type\":\"ListItem\",\"position\":1,\"name\":\"Bonuskong\",\"item\":\"https:\/\/bonuskongcasino.net\/it\/\"},{\"@type\":\"ListItem\",\"position\":2,\"name\":\"Accesso e registrazione\"}]},{\"@type\":\"WebSite\",\"@id\":\"https:\/\/bonuskongcasino.net\/it\/#website\",\"url\":\"https:\/\/bonuskongcasino.net\/it\/\",\"name\":\"Bonuskong\",\"description\":\"\",\"publisher\":{\"@id\":\"https:\/\/bonuskongcasino.net\/it\/#organization\"},\"potentialAction\":[{\"@type\":\"SearchAction\",\"target\":{\"@type\":\"EntryPoint\",\"urlTemplate\":\"https:\/\/bonuskongcasino.net\/it\/?s={search_term_string}\"},\"query-input\":{\"@type\":\"PropertyValueSpecification\",\"valueRequired\":true,\"valueName\":\"search_term_string\"}}],\"inLanguage\":\"it-IT\"},{\"@type\":\"Organization\",\"@id\":\"https:\/\/bonuskongcasino.net\/it\/#organization\",\"name\":\"Bonuskong\",\"url\":\"https:\/\/bonuskongcasino.net\/it\/\",\"logo\":{\"@type\":\"ImageObject\",\"inLanguage\":\"it-IT\",\"@id\":\"https:\/\/bonuskongcasino.net\/it\/#\/schema\/logo\/image\/\",\"url\":\"https:\/\/bonuskongcasino.net\/wp-content\/uploads\/2026\/02\/Bonuskong-logo.png\",\"contentUrl\":\"https:\/\/bonuskongcasino.net\/wp-content\/uploads\/2026\/02\/Bonuskong-logo.png\",\"width\":60,\"height\":24,\"caption\":\"Bonuskong\"},\"image\":{\"@id\":\"https:\/\/bonuskongcasino.net\/it\/#\/schema\/logo\/image\/\"}}]}<\/script>\n<!-- \/ Yoast SEO plugin. -->","yoast_head_json":{"title":"Bonuskong Login & Registrazione | Accesso Sicuro","description":"Bonuskong Login \u2013 accedi in modo sicuro o crea un nuovo account con accesso protetto. Gestisci verifica, recupero password e impostazioni profilo su Bonus Kong.","robots":{"index":"index","follow":"follow","max-snippet":"max-snippet:-1","max-image-preview":"max-image-preview:large","max-video-preview":"max-video-preview:-1"},"canonical":"https:\/\/bonuskongcasino.net\/it\/accesso-e-registrazione\/","og_locale":"it_IT","og_type":"article","og_title":"Bonuskong Login & Registrazione | Accesso Sicuro","og_description":"Bonuskong Login \u2013 accedi in modo sicuro o crea un nuovo account con accesso protetto. Gestisci verifica, recupero password e impostazioni profilo su Bonus Kong.","og_url":"https:\/\/bonuskongcasino.net\/it\/accesso-e-registrazione\/","og_site_name":"bonuskong","article_modified_time":"2026-02-12T09:37:40+00:00","twitter_card":"summary_large_image","twitter_misc":{"Est. reading time":"1 minute"},"schema":{"@context":"https:\/\/schema.org","@graph":[{"@type":"WebPage","@id":"https:\/\/bonuskongcasino.net\/it\/accesso-e-registrazione\/","url":"https:\/\/bonuskongcasino.net\/it\/accesso-e-registrazione\/","name":"Bonuskong Login & Registrazione | Accesso Sicuro","isPartOf":{"@id":"https:\/\/bonuskongcasino.net\/it\/#website"},"datePublished":"2026-02-12T06:31:52+00:00","dateModified":"2026-02-12T09:37:40+00:00","description":"Bonuskong Login \u2013 accedi in modo sicuro o crea un nuovo account con accesso protetto. Gestisci verifica, recupero password e impostazioni profilo su Bonus Kong.","breadcrumb":{"@id":"https:\/\/bonuskongcasino.net\/it\/accesso-e-registrazione\/#breadcrumb"},"inLanguage":"it-IT","potentialAction":[{"@type":"ReadAction","target":["https:\/\/bonuskongcasino.net\/it\/accesso-e-registrazione\/"]}]},{"@type":"BreadcrumbList","@id":"https:\/\/bonuskongcasino.net\/it\/accesso-e-registrazione\/#breadcrumb","itemListElement":[{"@type":"ListItem","position":1,"name":"Bonuskong","item":"https:\/\/bonuskongcasino.net\/it\/"},{"@type":"ListItem","position":2,"name":"Accesso e registrazione"}]},{"@type":"WebSite","@id":"https:\/\/bonuskongcasino.net\/it\/#website","url":"https:\/\/bonuskongcasino.net\/it\/","name":"Bonuskong","description":"","publisher":{"@id":"https:\/\/bonuskongcasino.net\/it\/#organization"},"potentialAction":[{"@type":"SearchAction","target":{"@type":"EntryPoint","urlTemplate":"https:\/\/bonuskongcasino.net\/it\/?s={search_term_string}"},"query-input":{"@type":"PropertyValueSpecification","valueRequired":true,"valueName":"search_term_string"}}],"inLanguage":"it-IT"},{"@type":"Organization","@id":"https:\/\/bonuskongcasino.net\/it\/#organization","name":"Bonuskong","url":"https:\/\/bonuskongcasino.net\/it\/","logo":{"@type":"ImageObject","inLanguage":"it-IT","@id":"https:\/\/bonuskongcasino.net\/it\/#\/schema\/logo\/image\/","url":"https:\/\/bonuskongcasino.net\/wp-content\/uploads\/2026\/02\/Bonuskong-logo.png","contentUrl":"https:\/\/bonuskongcasino.net\/wp-content\/uploads\/2026\/02\/Bonuskong-logo.png","width":60,"height":24,"caption":"Bonuskong"},"image":{"@id":"https:\/\/bonuskongcasino.net\/it\/#\/schema\/logo\/image\/"}}]}},"_links":{"self":[{"href":"https:\/\/bonuskongcasino.net\/it\/wp-json\/wp\/v2\/pages\/1458"}],"collection":[{"href":"https:\/\/bonuskongcasino.net\/it\/wp-json\/wp\/v2\/pages"}],"about":[{"href":"https:\/\/bonuskongcasino.net\/it\/wp-json\/wp\/v2\/types\/page"}],"author":[{"embeddable":true,"href":"https:\/\/bonuskongcasino.net\/it\/wp-json\/wp\/v2\/users\/9"}],"replies":[{"embeddable":true,"href":"https:\/\/bonuskongcasino.net\/it\/wp-json\/wp\/v2\/comments?post=1458"}],"version-history":[{"count":2,"href":"https:\/\/bonuskongcasino.net\/it\/wp-json\/wp\/v2\/pages\/1458\/revisions"}],"predecessor-version":[{"id":1718,"href":"https:\/\/bonuskongcasino.net\/it\/wp-json\/wp\/v2\/pages\/1458\/revisions\/1718"}],"wp:attachment":[{"href":"https:\/\/bonuskongcasino.net\/it\/wp-json\/wp\/v2\/media?parent=1458"}],"curies":[{"name":"wp","href":"https:\/\/api.w.org\/{rel}","templated":true}]}}