{"id":1430,"date":"2026-02-12T06:38:26","date_gmt":"2026-02-12T06:38:26","guid":{"rendered":"https:\/\/bonuskongcasino.net\/bonus\/"},"modified":"2026-02-12T09:41:08","modified_gmt":"2026-02-12T09:41:08","slug":"bonus","status":"publish","type":"page","link":"https:\/\/bonuskongcasino.net\/it\/bonus\/","title":{"rendered":"Bonus"},"content":{"rendered":"<h1>Bonus Bonuskong<\/h1>\n<p>Possiamo rendere la tua esperienza pi\u00f9 piacevole e redditizia con la collezione di Bonuskong bonus. Attivando una promozione, puoi ottenere fondi bonus, giri gratuiti, monete e round aggiuntivi. Tutte le offerte hanno termini e condizioni chiari che dovresti leggere prima di sceglierne una. Dopo la registrazione, tutti i nuovi clienti dall&#8217;Italia ricevono un pacchetto di benvenuto fino a 1.500 \u20ac + 250 giri gratuiti.<\/p>\n<p><div class=\"banner-wrap\" aria-label=\"Banner\"><img src=\"https:\/\/bonuskongcasino.net\/wp-content\/uploads\/2026\/02\/bonuskong-desktop-banner.webp\" class=\"w-100 d-none d-lg-block img-pc main-banner-img\" alt=\"Bonuskong desktop banner\" fetchpriority=\"high\" decoding=\"async\"><img src=\"https:\/\/bonuskongcasino.net\/wp-content\/uploads\/2026\/02\/bonuskong-mobile.webp\" class=\"w-100 d-none d-md-block d-lg-none main-banner-img\" alt=\"Bonuskong banner mobile\" fetchpriority=\"high\" decoding=\"async\"><img src=\"https:\/\/bonuskongcasino.net\/wp-content\/uploads\/2026\/02\/bonuskong-mobile.webp\" class=\"w-100 d-md-none\" alt=\"Bonuskong banner mobile\" fetchpriority=\"high\" decoding=\"async\"><div class=\"banner-description\">\n<div class=\"banner-title\">Bonus di benvenuto<\/div>\n<p class=\"banner-header-title\">\u20ac1,500<\/p>\n<div class=\"banner-header-AdditionalText\">+ 250 Giri gratuiti<\/div>\n<button data-item=\"homepage_banner_link\" class=\"goto m-button m-gradient-border m-button--primary m-button--large banner-button btn-orange\">\n            <div class=\"m-button-content\">\n                <span>Iscriviti ora<\/span>\n                <span><\/span>\n            <\/div>\n        <\/button>\n<\/div>\n<div class=\"WelcomePack\">\n<p><img loading=\"lazy\" decoding=\"async\" class=\"alignnone size-full wp-image-1386\" src=\"https:\/\/bonuskongcasino.net\/wp-content\/uploads\/2026\/02\/welcome-crown.png\" alt=\"welcome crown\" width=\"25\" height=\"26\" \/><\/p>\n<div class=\"WelcomePack-Info\">Cashback settimanale fino al 25%<\/div>\n<p><img loading=\"lazy\" decoding=\"async\" class=\"alignnone size-full wp-image-1386\" src=\"https:\/\/bonuskongcasino.net\/wp-content\/uploads\/2026\/02\/welcome-crown.png\" alt=\"welcome crown\" width=\"25\" height=\"26\" \/><\/p>\n<\/div>\n<\/div><div class=\"promotions-wrap\"><div class=\"promotion-card\" style=\"background-image: url(https:\/\/bonuskongcasino.net\/wp-content\/uploads\/2026\/02\/bonuskong-first-dep.webp);\"><h2 class=\"promotion-card__title\">Offerta sul primo deposito<\/h2><label class=\"promotion-card__offer\">500 \u20ac + 150 giri gratuiti<\/label><label class=\"promotion-card__description\"><\/label><div class=\"promotion-card__actions\"><button data-item=\"payments_link\" data-group=\"website_links\" class=\"goto btn btn-orange rounded-pill fw-bold px-4 m-button m-gradient-border m-button--primary m-button--large promotion-button promotion-card__action-btn\" aria-label=\"Iscriviti\"><div class=\"m-button-content\"><span class=\"promotion-button__content\">Iscriviti<\/span><\/div><\/button><button data-item=\"http:\/\/bonus_link\" data-group=\"website_links\" class=\"goto m-button m-gradient-border m-button--secondary m-button--medium promotion-card__info-btn\" aria-label=\"More information\"><div class=\"m-button-content\"><svg viewBox=\"0 0 24 24\" fill=\"none\" xmlns=\"http:\/\/www.w3.org\/2000\/svg\" class=\"m-icon m-icon-loadable\" name=\"Attention\" loading=\"false\" aria-hidden=\"true\"><path d=\"M12 22C6.477 22 2 17.522 2 12S6.477 2 12 2s10 4.478 10 10-4.477 10-10 10m-.002-13.004a.999.999 0 1 0 0-1.997.999.999 0 0 0 0 1.997M12 17a1 1 0 0 0 .993-.884L13 16l-.002-5.001-.007-.117a1 1 0 0 0-1.986 0l-.007.117L11 16l.007.117A1 1 0 0 0 12 17\" fill=\"currentColor\"><\/path><\/svg><\/div><\/button><\/div><\/div><div class=\"promotion-card\" style=\"background-image: url(https:\/\/bonuskongcasino.net\/wp-content\/uploads\/2026\/02\/bonuskong-2-dep.webp);\"><h2 class=\"promotion-card__title\">Offerta sul secondo deposito<\/h2><label class=\"promotion-card__offer\">500 \u20ac + 100 giri gratuiti<\/label><label class=\"promotion-card__description\"><\/label><div class=\"promotion-card__actions\"><button data-item=\"payments_link\" data-group=\"website_links\" class=\"goto btn btn-orange rounded-pill fw-bold px-4 m-button m-gradient-border m-button--primary m-button--large promotion-button promotion-card__action-btn\" aria-label=\"Iscriviti\"><div class=\"m-button-content\"><span class=\"promotion-button__content\">Iscriviti<\/span><\/div><\/button><button data-item=\"http:\/\/bonus_link\" data-group=\"website_links\" class=\"goto m-button m-gradient-border m-button--secondary m-button--medium promotion-card__info-btn\" aria-label=\"More information\"><div class=\"m-button-content\"><svg viewBox=\"0 0 24 24\" fill=\"none\" xmlns=\"http:\/\/www.w3.org\/2000\/svg\" class=\"m-icon m-icon-loadable\" name=\"Attention\" loading=\"false\" aria-hidden=\"true\"><path d=\"M12 22C6.477 22 2 17.522 2 12S6.477 2 12 2s10 4.478 10 10-4.477 10-10 10m-.002-13.004a.999.999 0 1 0 0-1.997.999.999 0 0 0 0 1.997M12 17a1 1 0 0 0 .993-.884L13 16l-.002-5.001-.007-.117a1 1 0 0 0-1.986 0l-.007.117L11 16l.007.117A1 1 0 0 0 12 17\" fill=\"currentColor\"><\/path><\/svg><\/div><\/button><\/div><\/div><div class=\"promotion-card\" style=\"background-image: url(https:\/\/bonuskongcasino.net\/wp-content\/uploads\/2026\/02\/bonuskong-3-dep.webp);\"><h2 class=\"promotion-card__title\">Offerta sul terzo deposito<\/h2><label class=\"promotion-card__offer\">500 \u20ac<\/label><label class=\"promotion-card__description\"><\/label><div class=\"promotion-card__actions\"><button data-item=\"payments_link\" data-group=\"website_links\" class=\"goto btn btn-orange rounded-pill fw-bold px-4 m-button m-gradient-border m-button--primary m-button--large promotion-button promotion-card__action-btn\" aria-label=\"Iscriviti\"><div class=\"m-button-content\"><span class=\"promotion-button__content\">Iscriviti<\/span><\/div><\/button><button data-item=\"http:\/\/bonus_link\" data-group=\"website_links\" class=\"goto m-button m-gradient-border m-button--secondary m-button--medium promotion-card__info-btn\" aria-label=\"More information\"><div class=\"m-button-content\"><svg viewBox=\"0 0 24 24\" fill=\"none\" xmlns=\"http:\/\/www.w3.org\/2000\/svg\" class=\"m-icon m-icon-loadable\" name=\"Attention\" loading=\"false\" aria-hidden=\"true\"><path d=\"M12 22C6.477 22 2 17.522 2 12S6.477 2 12 2s10 4.478 10 10-4.477 10-10 10m-.002-13.004a.999.999 0 1 0 0-1.997.999.999 0 0 0 0 1.997M12 17a1 1 0 0 0 .993-.884L13 16l-.002-5.001-.007-.117a1 1 0 0 0-1.986 0l-.007.117L11 16l.007.117A1 1 0 0 0 12 17\" fill=\"currentColor\"><\/path><\/svg><\/div><\/button><\/div><\/div><div class=\"promotion-card\" style=\"background-image: url(https:\/\/bonuskongcasino.net\/wp-content\/uploads\/2026\/02\/bonuskong-cashback.webp);\"><h2 class=\"promotion-card__title\">Cashback settimanale<\/h2><label class=\"promotion-card__offer\">fino al 25%<\/label><label class=\"promotion-card__description\"><\/label><div class=\"promotion-card__actions\"><button data-item=\"payments_link\" data-group=\"website_links\" class=\"goto btn btn-orange rounded-pill fw-bold px-4 m-button m-gradient-border m-button--primary m-button--large promotion-button promotion-card__action-btn\" aria-label=\"Iscriviti\"><div class=\"m-button-content\"><span class=\"promotion-button__content\">Iscriviti<\/span><\/div><\/button><button data-item=\"http:\/\/bonus_link\" data-group=\"website_links\" class=\"goto m-button m-gradient-border m-button--secondary m-button--medium promotion-card__info-btn\" aria-label=\"More information\"><div class=\"m-button-content\"><svg viewBox=\"0 0 24 24\" fill=\"none\" xmlns=\"http:\/\/www.w3.org\/2000\/svg\" class=\"m-icon m-icon-loadable\" name=\"Attention\" loading=\"false\" aria-hidden=\"true\"><path d=\"M12 22C6.477 22 2 17.522 2 12S6.477 2 12 2s10 4.478 10 10-4.477 10-10 10m-.002-13.004a.999.999 0 1 0 0-1.997.999.999 0 0 0 0 1.997M12 17a1 1 0 0 0 .993-.884L13 16l-.002-5.001-.007-.117a1 1 0 0 0-1.986 0l-.007.117L11 16l.007.117A1 1 0 0 0 12 17\" fill=\"currentColor\"><\/path><\/svg><\/div><\/button><\/div><\/div><div class=\"promotion-card\" style=\"background-image: url(https:\/\/bonuskongcasino.net\/wp-content\/uploads\/2026\/02\/bonuskong-spinoleague.webp);\"><h2 class=\"promotion-card__title\">Ricarica domenicale<\/h2><label class=\"promotion-card__offer\">25% fino a \u20ac 100<\/label><label class=\"promotion-card__description\"><\/label><div class=\"promotion-card__actions\"><button data-item=\"payments_link\" data-group=\"website_links\" class=\"goto btn btn-orange rounded-pill fw-bold px-4 m-button m-gradient-border m-button--primary m-button--large promotion-button promotion-card__action-btn\" aria-label=\"Iscriviti\"><div class=\"m-button-content\"><span class=\"promotion-button__content\">Iscriviti<\/span><\/div><\/button><button data-item=\"http:\/\/bonus_link\" data-group=\"website_links\" class=\"goto m-button m-gradient-border m-button--secondary m-button--medium promotion-card__info-btn\" aria-label=\"More information\"><div class=\"m-button-content\"><svg viewBox=\"0 0 24 24\" fill=\"none\" xmlns=\"http:\/\/www.w3.org\/2000\/svg\" class=\"m-icon m-icon-loadable\" name=\"Attention\" loading=\"false\" aria-hidden=\"true\"><path d=\"M12 22C6.477 22 2 17.522 2 12S6.477 2 12 2s10 4.478 10 10-4.477 10-10 10m-.002-13.004a.999.999 0 1 0 0-1.997.999.999 0 0 0 0 1.997M12 17a1 1 0 0 0 .993-.884L13 16l-.002-5.001-.007-.117a1 1 0 0 0-1.986 0l-.007.117L11 16l.007.117A1 1 0 0 0 12 17\" fill=\"currentColor\"><\/path><\/svg><\/div><\/button><\/div><\/div><div class=\"promotion-card\" style=\"background-image: url(https:\/\/bonuskongcasino.net\/wp-content\/uploads\/2026\/02\/bonuskong-rakeback.webp);\"><h2 class=\"promotion-card__title\">Rakeback<\/h2><label class=\"promotion-card__offer\">fino al 17%<\/label><label class=\"promotion-card__description\"><\/label><div class=\"promotion-card__actions\"><button data-item=\"payments_link\" data-group=\"website_links\" class=\"goto btn btn-orange rounded-pill fw-bold px-4 m-button m-gradient-border m-button--primary m-button--large promotion-button promotion-card__action-btn\" aria-label=\"Iscriviti\"><div class=\"m-button-content\"><span class=\"promotion-button__content\">Iscriviti<\/span><\/div><\/button><button data-item=\"http:\/\/bonus_link\" data-group=\"website_links\" class=\"goto m-button m-gradient-border m-button--secondary m-button--medium promotion-card__info-btn\" aria-label=\"More information\"><div class=\"m-button-content\"><svg viewBox=\"0 0 24 24\" fill=\"none\" xmlns=\"http:\/\/www.w3.org\/2000\/svg\" class=\"m-icon m-icon-loadable\" name=\"Attention\" loading=\"false\" aria-hidden=\"true\"><path d=\"M12 22C6.477 22 2 17.522 2 12S6.477 2 12 2s10 4.478 10 10-4.477 10-10 10m-.002-13.004a.999.999 0 1 0 0-1.997.999.999 0 0 0 0 1.997M12 17a1 1 0 0 0 .993-.884L13 16l-.002-5.001-.007-.117a1 1 0 0 0-1.986 0l-.007.117L11 16l.007.117A1 1 0 0 0 12 17\" fill=\"currentColor\"><\/path><\/svg><\/div><\/button><\/div><\/div><div class=\"promotion-card\" style=\"background-image: url(https:\/\/bonuskongcasino.net\/wp-content\/uploads\/2026\/02\/bonuskong-highroller.webp);\"><h2 class=\"promotion-card__title\">Bonus Highroller<\/h2><label class=\"promotion-card__offer\">50% fino a \u20ac 500<\/label><label class=\"promotion-card__description\"><\/label><div class=\"promotion-card__actions\"><button data-item=\"payments_link\" data-group=\"website_links\" class=\"goto btn btn-orange rounded-pill fw-bold px-4 m-button m-gradient-border m-button--primary m-button--large promotion-button promotion-card__action-btn\" aria-label=\"Iscriviti\"><div class=\"m-button-content\"><span class=\"promotion-button__content\">Iscriviti<\/span><\/div><\/button><button data-item=\"http:\/\/bonus_link\" data-group=\"website_links\" class=\"goto m-button m-gradient-border m-button--secondary m-button--medium promotion-card__info-btn\" aria-label=\"More information\"><div class=\"m-button-content\"><svg viewBox=\"0 0 24 24\" fill=\"none\" xmlns=\"http:\/\/www.w3.org\/2000\/svg\" class=\"m-icon m-icon-loadable\" name=\"Attention\" loading=\"false\" aria-hidden=\"true\"><path d=\"M12 22C6.477 22 2 17.522 2 12S6.477 2 12 2s10 4.478 10 10-4.477 10-10 10m-.002-13.004a.999.999 0 1 0 0-1.997.999.999 0 0 0 0 1.997M12 17a1 1 0 0 0 .993-.884L13 16l-.002-5.001-.007-.117a1 1 0 0 0-1.986 0l-.007.117L11 16l.007.117A1 1 0 0 0 12 17\" fill=\"currentColor\"><\/path><\/svg><\/div><\/button><\/div><\/div><\/div><div class=\"scrollable-content-wrap my-5\"><div class=\"scrollable-content-inner\"><h2>Sistema di bonus Bonuskong<\/h2>\n<p>La selezione di bonus Bonuskong include opzioni per utenti nuovi e abituali. Tutti hanno regole e ricompense diverse. Garantiamo che tutti troveranno qualcosa di adatto ai propri gusti e al proprio budget. La prima cosa che puoi ricevere \u00e8 il bonus di benvenuto con denaro contante e giri gratuiti.<\/p>\n<p>Inoltre, gli utenti possono accedere a promozioni regolari. Alcune sono temporanee, mentre altre sono stagionali e limitate nel tempo. Tra le offerte attuali di Bonus Kong Casino, troverai un cashback settimanale fino al 25%. La percentuale dipende dal tuo livello di fedelt\u00e0. Oltre a ci\u00f2, \u00e8 previsto un sistema di rakeback fino al 17%. I giocatori possono riceverlo mensilmente, settimanalmente o giornalmente. Per chi ama le grandi vincite, c&#8217;\u00e8 un&#8217;offerta high roller del 50% fino a 500 \u20ac.<\/p>\n<h2>Bonus Kong &#8211; Pacchetto di benvenuto<\/h2>\n<p>Apprezziamo che tu abbia scelto la nostra piattaforma e abbia deciso di registrarti. Ecco perch\u00e9, dopo aver creato un account ed effettuato il primo deposito, tutti i nuovi utenti ricevono un pacchetto di benvenuto fino a 1.500 \u20ac + 250 giri gratuiti. Il bonus Bonuskong per i nuovi clienti sar\u00e0 suddiviso tra i primi tre depositi.<\/p>\n<table>\n<tbody>\n<tr>\n<td>Offerta sul primo deposito<\/td>\n<td>500 \u20ac + 150 giri gratuiti<\/td>\n<\/tr>\n<tr>\n<td>Offerta sul secondo deposito<\/td>\n<td>500 \u20ac + 100 giri gratuiti<\/td>\n<\/tr>\n<tr>\n<td>Offerta sul terzo deposito<\/td>\n<td>500 \u20ac<\/td>\n<\/tr>\n<\/tbody>\n<\/table>\n<p>Per attivare la promozione, \u00e8 necessario depositare almeno 20 \u20ac. I giri gratuiti saranno accreditati al ritmo di 50 al giorno. Possono essere utilizzati nelle slot online del fornitore di software BGaming. Il requisito di scommessa di Bonuskong Casino \u00e8 x35. Solo dopo aver completato tutti i termini e le condizioni, i giocatori possono prelevare le vincite.<\/p>\n<h2>Elenco dei tornei e delle attivit\u00e0<\/h2>\n<p>Oltre alle opzioni bonus di Bonus Kong sopra indicate, offriamo anche un&#8217;ampia selezione di tornei. Questi hanno montepremi enormi e consentono di conquistare un posto nella classifica. La maggior parte degli eventi \u00e8 pensata per le slot online e i giochi con croupier dal vivo. Di seguito sono riportate le opzioni attualmente disponibili su Bonuskong:<\/p>\n<ul>\n<li>Torneo live con un montepremi di 10.000 \u20ac<\/li>\n<li>BGaming Drops con un montepremi di 60.000 \u20ac<\/li>\n<li>Spinoleague con un montepremi di 12.000.000 \u20ac<\/li>\n<\/ul>\n<p>A seconda dell&#8217;opzione scelta, ci saranno regole di partecipazione diverse. Alcune di esse richiedono una quota di partecipazione. Altri eventi al Bonuskong Casino sono automaticamente disponibili quando giochi ai titoli richiesti.<\/p>\n<p>Se vuoi provare qualcosa di diverso, ci sono anche missioni di benvenuto e regolari disponibili per tutti i giocatori registrati. Devi completare semplici compiti Bonus Kong per guadagnare monete. Con queste monete puoi acquistare ricompense esclusive.<\/p>\n<h2>Termini e condizioni<\/h2>\n<p>Bonuskong Casino \u00e8 una piattaforma sicura ed equa. Ti forniamo regole chiare per ogni specifica offerta di bonus. Puoi trovarle cliccando sull&#8217;opzione specifica. Le informazioni generali sulle promozioni di Bonuskong si trovano nella pagina dei termini dei bonus.<\/p>\n<p>Anche se hai gi\u00e0 esperienza con i bonus in un altro casin\u00f2 online, leggi le regole per ogni opzione specifica su Bonuskong Casino, poich\u00e9 potrebbero essere diverse. Il requisito generale \u00e8 che un utente pu\u00f2 avere solo una promozione di deposito attiva.<\/p>\n<p>La maggior parte dei bonus ha un periodo di validit\u00e0 di 7-14 giorni. Di solito, c&#8217;\u00e8 una regola sul deposito minimo. La puntata massima sulla nostra piattaforma \u00e8 sempre di 5 \u20ac. Il contributo del gioco mostra quali categorie di titoli influiscono sul risultato. Il requisito di scommessa di Bonuskong ha un ruolo importante, poich\u00e9 spiega quante volte l&#8217;importo del bonus deve essere scommesso prima di poterlo prelevare.<\/p>\n<h2>Domande frequenti<\/h2>\n<h3>I bonus sono disponibili per i giocatori che ritornano?<\/h3>\n<p>Siamo molto felici che tu abbia deciso di tornare sulla nostra piattaforma. Tutti i bonus di Bonus Kong, eccetto il pacchetto di benvenuto, saranno a tua disposizione.<\/p>\n<h3>Posso prelevare le vincite da un bonus?<\/h3>\n<p>Tutti gli utenti possono prelevare le loro vincite dopo aver completato tutte le regole del bonus Bonuskong. Particolarmente importante \u00e8 il requisito di scommessa che sar\u00e0 x35 o x40.<\/p>\n<h3>Posso avere pi\u00f9 di un bonus attivo alla volta?<\/h3>\n<p>Non consentiamo ai giocatori di avere pi\u00f9 bonus di deposito attivi. \u00c8 necessario soddisfare i termini di un&#8217;offerta oppure \u00e8 possibile annullarla per iniziare con quella successiva. Questa regola non si applica ai tornei e alle missioni.<\/p>\n<\/div><\/div><\/p>\n","protected":false},"excerpt":{"rendered":"<p>Bonus Bonuskong Possiamo rendere la tua esperienza pi\u00f9 piacevole e redditizia con la collezione di Bonuskong bonus. Attivando una promozione, puoi ottenere fondi bonus, giri gratuiti, monete e round aggiuntivi. Tutte le offerte hanno termini e condizioni chiari che dovresti leggere prima di sceglierne una. Dopo la registrazione, tutti i nuovi clienti dall&#8217;Italia ricevono un [&hellip;]<\/p>\n","protected":false},"author":9,"featured_media":0,"parent":0,"menu_order":0,"comment_status":"closed","ping_status":"closed","template":"template-builder.php","meta":{"_acf_changed":false,"inline_featured_image":false,"footnotes":""},"class_list":["post-1430","page","type-page","status-publish","hentry"],"acf":[],"yoast_head":"<!-- This site is optimized with the Yoast SEO plugin v24.4 - https:\/\/yoast.com\/wordpress\/plugins\/seo\/ -->\n<title>Bonuskong Casino Bonus | Offerte di Benvenuto e Promozioni<\/title>\n<meta name=\"description\" content=\"Bonuskong Casino Bonus \u2013 scopri bonus di benvenuto, ricariche, giri gratis e promozioni continue. Approfitta di cashback e offerte stagionali su Bonus Kong.\" \/>\n<meta name=\"robots\" content=\"index, follow, max-snippet:-1, max-image-preview:large, max-video-preview:-1\" \/>\n<link rel=\"canonical\" href=\"https:\/\/bonuskongcasino.net\/it\/bonus\/\" \/>\n<meta property=\"og:locale\" content=\"it_IT\" \/>\n<meta property=\"og:type\" content=\"article\" \/>\n<meta property=\"og:title\" content=\"Bonuskong Casino Bonus | Offerte di Benvenuto e Promozioni\" \/>\n<meta property=\"og:description\" content=\"Bonuskong Casino Bonus \u2013 scopri bonus di benvenuto, ricariche, giri gratis e promozioni continue. Approfitta di cashback e offerte stagionali su Bonus Kong.\" \/>\n<meta property=\"og:url\" content=\"https:\/\/bonuskongcasino.net\/it\/bonus\/\" \/>\n<meta property=\"og:site_name\" content=\"bonuskong\" \/>\n<meta property=\"article:modified_time\" content=\"2026-02-12T09:41:08+00:00\" \/>\n<meta name=\"twitter:card\" content=\"summary_large_image\" \/>\n<meta name=\"twitter:label1\" content=\"Est. reading time\" \/>\n\t<meta name=\"twitter:data1\" content=\"1 minute\" \/>\n<script type=\"application\/ld+json\" class=\"yoast-schema-graph\">{\"@context\":\"https:\/\/schema.org\",\"@graph\":[{\"@type\":\"WebPage\",\"@id\":\"https:\/\/bonuskongcasino.net\/it\/bonus\/\",\"url\":\"https:\/\/bonuskongcasino.net\/it\/bonus\/\",\"name\":\"Bonuskong Casino Bonus | Offerte di Benvenuto e Promozioni\",\"isPartOf\":{\"@id\":\"https:\/\/bonuskongcasino.net\/it\/#website\"},\"datePublished\":\"2026-02-12T06:38:26+00:00\",\"dateModified\":\"2026-02-12T09:41:08+00:00\",\"description\":\"Bonuskong Casino Bonus \u2013 scopri bonus di benvenuto, ricariche, giri gratis e promozioni continue. Approfitta di cashback e offerte stagionali su Bonus Kong.\",\"breadcrumb\":{\"@id\":\"https:\/\/bonuskongcasino.net\/it\/bonus\/#breadcrumb\"},\"inLanguage\":\"it-IT\",\"potentialAction\":[{\"@type\":\"ReadAction\",\"target\":[\"https:\/\/bonuskongcasino.net\/it\/bonus\/\"]}]},{\"@type\":\"BreadcrumbList\",\"@id\":\"https:\/\/bonuskongcasino.net\/it\/bonus\/#breadcrumb\",\"itemListElement\":[{\"@type\":\"ListItem\",\"position\":1,\"name\":\"Bonuskong\",\"item\":\"https:\/\/bonuskongcasino.net\/it\/\"},{\"@type\":\"ListItem\",\"position\":2,\"name\":\"Bonus\"}]},{\"@type\":\"WebSite\",\"@id\":\"https:\/\/bonuskongcasino.net\/it\/#website\",\"url\":\"https:\/\/bonuskongcasino.net\/it\/\",\"name\":\"Bonuskong\",\"description\":\"\",\"publisher\":{\"@id\":\"https:\/\/bonuskongcasino.net\/it\/#organization\"},\"potentialAction\":[{\"@type\":\"SearchAction\",\"target\":{\"@type\":\"EntryPoint\",\"urlTemplate\":\"https:\/\/bonuskongcasino.net\/it\/?s={search_term_string}\"},\"query-input\":{\"@type\":\"PropertyValueSpecification\",\"valueRequired\":true,\"valueName\":\"search_term_string\"}}],\"inLanguage\":\"it-IT\"},{\"@type\":\"Organization\",\"@id\":\"https:\/\/bonuskongcasino.net\/it\/#organization\",\"name\":\"Bonuskong\",\"url\":\"https:\/\/bonuskongcasino.net\/it\/\",\"logo\":{\"@type\":\"ImageObject\",\"inLanguage\":\"it-IT\",\"@id\":\"https:\/\/bonuskongcasino.net\/it\/#\/schema\/logo\/image\/\",\"url\":\"https:\/\/bonuskongcasino.net\/wp-content\/uploads\/2026\/02\/Bonuskong-logo.png\",\"contentUrl\":\"https:\/\/bonuskongcasino.net\/wp-content\/uploads\/2026\/02\/Bonuskong-logo.png\",\"width\":60,\"height\":24,\"caption\":\"Bonuskong\"},\"image\":{\"@id\":\"https:\/\/bonuskongcasino.net\/it\/#\/schema\/logo\/image\/\"}}]}<\/script>\n<!-- \/ Yoast SEO plugin. -->","yoast_head_json":{"title":"Bonuskong Casino Bonus | Offerte di Benvenuto e Promozioni","description":"Bonuskong Casino Bonus \u2013 scopri bonus di benvenuto, ricariche, giri gratis e promozioni continue. Approfitta di cashback e offerte stagionali su Bonus Kong.","robots":{"index":"index","follow":"follow","max-snippet":"max-snippet:-1","max-image-preview":"max-image-preview:large","max-video-preview":"max-video-preview:-1"},"canonical":"https:\/\/bonuskongcasino.net\/it\/bonus\/","og_locale":"it_IT","og_type":"article","og_title":"Bonuskong Casino Bonus | Offerte di Benvenuto e Promozioni","og_description":"Bonuskong Casino Bonus \u2013 scopri bonus di benvenuto, ricariche, giri gratis e promozioni continue. Approfitta di cashback e offerte stagionali su Bonus Kong.","og_url":"https:\/\/bonuskongcasino.net\/it\/bonus\/","og_site_name":"bonuskong","article_modified_time":"2026-02-12T09:41:08+00:00","twitter_card":"summary_large_image","twitter_misc":{"Est. reading time":"1 minute"},"schema":{"@context":"https:\/\/schema.org","@graph":[{"@type":"WebPage","@id":"https:\/\/bonuskongcasino.net\/it\/bonus\/","url":"https:\/\/bonuskongcasino.net\/it\/bonus\/","name":"Bonuskong Casino Bonus | Offerte di Benvenuto e Promozioni","isPartOf":{"@id":"https:\/\/bonuskongcasino.net\/it\/#website"},"datePublished":"2026-02-12T06:38:26+00:00","dateModified":"2026-02-12T09:41:08+00:00","description":"Bonuskong Casino Bonus \u2013 scopri bonus di benvenuto, ricariche, giri gratis e promozioni continue. Approfitta di cashback e offerte stagionali su Bonus Kong.","breadcrumb":{"@id":"https:\/\/bonuskongcasino.net\/it\/bonus\/#breadcrumb"},"inLanguage":"it-IT","potentialAction":[{"@type":"ReadAction","target":["https:\/\/bonuskongcasino.net\/it\/bonus\/"]}]},{"@type":"BreadcrumbList","@id":"https:\/\/bonuskongcasino.net\/it\/bonus\/#breadcrumb","itemListElement":[{"@type":"ListItem","position":1,"name":"Bonuskong","item":"https:\/\/bonuskongcasino.net\/it\/"},{"@type":"ListItem","position":2,"name":"Bonus"}]},{"@type":"WebSite","@id":"https:\/\/bonuskongcasino.net\/it\/#website","url":"https:\/\/bonuskongcasino.net\/it\/","name":"Bonuskong","description":"","publisher":{"@id":"https:\/\/bonuskongcasino.net\/it\/#organization"},"potentialAction":[{"@type":"SearchAction","target":{"@type":"EntryPoint","urlTemplate":"https:\/\/bonuskongcasino.net\/it\/?s={search_term_string}"},"query-input":{"@type":"PropertyValueSpecification","valueRequired":true,"valueName":"search_term_string"}}],"inLanguage":"it-IT"},{"@type":"Organization","@id":"https:\/\/bonuskongcasino.net\/it\/#organization","name":"Bonuskong","url":"https:\/\/bonuskongcasino.net\/it\/","logo":{"@type":"ImageObject","inLanguage":"it-IT","@id":"https:\/\/bonuskongcasino.net\/it\/#\/schema\/logo\/image\/","url":"https:\/\/bonuskongcasino.net\/wp-content\/uploads\/2026\/02\/Bonuskong-logo.png","contentUrl":"https:\/\/bonuskongcasino.net\/wp-content\/uploads\/2026\/02\/Bonuskong-logo.png","width":60,"height":24,"caption":"Bonuskong"},"image":{"@id":"https:\/\/bonuskongcasino.net\/it\/#\/schema\/logo\/image\/"}}]}},"_links":{"self":[{"href":"https:\/\/bonuskongcasino.net\/it\/wp-json\/wp\/v2\/pages\/1430"}],"collection":[{"href":"https:\/\/bonuskongcasino.net\/it\/wp-json\/wp\/v2\/pages"}],"about":[{"href":"https:\/\/bonuskongcasino.net\/it\/wp-json\/wp\/v2\/types\/page"}],"author":[{"embeddable":true,"href":"https:\/\/bonuskongcasino.net\/it\/wp-json\/wp\/v2\/users\/9"}],"replies":[{"embeddable":true,"href":"https:\/\/bonuskongcasino.net\/it\/wp-json\/wp\/v2\/comments?post=1430"}],"version-history":[{"count":2,"href":"https:\/\/bonuskongcasino.net\/it\/wp-json\/wp\/v2\/pages\/1430\/revisions"}],"predecessor-version":[{"id":1726,"href":"https:\/\/bonuskongcasino.net\/it\/wp-json\/wp\/v2\/pages\/1430\/revisions\/1726"}],"wp:attachment":[{"href":"https:\/\/bonuskongcasino.net\/it\/wp-json\/wp\/v2\/media?parent=1430"}],"curies":[{"name":"wp","href":"https:\/\/api.w.org\/{rel}","templated":true}]}}