{"id":1418,"date":"2026-02-12T06:26:05","date_gmt":"2026-02-12T06:26:05","guid":{"rendered":"https:\/\/bonuskongcasino.net\/app\/"},"modified":"2026-02-12T09:36:36","modified_gmt":"2026-02-12T09:36:36","slug":"applicazione","status":"publish","type":"page","link":"https:\/\/bonuskongcasino.net\/it\/applicazione\/","title":{"rendered":"Applicazione"},"content":{"rendered":"<h1>Applicazione Bonuskong<\/h1>\n<p>\u00c8 difficile immaginare il mondo moderno senza smartphone e la possibilit\u00e0 di utilizzare tutte le tue fonti preferite su un dispositivo mobile. Ecco perch\u00e9 offriamo a tutti i nostri clienti italiani la Bonuskong App. \u00c8 disponibile su tutti i dispositivi Android e iOS. Puoi installarla facilmente direttamente dal nostro sito web. Nel software mobile, gli utenti troveranno tutte le loro funzioni preferite, come titoli, bonus, pagamenti e assistenza clienti.<\/p>\n<div class=\"banner-wrap\" aria-label=\"Banner\"><img src=\"https:\/\/bonuskongcasino.net\/wp-content\/uploads\/2026\/02\/bonuskong-desktop-banner.webp\" class=\"w-100 d-none d-lg-block img-pc main-banner-img\" alt=\"Bonuskong desktop banner\" fetchpriority=\"high\" decoding=\"async\"><img src=\"https:\/\/bonuskongcasino.net\/wp-content\/uploads\/2026\/02\/bonuskong-mobile.webp\" class=\"w-100 d-none d-md-block d-lg-none main-banner-img\" alt=\"Bonuskong banner mobile\" fetchpriority=\"high\" decoding=\"async\"><img src=\"https:\/\/bonuskongcasino.net\/wp-content\/uploads\/2026\/02\/bonuskong-mobile.webp\" class=\"w-100 d-md-none\" alt=\"Bonuskong banner mobile\" fetchpriority=\"high\" decoding=\"async\"><div class=\"banner-description\">\n<div class=\"banner-title\">Bonus di benvenuto<\/div>\n<p class=\"banner-header-title\">\u20ac1,500<\/p>\n<div class=\"banner-header-AdditionalText\">+ 250 Giri gratuiti<\/div>\n<button data-item=\"homepage_banner_link\" class=\"goto m-button m-gradient-border m-button--primary m-button--large banner-button btn-orange\">\n            <div class=\"m-button-content\">\n                <span>Iscriviti ora<\/span>\n                <span><\/span>\n            <\/div>\n        <\/button>\n<\/div>\n<div class=\"WelcomePack\">\n<p><img loading=\"lazy\" decoding=\"async\" class=\"alignnone size-full wp-image-1386\" src=\"https:\/\/bonuskongcasino.net\/wp-content\/uploads\/2026\/02\/welcome-crown.png\" alt=\"welcome crown\" width=\"25\" height=\"26\" \/><\/p>\n<div class=\"WelcomePack-Info\">Cashback settimanale fino al 25%<\/div>\n<p><img loading=\"lazy\" decoding=\"async\" class=\"alignnone size-full wp-image-1386\" src=\"https:\/\/bonuskongcasino.net\/wp-content\/uploads\/2026\/02\/welcome-crown.png\" alt=\"welcome crown\" width=\"25\" height=\"26\" \/><\/p>\n<\/div>\n<\/div>\n<h2>Caratteristiche dell&#8217;app Bonuskong<\/h2>\n<p>Per la maggior parte dei siti web, \u00e8 indispensabile avere una versione mobile o un&#8217;app dedicata. Ci\u00f2 aiuta gli utenti a rimanere online ovunque si trovino. Bonuskong Casino offre sia la versione per browser mobile che il software mobile. Qui troverai tutte le funzionalit\u00e0 disponibili su PC o laptop.<\/p>\n<p>L&#8217;app Bonus Kong pu\u00f2 essere installata direttamente dal nostro sito web in pochi minuti. \u00c8 disponibile su tutti i moderni dispositivi Android e iOS, inclusi smartphone e tablet. Il nostro software mobile richiede solo le autorizzazioni essenziali, come l&#8217;accesso a Internet per il gioco in tempo reale e le notifiche per importanti aggiornamenti dell&#8217;account o promozionali. Tutte le interazioni su Bonuskong sono protette da connessioni crittografate per impedire accessi non autorizzati o intercettazioni di dati.<\/p>\n<p>La tabella seguente mostra la differenza tra l&#8217;utilizzo del sito web su un PC e l&#8217;app Bonuskong su un dispositivo mobile.<\/p>\n<table>\n<tbody>\n<tr>\n<td>Funzionalit\u00e0<\/td>\n<td>Versione browser PC<\/td>\n<td>Software mobile<\/td>\n<\/tr>\n<tr>\n<td>Installazione<\/td>\n<td>Non \u00e8 richiesta alcuna installazione.<\/td>\n<td>Installazione leggera senza App Store o Google Play.<\/td>\n<\/tr>\n<tr>\n<td>Layout dell&#8217;interfaccia<\/td>\n<td>Ottimizzato per schermi di grandi dimensioni con menu espansi e un pannello di navigazione completo.<\/td>\n<td>Layout ottimizzato per il touch con menu semplificati e scorrimento verticale.<\/td>\n<\/tr>\n<tr>\n<td>Aggiornamenti<\/td>\n<td>Automatici quando il sito web viene aggiornato.<\/td>\n<td>Si aggiorna automaticamente in background senza download manuali.<\/td>\n<\/tr>\n<tr>\n<td>Notifiche<\/td>\n<td>Notifiche del browser limitate.<\/td>\n<td>Notifiche push supportate (bonus, tornei, avvisi).<\/td>\n<\/tr>\n<tr>\n<td>Comodit\u00e0<\/td>\n<td>Ideale per sessioni pi\u00f9 lunghe e navigazione multi-scheda.<\/td>\n<td>Accesso rapido tramite l&#8217;icona sulla schermata iniziale, progettata per giocare in movimento.<\/td>\n<\/tr>\n<\/tbody>\n<\/table>\n<p><div class=\"scrollable-content-wrap my-5\"><div class=\"scrollable-content-inner\"><h2>App Bonuskong per sistema operativo Android<\/h2>\n<p>Ti garantiamo che la tua esperienza di gioco migliorer\u00e0 utilizzando la nostra app per Android. Non \u00e8 necessario installare alcun file APK Bonus Kong o creare account negli app store. Noi di ti offriamo un&#8217;applicazione web progressiva (PWA) che non occupa molto spazio nella memoria del tuo dispositivo. Il processo \u00e8 completamente sicuro e regolarmente testato dal nostro team.<\/p>\n<p>Nell&#8217;app troverai l&#8217;intera collezione di giochi con migliaia di titoli, tra cui slot online, giochi da tavolo, opzioni con croupier dal vivo e cos\u00ec via. In generale, utilizzando uno smartphone o un tablet, non avrai alcuna limitazione, poich\u00e9 tutte le funzionalit\u00e0 di Bonuskong Casino sono disponibili qui.<\/p>\n<p>Se sei pronto a provare l&#8217;applicazione Bonuskong, segui le nostre istruzioni qui sotto:<\/p>\n<ol>\n<li>Gli utenti devono visitare il nostro sito web ufficiale su un dispositivo mobile.<\/li>\n<li>Nella barra degli indirizzi, dovrai trovare e cliccare sul pulsante &#8220;Altro&#8221;. Ha l&#8217;aspetto di tre puntini verticali.<\/li>\n<li>Tra le opzioni disponibili, devi selezionare &#8220;Aggiungi alla schermata iniziale&#8221;.<\/li>\n<li>Gli utenti possono personalizzare il nome e l&#8217;aspetto dell&#8217;icona.<\/li>\n<li>Clicca su &#8220;Aggiungi&#8221; per completare il processo e creare un&#8217;icona Bonus Kong sulla schermata iniziale.<\/li>\n<\/ol>\n<p><img loading=\"lazy\" decoding=\"async\" src=\"https:\/\/bonuskongcasino.net\/wp-content\/uploads\/2026\/02\/Bonuskong-Android.webp\" alt=\"Bonuskong Android\" width=\"1248\" height=\"536\" \/><\/p>\n<\/div><\/div><div style=\"clear: both\"><\/div><div class=\"d-flex justify-content-center\"><button data-item=\"decouvrez_link\" data-group=\"website_links\" class=\"goto fw-bold rounded-pill btn btn-orange\" aria-label=\"Scarica l&#039;app Bonuskong\" >Scarica l&#039;app Bonuskong<\/button><\/div><div class=\"scrollable-content-wrap my-5\"><div class=\"scrollable-content-inner\"><h2>App Bonuskong \u2013 iOS<\/h2>\n<p>Pi\u00f9 della met\u00e0 dei nostri utenti iOS preferisce giocare mentre \u00e8 in movimento. Con Bonuskong Casino, questo \u00e8 possibile e molto comodo. La prima opzione \u00e8 quella di utilizzare la versione mobile del browser. Per farlo, basta visitare il nostro sito web ufficiale su Safari o Google Chrome. Il sito web Bonuskong si adatter\u00e0 alle dimensioni dello schermo e alle preferenze dell&#8217;utente.<\/p>\n<p>Un&#8217;altra opzione per gli utenti iOS \u00e8 l&#8217;app Bonuskong. L&#8217;abbiamo sviluppata utilizzando tecniche avanzate di controllo touch, consentendo agli utenti di accedere a tutti i loro giochi preferiti e ad altre funzionalit\u00e0 senza interruzioni. Il nostro casin\u00f2 mobile \u00e8 completamente sicuro. Utilizziamo l&#8217;innovativa crittografia 1.3 TLS per proteggere le tue informazioni personali e finanziarie.<\/p>\n<p>Il processo di installazione \u00e8 semplice e intuitivo, anche per i principianti. Se utilizzi Safari, basta cliccare sul pulsante &#8220;Condividi&#8221; e selezionare &#8220;Aggiungi alla schermata iniziale&#8221;. In pochi secondi, l&#8217;icona di Bonus Kong Casino apparir\u00e0 sulla tua schermata principale. I giocatori possono spostarla e posizionarla in qualsiasi punto dello schermo.<\/p>\n<p><img loading=\"lazy\" decoding=\"async\" src=\"https:\/\/bonuskongcasino.net\/wp-content\/uploads\/2026\/02\/Bonuskong-iOS.webp\" alt=\"Bonuskong iOS\" width=\"1248\" height=\"536\" \/><\/p>\n<\/div><\/div><div style=\"clear: both\"><\/div><div class=\"d-flex justify-content-center\"><button data-item=\"decouvrez_link\" data-group=\"website_links\" class=\"goto fw-bold rounded-pill btn btn-orange\" aria-label=\"Scarica Bonuskong\" >Scarica Bonuskong<\/button><\/div><div class=\"scrollable-content-wrap my-5\"><div class=\"scrollable-content-inner\"><h2>Bonus Kong Casino \u2013 Versione desktop<\/h2>\n<p>Se preferisci un gioco pi\u00f9 classico su PC o laptop, anche questo non \u00e8 un problema con Bonuskong. Puoi accedere al nostro sito web con qualsiasi browser preferisci. La piattaforma \u00e8 ottimizzata per tutte le dimensioni dello schermo. Non limitiamo il modo in cui giochi. Gli utenti possono facilmente utilizzare i loro smartphone in movimento e passare al PC a casa. Dopo aver effettuato l&#8217;accesso, tutte le tue preferenze saranno sincronizzate tra i dispositivi.<\/p>\n<p>Per un accesso pi\u00f9 rapido, puoi sempre installare l&#8217;icona di collegamento. Ci\u00f2 ti consentir\u00e0 di aprire la nostra piattaforma Bonuskong Casino con un solo clic senza visitare il browser. Se riscontri problemi nell&#8217;utilizzo del sito web o dell&#8217;app su PC o dispositivo mobile, puoi sempre contattare il nostro team di assistenza tramite live chat o e-mail.<\/p>\n<h3>Sicurezza e correttezza<\/h3>\n<p>Indipendentemente dalla piattaforma o dal dispositivo che utilizzi, daremo la priorit\u00e0 alla tua sicurezza. Nel software mobile, crittografiamo e tokenizziamo tutti i tuoi dati di pagamento. Inoltre, su Bonuskong utilizziamo uno scambio di chiavi RSA-2048+ sicuro. Per garantire il fair play, tutti i nostri titoli hanno RNG certificati.<\/p>\n<p>Inoltre, chiediamo a tutti i nostri utenti desktop e mobili di completare un semplice processo di verifica. Se desideri rendere il tuo profilo pi\u00f9 sicuro, puoi sempre abilitare l&#8217;autenticazione a due fattori.<\/p>\n<p><img loading=\"lazy\" decoding=\"async\" src=\"https:\/\/bonuskongcasino.net\/wp-content\/uploads\/2026\/02\/Bonuskong-Desktop.webp\" alt=\"Bonuskong Desktop\" width=\"1248\" height=\"536\" \/><\/p>\n<\/div><\/div><div style=\"clear: both\"><\/div><div class=\"d-flex justify-content-center\"><button data-item=\"decouvrez_link\" data-group=\"website_links\" class=\"goto fw-bold rounded-pill btn btn-orange\" aria-label=\"Scarica l&#039;app Bonuskong\" >Scarica l&#039;app Bonuskong<\/button><\/div><div class=\"scrollable-content-wrap my-5\"><div class=\"scrollable-content-inner\"><h2>Domande frequenti<\/h2>\n<h3>L&#8217;app Bonuskong Casino \u00e8 ottimizzata per tablet e schermi pi\u00f9 grandi?<\/h3>\n<p>L&#8217;app Bonuskong Casino \u00e8 ottimizzata per tutti i tablet e i dispositivi con schermi pi\u00f9 grandi. Utilizziamo speciali funzionalit\u00e0 di controllo touch, scorrimento e scorrimento rapido in modo che tu possa goderti i processi su qualsiasi dispositivo.<\/p>\n<h3>Posso passare facilmente dall&#8217;app alla versione desktop?<\/h3>\n<p>Gli utenti possono scegliere il dispositivo preferito, a seconda della situazione. Dopo aver effettuato l&#8217;accesso al tuo account, il tuo saldo, le tue preferenze e i tuoi risultati vengono sincronizzati. L&#8217;importante \u00e8 non utilizzare pi\u00f9 dispositivi contemporaneamente.<\/p>\n<h3>Tutti i giochi Bonus Kong sono disponibili nell&#8217;app?<\/h3>\n<p>L&#8217;intera collezione di titoli \u00e8 disponibile nell&#8217;app Bonuskong. Troverai slot popolari, opzioni di casin\u00f2 dal vivo, giochi da tavolo e giochi a vincita immediata. I nostri fornitori di software li sviluppano in modo che siano ottimizzati per tutti i dispositivi mobili moderni.<\/p>\n<\/div><\/div><\/p>\n","protected":false},"excerpt":{"rendered":"<p>Applicazione Bonuskong \u00c8 difficile immaginare il mondo moderno senza smartphone e la possibilit\u00e0 di utilizzare tutte le tue fonti preferite su un dispositivo mobile. Ecco perch\u00e9 offriamo a tutti i nostri clienti italiani la Bonuskong App. \u00c8 disponibile su tutti i dispositivi Android e iOS. Puoi installarla facilmente direttamente dal nostro sito web. Nel software [&hellip;]<\/p>\n","protected":false},"author":9,"featured_media":0,"parent":0,"menu_order":0,"comment_status":"closed","ping_status":"closed","template":"template-builder.php","meta":{"_acf_changed":false,"inline_featured_image":false,"footnotes":""},"class_list":["post-1418","page","type-page","status-publish","hentry"],"acf":[],"yoast_head":"<!-- This site is optimized with the Yoast SEO plugin v24.4 - https:\/\/yoast.com\/wordpress\/plugins\/seo\/ -->\n<title>Bonuskong Login \u2013 Accesso Sicuro al Conto Casin\u00f2<\/title>\n<meta name=\"description\" content=\"Bonuskong Login \u2013 accedi in sicurezza al tuo conto casin\u00f2 con protezione avanzata e verifica rapida. Gestisci password, profilo e impostazioni account su Bonus Kong.\" \/>\n<meta name=\"robots\" content=\"index, follow, max-snippet:-1, max-image-preview:large, max-video-preview:-1\" \/>\n<link rel=\"canonical\" href=\"https:\/\/bonuskongcasino.net\/it\/applicazione\/\" \/>\n<meta property=\"og:locale\" content=\"it_IT\" \/>\n<meta property=\"og:type\" content=\"article\" \/>\n<meta property=\"og:title\" content=\"Bonuskong Login \u2013 Accesso Sicuro al Conto Casin\u00f2\" \/>\n<meta property=\"og:description\" content=\"Bonuskong Login \u2013 accedi in sicurezza al tuo conto casin\u00f2 con protezione avanzata e verifica rapida. Gestisci password, profilo e impostazioni account su Bonus Kong.\" \/>\n<meta property=\"og:url\" content=\"https:\/\/bonuskongcasino.net\/it\/applicazione\/\" \/>\n<meta property=\"og:site_name\" content=\"bonuskong\" \/>\n<meta property=\"article:modified_time\" content=\"2026-02-12T09:36:36+00:00\" \/>\n<meta name=\"twitter:card\" content=\"summary_large_image\" \/>\n<meta name=\"twitter:label1\" content=\"Est. reading time\" \/>\n\t<meta name=\"twitter:data1\" content=\"2 minutes\" \/>\n<script type=\"application\/ld+json\" class=\"yoast-schema-graph\">{\"@context\":\"https:\/\/schema.org\",\"@graph\":[{\"@type\":\"WebPage\",\"@id\":\"https:\/\/bonuskongcasino.net\/it\/applicazione\/\",\"url\":\"https:\/\/bonuskongcasino.net\/it\/applicazione\/\",\"name\":\"Bonuskong Login \u2013 Accesso Sicuro al Conto Casin\u00f2\",\"isPartOf\":{\"@id\":\"https:\/\/bonuskongcasino.net\/it\/#website\"},\"datePublished\":\"2026-02-12T06:26:05+00:00\",\"dateModified\":\"2026-02-12T09:36:36+00:00\",\"description\":\"Bonuskong Login \u2013 accedi in sicurezza al tuo conto casin\u00f2 con protezione avanzata e verifica rapida. Gestisci password, profilo e impostazioni account su Bonus Kong.\",\"breadcrumb\":{\"@id\":\"https:\/\/bonuskongcasino.net\/it\/applicazione\/#breadcrumb\"},\"inLanguage\":\"it-IT\",\"potentialAction\":[{\"@type\":\"ReadAction\",\"target\":[\"https:\/\/bonuskongcasino.net\/it\/applicazione\/\"]}]},{\"@type\":\"BreadcrumbList\",\"@id\":\"https:\/\/bonuskongcasino.net\/it\/applicazione\/#breadcrumb\",\"itemListElement\":[{\"@type\":\"ListItem\",\"position\":1,\"name\":\"Bonuskong\",\"item\":\"https:\/\/bonuskongcasino.net\/it\/\"},{\"@type\":\"ListItem\",\"position\":2,\"name\":\"Applicazione\"}]},{\"@type\":\"WebSite\",\"@id\":\"https:\/\/bonuskongcasino.net\/it\/#website\",\"url\":\"https:\/\/bonuskongcasino.net\/it\/\",\"name\":\"Bonuskong\",\"description\":\"\",\"publisher\":{\"@id\":\"https:\/\/bonuskongcasino.net\/it\/#organization\"},\"potentialAction\":[{\"@type\":\"SearchAction\",\"target\":{\"@type\":\"EntryPoint\",\"urlTemplate\":\"https:\/\/bonuskongcasino.net\/it\/?s={search_term_string}\"},\"query-input\":{\"@type\":\"PropertyValueSpecification\",\"valueRequired\":true,\"valueName\":\"search_term_string\"}}],\"inLanguage\":\"it-IT\"},{\"@type\":\"Organization\",\"@id\":\"https:\/\/bonuskongcasino.net\/it\/#organization\",\"name\":\"Bonuskong\",\"url\":\"https:\/\/bonuskongcasino.net\/it\/\",\"logo\":{\"@type\":\"ImageObject\",\"inLanguage\":\"it-IT\",\"@id\":\"https:\/\/bonuskongcasino.net\/it\/#\/schema\/logo\/image\/\",\"url\":\"https:\/\/bonuskongcasino.net\/wp-content\/uploads\/2026\/02\/Bonuskong-logo.png\",\"contentUrl\":\"https:\/\/bonuskongcasino.net\/wp-content\/uploads\/2026\/02\/Bonuskong-logo.png\",\"width\":60,\"height\":24,\"caption\":\"Bonuskong\"},\"image\":{\"@id\":\"https:\/\/bonuskongcasino.net\/it\/#\/schema\/logo\/image\/\"}}]}<\/script>\n<!-- \/ Yoast SEO plugin. -->","yoast_head_json":{"title":"Bonuskong Login \u2013 Accesso Sicuro al Conto Casin\u00f2","description":"Bonuskong Login \u2013 accedi in sicurezza al tuo conto casin\u00f2 con protezione avanzata e verifica rapida. Gestisci password, profilo e impostazioni account su Bonus Kong.","robots":{"index":"index","follow":"follow","max-snippet":"max-snippet:-1","max-image-preview":"max-image-preview:large","max-video-preview":"max-video-preview:-1"},"canonical":"https:\/\/bonuskongcasino.net\/it\/applicazione\/","og_locale":"it_IT","og_type":"article","og_title":"Bonuskong Login \u2013 Accesso Sicuro al Conto Casin\u00f2","og_description":"Bonuskong Login \u2013 accedi in sicurezza al tuo conto casin\u00f2 con protezione avanzata e verifica rapida. Gestisci password, profilo e impostazioni account su Bonus Kong.","og_url":"https:\/\/bonuskongcasino.net\/it\/applicazione\/","og_site_name":"bonuskong","article_modified_time":"2026-02-12T09:36:36+00:00","twitter_card":"summary_large_image","twitter_misc":{"Est. reading time":"2 minutes"},"schema":{"@context":"https:\/\/schema.org","@graph":[{"@type":"WebPage","@id":"https:\/\/bonuskongcasino.net\/it\/applicazione\/","url":"https:\/\/bonuskongcasino.net\/it\/applicazione\/","name":"Bonuskong Login \u2013 Accesso Sicuro al Conto Casin\u00f2","isPartOf":{"@id":"https:\/\/bonuskongcasino.net\/it\/#website"},"datePublished":"2026-02-12T06:26:05+00:00","dateModified":"2026-02-12T09:36:36+00:00","description":"Bonuskong Login \u2013 accedi in sicurezza al tuo conto casin\u00f2 con protezione avanzata e verifica rapida. Gestisci password, profilo e impostazioni account su Bonus Kong.","breadcrumb":{"@id":"https:\/\/bonuskongcasino.net\/it\/applicazione\/#breadcrumb"},"inLanguage":"it-IT","potentialAction":[{"@type":"ReadAction","target":["https:\/\/bonuskongcasino.net\/it\/applicazione\/"]}]},{"@type":"BreadcrumbList","@id":"https:\/\/bonuskongcasino.net\/it\/applicazione\/#breadcrumb","itemListElement":[{"@type":"ListItem","position":1,"name":"Bonuskong","item":"https:\/\/bonuskongcasino.net\/it\/"},{"@type":"ListItem","position":2,"name":"Applicazione"}]},{"@type":"WebSite","@id":"https:\/\/bonuskongcasino.net\/it\/#website","url":"https:\/\/bonuskongcasino.net\/it\/","name":"Bonuskong","description":"","publisher":{"@id":"https:\/\/bonuskongcasino.net\/it\/#organization"},"potentialAction":[{"@type":"SearchAction","target":{"@type":"EntryPoint","urlTemplate":"https:\/\/bonuskongcasino.net\/it\/?s={search_term_string}"},"query-input":{"@type":"PropertyValueSpecification","valueRequired":true,"valueName":"search_term_string"}}],"inLanguage":"it-IT"},{"@type":"Organization","@id":"https:\/\/bonuskongcasino.net\/it\/#organization","name":"Bonuskong","url":"https:\/\/bonuskongcasino.net\/it\/","logo":{"@type":"ImageObject","inLanguage":"it-IT","@id":"https:\/\/bonuskongcasino.net\/it\/#\/schema\/logo\/image\/","url":"https:\/\/bonuskongcasino.net\/wp-content\/uploads\/2026\/02\/Bonuskong-logo.png","contentUrl":"https:\/\/bonuskongcasino.net\/wp-content\/uploads\/2026\/02\/Bonuskong-logo.png","width":60,"height":24,"caption":"Bonuskong"},"image":{"@id":"https:\/\/bonuskongcasino.net\/it\/#\/schema\/logo\/image\/"}}]}},"_links":{"self":[{"href":"https:\/\/bonuskongcasino.net\/it\/wp-json\/wp\/v2\/pages\/1418"}],"collection":[{"href":"https:\/\/bonuskongcasino.net\/it\/wp-json\/wp\/v2\/pages"}],"about":[{"href":"https:\/\/bonuskongcasino.net\/it\/wp-json\/wp\/v2\/types\/page"}],"author":[{"embeddable":true,"href":"https:\/\/bonuskongcasino.net\/it\/wp-json\/wp\/v2\/users\/9"}],"replies":[{"embeddable":true,"href":"https:\/\/bonuskongcasino.net\/it\/wp-json\/wp\/v2\/comments?post=1418"}],"version-history":[{"count":2,"href":"https:\/\/bonuskongcasino.net\/it\/wp-json\/wp\/v2\/pages\/1418\/revisions"}],"predecessor-version":[{"id":1717,"href":"https:\/\/bonuskongcasino.net\/it\/wp-json\/wp\/v2\/pages\/1418\/revisions\/1717"}],"wp:attachment":[{"href":"https:\/\/bonuskongcasino.net\/it\/wp-json\/wp\/v2\/media?parent=1418"}],"curies":[{"name":"wp","href":"https:\/\/api.w.org\/{rel}","templated":true}]}}