{"id":1455,"date":"2026-02-12T06:31:52","date_gmt":"2026-02-12T06:31:52","guid":{"rendered":"https:\/\/bonuskongcasino.net\/login-and-registration\/"},"modified":"2026-02-12T07:50:44","modified_gmt":"2026-02-12T07:50:44","slug":"connexion-et-inscription","status":"publish","type":"page","link":"https:\/\/bonuskongcasino.net\/fr\/connexion-et-inscription\/","title":{"rendered":"Connexion et inscription"},"content":{"rendered":"<h1>Connexion et inscription \u00e0 Bonuskong<\/h1>\n<p>Bonuskong login est la seule \u00e9tape qui s\u00e9pare les utilisateurs du jeu en argent r\u00e9el. Nous ne demandons que les informations essentielles, telles que l&rsquo;adresse e-mail et le mot de passe. L&rsquo;inscription \u00e0 Bonuskong Casino est ouverte \u00e0 toute personne \u00e2g\u00e9e de 18 ans ou plus. Le processus ne prend pas beaucoup de temps et peut \u00eatre effectu\u00e9 en quelques minutes.<\/p>\n<p><div class=\"banner-wrap\" aria-label=\"Banner\"><img src=\"https:\/\/bonuskongcasino.net\/wp-content\/uploads\/2026\/02\/bonuskong-desktop-banner.webp\" class=\"w-100 d-none d-lg-block img-pc main-banner-img\" alt=\"Bonuskong desktop banner\" fetchpriority=\"high\" decoding=\"async\"><img src=\"https:\/\/bonuskongcasino.net\/wp-content\/uploads\/2026\/02\/bonuskong-mobile.webp\" class=\"w-100 d-none d-md-block d-lg-none main-banner-img\" alt=\"Bonuskong banner mobile\" fetchpriority=\"high\" decoding=\"async\"><img src=\"https:\/\/bonuskongcasino.net\/wp-content\/uploads\/2026\/02\/bonuskong-mobile.webp\" class=\"w-100 d-md-none\" alt=\"Bonuskong banner mobile\" fetchpriority=\"high\" decoding=\"async\"><div class=\"banner-description\">\n<div class=\"banner-title\">Bonus de bienvenue<\/div>\n<p class=\"banner-header-title\">\u20ac1,500<\/p>\n<div class=\"banner-header-AdditionalText\">+ 250 Tours gratuits<\/div>\n<button data-item=\"homepage_banner_link\" class=\"goto m-button m-gradient-border m-button--primary m-button--large banner-button btn-orange\">\n            <div class=\"m-button-content\">\n                <span>Inscrivez-vous d\u00e8s maintenant<\/span>\n                <span><\/span>\n            <\/div>\n        <\/button>\n<\/div>\n<div class=\"WelcomePack\">\n<p><img loading=\"lazy\" decoding=\"async\" class=\"alignnone size-full wp-image-1386\" src=\"https:\/\/bonuskongcasino.net\/wp-content\/uploads\/2026\/02\/welcome-crown.png\" alt=\"welcome crown\" width=\"25\" height=\"26\" \/><\/p>\n<div class=\"WelcomePack-Info\">Cashback hebdomadaire jusqu&rsquo;\u00e0 25 %<\/div>\n<p><img loading=\"lazy\" decoding=\"async\" class=\"alignnone size-full wp-image-1386\" src=\"https:\/\/bonuskongcasino.net\/wp-content\/uploads\/2026\/02\/welcome-crown.png\" alt=\"welcome crown\" width=\"25\" height=\"26\" \/><\/p>\n<\/div>\n<\/div><div class=\"scrollable-content-wrap my-5\"><div class=\"scrollable-content-inner\"><h2>Processus d&rsquo;inscription \u00e0 Bonuskong<\/h2>\n<p>Tous les nouveaux utilisateurs qui visitent notre plateforme pour la premi\u00e8re fois doivent envisager le processus d&rsquo;inscription \u00e0 Bonus Kong. Nous vous recommandons vivement de cr\u00e9er un compte, car il offre de nombreuses fonctionnalit\u00e9s et avantages. Tout d&rsquo;abord, apr\u00e8s leur inscription, tous les nouveaux joueurs re\u00e7oivent un pack de bienvenue pouvant atteindre 1 500 \u20ac + 250 tours gratuits.<\/p>\n<p>Seuls les utilisateurs inscrits peuvent effectuer des d\u00e9p\u00f4ts, jouer avec de l&rsquo;argent r\u00e9el et retirer leurs gains. Vous aurez acc\u00e8s \u00e0 une collection de jeux comprenant plus de 6 000 options dans diff\u00e9rentes cat\u00e9gories et genres. En outre, vous pourrez profiter des g\u00e9n\u00e9reux bonus du casino Bonuskong.<\/p>\n<h3>Cr\u00e9er un compte<\/h3>\n<p>Le processus d&rsquo;inscription sur Bonuskong est accessible \u00e0 tous les utilisateurs \u00e2g\u00e9s de 18 ans ou plus. Chaque joueur ne peut avoir qu&rsquo;un seul compte sur notre plateforme. C&rsquo;est pourquoi, si vous jouez sur diff\u00e9rents appareils, utilisez le m\u00eame compte. Si vous \u00eates pr\u00eat \u00e0 acc\u00e9der \u00e0 toutes les fonctionnalit\u00e9s int\u00e9ressantes de notre casino en ligne, suivez les instructions d&rsquo;inscription ci-dessous :<\/p>\n<ol>\n<li>Les utilisateurs doivent se rendre sur notre site web \u00e0 partir de n&rsquo;importe quel appareil et dans n&rsquo;importe quel navigateur.<\/li>\n<li>Pour lancer le processus, vous devez cliquer sur le bouton \u00ab S&rsquo;inscrire \u00bb.<\/li>\n<li>Saisissez les informations requises : adresse e-mail, mot de passe et code promotionnel (si vous en avez un).<\/li>\n<li>Cochez les cases pour confirmer que vous avez 18 ans ou plus et que vous acceptez nos conditions g\u00e9n\u00e9rales.<\/li>\n<li>Apr\u00e8s avoir v\u00e9rifi\u00e9 les informations, vous devez cliquer sur \u00ab S&rsquo;inscrire \u00bb \u00e0 la fin du formulaire.<\/li>\n<\/ol>\n<h2>Connexion au compte Bonuskong<\/h2>\n<p>Le processus de connexion \u00e0 Bonus Kong est accessible \u00e0 tous ceux qui poss\u00e8dent d\u00e9j\u00e0 un compte sur notre plateforme. Vous devrez alors nous fournir les informations que vous avez utilis\u00e9es lors de votre inscription : votre adresse e-mail et votre mot de passe. Pour prot\u00e9ger votre profil \u00e0 l&rsquo;aide de mesures suppl\u00e9mentaires, vous pouvez utiliser l&rsquo;authentification \u00e0 deux facteurs.<\/p>\n<p>Un compte sur Bonuskong Casino vous donne acc\u00e8s non seulement aux fonctionnalit\u00e9s int\u00e9ressantes de la plateforme, mais aussi \u00e0 certains outils et param\u00e8tres de compte importants qui rendront votre exp\u00e9rience plus agr\u00e9able.<\/p>\n<table>\n<tbody>\n<tr>\n<td>Fonctionnalit\u00e9s du compte<\/td>\n<td>D\u00e9tails<\/td>\n<\/tr>\n<tr>\n<td>Historique des activit\u00e9s<\/td>\n<td>\u00c0 tout moment, les utilisateurs peuvent consulter les informations relatives \u00e0 leur temps pass\u00e9 sur la plateforme, au statut des promotions, aux d\u00e9p\u00f4ts, aux paris et aux retraits.<\/td>\n<\/tr>\n<tr>\n<td>Outils de jeu responsable<\/td>\n<td>Vous avez la possibilit\u00e9 d&rsquo;activer des limites de temps et financi\u00e8res. Si le jeu a un impact n\u00e9gatif sur votre vie, vous pouvez utiliser l&rsquo;option d&rsquo;auto-exclusion.<\/td>\n<\/tr>\n<tr>\n<td>Gestion du compte<\/td>\n<td>Les joueurs peuvent modifier et mettre \u00e0 jour leurs informations personnelles et financi\u00e8res.<\/td>\n<\/tr>\n<tr>\n<td>Programme d&rsquo;affiliation<\/td>\n<td>Les utilisateurs trouveront leur lien personnel qu&rsquo;ils peuvent partager avec leurs amis et leur famille. Pour chaque nouveau client inscrit via votre lien, vous recevrez des r\u00e9compenses suppl\u00e9mentaires.<\/td>\n<\/tr>\n<\/tbody>\n<\/table>\n<h3>V\u00e9rification du casino Bonuskong<\/h3>\n<p>Avant d&rsquo;effectuer votre premier retrait, vous devez suivre une proc\u00e9dure de v\u00e9rification simple. Cela fait partie de notre politique de s\u00e9curit\u00e9. Nous devons confirmer votre \u00e2ge, la propri\u00e9t\u00e9 de votre compte de paiement et votre adresse personnelle. Apr\u00e8s cela, les proc\u00e9dures de connexion et de retrait sur Bonuskong peuvent \u00eatre effectu\u00e9es sans d\u00e9lai.<\/p>\n<p>Le processus exige que tous les utilisateurs t\u00e9l\u00e9chargent des photos de leurs documents personnels dans le syst\u00e8me. Nos responsables examineront tout dans un d\u00e9lai de 48 heures. Apr\u00e8s cela, le statut de v\u00e9rification de votre compte Bonus Kong Casino sera mis \u00e0 jour.<\/p>\n<h2>Acc\u00e8s au compte<\/h2>\n<p>Les utilisateurs peuvent acc\u00e9der \u00e0 leur compte \u00e0 partir d&rsquo;un PC, d&rsquo;un ordinateur portable, d&rsquo;un smartphone ou d&rsquo;une tablette. Les appareils mobiles peuvent fonctionner sous Android ou iOS. Bonuskong Casino est disponible sur tous les navigateurs modernes, tels que Safari, Google Chrome ou Firefox.<\/p>\n<p>Si vous avez oubli\u00e9 votre mot de passe, ce n&rsquo;est pas un probl\u00e8me. Il vous suffit de cliquer sur le lien \u00ab Mot de passe oubli\u00e9 ? \u00bb sur la page de connexion de Bonuskong. Les joueurs doivent fournir leur adresse e-mail afin que nous puissions leur envoyer un lien sp\u00e9cial de r\u00e9initialisation. Il vous suffit ensuite de cr\u00e9er un nouveau mot de passe et de l&rsquo;utiliser lors de votre prochaine connexion.<\/p>\n<h2>FAQ<\/h2>\n<h3>Que dois-je faire si j&rsquo;oublie mon nom d&rsquo;utilisateur ou mon adresse e-mail ?<\/h3>\n<p>Si vous oubliez votre mot de passe, nous disposons d&rsquo;une fonctionnalit\u00e9 de r\u00e9cup\u00e9ration sp\u00e9ciale sur la page de connexion Bonuskong. Si vous ne vous souvenez pas de votre adresse e-mail, veuillez contacter notre \u00e9quipe d&rsquo;assistance multilingue. Elle v\u00e9rifiera votre identit\u00e9 et vous aidera \u00e0 acc\u00e9der \u00e0 votre compte.<\/p>\n<h3>Comment puis-je v\u00e9rifier mon identit\u00e9 apr\u00e8s des probl\u00e8mes de connexion ?<\/h3>\n<p>Nous vous enverrons un e-mail contenant un lien de confirmation. Si cela ne suffit pas, notre \u00e9quipe Bonus Kong vous demandera de fournir certains de vos documents personnels afin de v\u00e9rifier votre identit\u00e9.<\/p>\n<h3>Que dois-je faire si mon compte a \u00e9t\u00e9 temporairement bloqu\u00e9 ?<\/h3>\n<p>Lorsque nous d\u00e9cidons de bloquer ou de suspendre un compte, l&rsquo;utilisateur re\u00e7oit un e-mail contenant des informations suppl\u00e9mentaires sur son cas particulier. Si vous n&rsquo;avez rien re\u00e7u, veuillez contacter l&rsquo;\u00e9quipe d&rsquo;assistance par chat en direct ou par e-mail.<\/p>\n<\/div><\/div><\/p>\n","protected":false},"excerpt":{"rendered":"<p>Connexion et inscription \u00e0 Bonuskong Bonuskong login est la seule \u00e9tape qui s\u00e9pare les utilisateurs du jeu en argent r\u00e9el. Nous ne demandons que les informations essentielles, telles que l&rsquo;adresse e-mail et le mot de passe. L&rsquo;inscription \u00e0 Bonuskong Casino est ouverte \u00e0 toute personne \u00e2g\u00e9e de 18 ans ou plus. Le processus ne prend [&hellip;]<\/p>\n","protected":false},"author":9,"featured_media":0,"parent":0,"menu_order":0,"comment_status":"closed","ping_status":"closed","template":"template-builder.php","meta":{"_acf_changed":false,"inline_featured_image":false,"footnotes":""},"class_list":["post-1455","page","type-page","status-publish","hentry"],"acf":[],"yoast_head":"<!-- This site is optimized with the Yoast SEO plugin v24.4 - https:\/\/yoast.com\/wordpress\/plugins\/seo\/ -->\n<title>Bonuskong Login &amp; Inscription | Acc\u00e8s S\u00e9curis\u00e9<\/title>\n<meta name=\"description\" content=\"Bonuskong Login \u2013 connectez-vous en toute s\u00e9curit\u00e9 ou cr\u00e9ez un compte prot\u00e9g\u00e9. G\u00e9rez v\u00e9rification, mot de passe et param\u00e8tres de profil sur Bonus Kong.\" \/>\n<meta name=\"robots\" content=\"index, follow, max-snippet:-1, max-image-preview:large, max-video-preview:-1\" \/>\n<link rel=\"canonical\" href=\"https:\/\/bonuskongcasino.net\/fr\/connexion-et-inscription\/\" \/>\n<meta property=\"og:locale\" content=\"fr_FR\" \/>\n<meta property=\"og:type\" content=\"article\" \/>\n<meta property=\"og:title\" content=\"Bonuskong Login &amp; Inscription | Acc\u00e8s S\u00e9curis\u00e9\" \/>\n<meta property=\"og:description\" content=\"Bonuskong Login \u2013 connectez-vous en toute s\u00e9curit\u00e9 ou cr\u00e9ez un compte prot\u00e9g\u00e9. G\u00e9rez v\u00e9rification, mot de passe et param\u00e8tres de profil sur Bonus Kong.\" \/>\n<meta property=\"og:url\" content=\"https:\/\/bonuskongcasino.net\/fr\/connexion-et-inscription\/\" \/>\n<meta property=\"og:site_name\" content=\"bonuskong\" \/>\n<meta property=\"article:modified_time\" content=\"2026-02-12T07:50:44+00:00\" \/>\n<meta name=\"twitter:card\" content=\"summary_large_image\" \/>\n<meta name=\"twitter:label1\" content=\"Dur\u00e9e de lecture estim\u00e9e\" \/>\n\t<meta name=\"twitter:data1\" content=\"1 minute\" \/>\n<script type=\"application\/ld+json\" class=\"yoast-schema-graph\">{\"@context\":\"https:\/\/schema.org\",\"@graph\":[{\"@type\":\"WebPage\",\"@id\":\"https:\/\/bonuskongcasino.net\/fr\/connexion-et-inscription\/\",\"url\":\"https:\/\/bonuskongcasino.net\/fr\/connexion-et-inscription\/\",\"name\":\"Bonuskong Login & Inscription | Acc\u00e8s S\u00e9curis\u00e9\",\"isPartOf\":{\"@id\":\"https:\/\/bonuskongcasino.net\/fr\/#website\"},\"datePublished\":\"2026-02-12T06:31:52+00:00\",\"dateModified\":\"2026-02-12T07:50:44+00:00\",\"description\":\"Bonuskong Login \u2013 connectez-vous en toute s\u00e9curit\u00e9 ou cr\u00e9ez un compte prot\u00e9g\u00e9. G\u00e9rez v\u00e9rification, mot de passe et param\u00e8tres de profil sur Bonus Kong.\",\"breadcrumb\":{\"@id\":\"https:\/\/bonuskongcasino.net\/fr\/connexion-et-inscription\/#breadcrumb\"},\"inLanguage\":\"fr-FR\",\"potentialAction\":[{\"@type\":\"ReadAction\",\"target\":[\"https:\/\/bonuskongcasino.net\/fr\/connexion-et-inscription\/\"]}]},{\"@type\":\"BreadcrumbList\",\"@id\":\"https:\/\/bonuskongcasino.net\/fr\/connexion-et-inscription\/#breadcrumb\",\"itemListElement\":[{\"@type\":\"ListItem\",\"position\":1,\"name\":\"Bonuskong\",\"item\":\"https:\/\/bonuskongcasino.net\/fr\/\"},{\"@type\":\"ListItem\",\"position\":2,\"name\":\"Connexion et inscription\"}]},{\"@type\":\"WebSite\",\"@id\":\"https:\/\/bonuskongcasino.net\/fr\/#website\",\"url\":\"https:\/\/bonuskongcasino.net\/fr\/\",\"name\":\"Bonuskong\",\"description\":\"\",\"publisher\":{\"@id\":\"https:\/\/bonuskongcasino.net\/fr\/#organization\"},\"potentialAction\":[{\"@type\":\"SearchAction\",\"target\":{\"@type\":\"EntryPoint\",\"urlTemplate\":\"https:\/\/bonuskongcasino.net\/fr\/?s={search_term_string}\"},\"query-input\":{\"@type\":\"PropertyValueSpecification\",\"valueRequired\":true,\"valueName\":\"search_term_string\"}}],\"inLanguage\":\"fr-FR\"},{\"@type\":\"Organization\",\"@id\":\"https:\/\/bonuskongcasino.net\/fr\/#organization\",\"name\":\"Bonuskong\",\"url\":\"https:\/\/bonuskongcasino.net\/fr\/\",\"logo\":{\"@type\":\"ImageObject\",\"inLanguage\":\"fr-FR\",\"@id\":\"https:\/\/bonuskongcasino.net\/fr\/#\/schema\/logo\/image\/\",\"url\":\"https:\/\/bonuskongcasino.net\/wp-content\/uploads\/2026\/02\/Bonuskong-logo.png\",\"contentUrl\":\"https:\/\/bonuskongcasino.net\/wp-content\/uploads\/2026\/02\/Bonuskong-logo.png\",\"width\":60,\"height\":24,\"caption\":\"Bonuskong\"},\"image\":{\"@id\":\"https:\/\/bonuskongcasino.net\/fr\/#\/schema\/logo\/image\/\"}}]}<\/script>\n<!-- \/ Yoast SEO plugin. -->","yoast_head_json":{"title":"Bonuskong Login & Inscription | Acc\u00e8s S\u00e9curis\u00e9","description":"Bonuskong Login \u2013 connectez-vous en toute s\u00e9curit\u00e9 ou cr\u00e9ez un compte prot\u00e9g\u00e9. G\u00e9rez v\u00e9rification, mot de passe et param\u00e8tres de profil sur Bonus Kong.","robots":{"index":"index","follow":"follow","max-snippet":"max-snippet:-1","max-image-preview":"max-image-preview:large","max-video-preview":"max-video-preview:-1"},"canonical":"https:\/\/bonuskongcasino.net\/fr\/connexion-et-inscription\/","og_locale":"fr_FR","og_type":"article","og_title":"Bonuskong Login & Inscription | Acc\u00e8s S\u00e9curis\u00e9","og_description":"Bonuskong Login \u2013 connectez-vous en toute s\u00e9curit\u00e9 ou cr\u00e9ez un compte prot\u00e9g\u00e9. G\u00e9rez v\u00e9rification, mot de passe et param\u00e8tres de profil sur Bonus Kong.","og_url":"https:\/\/bonuskongcasino.net\/fr\/connexion-et-inscription\/","og_site_name":"bonuskong","article_modified_time":"2026-02-12T07:50:44+00:00","twitter_card":"summary_large_image","twitter_misc":{"Dur\u00e9e de lecture estim\u00e9e":"1 minute"},"schema":{"@context":"https:\/\/schema.org","@graph":[{"@type":"WebPage","@id":"https:\/\/bonuskongcasino.net\/fr\/connexion-et-inscription\/","url":"https:\/\/bonuskongcasino.net\/fr\/connexion-et-inscription\/","name":"Bonuskong Login & Inscription | Acc\u00e8s S\u00e9curis\u00e9","isPartOf":{"@id":"https:\/\/bonuskongcasino.net\/fr\/#website"},"datePublished":"2026-02-12T06:31:52+00:00","dateModified":"2026-02-12T07:50:44+00:00","description":"Bonuskong Login \u2013 connectez-vous en toute s\u00e9curit\u00e9 ou cr\u00e9ez un compte prot\u00e9g\u00e9. G\u00e9rez v\u00e9rification, mot de passe et param\u00e8tres de profil sur Bonus Kong.","breadcrumb":{"@id":"https:\/\/bonuskongcasino.net\/fr\/connexion-et-inscription\/#breadcrumb"},"inLanguage":"fr-FR","potentialAction":[{"@type":"ReadAction","target":["https:\/\/bonuskongcasino.net\/fr\/connexion-et-inscription\/"]}]},{"@type":"BreadcrumbList","@id":"https:\/\/bonuskongcasino.net\/fr\/connexion-et-inscription\/#breadcrumb","itemListElement":[{"@type":"ListItem","position":1,"name":"Bonuskong","item":"https:\/\/bonuskongcasino.net\/fr\/"},{"@type":"ListItem","position":2,"name":"Connexion et inscription"}]},{"@type":"WebSite","@id":"https:\/\/bonuskongcasino.net\/fr\/#website","url":"https:\/\/bonuskongcasino.net\/fr\/","name":"Bonuskong","description":"","publisher":{"@id":"https:\/\/bonuskongcasino.net\/fr\/#organization"},"potentialAction":[{"@type":"SearchAction","target":{"@type":"EntryPoint","urlTemplate":"https:\/\/bonuskongcasino.net\/fr\/?s={search_term_string}"},"query-input":{"@type":"PropertyValueSpecification","valueRequired":true,"valueName":"search_term_string"}}],"inLanguage":"fr-FR"},{"@type":"Organization","@id":"https:\/\/bonuskongcasino.net\/fr\/#organization","name":"Bonuskong","url":"https:\/\/bonuskongcasino.net\/fr\/","logo":{"@type":"ImageObject","inLanguage":"fr-FR","@id":"https:\/\/bonuskongcasino.net\/fr\/#\/schema\/logo\/image\/","url":"https:\/\/bonuskongcasino.net\/wp-content\/uploads\/2026\/02\/Bonuskong-logo.png","contentUrl":"https:\/\/bonuskongcasino.net\/wp-content\/uploads\/2026\/02\/Bonuskong-logo.png","width":60,"height":24,"caption":"Bonuskong"},"image":{"@id":"https:\/\/bonuskongcasino.net\/fr\/#\/schema\/logo\/image\/"}}]}},"_links":{"self":[{"href":"https:\/\/bonuskongcasino.net\/fr\/wp-json\/wp\/v2\/pages\/1455"}],"collection":[{"href":"https:\/\/bonuskongcasino.net\/fr\/wp-json\/wp\/v2\/pages"}],"about":[{"href":"https:\/\/bonuskongcasino.net\/fr\/wp-json\/wp\/v2\/types\/page"}],"author":[{"embeddable":true,"href":"https:\/\/bonuskongcasino.net\/fr\/wp-json\/wp\/v2\/users\/9"}],"replies":[{"embeddable":true,"href":"https:\/\/bonuskongcasino.net\/fr\/wp-json\/wp\/v2\/comments?post=1455"}],"version-history":[{"count":2,"href":"https:\/\/bonuskongcasino.net\/fr\/wp-json\/wp\/v2\/pages\/1455\/revisions"}],"predecessor-version":[{"id":1564,"href":"https:\/\/bonuskongcasino.net\/fr\/wp-json\/wp\/v2\/pages\/1455\/revisions\/1564"}],"wp:attachment":[{"href":"https:\/\/bonuskongcasino.net\/fr\/wp-json\/wp\/v2\/media?parent=1455"}],"curies":[{"name":"wp","href":"https:\/\/api.w.org\/{rel}","templated":true}]}}