{"id":1413,"date":"2026-02-12T06:26:05","date_gmt":"2026-02-12T06:26:05","guid":{"rendered":"https:\/\/bonuskongcasino.net\/app\/"},"modified":"2026-02-12T07:49:35","modified_gmt":"2026-02-12T07:49:35","slug":"app","status":"publish","type":"page","link":"https:\/\/bonuskongcasino.net\/fr\/app\/","title":{"rendered":"App"},"content":{"rendered":"<h1>Application Bonuskong<\/h1>\n<p>Il est difficile d&rsquo;imaginer le monde moderne sans smartphones et sans la possibilit\u00e9 d&rsquo;utiliser toutes vos sources pr\u00e9f\u00e9r\u00e9es sur un appareil mobile. C&rsquo;est pourquoi nous proposons \u00e0 tous nos clients Bonuskong App. Elle est disponible sur tous les appareils Android et iOS. Vous pouvez facilement l&rsquo;installer directement depuis notre site web. Dans le logiciel mobile, les utilisateurs trouveront toutes leurs fonctionnalit\u00e9s pr\u00e9f\u00e9r\u00e9es, telles que les titres, les bonus, les paiements et le service client\u00e8le.<\/p>\n<div class=\"banner-wrap\" aria-label=\"Banner\"><img src=\"https:\/\/bonuskongcasino.net\/wp-content\/uploads\/2026\/02\/bonuskong-desktop-banner.webp\" class=\"w-100 d-none d-lg-block img-pc main-banner-img\" alt=\"Bonuskong desktop banner\" fetchpriority=\"high\" decoding=\"async\"><img src=\"https:\/\/bonuskongcasino.net\/wp-content\/uploads\/2026\/02\/bonuskong-mobile.webp\" class=\"w-100 d-none d-md-block d-lg-none main-banner-img\" alt=\"Bonuskong banner mobile\" fetchpriority=\"high\" decoding=\"async\"><img src=\"https:\/\/bonuskongcasino.net\/wp-content\/uploads\/2026\/02\/bonuskong-mobile.webp\" class=\"w-100 d-md-none\" alt=\"Bonuskong banner mobile\" fetchpriority=\"high\" decoding=\"async\"><div class=\"banner-description\">\n<div class=\"banner-title\">Bonus de bienvenue<\/div>\n<p class=\"banner-header-title\">\u20ac1,500<\/p>\n<div class=\"banner-header-AdditionalText\">+ 250 Tours gratuits<\/div>\n<button data-item=\"homepage_banner_link\" class=\"goto m-button m-gradient-border m-button--primary m-button--large banner-button btn-orange\">\n            <div class=\"m-button-content\">\n                <span>Inscrivez-vous d\u00e8s maintenant<\/span>\n                <span><\/span>\n            <\/div>\n        <\/button>\n<\/div>\n<div class=\"WelcomePack\">\n<p><img loading=\"lazy\" decoding=\"async\" class=\"alignnone size-full wp-image-1386\" src=\"https:\/\/bonuskongcasino.net\/wp-content\/uploads\/2026\/02\/welcome-crown.png\" alt=\"welcome crown\" width=\"25\" height=\"26\" \/><\/p>\n<div class=\"WelcomePack-Info\">Cashback hebdomadaire jusqu&rsquo;\u00e0 25 %<\/div>\n<p><img loading=\"lazy\" decoding=\"async\" class=\"alignnone size-full wp-image-1386\" src=\"https:\/\/bonuskongcasino.net\/wp-content\/uploads\/2026\/02\/welcome-crown.png\" alt=\"welcome crown\" width=\"25\" height=\"26\" \/><\/p>\n<\/div>\n<\/div>\n<h2>Fonctionnalit\u00e9s de l&rsquo;app Bonuskong<\/h2>\n<p>Pour la plupart des sites web, il est indispensable de disposer d&rsquo;une version mobile ou d&rsquo;une application d\u00e9di\u00e9e. Cela permet aux utilisateurs de rester en ligne o\u00f9 qu&rsquo;ils se trouvent. Bonuskong Casino propose \u00e0 la fois une version mobile pour navigateur et un logiciel mobile. Vous y trouverez toutes les fonctionnalit\u00e9s disponibles sur PC ou ordinateur portable.<\/p>\n<p>L&rsquo;application Bonus Kong peut \u00eatre install\u00e9e directement depuis notre site web en quelques minutes. Elle est disponible sur tous les appareils Android et iOS modernes, y compris les smartphones et les tablettes. Notre logiciel mobile ne demande que les autorisations essentielles, telles que l&rsquo;acc\u00e8s \u00e0 Internet pour le jeu en temps r\u00e9el et les notifications pour les mises \u00e0 jour importantes du compte ou les promotions. Toutes les interactions sur Bonuskong sont prot\u00e9g\u00e9es par des connexions crypt\u00e9es afin d&#8217;emp\u00eacher tout acc\u00e8s non autoris\u00e9 ou toute interception de donn\u00e9es.<\/p>\n<p>Le tableau ci-dessous montre la diff\u00e9rence entre l&rsquo;utilisation du site web sur un PC et l&rsquo;application Bonuskong sur un appareil mobile.<\/p>\n<table>\n<tbody>\n<tr>\n<td>Fonctionnalit\u00e9<\/td>\n<td>Version navigateur PC<\/td>\n<td>Logiciel mobile<\/td>\n<\/tr>\n<tr>\n<td>Installation<\/td>\n<td>Aucune installation requise.<\/td>\n<td>Installation l\u00e9g\u00e8re sans passer par l&rsquo;App Store ou Google Play.<\/td>\n<\/tr>\n<tr>\n<td>Disposition de l&rsquo;interface<\/td>\n<td>Optimis\u00e9e pour les grands \u00e9crans avec des menus \u00e9tendus et un panneau de navigation complet.<\/td>\n<td>Disposition optimis\u00e9e pour les \u00e9crans tactiles avec des menus simplifi\u00e9s et un d\u00e9filement vertical.<\/td>\n<\/tr>\n<tr>\n<td>Mises \u00e0 jour<\/td>\n<td>Automatiques lorsque le site web est actualis\u00e9.<\/td>\n<td>Mises \u00e0 jour automatiques en arri\u00e8re-plan sans t\u00e9l\u00e9chargement manuel.<\/td>\n<\/tr>\n<tr>\n<td>Notifications<\/td>\n<td>Notifications limit\u00e9es du navigateur.<\/td>\n<td>Notifications push prises en charge (bonus, tournois, alertes).<\/td>\n<\/tr>\n<tr>\n<td>Commodit\u00e9<\/td>\n<td>Id\u00e9al pour les sessions prolong\u00e9es et la navigation multi-onglets.<\/td>\n<td>Acc\u00e8s rapide via l&rsquo;ic\u00f4ne de l&rsquo;\u00e9cran d&rsquo;accueil, con\u00e7u pour jouer en d\u00e9placement.<\/td>\n<\/tr>\n<\/tbody>\n<\/table>\n<p><div class=\"scrollable-content-wrap my-5\"><div class=\"scrollable-content-inner\"><h2>Application Bonuskong pour Android<\/h2>\n<p>Nous vous garantissons que votre exp\u00e9rience de jeu ne fera que s&rsquo;am\u00e9liorer en utilisant notre application pour Android. Vous n&rsquo;avez pas besoin d&rsquo;installer de fichiers APK Bonus Kong ni de cr\u00e9er de compte dans les boutiques d&rsquo;applications. Nous vous proposons une application web progressive (PWA) qui n&rsquo;utilise pas beaucoup de m\u00e9moire sur votre appareil. Le processus est enti\u00e8rement s\u00e9curis\u00e9 et r\u00e9guli\u00e8rement test\u00e9 par notre \u00e9quipe.<\/p>\n<p>Dans l&rsquo;application, vous trouverez toute la collection de jeux avec des milliers de titres, y compris des machines \u00e0 sous en ligne, des jeux de table, des options avec croupier en direct, etc. En g\u00e9n\u00e9ral, en utilisant un smartphone ou une tablette, vous ne serez pas limit\u00e9, car toutes les fonctionnalit\u00e9s de Bonuskong Casino sont disponibles ici.<\/p>\n<p>Si vous \u00eates pr\u00eat \u00e0 essayer l&rsquo;application Bonuskong, suivez nos instructions ci-dessous :<\/p>\n<ol>\n<li>Les utilisateurs doivent se rendre sur notre site web officiel \u00e0 partir d&rsquo;un appareil mobile.<\/li>\n<li>Dans la barre d&rsquo;adresse, vous devez trouver et cliquer sur le bouton \u00ab Plus \u00bb. Il ressemble \u00e0 trois points verticaux.<\/li>\n<li>Parmi les options disponibles, vous devez s\u00e9lectionner \u00ab Ajouter \u00e0 l&rsquo;\u00e9cran d&rsquo;accueil \u00bb.<\/li>\n<li>Les utilisateurs peuvent personnaliser le nom et l&rsquo;apparence de l&rsquo;ic\u00f4ne.<\/li>\n<li>Cliquez sur \u00ab Ajouter \u00bb pour terminer le processus et cr\u00e9er une ic\u00f4ne Bonus Kong sur votre \u00e9cran d&rsquo;accueil.<\/li>\n<\/ol>\n<p><img loading=\"lazy\" decoding=\"async\" src=\"https:\/\/bonuskongcasino.net\/wp-content\/uploads\/2026\/02\/Bonuskong-Android.webp\" alt=\"Bonuskong Android\" width=\"1248\" height=\"536\" \/><\/p>\n<\/div><\/div><div style=\"clear: both\"><\/div><div class=\"d-flex justify-content-center\"><button data-item=\"decouvrez_link\" data-group=\"website_links\" class=\"goto fw-bold rounded-pill btn btn-orange\" aria-label=\"T\u00e9l\u00e9chargez l&#039;application Bonuskong\" >T\u00e9l\u00e9chargez l&#039;application Bonuskong<\/button><\/div><div class=\"scrollable-content-wrap my-5\"><div class=\"scrollable-content-inner\"><h2>Application Bonuskong \u2013 iOS<\/h2>\n<p>Plus de la moiti\u00e9 de nos utilisateurs iOS pr\u00e9f\u00e8rent jouer lors de leurs d\u00e9placements. Avec Bonuskong Casino, c&rsquo;est possible et tr\u00e8s pratique. La premi\u00e8re option consiste \u00e0 utiliser la version mobile du navigateur. Pour cela, il suffit de vous rendre sur notre site officiel dans Safari ou Google Chrome. Le site web Bonuskong s&rsquo;adaptera \u00e0 la taille de l&rsquo;\u00e9cran et \u00e0 vos pr\u00e9f\u00e9rences.<\/p>\n<p>Une autre option pour les utilisateurs iOS est l&rsquo;application Bonuskong. Nous l&rsquo;avons d\u00e9velopp\u00e9e \u00e0 l&rsquo;aide de techniques avanc\u00e9es de contr\u00f4le tactile, permettant aux utilisateurs d&rsquo;acc\u00e9der \u00e0 tous leurs jeux pr\u00e9f\u00e9r\u00e9s et \u00e0 d&rsquo;autres fonctionnalit\u00e9s sans interruption. Notre casino mobile est enti\u00e8rement s\u00e9curis\u00e9. Nous utilisons un cryptage TLS 1.3 innovant pour prot\u00e9ger vos informations personnelles et financi\u00e8res.<\/p>\n<p>Le processus d&rsquo;installation est simple et facile, m\u00eame pour les d\u00e9butants. Si vous utilisez Safari, il vous suffit de cliquer sur le bouton \u00ab Partager \u00bb et de choisir \u00ab Ajouter \u00e0 l&rsquo;\u00e9cran d&rsquo;accueil \u00bb. En quelques secondes, l&rsquo;ic\u00f4ne Bonus Kong Casino appara\u00eetra sur votre \u00e9cran principal. Les joueurs peuvent la d\u00e9placer et la placer n&rsquo;importe o\u00f9 sur leur \u00e9cran.<\/p>\n<p><img loading=\"lazy\" decoding=\"async\" src=\"https:\/\/bonuskongcasino.net\/wp-content\/uploads\/2026\/02\/Bonuskong-iOS.webp\" alt=\"Bonuskong iOS\" width=\"1248\" height=\"536\" \/><\/p>\n<\/div><\/div><div style=\"clear: both\"><\/div><div class=\"d-flex justify-content-center\"><button data-item=\"decouvrez_link\" data-group=\"website_links\" class=\"goto fw-bold rounded-pill btn btn-orange\" aria-label=\"T\u00e9l\u00e9charger Bonuskong\" >T\u00e9l\u00e9charger Bonuskong<\/button><\/div><div class=\"scrollable-content-wrap my-5\"><div class=\"scrollable-content-inner\"><h2>Bonus Kong Casino \u2013 Version bureau<\/h2>\n<p>Si vous pr\u00e9f\u00e9rez jouer de mani\u00e8re plus classique sur un PC ou un ordinateur portable, cela ne pose aucun probl\u00e8me avec Bonuskong. Vous pouvez acc\u00e9der \u00e0 notre site web depuis n&rsquo;importe quel navigateur. La plateforme est optimis\u00e9e pour toutes les tailles d&rsquo;\u00e9cran. Nous ne limitons pas votre fa\u00e7on de jouer. Les utilisateurs peuvent facilement utiliser leur smartphone lors de leurs d\u00e9placements et passer \u00e0 un PC \u00e0 la maison. Apr\u00e8s vous \u00eatre connect\u00e9, toutes vos pr\u00e9f\u00e9rences seront synchronis\u00e9es entre les appareils.<\/p>\n<p>Pour un acc\u00e8s plus rapide, vous pouvez toujours installer l&rsquo;ic\u00f4ne de raccourci. Cela vous permettra d&rsquo;ouvrir notre plateforme Bonuskong Casino en un seul clic sans passer par votre navigateur. Si vous rencontrez des probl\u00e8mes lors de l&rsquo;utilisation du site web ou de l&rsquo;application sur PC ou mobile, vous pouvez toujours contacter notre \u00e9quipe d&rsquo;assistance via le chat en direct ou par e-mail.<\/p>\n<h3>S\u00e9curit\u00e9 et \u00e9quit\u00e9<\/h3>\n<p>Quelle que soit la plateforme ou l&rsquo;appareil que vous utilisez, nous accordons la priorit\u00e9 \u00e0 votre s\u00e9curit\u00e9. Dans le logiciel mobile, nous cryptons et tokenisons toutes vos donn\u00e9es de paiement. De plus, chez Bonuskong, nous utilisons un \u00e9change de cl\u00e9s RSA-2048+ s\u00e9curis\u00e9. Afin de garantir l&rsquo;\u00e9quit\u00e9 des jeux, tous nos titres sont certifi\u00e9s RNG.<\/p>\n<p>De plus, nous demandons \u00e0 tous nos utilisateurs de bureau et mobiles de suivre un processus de v\u00e9rification simple. Si vous souhaitez s\u00e9curiser davantage votre profil, vous pouvez toujours activer l&rsquo;authentification \u00e0 deux facteurs.<\/p>\n<p><img loading=\"lazy\" decoding=\"async\" src=\"https:\/\/bonuskongcasino.net\/wp-content\/uploads\/2026\/02\/Bonuskong-Desktop.webp\" alt=\"Bonuskong Desktop\" width=\"1248\" height=\"536\" \/><\/p>\n<\/div><\/div><div style=\"clear: both\"><\/div><div class=\"d-flex justify-content-center\"><button data-item=\"decouvrez_link\" data-group=\"website_links\" class=\"goto fw-bold rounded-pill btn btn-orange\" aria-label=\"T\u00e9l\u00e9chargez l&#039;application Bonuskong\" >T\u00e9l\u00e9chargez l&#039;application Bonuskong<\/button><\/div><div class=\"scrollable-content-wrap my-5\"><div class=\"scrollable-content-inner\"><h2>FAQ<\/h2>\n<h3>L&rsquo;application Bonuskong Casino est-elle optimis\u00e9e pour les tablettes et les \u00e9crans plus grands ?<\/h3>\n<p>L&rsquo;application Bonuskong Casino est optimis\u00e9e pour toutes les tablettes et tous les appareils dot\u00e9s d&rsquo;\u00e9crans plus grands. Nous utilisons des fonctionnalit\u00e9s sp\u00e9ciales de contr\u00f4le tactile, de d\u00e9filement et de balayage afin que vous puissiez profiter des processus sur n&rsquo;importe quel appareil.<\/p>\n<h3>Puis-je passer facilement de l&rsquo;application \u00e0 la version bureau ?<\/h3>\n<p>Les utilisateurs peuvent choisir l&rsquo;appareil qu&rsquo;ils pr\u00e9f\u00e8rent, en fonction de la situation. Une fois que vous vous \u00eates connect\u00e9 \u00e0 votre compte, votre solde, vos pr\u00e9f\u00e9rences et vos r\u00e9sultats sont synchronis\u00e9s. L&rsquo;essentiel est de ne pas utiliser plusieurs appareils en m\u00eame temps.<\/p>\n<h3>Tous les jeux Bonus Kong sont-ils disponibles dans l&rsquo;application ?<\/h3>\n<p>Toute la collection de titres est disponible dans l&rsquo;application Bonuskong. Vous y trouverez des machines \u00e0 sous populaires, des options de casino en direct, des jeux de table et des jeux \u00e0 gains instantan\u00e9s. Nos fournisseurs de logiciels les d\u00e9veloppent de mani\u00e8re \u00e0 ce qu&rsquo;ils soient optimis\u00e9s pour tous les appareils mobiles modernes.<\/p>\n<\/div><\/div><\/p>\n","protected":false},"excerpt":{"rendered":"<p>Application Bonuskong Il est difficile d&rsquo;imaginer le monde moderne sans smartphones et sans la possibilit\u00e9 d&rsquo;utiliser toutes vos sources pr\u00e9f\u00e9r\u00e9es sur un appareil mobile. C&rsquo;est pourquoi nous proposons \u00e0 tous nos clients Bonuskong App. Elle est disponible sur tous les appareils Android et iOS. Vous pouvez facilement l&rsquo;installer directement depuis notre site web. Dans le [&hellip;]<\/p>\n","protected":false},"author":9,"featured_media":0,"parent":0,"menu_order":0,"comment_status":"closed","ping_status":"closed","template":"template-builder.php","meta":{"_acf_changed":false,"inline_featured_image":false,"footnotes":""},"class_list":["post-1413","page","type-page","status-publish","hentry"],"acf":[],"yoast_head":"<!-- This site is optimized with the Yoast SEO plugin v24.4 - https:\/\/yoast.com\/wordpress\/plugins\/seo\/ -->\n<title>Bonuskong Login \u2013 Acc\u00e8s S\u00e9curis\u00e9 \u00e0 Votre Compte Casino<\/title>\n<meta name=\"description\" content=\"Bonuskong Login \u2013 acc\u00e9dez \u00e0 votre compte casino en toute s\u00e9curit\u00e9 gr\u00e2ce \u00e0 une connexion chiffr\u00e9e. G\u00e9rez mot de passe, profil et param\u00e8tres de s\u00e9curit\u00e9 sur Bonus Kong.\" \/>\n<meta name=\"robots\" content=\"index, follow, max-snippet:-1, max-image-preview:large, max-video-preview:-1\" \/>\n<link rel=\"canonical\" href=\"https:\/\/bonuskongcasino.net\/fr\/app\/\" \/>\n<meta property=\"og:locale\" content=\"fr_FR\" \/>\n<meta property=\"og:type\" content=\"article\" \/>\n<meta property=\"og:title\" content=\"Bonuskong Login \u2013 Acc\u00e8s S\u00e9curis\u00e9 \u00e0 Votre Compte Casino\" \/>\n<meta property=\"og:description\" content=\"Bonuskong Login \u2013 acc\u00e9dez \u00e0 votre compte casino en toute s\u00e9curit\u00e9 gr\u00e2ce \u00e0 une connexion chiffr\u00e9e. G\u00e9rez mot de passe, profil et param\u00e8tres de s\u00e9curit\u00e9 sur Bonus Kong.\" \/>\n<meta property=\"og:url\" content=\"https:\/\/bonuskongcasino.net\/fr\/app\/\" \/>\n<meta property=\"og:site_name\" content=\"bonuskong\" \/>\n<meta property=\"article:modified_time\" content=\"2026-02-12T07:49:35+00:00\" \/>\n<meta name=\"twitter:card\" content=\"summary_large_image\" \/>\n<meta name=\"twitter:label1\" content=\"Dur\u00e9e de lecture estim\u00e9e\" \/>\n\t<meta name=\"twitter:data1\" content=\"2 minutes\" \/>\n<script type=\"application\/ld+json\" class=\"yoast-schema-graph\">{\"@context\":\"https:\/\/schema.org\",\"@graph\":[{\"@type\":\"WebPage\",\"@id\":\"https:\/\/bonuskongcasino.net\/fr\/app\/\",\"url\":\"https:\/\/bonuskongcasino.net\/fr\/app\/\",\"name\":\"Bonuskong Login \u2013 Acc\u00e8s S\u00e9curis\u00e9 \u00e0 Votre Compte Casino\",\"isPartOf\":{\"@id\":\"https:\/\/bonuskongcasino.net\/fr\/#website\"},\"datePublished\":\"2026-02-12T06:26:05+00:00\",\"dateModified\":\"2026-02-12T07:49:35+00:00\",\"description\":\"Bonuskong Login \u2013 acc\u00e9dez \u00e0 votre compte casino en toute s\u00e9curit\u00e9 gr\u00e2ce \u00e0 une connexion chiffr\u00e9e. G\u00e9rez mot de passe, profil et param\u00e8tres de s\u00e9curit\u00e9 sur Bonus Kong.\",\"breadcrumb\":{\"@id\":\"https:\/\/bonuskongcasino.net\/fr\/app\/#breadcrumb\"},\"inLanguage\":\"fr-FR\",\"potentialAction\":[{\"@type\":\"ReadAction\",\"target\":[\"https:\/\/bonuskongcasino.net\/fr\/app\/\"]}]},{\"@type\":\"BreadcrumbList\",\"@id\":\"https:\/\/bonuskongcasino.net\/fr\/app\/#breadcrumb\",\"itemListElement\":[{\"@type\":\"ListItem\",\"position\":1,\"name\":\"Bonuskong\",\"item\":\"https:\/\/bonuskongcasino.net\/fr\/\"},{\"@type\":\"ListItem\",\"position\":2,\"name\":\"App\"}]},{\"@type\":\"WebSite\",\"@id\":\"https:\/\/bonuskongcasino.net\/fr\/#website\",\"url\":\"https:\/\/bonuskongcasino.net\/fr\/\",\"name\":\"Bonuskong\",\"description\":\"\",\"publisher\":{\"@id\":\"https:\/\/bonuskongcasino.net\/fr\/#organization\"},\"potentialAction\":[{\"@type\":\"SearchAction\",\"target\":{\"@type\":\"EntryPoint\",\"urlTemplate\":\"https:\/\/bonuskongcasino.net\/fr\/?s={search_term_string}\"},\"query-input\":{\"@type\":\"PropertyValueSpecification\",\"valueRequired\":true,\"valueName\":\"search_term_string\"}}],\"inLanguage\":\"fr-FR\"},{\"@type\":\"Organization\",\"@id\":\"https:\/\/bonuskongcasino.net\/fr\/#organization\",\"name\":\"Bonuskong\",\"url\":\"https:\/\/bonuskongcasino.net\/fr\/\",\"logo\":{\"@type\":\"ImageObject\",\"inLanguage\":\"fr-FR\",\"@id\":\"https:\/\/bonuskongcasino.net\/fr\/#\/schema\/logo\/image\/\",\"url\":\"https:\/\/bonuskongcasino.net\/wp-content\/uploads\/2026\/02\/Bonuskong-logo.png\",\"contentUrl\":\"https:\/\/bonuskongcasino.net\/wp-content\/uploads\/2026\/02\/Bonuskong-logo.png\",\"width\":60,\"height\":24,\"caption\":\"Bonuskong\"},\"image\":{\"@id\":\"https:\/\/bonuskongcasino.net\/fr\/#\/schema\/logo\/image\/\"}}]}<\/script>\n<!-- \/ Yoast SEO plugin. -->","yoast_head_json":{"title":"Bonuskong Login \u2013 Acc\u00e8s S\u00e9curis\u00e9 \u00e0 Votre Compte Casino","description":"Bonuskong Login \u2013 acc\u00e9dez \u00e0 votre compte casino en toute s\u00e9curit\u00e9 gr\u00e2ce \u00e0 une connexion chiffr\u00e9e. G\u00e9rez mot de passe, profil et param\u00e8tres de s\u00e9curit\u00e9 sur Bonus Kong.","robots":{"index":"index","follow":"follow","max-snippet":"max-snippet:-1","max-image-preview":"max-image-preview:large","max-video-preview":"max-video-preview:-1"},"canonical":"https:\/\/bonuskongcasino.net\/fr\/app\/","og_locale":"fr_FR","og_type":"article","og_title":"Bonuskong Login \u2013 Acc\u00e8s S\u00e9curis\u00e9 \u00e0 Votre Compte Casino","og_description":"Bonuskong Login \u2013 acc\u00e9dez \u00e0 votre compte casino en toute s\u00e9curit\u00e9 gr\u00e2ce \u00e0 une connexion chiffr\u00e9e. G\u00e9rez mot de passe, profil et param\u00e8tres de s\u00e9curit\u00e9 sur Bonus Kong.","og_url":"https:\/\/bonuskongcasino.net\/fr\/app\/","og_site_name":"bonuskong","article_modified_time":"2026-02-12T07:49:35+00:00","twitter_card":"summary_large_image","twitter_misc":{"Dur\u00e9e de lecture estim\u00e9e":"2 minutes"},"schema":{"@context":"https:\/\/schema.org","@graph":[{"@type":"WebPage","@id":"https:\/\/bonuskongcasino.net\/fr\/app\/","url":"https:\/\/bonuskongcasino.net\/fr\/app\/","name":"Bonuskong Login \u2013 Acc\u00e8s S\u00e9curis\u00e9 \u00e0 Votre Compte Casino","isPartOf":{"@id":"https:\/\/bonuskongcasino.net\/fr\/#website"},"datePublished":"2026-02-12T06:26:05+00:00","dateModified":"2026-02-12T07:49:35+00:00","description":"Bonuskong Login \u2013 acc\u00e9dez \u00e0 votre compte casino en toute s\u00e9curit\u00e9 gr\u00e2ce \u00e0 une connexion chiffr\u00e9e. G\u00e9rez mot de passe, profil et param\u00e8tres de s\u00e9curit\u00e9 sur Bonus Kong.","breadcrumb":{"@id":"https:\/\/bonuskongcasino.net\/fr\/app\/#breadcrumb"},"inLanguage":"fr-FR","potentialAction":[{"@type":"ReadAction","target":["https:\/\/bonuskongcasino.net\/fr\/app\/"]}]},{"@type":"BreadcrumbList","@id":"https:\/\/bonuskongcasino.net\/fr\/app\/#breadcrumb","itemListElement":[{"@type":"ListItem","position":1,"name":"Bonuskong","item":"https:\/\/bonuskongcasino.net\/fr\/"},{"@type":"ListItem","position":2,"name":"App"}]},{"@type":"WebSite","@id":"https:\/\/bonuskongcasino.net\/fr\/#website","url":"https:\/\/bonuskongcasino.net\/fr\/","name":"Bonuskong","description":"","publisher":{"@id":"https:\/\/bonuskongcasino.net\/fr\/#organization"},"potentialAction":[{"@type":"SearchAction","target":{"@type":"EntryPoint","urlTemplate":"https:\/\/bonuskongcasino.net\/fr\/?s={search_term_string}"},"query-input":{"@type":"PropertyValueSpecification","valueRequired":true,"valueName":"search_term_string"}}],"inLanguage":"fr-FR"},{"@type":"Organization","@id":"https:\/\/bonuskongcasino.net\/fr\/#organization","name":"Bonuskong","url":"https:\/\/bonuskongcasino.net\/fr\/","logo":{"@type":"ImageObject","inLanguage":"fr-FR","@id":"https:\/\/bonuskongcasino.net\/fr\/#\/schema\/logo\/image\/","url":"https:\/\/bonuskongcasino.net\/wp-content\/uploads\/2026\/02\/Bonuskong-logo.png","contentUrl":"https:\/\/bonuskongcasino.net\/wp-content\/uploads\/2026\/02\/Bonuskong-logo.png","width":60,"height":24,"caption":"Bonuskong"},"image":{"@id":"https:\/\/bonuskongcasino.net\/fr\/#\/schema\/logo\/image\/"}}]}},"_links":{"self":[{"href":"https:\/\/bonuskongcasino.net\/fr\/wp-json\/wp\/v2\/pages\/1413"}],"collection":[{"href":"https:\/\/bonuskongcasino.net\/fr\/wp-json\/wp\/v2\/pages"}],"about":[{"href":"https:\/\/bonuskongcasino.net\/fr\/wp-json\/wp\/v2\/types\/page"}],"author":[{"embeddable":true,"href":"https:\/\/bonuskongcasino.net\/fr\/wp-json\/wp\/v2\/users\/9"}],"replies":[{"embeddable":true,"href":"https:\/\/bonuskongcasino.net\/fr\/wp-json\/wp\/v2\/comments?post=1413"}],"version-history":[{"count":2,"href":"https:\/\/bonuskongcasino.net\/fr\/wp-json\/wp\/v2\/pages\/1413\/revisions"}],"predecessor-version":[{"id":1563,"href":"https:\/\/bonuskongcasino.net\/fr\/wp-json\/wp\/v2\/pages\/1413\/revisions\/1563"}],"wp:attachment":[{"href":"https:\/\/bonuskongcasino.net\/fr\/wp-json\/wp\/v2\/media?parent=1413"}],"curies":[{"name":"wp","href":"https:\/\/api.w.org\/{rel}","templated":true}]}}