{"id":1460,"date":"2026-02-12T06:31:52","date_gmt":"2026-02-12T06:31:52","guid":{"rendered":"https:\/\/bonuskongcasino.net\/login-and-registration\/"},"modified":"2026-02-12T10:43:57","modified_gmt":"2026-02-12T10:43:57","slug":"inicio-de-sesion-y-registro","status":"publish","type":"page","link":"https:\/\/bonuskongcasino.net\/es\/inicio-de-sesion-y-registro\/","title":{"rendered":"Inicio de sesi\u00f3n y Registro"},"content":{"rendered":"<h1>Inicio de sesi\u00f3n y registro en Bonuskong<\/h1>\n<p>Bonuskong login es el \u00fanico paso que separa a los usuarios espa\u00f1oles de jugar con dinero real. Solo requerimos la informaci\u00f3n esencial, como la direcci\u00f3n de correo electr\u00f3nico y la contrase\u00f1a. El registro en Bonuskong Casino est\u00e1 disponible para todas las personas mayores de 18 a\u00f1os. El proceso no lleva mucho tiempo y se puede completar en pocos minutos.<\/p>\n<p><div class=\"banner-wrap\" aria-label=\"Banner\"><img src=\"https:\/\/bonuskongcasino.net\/wp-content\/uploads\/2026\/02\/bonuskong-desktop-banner.webp\" class=\"w-100 d-none d-lg-block img-pc main-banner-img\" alt=\"Bonuskong desktop banner\" fetchpriority=\"high\" decoding=\"async\"><img src=\"https:\/\/bonuskongcasino.net\/wp-content\/uploads\/2026\/02\/bonuskong-mobile.webp\" class=\"w-100 d-none d-md-block d-lg-none main-banner-img\" alt=\"Bonuskong banner mobile\" fetchpriority=\"high\" decoding=\"async\"><img src=\"https:\/\/bonuskongcasino.net\/wp-content\/uploads\/2026\/02\/bonuskong-mobile.webp\" class=\"w-100 d-md-none\" alt=\"Bonuskong banner mobile\" fetchpriority=\"high\" decoding=\"async\"><div class=\"banner-description\">\n<div class=\"banner-title\">Bonos de bienvenida<\/div>\n<p class=\"banner-header-title\">\u20ac1,500<\/p>\n<div class=\"banner-header-AdditionalText\">+ 250 Tiradas gratis<\/div>\n<button data-item=\"homepage_banner_link\" class=\"goto m-button m-gradient-border m-button--primary m-button--large banner-button btn-orange\">\n            <div class=\"m-button-content\">\n                <span>Reg\u00edstrate ahora<\/span>\n                <span><\/span>\n            <\/div>\n        <\/button>\n<\/div>\n<div class=\"WelcomePack\">\n<p><img loading=\"lazy\" decoding=\"async\" class=\"alignnone size-full wp-image-1386\" src=\"https:\/\/bonuskongcasino.net\/wp-content\/uploads\/2026\/02\/welcome-crown.png\" alt=\"welcome crown\" width=\"25\" height=\"26\" \/><\/p>\n<div class=\"WelcomePack-Info\">Reembolso semanal de hasta el 25 %<\/div>\n<p><img loading=\"lazy\" decoding=\"async\" class=\"alignnone size-full wp-image-1386\" src=\"https:\/\/bonuskongcasino.net\/wp-content\/uploads\/2026\/02\/welcome-crown.png\" alt=\"welcome crown\" width=\"25\" height=\"26\" \/><\/p>\n<\/div>\n<\/div><div class=\"scrollable-content-wrap my-5\"><div class=\"scrollable-content-inner\"><h2>Proceso de registro en Bonuskong<\/h2>\n<p>Todos los nuevos usuarios que visiten nuestra plataforma por primera vez deben tener en cuenta el proceso de registro en Bonus Kong. Recomendamos encarecidamente crear una cuenta, ya que ofrece muchas funciones y ventajas. Lo primero es que, tras registrarse, todos los nuevos jugadores reciben un paquete de bienvenida de hasta 1.500 \u20ac + 250 tiradas gratis.<\/p>\n<p>Solo los usuarios registrados pueden realizar dep\u00f3sitos, jugar con dinero real y retirar sus ganancias. Tendr\u00e1s acceso a una colecci\u00f3n de juegos con m\u00e1s de 6.000 opciones en diferentes categor\u00edas y g\u00e9neros. Adem\u00e1s, podr\u00e1s aprovechar los generosos bonos de Bonuskong Casino.<\/p>\n<h3>Crear cuenta<\/h3>\n<p>El proceso de registro en Bonuskong est\u00e1 disponible para todos los usuarios mayores de 18 a\u00f1os. Cada jugador solo puede tener una cuenta en nuestra plataforma. Por eso, si juegas en diferentes dispositivos, utiliza la misma cuenta. Si est\u00e1s listo para acceder a todas las fant\u00e1sticas funciones de nuestro casino online, sigue las instrucciones de registro que se indican a continuaci\u00f3n:<\/p>\n<ol>\n<li>Los usuarios deben visitar nuestro sitio web en cualquier dispositivo y con el navegador que prefieran.<\/li>\n<li>Para iniciar el proceso, debe hacer clic en el bot\u00f3n \u00abRegistrarse\u00bb.<\/li>\n<li>Introduce la informaci\u00f3n requerida: correo electr\u00f3nico, contrase\u00f1a y c\u00f3digo promocional (si tienes uno).<\/li>\n<li>Marque las casillas para confirmar que es mayor de 18 a\u00f1os y que acepta nuestros t\u00e9rminos y condiciones.<\/li>\n<li>Despu\u00e9s de verificar la informaci\u00f3n, debe hacer clic en \u00abRegistrarse\u00bb al final del formulario.<\/li>\n<\/ol>\n<h2>Inicio de sesi\u00f3n en la cuenta de Bonuskong<\/h2>\n<p>El proceso de inicio de sesi\u00f3n en Bonus Kong est\u00e1 disponible para todos aquellos que ya tengan una cuenta en nuestra plataforma. Aqu\u00ed, deber\u00e1 proporcionarnos la informaci\u00f3n que utiliz\u00f3 al registrarse: su direcci\u00f3n de correo electr\u00f3nico y contrase\u00f1a. Para proteger su perfil con medidas adicionales, puede utilizar la autenticaci\u00f3n de dos factores.<\/p>\n<p>Una cuenta en Bonuskong Casino te da acceso no solo a las fant\u00e1sticas funciones de la plataforma, sino tambi\u00e9n a algunas herramientas importantes y a la configuraci\u00f3n de la cuenta que har\u00e1n que tu experiencia sea m\u00e1s agradable.<\/p>\n<table>\n<tbody>\n<tr>\n<td>Funciones de la cuenta<\/td>\n<td>Detalles<\/td>\n<\/tr>\n<tr>\n<td>Historial de actividad<\/td>\n<td>En cualquier momento, los usuarios pueden consultar la informaci\u00f3n sobre su tiempo en la plataforma, el estado de las promociones, los dep\u00f3sitos, las apuestas y los retiros.<\/td>\n<\/tr>\n<tr>\n<td>Herramientas de juego responsable<\/td>\n<td>Tienes la oportunidad de habilitar l\u00edmites de tiempo y financieros. Si el juego est\u00e1 afectando negativamente a tu vida, puedes utilizar la opci\u00f3n de autoexclusi\u00f3n.<\/td>\n<\/tr>\n<tr>\n<td>Gesti\u00f3n de la cuenta<\/td>\n<td>Los jugadores pueden editar y actualizar su informaci\u00f3n personal y financiera.<\/td>\n<\/tr>\n<tr>\n<td>Programa de afiliados<\/td>\n<td>Los usuarios encontrar\u00e1n su enlace personal que pueden compartir con amigos y familiares. Por cada nuevo cliente registrado a trav\u00e9s de tu enlace, obtendr\u00e1s recompensas adicionales.<\/td>\n<\/tr>\n<\/tbody>\n<\/table>\n<h3>Verificaci\u00f3n de Bonuskong Casino<\/h3>\n<p>Antes de realizar el primer retiro, debe completar un sencillo proceso de verificaci\u00f3n. Es parte de nuestra pol\u00edtica de seguridad. Tenemos que confirmar su edad, la titularidad de la cuenta de pago y su domicilio. Despu\u00e9s de eso, los procesos de inicio de sesi\u00f3n y retiro de Bonuskong se pueden realizar sin demoras.<\/p>\n<p>El proceso requiere que todos los usuarios suban fotos de sus documentos personales al sistema. Nuestros gestores lo revisar\u00e1n todo en un plazo de 48 horas. Despu\u00e9s, se actualizar\u00e1 el estado de verificaci\u00f3n de su cuenta de Bonus Kong Casino.<\/p>\n<h2>Acceso a la cuenta<\/h2>\n<p>Los usuarios pueden acceder a sus cuentas utilizando un ordenador, un port\u00e1til, un smartphone o una tableta. En el caso de los dispositivos m\u00f3viles, pueden funcionar con Android o iOS. Bonuskong Casino est\u00e1 disponible en todos los navegadores modernos, como Safari, Google Chrome o Firefox.<\/p>\n<p>Si ha olvidado su contrase\u00f1a, no se preocupe. Solo tiene que hacer clic en el enlace \u00ab\u00bfHa olvidado su contrase\u00f1a?\u00bb de la p\u00e1gina de inicio de sesi\u00f3n de Bonuskong. Los jugadores deben proporcionar su direcci\u00f3n de correo electr\u00f3nico para que podamos enviarles un enlace especial para restablecerla. A continuaci\u00f3n, solo tiene que crear una nueva contrase\u00f1a y utilizarla la pr\u00f3xima vez que inicie sesi\u00f3n.<\/p>\n<h2>Preguntas frecuentes<\/h2>\n<h3>\u00bfQu\u00e9 debo hacer si olvido mi nombre de usuario o mi correo electr\u00f3nico?<\/h3>\n<p>En caso de que olvides tu contrase\u00f1a, disponemos de una funci\u00f3n especial de recuperaci\u00f3n en la p\u00e1gina de inicio de sesi\u00f3n de Bonuskong. Si no recuerdas tu correo electr\u00f3nico, ponte en contacto con nuestro equipo de asistencia multiling\u00fce. Ellos verificar\u00e1n tu identidad y te ayudar\u00e1n con el acceso.<\/p>\n<h3>\u00bfC\u00f3mo puedo verificar mi identidad despu\u00e9s de tener problemas para iniciar sesi\u00f3n?<\/h3>\n<p>Le enviaremos un correo electr\u00f3nico con el enlace de confirmaci\u00f3n. Si no es suficiente, nuestro equipo de Bonus Kong le pedir\u00e1 que proporcione algunos de sus documentos personales para verificar su identidad.<\/p>\n<h3>\u00bfQu\u00e9 debo hacer si mi cuenta ha sido bloqueada temporalmente?<\/h3>\n<p>Cuando decidimos bloquear o suspender una cuenta, el usuario recibe un correo electr\u00f3nico con informaci\u00f3n adicional sobre su caso espec\u00edfico. Si no ha recibido nada, p\u00f3ngase en contacto con el equipo de asistencia a trav\u00e9s del chat en vivo o por correo electr\u00f3nico.<\/p>\n<\/div><\/div><\/p>\n","protected":false},"excerpt":{"rendered":"<p>Inicio de sesi\u00f3n y registro en Bonuskong Bonuskong login es el \u00fanico paso que separa a los usuarios espa\u00f1oles de jugar con dinero real. Solo requerimos la informaci\u00f3n esencial, como la direcci\u00f3n de correo electr\u00f3nico y la contrase\u00f1a. El registro en Bonuskong Casino est\u00e1 disponible para todas las personas mayores de 18 a\u00f1os. El proceso [&hellip;]<\/p>\n","protected":false},"author":9,"featured_media":0,"parent":0,"menu_order":0,"comment_status":"closed","ping_status":"closed","template":"template-builder.php","meta":{"_acf_changed":false,"inline_featured_image":false,"footnotes":""},"class_list":["post-1460","page","type-page","status-publish","hentry"],"acf":[],"yoast_head":"<!-- This site is optimized with the Yoast SEO plugin v24.4 - https:\/\/yoast.com\/wordpress\/plugins\/seo\/ -->\n<title>Bonuskong Login &amp; Registro | Acceso Seguro<\/title>\n<meta name=\"description\" content=\"Bonuskong Login \u2013 inicia sesi\u00f3n de forma segura o crea una cuenta protegida con acceso cifrado. Gestiona verificaci\u00f3n, recuperaci\u00f3n de contrase\u00f1a y ajustes en Bonus Kong.\" \/>\n<meta name=\"robots\" content=\"index, follow, max-snippet:-1, max-image-preview:large, max-video-preview:-1\" \/>\n<link rel=\"canonical\" href=\"https:\/\/bonuskongcasino.net\/es\/inicio-de-sesion-y-registro\/\" \/>\n<meta property=\"og:locale\" content=\"es_ES\" \/>\n<meta property=\"og:type\" content=\"article\" \/>\n<meta property=\"og:title\" content=\"Bonuskong Login &amp; Registro | Acceso Seguro\" \/>\n<meta property=\"og:description\" content=\"Bonuskong Login \u2013 inicia sesi\u00f3n de forma segura o crea una cuenta protegida con acceso cifrado. Gestiona verificaci\u00f3n, recuperaci\u00f3n de contrase\u00f1a y ajustes en Bonus Kong.\" \/>\n<meta property=\"og:url\" content=\"https:\/\/bonuskongcasino.net\/es\/inicio-de-sesion-y-registro\/\" \/>\n<meta property=\"og:site_name\" content=\"bonuskong\" \/>\n<meta property=\"article:modified_time\" content=\"2026-02-12T10:43:57+00:00\" \/>\n<meta name=\"twitter:card\" content=\"summary_large_image\" \/>\n<meta name=\"twitter:label1\" content=\"Est. reading time\" \/>\n\t<meta name=\"twitter:data1\" content=\"1 minute\" \/>\n<script type=\"application\/ld+json\" class=\"yoast-schema-graph\">{\"@context\":\"https:\/\/schema.org\",\"@graph\":[{\"@type\":\"WebPage\",\"@id\":\"https:\/\/bonuskongcasino.net\/es\/inicio-de-sesion-y-registro\/\",\"url\":\"https:\/\/bonuskongcasino.net\/es\/inicio-de-sesion-y-registro\/\",\"name\":\"Bonuskong Login & Registro | Acceso Seguro\",\"isPartOf\":{\"@id\":\"https:\/\/bonuskongcasino.net\/es\/#website\"},\"datePublished\":\"2026-02-12T06:31:52+00:00\",\"dateModified\":\"2026-02-12T10:43:57+00:00\",\"description\":\"Bonuskong Login \u2013 inicia sesi\u00f3n de forma segura o crea una cuenta protegida con acceso cifrado. Gestiona verificaci\u00f3n, recuperaci\u00f3n de contrase\u00f1a y ajustes en Bonus Kong.\",\"breadcrumb\":{\"@id\":\"https:\/\/bonuskongcasino.net\/es\/inicio-de-sesion-y-registro\/#breadcrumb\"},\"inLanguage\":\"es-ES\",\"potentialAction\":[{\"@type\":\"ReadAction\",\"target\":[\"https:\/\/bonuskongcasino.net\/es\/inicio-de-sesion-y-registro\/\"]}]},{\"@type\":\"BreadcrumbList\",\"@id\":\"https:\/\/bonuskongcasino.net\/es\/inicio-de-sesion-y-registro\/#breadcrumb\",\"itemListElement\":[{\"@type\":\"ListItem\",\"position\":1,\"name\":\"Bonuskong\",\"item\":\"https:\/\/bonuskongcasino.net\/es\/\"},{\"@type\":\"ListItem\",\"position\":2,\"name\":\"Inicio de sesi\u00f3n y Registro\"}]},{\"@type\":\"WebSite\",\"@id\":\"https:\/\/bonuskongcasino.net\/es\/#website\",\"url\":\"https:\/\/bonuskongcasino.net\/es\/\",\"name\":\"Bonuskong\",\"description\":\"\",\"publisher\":{\"@id\":\"https:\/\/bonuskongcasino.net\/es\/#organization\"},\"potentialAction\":[{\"@type\":\"SearchAction\",\"target\":{\"@type\":\"EntryPoint\",\"urlTemplate\":\"https:\/\/bonuskongcasino.net\/es\/?s={search_term_string}\"},\"query-input\":{\"@type\":\"PropertyValueSpecification\",\"valueRequired\":true,\"valueName\":\"search_term_string\"}}],\"inLanguage\":\"es-ES\"},{\"@type\":\"Organization\",\"@id\":\"https:\/\/bonuskongcasino.net\/es\/#organization\",\"name\":\"Bonuskong\",\"url\":\"https:\/\/bonuskongcasino.net\/es\/\",\"logo\":{\"@type\":\"ImageObject\",\"inLanguage\":\"es-ES\",\"@id\":\"https:\/\/bonuskongcasino.net\/es\/#\/schema\/logo\/image\/\",\"url\":\"https:\/\/bonuskongcasino.net\/wp-content\/uploads\/2026\/02\/Bonuskong-logo.png\",\"contentUrl\":\"https:\/\/bonuskongcasino.net\/wp-content\/uploads\/2026\/02\/Bonuskong-logo.png\",\"width\":60,\"height\":24,\"caption\":\"Bonuskong\"},\"image\":{\"@id\":\"https:\/\/bonuskongcasino.net\/es\/#\/schema\/logo\/image\/\"}}]}<\/script>\n<!-- \/ Yoast SEO plugin. -->","yoast_head_json":{"title":"Bonuskong Login & Registro | Acceso Seguro","description":"Bonuskong Login \u2013 inicia sesi\u00f3n de forma segura o crea una cuenta protegida con acceso cifrado. Gestiona verificaci\u00f3n, recuperaci\u00f3n de contrase\u00f1a y ajustes en Bonus Kong.","robots":{"index":"index","follow":"follow","max-snippet":"max-snippet:-1","max-image-preview":"max-image-preview:large","max-video-preview":"max-video-preview:-1"},"canonical":"https:\/\/bonuskongcasino.net\/es\/inicio-de-sesion-y-registro\/","og_locale":"es_ES","og_type":"article","og_title":"Bonuskong Login & Registro | Acceso Seguro","og_description":"Bonuskong Login \u2013 inicia sesi\u00f3n de forma segura o crea una cuenta protegida con acceso cifrado. Gestiona verificaci\u00f3n, recuperaci\u00f3n de contrase\u00f1a y ajustes en Bonus Kong.","og_url":"https:\/\/bonuskongcasino.net\/es\/inicio-de-sesion-y-registro\/","og_site_name":"bonuskong","article_modified_time":"2026-02-12T10:43:57+00:00","twitter_card":"summary_large_image","twitter_misc":{"Est. reading time":"1 minute"},"schema":{"@context":"https:\/\/schema.org","@graph":[{"@type":"WebPage","@id":"https:\/\/bonuskongcasino.net\/es\/inicio-de-sesion-y-registro\/","url":"https:\/\/bonuskongcasino.net\/es\/inicio-de-sesion-y-registro\/","name":"Bonuskong Login & Registro | Acceso Seguro","isPartOf":{"@id":"https:\/\/bonuskongcasino.net\/es\/#website"},"datePublished":"2026-02-12T06:31:52+00:00","dateModified":"2026-02-12T10:43:57+00:00","description":"Bonuskong Login \u2013 inicia sesi\u00f3n de forma segura o crea una cuenta protegida con acceso cifrado. Gestiona verificaci\u00f3n, recuperaci\u00f3n de contrase\u00f1a y ajustes en Bonus Kong.","breadcrumb":{"@id":"https:\/\/bonuskongcasino.net\/es\/inicio-de-sesion-y-registro\/#breadcrumb"},"inLanguage":"es-ES","potentialAction":[{"@type":"ReadAction","target":["https:\/\/bonuskongcasino.net\/es\/inicio-de-sesion-y-registro\/"]}]},{"@type":"BreadcrumbList","@id":"https:\/\/bonuskongcasino.net\/es\/inicio-de-sesion-y-registro\/#breadcrumb","itemListElement":[{"@type":"ListItem","position":1,"name":"Bonuskong","item":"https:\/\/bonuskongcasino.net\/es\/"},{"@type":"ListItem","position":2,"name":"Inicio de sesi\u00f3n y Registro"}]},{"@type":"WebSite","@id":"https:\/\/bonuskongcasino.net\/es\/#website","url":"https:\/\/bonuskongcasino.net\/es\/","name":"Bonuskong","description":"","publisher":{"@id":"https:\/\/bonuskongcasino.net\/es\/#organization"},"potentialAction":[{"@type":"SearchAction","target":{"@type":"EntryPoint","urlTemplate":"https:\/\/bonuskongcasino.net\/es\/?s={search_term_string}"},"query-input":{"@type":"PropertyValueSpecification","valueRequired":true,"valueName":"search_term_string"}}],"inLanguage":"es-ES"},{"@type":"Organization","@id":"https:\/\/bonuskongcasino.net\/es\/#organization","name":"Bonuskong","url":"https:\/\/bonuskongcasino.net\/es\/","logo":{"@type":"ImageObject","inLanguage":"es-ES","@id":"https:\/\/bonuskongcasino.net\/es\/#\/schema\/logo\/image\/","url":"https:\/\/bonuskongcasino.net\/wp-content\/uploads\/2026\/02\/Bonuskong-logo.png","contentUrl":"https:\/\/bonuskongcasino.net\/wp-content\/uploads\/2026\/02\/Bonuskong-logo.png","width":60,"height":24,"caption":"Bonuskong"},"image":{"@id":"https:\/\/bonuskongcasino.net\/es\/#\/schema\/logo\/image\/"}}]}},"_links":{"self":[{"href":"https:\/\/bonuskongcasino.net\/es\/wp-json\/wp\/v2\/pages\/1460"}],"collection":[{"href":"https:\/\/bonuskongcasino.net\/es\/wp-json\/wp\/v2\/pages"}],"about":[{"href":"https:\/\/bonuskongcasino.net\/es\/wp-json\/wp\/v2\/types\/page"}],"author":[{"embeddable":true,"href":"https:\/\/bonuskongcasino.net\/es\/wp-json\/wp\/v2\/users\/9"}],"replies":[{"embeddable":true,"href":"https:\/\/bonuskongcasino.net\/es\/wp-json\/wp\/v2\/comments?post=1460"}],"version-history":[{"count":3,"href":"https:\/\/bonuskongcasino.net\/es\/wp-json\/wp\/v2\/pages\/1460\/revisions"}],"predecessor-version":[{"id":1799,"href":"https:\/\/bonuskongcasino.net\/es\/wp-json\/wp\/v2\/pages\/1460\/revisions\/1799"}],"wp:attachment":[{"href":"https:\/\/bonuskongcasino.net\/es\/wp-json\/wp\/v2\/media?parent=1460"}],"curies":[{"name":"wp","href":"https:\/\/api.w.org\/{rel}","templated":true}]}}