{"id":1434,"date":"2026-02-12T06:38:26","date_gmt":"2026-02-12T06:38:26","guid":{"rendered":"https:\/\/bonuskongcasino.net\/bonus-2\/"},"modified":"2026-02-12T10:48:06","modified_gmt":"2026-02-12T10:48:06","slug":"bonificacion","status":"publish","type":"page","link":"https:\/\/bonuskongcasino.net\/es\/bonificacion\/","title":{"rendered":"Bonificaci\u00f3n"},"content":{"rendered":"<h1>Bonificaciones de Bonuskong<\/h1>\n<p>Podemos hacer que su experiencia sea m\u00e1s agradable y rentable con la colecci\u00f3n de Bonuskong bonus. Al activar una promoci\u00f3n, puede obtener fondos de bonificaci\u00f3n, giros gratis, monedas y rondas adicionales. Todas las ofertas tienen t\u00e9rminos y condiciones claros que debe leer antes de elegir una de ellas. Despu\u00e9s del registro, todos los nuevos clientes de Espa\u00f1a reciben un paquete de bienvenida de hasta 1.500 \u20ac + 250 giros gratis.<\/p>\n<p><div class=\"banner-wrap\" aria-label=\"Banner\"><img src=\"https:\/\/bonuskongcasino.net\/wp-content\/uploads\/2026\/02\/bonuskong-desktop-banner.webp\" class=\"w-100 d-none d-lg-block img-pc main-banner-img\" alt=\"Bonuskong desktop banner\" fetchpriority=\"high\" decoding=\"async\"><img src=\"https:\/\/bonuskongcasino.net\/wp-content\/uploads\/2026\/02\/bonuskong-mobile.webp\" class=\"w-100 d-none d-md-block d-lg-none main-banner-img\" alt=\"Bonuskong banner mobile\" fetchpriority=\"high\" decoding=\"async\"><img src=\"https:\/\/bonuskongcasino.net\/wp-content\/uploads\/2026\/02\/bonuskong-mobile.webp\" class=\"w-100 d-md-none\" alt=\"Bonuskong banner mobile\" fetchpriority=\"high\" decoding=\"async\"><div class=\"banner-description\">\n<div class=\"banner-title\">Bonos de bienvenida<\/div>\n<p class=\"banner-header-title\">\u20ac1,500<\/p>\n<div class=\"banner-header-AdditionalText\">+ 250 Tiradas gratis<\/div>\n<button data-item=\"homepage_banner_link\" class=\"goto m-button m-gradient-border m-button--primary m-button--large banner-button btn-orange\">\n            <div class=\"m-button-content\">\n                <span>Reg\u00edstrate ahora<\/span>\n                <span><\/span>\n            <\/div>\n        <\/button>\n<\/div>\n<div class=\"WelcomePack\">\n<p><img loading=\"lazy\" decoding=\"async\" class=\"alignnone size-full wp-image-1386\" src=\"https:\/\/bonuskongcasino.net\/wp-content\/uploads\/2026\/02\/welcome-crown.png\" alt=\"welcome crown\" width=\"25\" height=\"26\" \/><\/p>\n<div class=\"WelcomePack-Info\">Reembolso semanal de hasta el 25 %<\/div>\n<p><img loading=\"lazy\" decoding=\"async\" class=\"alignnone size-full wp-image-1386\" src=\"https:\/\/bonuskongcasino.net\/wp-content\/uploads\/2026\/02\/welcome-crown.png\" alt=\"welcome crown\" width=\"25\" height=\"26\" \/><\/p>\n<\/div>\n<\/div><div class=\"promotions-wrap\"><div class=\"promotion-card\" style=\"background-image: url(https:\/\/bonuskongcasino.net\/wp-content\/uploads\/2026\/02\/bonuskong-first-dep.webp);\"><h2 class=\"promotion-card__title\">Oferta por el primer dep\u00f3sito<\/h2><label class=\"promotion-card__offer\">500 \u20ac + 150 tiradas gratis<\/label><label class=\"promotion-card__description\"><\/label><div class=\"promotion-card__actions\"><button data-item=\"payments_link\" data-group=\"website_links\" class=\"goto btn btn-orange rounded-pill fw-bold px-4 m-button m-gradient-border m-button--primary m-button--large promotion-button promotion-card__action-btn\" aria-label=\"Registrarse\"><div class=\"m-button-content\"><span class=\"promotion-button__content\">Registrarse<\/span><\/div><\/button><button data-item=\"http:\/\/bonus_link\" data-group=\"website_links\" class=\"goto m-button m-gradient-border m-button--secondary m-button--medium promotion-card__info-btn\" aria-label=\"More information\"><div class=\"m-button-content\"><svg viewBox=\"0 0 24 24\" fill=\"none\" xmlns=\"http:\/\/www.w3.org\/2000\/svg\" class=\"m-icon m-icon-loadable\" name=\"Attention\" loading=\"false\" aria-hidden=\"true\"><path d=\"M12 22C6.477 22 2 17.522 2 12S6.477 2 12 2s10 4.478 10 10-4.477 10-10 10m-.002-13.004a.999.999 0 1 0 0-1.997.999.999 0 0 0 0 1.997M12 17a1 1 0 0 0 .993-.884L13 16l-.002-5.001-.007-.117a1 1 0 0 0-1.986 0l-.007.117L11 16l.007.117A1 1 0 0 0 12 17\" fill=\"currentColor\"><\/path><\/svg><\/div><\/button><\/div><\/div><div class=\"promotion-card\" style=\"background-image: url(https:\/\/bonuskongcasino.net\/wp-content\/uploads\/2026\/02\/bonuskong-2-dep.webp);\"><h2 class=\"promotion-card__title\">Oferta por el segundo dep\u00f3sito<\/h2><label class=\"promotion-card__offer\">500 \u20ac + 100 tiradas gratis<\/label><label class=\"promotion-card__description\"><\/label><div class=\"promotion-card__actions\"><button data-item=\"payments_link\" data-group=\"website_links\" class=\"goto btn btn-orange rounded-pill fw-bold px-4 m-button m-gradient-border m-button--primary m-button--large promotion-button promotion-card__action-btn\" aria-label=\"Registrarse\"><div class=\"m-button-content\"><span class=\"promotion-button__content\">Registrarse<\/span><\/div><\/button><button data-item=\"http:\/\/bonus_link\" data-group=\"website_links\" class=\"goto m-button m-gradient-border m-button--secondary m-button--medium promotion-card__info-btn\" aria-label=\"More information\"><div class=\"m-button-content\"><svg viewBox=\"0 0 24 24\" fill=\"none\" xmlns=\"http:\/\/www.w3.org\/2000\/svg\" class=\"m-icon m-icon-loadable\" name=\"Attention\" loading=\"false\" aria-hidden=\"true\"><path d=\"M12 22C6.477 22 2 17.522 2 12S6.477 2 12 2s10 4.478 10 10-4.477 10-10 10m-.002-13.004a.999.999 0 1 0 0-1.997.999.999 0 0 0 0 1.997M12 17a1 1 0 0 0 .993-.884L13 16l-.002-5.001-.007-.117a1 1 0 0 0-1.986 0l-.007.117L11 16l.007.117A1 1 0 0 0 12 17\" fill=\"currentColor\"><\/path><\/svg><\/div><\/button><\/div><\/div><div class=\"promotion-card\" style=\"background-image: url(https:\/\/bonuskongcasino.net\/wp-content\/uploads\/2026\/02\/bonuskong-3-dep.webp);\"><h2 class=\"promotion-card__title\">Oferta por el tercer dep\u00f3sito<\/h2><label class=\"promotion-card__offer\">500 \u20ac<\/label><label class=\"promotion-card__description\"><\/label><div class=\"promotion-card__actions\"><button data-item=\"payments_link\" data-group=\"website_links\" class=\"goto btn btn-orange rounded-pill fw-bold px-4 m-button m-gradient-border m-button--primary m-button--large promotion-button promotion-card__action-btn\" aria-label=\"Registrarse\"><div class=\"m-button-content\"><span class=\"promotion-button__content\">Registrarse<\/span><\/div><\/button><button data-item=\"http:\/\/bonus_link\" data-group=\"website_links\" class=\"goto m-button m-gradient-border m-button--secondary m-button--medium promotion-card__info-btn\" aria-label=\"More information\"><div class=\"m-button-content\"><svg viewBox=\"0 0 24 24\" fill=\"none\" xmlns=\"http:\/\/www.w3.org\/2000\/svg\" class=\"m-icon m-icon-loadable\" name=\"Attention\" loading=\"false\" aria-hidden=\"true\"><path d=\"M12 22C6.477 22 2 17.522 2 12S6.477 2 12 2s10 4.478 10 10-4.477 10-10 10m-.002-13.004a.999.999 0 1 0 0-1.997.999.999 0 0 0 0 1.997M12 17a1 1 0 0 0 .993-.884L13 16l-.002-5.001-.007-.117a1 1 0 0 0-1.986 0l-.007.117L11 16l.007.117A1 1 0 0 0 12 17\" fill=\"currentColor\"><\/path><\/svg><\/div><\/button><\/div><\/div><div class=\"promotion-card\" style=\"background-image: url(https:\/\/bonuskongcasino.net\/wp-content\/uploads\/2026\/02\/bonuskong-cashback.webp);\"><h2 class=\"promotion-card__title\">Reembolso semanal<\/h2><label class=\"promotion-card__offer\">hasta el 25 %<\/label><label class=\"promotion-card__description\"><\/label><div class=\"promotion-card__actions\"><button data-item=\"payments_link\" data-group=\"website_links\" class=\"goto btn btn-orange rounded-pill fw-bold px-4 m-button m-gradient-border m-button--primary m-button--large promotion-button promotion-card__action-btn\" aria-label=\"Registrarse\"><div class=\"m-button-content\"><span class=\"promotion-button__content\">Registrarse<\/span><\/div><\/button><button data-item=\"http:\/\/bonus_link\" data-group=\"website_links\" class=\"goto m-button m-gradient-border m-button--secondary m-button--medium promotion-card__info-btn\" aria-label=\"More information\"><div class=\"m-button-content\"><svg viewBox=\"0 0 24 24\" fill=\"none\" xmlns=\"http:\/\/www.w3.org\/2000\/svg\" class=\"m-icon m-icon-loadable\" name=\"Attention\" loading=\"false\" aria-hidden=\"true\"><path d=\"M12 22C6.477 22 2 17.522 2 12S6.477 2 12 2s10 4.478 10 10-4.477 10-10 10m-.002-13.004a.999.999 0 1 0 0-1.997.999.999 0 0 0 0 1.997M12 17a1 1 0 0 0 .993-.884L13 16l-.002-5.001-.007-.117a1 1 0 0 0-1.986 0l-.007.117L11 16l.007.117A1 1 0 0 0 12 17\" fill=\"currentColor\"><\/path><\/svg><\/div><\/button><\/div><\/div><div class=\"promotion-card\" style=\"background-image: url(https:\/\/bonuskongcasino.net\/wp-content\/uploads\/2026\/02\/bonuskong-spinoleague.webp);\"><h2 class=\"promotion-card__title\">Recarga del domingo<\/h2><label class=\"promotion-card__offer\">25 % hasta 100 \u20ac<\/label><label class=\"promotion-card__description\"><\/label><div class=\"promotion-card__actions\"><button data-item=\"payments_link\" data-group=\"website_links\" class=\"goto btn btn-orange rounded-pill fw-bold px-4 m-button m-gradient-border m-button--primary m-button--large promotion-button promotion-card__action-btn\" aria-label=\"Registrarse\"><div class=\"m-button-content\"><span class=\"promotion-button__content\">Registrarse<\/span><\/div><\/button><button data-item=\"http:\/\/bonus_link\" data-group=\"website_links\" class=\"goto m-button m-gradient-border m-button--secondary m-button--medium promotion-card__info-btn\" aria-label=\"More information\"><div class=\"m-button-content\"><svg viewBox=\"0 0 24 24\" fill=\"none\" xmlns=\"http:\/\/www.w3.org\/2000\/svg\" class=\"m-icon m-icon-loadable\" name=\"Attention\" loading=\"false\" aria-hidden=\"true\"><path d=\"M12 22C6.477 22 2 17.522 2 12S6.477 2 12 2s10 4.478 10 10-4.477 10-10 10m-.002-13.004a.999.999 0 1 0 0-1.997.999.999 0 0 0 0 1.997M12 17a1 1 0 0 0 .993-.884L13 16l-.002-5.001-.007-.117a1 1 0 0 0-1.986 0l-.007.117L11 16l.007.117A1 1 0 0 0 12 17\" fill=\"currentColor\"><\/path><\/svg><\/div><\/button><\/div><\/div><div class=\"promotion-card\" style=\"background-image: url(https:\/\/bonuskongcasino.net\/wp-content\/uploads\/2026\/02\/bonuskong-rakeback.webp);\"><h2 class=\"promotion-card__title\">Rakeback<\/h2><label class=\"promotion-card__offer\">hasta el 17 %<\/label><label class=\"promotion-card__description\"><\/label><div class=\"promotion-card__actions\"><button data-item=\"payments_link\" data-group=\"website_links\" class=\"goto btn btn-orange rounded-pill fw-bold px-4 m-button m-gradient-border m-button--primary m-button--large promotion-button promotion-card__action-btn\" aria-label=\"Registrarse\"><div class=\"m-button-content\"><span class=\"promotion-button__content\">Registrarse<\/span><\/div><\/button><button data-item=\"http:\/\/bonus_link\" data-group=\"website_links\" class=\"goto m-button m-gradient-border m-button--secondary m-button--medium promotion-card__info-btn\" aria-label=\"More information\"><div class=\"m-button-content\"><svg viewBox=\"0 0 24 24\" fill=\"none\" xmlns=\"http:\/\/www.w3.org\/2000\/svg\" class=\"m-icon m-icon-loadable\" name=\"Attention\" loading=\"false\" aria-hidden=\"true\"><path d=\"M12 22C6.477 22 2 17.522 2 12S6.477 2 12 2s10 4.478 10 10-4.477 10-10 10m-.002-13.004a.999.999 0 1 0 0-1.997.999.999 0 0 0 0 1.997M12 17a1 1 0 0 0 .993-.884L13 16l-.002-5.001-.007-.117a1 1 0 0 0-1.986 0l-.007.117L11 16l.007.117A1 1 0 0 0 12 17\" fill=\"currentColor\"><\/path><\/svg><\/div><\/button><\/div><\/div><div class=\"promotion-card\" style=\"background-image: url(https:\/\/bonuskongcasino.net\/wp-content\/uploads\/2026\/02\/bonuskong-highroller.webp);\"><h2 class=\"promotion-card__title\">Bono Highroller<\/h2><label class=\"promotion-card__offer\">50 % hasta 500 \u20ac<\/label><label class=\"promotion-card__description\"><\/label><div class=\"promotion-card__actions\"><button data-item=\"payments_link\" data-group=\"website_links\" class=\"goto btn btn-orange rounded-pill fw-bold px-4 m-button m-gradient-border m-button--primary m-button--large promotion-button promotion-card__action-btn\" aria-label=\"Registrarse\"><div class=\"m-button-content\"><span class=\"promotion-button__content\">Registrarse<\/span><\/div><\/button><button data-item=\"http:\/\/bonus_link\" data-group=\"website_links\" class=\"goto m-button m-gradient-border m-button--secondary m-button--medium promotion-card__info-btn\" aria-label=\"More information\"><div class=\"m-button-content\"><svg viewBox=\"0 0 24 24\" fill=\"none\" xmlns=\"http:\/\/www.w3.org\/2000\/svg\" class=\"m-icon m-icon-loadable\" name=\"Attention\" loading=\"false\" aria-hidden=\"true\"><path d=\"M12 22C6.477 22 2 17.522 2 12S6.477 2 12 2s10 4.478 10 10-4.477 10-10 10m-.002-13.004a.999.999 0 1 0 0-1.997.999.999 0 0 0 0 1.997M12 17a1 1 0 0 0 .993-.884L13 16l-.002-5.001-.007-.117a1 1 0 0 0-1.986 0l-.007.117L11 16l.007.117A1 1 0 0 0 12 17\" fill=\"currentColor\"><\/path><\/svg><\/div><\/button><\/div><\/div><\/div><div class=\"scrollable-content-wrap my-5\"><div class=\"scrollable-content-inner\"><h2>Sistema de bonificaciones de Bonuskong<\/h2>\n<p>La selecci\u00f3n de bonificaciones de Bonuskong incluye opciones para usuarios nuevos y habituales. Todas ellas tienen diferentes reglas y recompensas. Garantizamos que todo el mundo encontrar\u00e1 algo adecuado a sus gustos y presupuesto. Lo primero que puedes recibir es la bonificaci\u00f3n de bienvenida con dinero en efectivo y giros gratis.<\/p>\n<p>Adem\u00e1s, los usuarios pueden acceder a promociones peri\u00f3dicas. Algunas de ellas son temporales, mientras que otras son estacionales y tienen una duraci\u00f3n limitada. Entre las ofertas actuales de Bonus Kong Casino, encontrar\u00e1s un reembolso semanal de hasta el 25 %. El porcentaje depende de tu nivel de fidelidad. Adem\u00e1s, hay un sistema de rakeback de hasta el 17 %. Los jugadores pueden recibirlo mensualmente, semanalmente o diariamente. Para aquellos a los que les gustan las grandes ganancias, hay una oferta para grandes apostadores del 50 % hasta 500 \u20ac.<\/p>\n<h2>Bonus Kong: paquete de bienvenida<\/h2>\n<p>Agradecemos que hayas elegido nuestra plataforma y hayas decidido registrarte. Por eso, despu\u00e9s de crear una cuenta y realizar el primer dep\u00f3sito, todos los nuevos usuarios reciben un paquete de bienvenida de hasta 1.500 \u20ac + 250 tiradas gratis. El bono de Bonuskong para nuevos clientes se dividir\u00e1 entre los tres primeros dep\u00f3sitos.<\/p>\n<table>\n<tbody>\n<tr>\n<td>Oferta por el primer dep\u00f3sito<\/td>\n<td>500 \u20ac + 150 tiradas gratis<\/td>\n<\/tr>\n<tr>\n<td>Oferta por el segundo dep\u00f3sito<\/td>\n<td>500 \u20ac + 100 tiradas gratis<\/td>\n<\/tr>\n<tr>\n<td>Oferta por el tercer dep\u00f3sito<\/td>\n<td>500 \u20ac<\/td>\n<\/tr>\n<\/tbody>\n<\/table>\n<p>Para activar la promoci\u00f3n, debes depositar al menos 20 \u20ac. Los giros gratis se acreditar\u00e1n a raz\u00f3n de 50 por d\u00eda. Se pueden utilizar en las tragamonedas online del proveedor de software BGaming. El requisito de apuesta de Bonuskong Casino es de x35. Solo despu\u00e9s de completar todos los t\u00e9rminos y condiciones, los jugadores pueden retirar las ganancias.<\/p>\n<h2>Lista de torneos y actividades<\/h2>\n<p>Adem\u00e1s de las opciones de bonificaci\u00f3n de Bonus Kong mencionadas anteriormente, tambi\u00e9n ofrecemos una amplia selecci\u00f3n de torneos. Cuentan con enormes botes y te permiten ocupar un lugar en la clasificaci\u00f3n. La mayor\u00eda de los eventos est\u00e1n dise\u00f1ados para tragamonedas en l\u00ednea y juegos con crupier en vivo. A continuaci\u00f3n, encontrar\u00e1s las opciones disponibles actualmente en Bonuskong:<\/p>\n<ul>\n<li>Torneo en vivo con un bote de premios de 10.000 \u20ac<\/li>\n<li>BGaming Drops con un bote de premios de 60.000 \u20ac<\/li>\n<li>Spinoleague con un bote de premios de 12.000.000 \u20ac<\/li>\n<\/ul>\n<p>Dependiendo de la opci\u00f3n elegida, habr\u00e1 diferentes reglas de participaci\u00f3n. Algunas de ellas requieren una cuota de participaci\u00f3n. Otros eventos en Bonuskong Casino est\u00e1n disponibles autom\u00e1ticamente cuando juegas a los t\u00edtulos requeridos.<\/p>\n<p>Si quieres probar algo diferente, tambi\u00e9n hay misiones de incorporaci\u00f3n y misiones regulares disponibles para todos los jugadores registrados. Tienes que completar sencillas tareas de Bonus Kong para ganar monedas. Con estas monedas puedes comprar recompensas exclusivas.<\/p>\n<h2>T\u00e9rminos y condiciones<\/h2>\n<p>Bonuskong Casino es una plataforma segura y justa. Te proporcionamos reglas claras para cada oferta de bonificaci\u00f3n espec\u00edfica. Puedes encontrarlas haciendo clic en la opci\u00f3n espec\u00edfica. La informaci\u00f3n general sobre las promociones de Bonuskong se encuentra en la p\u00e1gina de t\u00e9rminos y condiciones de las bonificaciones.<\/p>\n<p>Aunque ya tengas experiencia con los bonos en otro casino online, lee las reglas de cada opci\u00f3n espec\u00edfica en Bonuskong Casino, ya que pueden ser diferentes. El requisito general es que un usuario solo puede tener una promoci\u00f3n de dep\u00f3sito activa.<\/p>\n<p>La mayor\u00eda de los bonos tienen un per\u00edodo de validez de 7 a 14 d\u00edas. Por lo general, existe una regla sobre el dep\u00f3sito m\u00ednimo. La apuesta m\u00e1xima en nuestra plataforma es siempre de 5 \u20ac. La contribuci\u00f3n del juego muestra qu\u00e9 categor\u00edas de t\u00edtulos influyen en el resultado. El requisito de apuesta de Bonuskong tiene un papel importante, ya que explica cu\u00e1ntas veces se debe apostar el importe del bono antes de retirarlo.<\/p>\n<h2>Preguntas frecuentes<\/h2>\n<h3>\u00bfHay bonificaciones disponibles para los jugadores que regresan?<\/h3>\n<p>Estamos muy contentos de que hayas decidido volver a nuestra plataforma. Tendr\u00e1s a tu disposici\u00f3n todos los bonos de Bonus Kong, excepto el paquete de bienvenida.<\/p>\n<h3>\u00bfPuedo retirar las ganancias de un bono?<\/h3>\n<p>Todos los usuarios pueden retirar sus ganancias despu\u00e9s de completar todas las reglas del bono de Bonuskong. Es especialmente importante el requisito de apuesta, que ser\u00e1 de x35 o x40.<\/p>\n<h3>\u00bfPuedo tener m\u00e1s de un bono activo a la vez?<\/h3>\n<p>No permitimos que los jugadores tengan varios bonos de dep\u00f3sito activos. Debes cumplir los t\u00e9rminos de una oferta o puedes cancelarla para empezar con la siguiente. Esta regla no se aplica a los torneos y misiones.<\/p>\n<\/div><\/div><\/p>\n","protected":false},"excerpt":{"rendered":"<p>Bonificaciones de Bonuskong Podemos hacer que su experiencia sea m\u00e1s agradable y rentable con la colecci\u00f3n de Bonuskong bonus. Al activar una promoci\u00f3n, puede obtener fondos de bonificaci\u00f3n, giros gratis, monedas y rondas adicionales. Todas las ofertas tienen t\u00e9rminos y condiciones claros que debe leer antes de elegir una de ellas. Despu\u00e9s del registro, todos [&hellip;]<\/p>\n","protected":false},"author":9,"featured_media":0,"parent":0,"menu_order":0,"comment_status":"closed","ping_status":"closed","template":"template-builder.php","meta":{"_acf_changed":false,"inline_featured_image":false,"footnotes":""},"class_list":["post-1434","page","type-page","status-publish","hentry"],"acf":[],"yoast_head":"<!-- This site is optimized with the Yoast SEO plugin v24.4 - https:\/\/yoast.com\/wordpress\/plugins\/seo\/ -->\n<title>Bonuskong Casino Bonus | Bonos de Bienvenida y Promociones<\/title>\n<meta name=\"description\" content=\"Bonuskong Casino Bonus \u2013 descubre bonos de bienvenida, recargas, giros gratis y promociones activas. Disfruta de cashback y ofertas especiales de temporada en Bonus Kong.\" \/>\n<meta name=\"robots\" content=\"index, follow, max-snippet:-1, max-image-preview:large, max-video-preview:-1\" \/>\n<link rel=\"canonical\" href=\"https:\/\/bonuskongcasino.net\/es\/bonificacion\/\" \/>\n<meta property=\"og:locale\" content=\"es_ES\" \/>\n<meta property=\"og:type\" content=\"article\" \/>\n<meta property=\"og:title\" content=\"Bonuskong Casino Bonus | Bonos de Bienvenida y Promociones\" \/>\n<meta property=\"og:description\" content=\"Bonuskong Casino Bonus \u2013 descubre bonos de bienvenida, recargas, giros gratis y promociones activas. Disfruta de cashback y ofertas especiales de temporada en Bonus Kong.\" \/>\n<meta property=\"og:url\" content=\"https:\/\/bonuskongcasino.net\/es\/bonificacion\/\" \/>\n<meta property=\"og:site_name\" content=\"bonuskong\" \/>\n<meta property=\"article:modified_time\" content=\"2026-02-12T10:48:06+00:00\" \/>\n<meta name=\"twitter:card\" content=\"summary_large_image\" \/>\n<meta name=\"twitter:label1\" content=\"Est. reading time\" \/>\n\t<meta name=\"twitter:data1\" content=\"1 minute\" \/>\n<script type=\"application\/ld+json\" class=\"yoast-schema-graph\">{\"@context\":\"https:\/\/schema.org\",\"@graph\":[{\"@type\":\"WebPage\",\"@id\":\"https:\/\/bonuskongcasino.net\/es\/bonificacion\/\",\"url\":\"https:\/\/bonuskongcasino.net\/es\/bonificacion\/\",\"name\":\"Bonuskong Casino Bonus | Bonos de Bienvenida y Promociones\",\"isPartOf\":{\"@id\":\"https:\/\/bonuskongcasino.net\/es\/#website\"},\"datePublished\":\"2026-02-12T06:38:26+00:00\",\"dateModified\":\"2026-02-12T10:48:06+00:00\",\"description\":\"Bonuskong Casino Bonus \u2013 descubre bonos de bienvenida, recargas, giros gratis y promociones activas. Disfruta de cashback y ofertas especiales de temporada en Bonus Kong.\",\"breadcrumb\":{\"@id\":\"https:\/\/bonuskongcasino.net\/es\/bonificacion\/#breadcrumb\"},\"inLanguage\":\"es-ES\",\"potentialAction\":[{\"@type\":\"ReadAction\",\"target\":[\"https:\/\/bonuskongcasino.net\/es\/bonificacion\/\"]}]},{\"@type\":\"BreadcrumbList\",\"@id\":\"https:\/\/bonuskongcasino.net\/es\/bonificacion\/#breadcrumb\",\"itemListElement\":[{\"@type\":\"ListItem\",\"position\":1,\"name\":\"Bonuskong\",\"item\":\"https:\/\/bonuskongcasino.net\/es\/\"},{\"@type\":\"ListItem\",\"position\":2,\"name\":\"Bonificaci\u00f3n\"}]},{\"@type\":\"WebSite\",\"@id\":\"https:\/\/bonuskongcasino.net\/es\/#website\",\"url\":\"https:\/\/bonuskongcasino.net\/es\/\",\"name\":\"Bonuskong\",\"description\":\"\",\"publisher\":{\"@id\":\"https:\/\/bonuskongcasino.net\/es\/#organization\"},\"potentialAction\":[{\"@type\":\"SearchAction\",\"target\":{\"@type\":\"EntryPoint\",\"urlTemplate\":\"https:\/\/bonuskongcasino.net\/es\/?s={search_term_string}\"},\"query-input\":{\"@type\":\"PropertyValueSpecification\",\"valueRequired\":true,\"valueName\":\"search_term_string\"}}],\"inLanguage\":\"es-ES\"},{\"@type\":\"Organization\",\"@id\":\"https:\/\/bonuskongcasino.net\/es\/#organization\",\"name\":\"Bonuskong\",\"url\":\"https:\/\/bonuskongcasino.net\/es\/\",\"logo\":{\"@type\":\"ImageObject\",\"inLanguage\":\"es-ES\",\"@id\":\"https:\/\/bonuskongcasino.net\/es\/#\/schema\/logo\/image\/\",\"url\":\"https:\/\/bonuskongcasino.net\/wp-content\/uploads\/2026\/02\/Bonuskong-logo.png\",\"contentUrl\":\"https:\/\/bonuskongcasino.net\/wp-content\/uploads\/2026\/02\/Bonuskong-logo.png\",\"width\":60,\"height\":24,\"caption\":\"Bonuskong\"},\"image\":{\"@id\":\"https:\/\/bonuskongcasino.net\/es\/#\/schema\/logo\/image\/\"}}]}<\/script>\n<!-- \/ Yoast SEO plugin. -->","yoast_head_json":{"title":"Bonuskong Casino Bonus | Bonos de Bienvenida y Promociones","description":"Bonuskong Casino Bonus \u2013 descubre bonos de bienvenida, recargas, giros gratis y promociones activas. Disfruta de cashback y ofertas especiales de temporada en Bonus Kong.","robots":{"index":"index","follow":"follow","max-snippet":"max-snippet:-1","max-image-preview":"max-image-preview:large","max-video-preview":"max-video-preview:-1"},"canonical":"https:\/\/bonuskongcasino.net\/es\/bonificacion\/","og_locale":"es_ES","og_type":"article","og_title":"Bonuskong Casino Bonus | Bonos de Bienvenida y Promociones","og_description":"Bonuskong Casino Bonus \u2013 descubre bonos de bienvenida, recargas, giros gratis y promociones activas. Disfruta de cashback y ofertas especiales de temporada en Bonus Kong.","og_url":"https:\/\/bonuskongcasino.net\/es\/bonificacion\/","og_site_name":"bonuskong","article_modified_time":"2026-02-12T10:48:06+00:00","twitter_card":"summary_large_image","twitter_misc":{"Est. reading time":"1 minute"},"schema":{"@context":"https:\/\/schema.org","@graph":[{"@type":"WebPage","@id":"https:\/\/bonuskongcasino.net\/es\/bonificacion\/","url":"https:\/\/bonuskongcasino.net\/es\/bonificacion\/","name":"Bonuskong Casino Bonus | Bonos de Bienvenida y Promociones","isPartOf":{"@id":"https:\/\/bonuskongcasino.net\/es\/#website"},"datePublished":"2026-02-12T06:38:26+00:00","dateModified":"2026-02-12T10:48:06+00:00","description":"Bonuskong Casino Bonus \u2013 descubre bonos de bienvenida, recargas, giros gratis y promociones activas. Disfruta de cashback y ofertas especiales de temporada en Bonus Kong.","breadcrumb":{"@id":"https:\/\/bonuskongcasino.net\/es\/bonificacion\/#breadcrumb"},"inLanguage":"es-ES","potentialAction":[{"@type":"ReadAction","target":["https:\/\/bonuskongcasino.net\/es\/bonificacion\/"]}]},{"@type":"BreadcrumbList","@id":"https:\/\/bonuskongcasino.net\/es\/bonificacion\/#breadcrumb","itemListElement":[{"@type":"ListItem","position":1,"name":"Bonuskong","item":"https:\/\/bonuskongcasino.net\/es\/"},{"@type":"ListItem","position":2,"name":"Bonificaci\u00f3n"}]},{"@type":"WebSite","@id":"https:\/\/bonuskongcasino.net\/es\/#website","url":"https:\/\/bonuskongcasino.net\/es\/","name":"Bonuskong","description":"","publisher":{"@id":"https:\/\/bonuskongcasino.net\/es\/#organization"},"potentialAction":[{"@type":"SearchAction","target":{"@type":"EntryPoint","urlTemplate":"https:\/\/bonuskongcasino.net\/es\/?s={search_term_string}"},"query-input":{"@type":"PropertyValueSpecification","valueRequired":true,"valueName":"search_term_string"}}],"inLanguage":"es-ES"},{"@type":"Organization","@id":"https:\/\/bonuskongcasino.net\/es\/#organization","name":"Bonuskong","url":"https:\/\/bonuskongcasino.net\/es\/","logo":{"@type":"ImageObject","inLanguage":"es-ES","@id":"https:\/\/bonuskongcasino.net\/es\/#\/schema\/logo\/image\/","url":"https:\/\/bonuskongcasino.net\/wp-content\/uploads\/2026\/02\/Bonuskong-logo.png","contentUrl":"https:\/\/bonuskongcasino.net\/wp-content\/uploads\/2026\/02\/Bonuskong-logo.png","width":60,"height":24,"caption":"Bonuskong"},"image":{"@id":"https:\/\/bonuskongcasino.net\/es\/#\/schema\/logo\/image\/"}}]}},"_links":{"self":[{"href":"https:\/\/bonuskongcasino.net\/es\/wp-json\/wp\/v2\/pages\/1434"}],"collection":[{"href":"https:\/\/bonuskongcasino.net\/es\/wp-json\/wp\/v2\/pages"}],"about":[{"href":"https:\/\/bonuskongcasino.net\/es\/wp-json\/wp\/v2\/types\/page"}],"author":[{"embeddable":true,"href":"https:\/\/bonuskongcasino.net\/es\/wp-json\/wp\/v2\/users\/9"}],"replies":[{"embeddable":true,"href":"https:\/\/bonuskongcasino.net\/es\/wp-json\/wp\/v2\/comments?post=1434"}],"version-history":[{"count":2,"href":"https:\/\/bonuskongcasino.net\/es\/wp-json\/wp\/v2\/pages\/1434\/revisions"}],"predecessor-version":[{"id":1801,"href":"https:\/\/bonuskongcasino.net\/es\/wp-json\/wp\/v2\/pages\/1434\/revisions\/1801"}],"wp:attachment":[{"href":"https:\/\/bonuskongcasino.net\/es\/wp-json\/wp\/v2\/media?parent=1434"}],"curies":[{"name":"wp","href":"https:\/\/api.w.org\/{rel}","templated":true}]}}