{"id":1422,"date":"2026-02-12T06:26:05","date_gmt":"2026-02-12T06:26:05","guid":{"rendered":"https:\/\/bonuskongcasino.net\/app-2\/"},"modified":"2026-02-12T10:37:22","modified_gmt":"2026-02-12T10:37:22","slug":"aplicacion","status":"publish","type":"page","link":"https:\/\/bonuskongcasino.net\/es\/aplicacion\/","title":{"rendered":"Aplicaci\u00f3n"},"content":{"rendered":"<h1>Aplicaci\u00f3n Bonuskong<\/h1>\n<p>Es dif\u00edcil imaginar el mundo moderno sin tel\u00e9fonos inteligentes y la oportunidad de utilizar todas tus fuentes favoritas en un dispositivo m\u00f3vil. Por eso ofrecemos a todos nuestros clientes espa\u00f1oles la Bonuskong App. Est\u00e1 disponible en todos los dispositivos Android e iOS. Puedes instalarla f\u00e1cilmente directamente desde nuestro sitio web. En el software m\u00f3vil, los usuarios encontrar\u00e1n todas sus funciones favoritas, como t\u00edtulos, bonificaciones, pagos y servicio de atenci\u00f3n al cliente.<\/p>\n<div class=\"banner-wrap\" aria-label=\"Banner\"><img src=\"https:\/\/bonuskongcasino.net\/wp-content\/uploads\/2026\/02\/bonuskong-desktop-banner.webp\" class=\"w-100 d-none d-lg-block img-pc main-banner-img\" alt=\"Bonuskong desktop banner\" fetchpriority=\"high\" decoding=\"async\"><img src=\"https:\/\/bonuskongcasino.net\/wp-content\/uploads\/2026\/02\/bonuskong-mobile.webp\" class=\"w-100 d-none d-md-block d-lg-none main-banner-img\" alt=\"Bonuskong banner mobile\" fetchpriority=\"high\" decoding=\"async\"><img src=\"https:\/\/bonuskongcasino.net\/wp-content\/uploads\/2026\/02\/bonuskong-mobile.webp\" class=\"w-100 d-md-none\" alt=\"Bonuskong banner mobile\" fetchpriority=\"high\" decoding=\"async\"><div class=\"banner-description\">\n<div class=\"banner-title\">Bonos de bienvenida<\/div>\n<p class=\"banner-header-title\">\u20ac1,500<\/p>\n<div class=\"banner-header-AdditionalText\">+ 250 Tiradas gratis<\/div>\n<button data-item=\"homepage_banner_link\" class=\"goto m-button m-gradient-border m-button--primary m-button--large banner-button btn-orange\">\n            <div class=\"m-button-content\">\n                <span>Reg\u00edstrate ahora<\/span>\n                <span><\/span>\n            <\/div>\n        <\/button>\n<\/div>\n<div class=\"WelcomePack\">\n<p><img loading=\"lazy\" decoding=\"async\" class=\"alignnone size-full wp-image-1386\" src=\"https:\/\/bonuskongcasino.net\/wp-content\/uploads\/2026\/02\/welcome-crown.png\" alt=\"welcome crown\" width=\"25\" height=\"26\" \/><\/p>\n<div class=\"WelcomePack-Info\">Reembolso semanal de hasta el 25 %<\/div>\n<p><img loading=\"lazy\" decoding=\"async\" class=\"alignnone size-full wp-image-1386\" src=\"https:\/\/bonuskongcasino.net\/wp-content\/uploads\/2026\/02\/welcome-crown.png\" alt=\"welcome crown\" width=\"25\" height=\"26\" \/><\/p>\n<\/div>\n<\/div>\n<h2>Caracter\u00edsticas de la aplicaci\u00f3n Bonuskong<\/h2>\n<p>Para la mayor\u00eda de los sitios web, es imprescindible tener una versi\u00f3n m\u00f3vil o una aplicaci\u00f3n dedicada. Esto ayuda a los usuarios a permanecer en l\u00ednea dondequiera que est\u00e9n. Bonuskong Casino ofrece tanto la versi\u00f3n para navegadores m\u00f3viles como el software m\u00f3vil. Aqu\u00ed encontrar\u00e1s todas las funciones disponibles en el PC o el port\u00e1til.<\/p>\n<p>La aplicaci\u00f3n Bonus Kong se puede instalar directamente desde nuestro sitio web en pocos minutos. Est\u00e1 disponible en todos los dispositivos Android e iOS modernos, incluidos los tel\u00e9fonos inteligentes y las tabletas. Nuestro software m\u00f3vil solo solicita permisos esenciales, como el acceso a Internet para jugar en tiempo real y notificaciones de actualizaciones importantes de la cuenta o promociones. Todas las interacciones en Bonuskong est\u00e1n protegidas por conexiones cifradas para evitar el acceso no autorizado o la interceptaci\u00f3n de datos.<\/p>\n<p>La siguiente tabla muestra la diferencia entre utilizar el sitio web en un PC y la aplicaci\u00f3n Bonuskong en un dispositivo m\u00f3vil.<\/p>\n<table>\n<tbody>\n<tr>\n<td>Caracter\u00edstica<\/td>\n<td>Versi\u00f3n para navegador de PC<\/td>\n<td>Software m\u00f3vil<\/td>\n<\/tr>\n<tr>\n<td>Instalaci\u00f3n<\/td>\n<td>No requiere instalaci\u00f3n.<\/td>\n<td>Instalaci\u00f3n ligera sin necesidad de App Store ni Google Play.<\/td>\n<\/tr>\n<tr>\n<td>Dise\u00f1o de la interfaz<\/td>\n<td>Optimizada para pantallas grandes con men\u00fas ampliados y un panel de navegaci\u00f3n completo.<\/td>\n<td>Dise\u00f1o optimizado para pantallas t\u00e1ctiles con men\u00fas simplificados y desplazamiento vertical.<\/td>\n<\/tr>\n<tr>\n<td>Actualizaciones<\/td>\n<td>Autom\u00e1ticas cuando se actualiza el sitio web.<\/td>\n<td>Se actualiza autom\u00e1ticamente en segundo plano sin necesidad de descargas manuales.<\/td>\n<\/tr>\n<tr>\n<td>Notificaciones<\/td>\n<td>Notificaciones limitadas del navegador.<\/td>\n<td>Notificaciones push compatibles (bonificaciones, torneos, alertas).<\/td>\n<\/tr>\n<tr>\n<td>Comodidad<\/td>\n<td>Ideal para sesiones m\u00e1s largas y navegaci\u00f3n con varias pesta\u00f1as.<\/td>\n<td>Acceso r\u00e1pido a trav\u00e9s del icono de la pantalla de inicio, dise\u00f1ado para jugar sobre la marcha.<\/td>\n<\/tr>\n<\/tbody>\n<\/table>\n<p><div class=\"scrollable-content-wrap my-5\"><div class=\"scrollable-content-inner\"><h2>Aplicaci\u00f3n Bonuskong para Android<\/h2>\n<p>Te garantizamos que tu experiencia de juego mejorar\u00e1 con nuestra aplicaci\u00f3n para Android. No es necesario instalar ning\u00fan archivo APK de Bonus Kong ni crear cuentas en tiendas de aplicaciones. Te ofrecemos una aplicaci\u00f3n web progresiva (PWA) que no ocupa mucho espacio en el almacenamiento de tu dispositivo. El proceso es totalmente seguro y nuestro equipo lo comprueba peri\u00f3dicamente.<\/p>\n<p>En la aplicaci\u00f3n encontrar\u00e1s toda la colecci\u00f3n de juegos con miles de t\u00edtulos, incluyendo tragamonedas online, juegos de mesa, opciones con crupier en vivo, etc. En general, al utilizar un smartphone o una tableta, no tendr\u00e1s ninguna limitaci\u00f3n, ya que todas las funcionalidades de Bonuskong Casino est\u00e1n disponibles aqu\u00ed.<\/p>\n<p>Si est\u00e1s listo para probar la aplicaci\u00f3n Bonuskong, sigue nuestras instrucciones a continuaci\u00f3n:<\/p>\n<ol>\n<li>Los usuarios deben visitar nuestro sitio web oficial en un dispositivo m\u00f3vil.<\/li>\n<li>En la barra de direcciones, debe buscar y hacer clic en el bot\u00f3n \u00abM\u00e1s\u00bb. Tiene el aspecto de tres puntos verticales.<\/li>\n<li>Entre las opciones disponibles, debes seleccionar \u00abA\u00f1adir a la pantalla de inicio\u00bb.<\/li>\n<li>Los usuarios pueden personalizar el nombre y la apariencia del icono.<\/li>\n<li>Haga clic en \u00abA\u00f1adir\u00bb para completar el proceso y crear un icono de Bonus Kong en su pantalla de inicio.<\/li>\n<\/ol>\n<p><img loading=\"lazy\" decoding=\"async\" src=\"https:\/\/bonuskongcasino.net\/wp-content\/uploads\/2026\/02\/Bonuskong-Android.webp\" alt=\"Bonuskong Android\" width=\"1248\" height=\"536\" \/><\/p>\n<\/div><\/div><div style=\"clear: both\"><\/div><div class=\"d-flex justify-content-center\"><button data-item=\"decouvrez_link\" data-group=\"website_links\" class=\"goto fw-bold rounded-pill btn btn-orange\" aria-label=\"Descarga la aplicaci\u00f3n Bonuskong\" >Descarga la aplicaci\u00f3n Bonuskong<\/button><\/div><div class=\"scrollable-content-wrap my-5\"><div class=\"scrollable-content-inner\"><h2>Aplicaci\u00f3n Bonuskong \u2013 iOS<\/h2>\n<p>M\u00e1s de la mitad de nuestros usuarios de iOS prefieren jugar sobre la marcha. Con Bonuskong Casino, esto es posible y muy c\u00f3modo. La primera opci\u00f3n es utilizar la versi\u00f3n para navegadores m\u00f3viles. Para ello, solo tienes que visitar nuestra p\u00e1gina web oficial en Safari o Google Chrome. La p\u00e1gina web de Bonuskong se adaptar\u00e1 al tama\u00f1o de la pantalla y a tus preferencias.<\/p>\n<p>Otra opci\u00f3n para los usuarios de iOS es la aplicaci\u00f3n Bonuskong. La hemos desarrollado utilizando t\u00e9cnicas avanzadas de control t\u00e1ctil, lo que permite a los usuarios acceder a todos sus juegos favoritos y otras funciones sin interrupciones. Nuestro casino m\u00f3vil es totalmente seguro. Utilizamos el innovador cifrado 1.3 TLS para mantener a salvo su informaci\u00f3n personal y financiera.<\/p>\n<p>El proceso de instalaci\u00f3n es sencillo y simple, incluso para los principiantes. Si utiliza Safari, solo tiene que hacer clic en el bot\u00f3n \u00abCompartir\u00bb y seleccionar \u00abA\u00f1adir a la pantalla de inicio\u00bb. En cuesti\u00f3n de segundos, el icono de Bonus Kong Casino aparecer\u00e1 en su pantalla principal. Los jugadores pueden moverlo y colocarlo en cualquier lugar de su pantalla.<\/p>\n<p><img loading=\"lazy\" decoding=\"async\" src=\"https:\/\/bonuskongcasino.net\/wp-content\/uploads\/2026\/02\/Bonuskong-iOS.webp\" alt=\"Bonuskong iOS\" width=\"1248\" height=\"536\" \/><\/p>\n<\/div><\/div><div style=\"clear: both\"><\/div><div class=\"d-flex justify-content-center\"><button data-item=\"decouvrez_link\" data-group=\"website_links\" class=\"goto fw-bold rounded-pill btn btn-orange\" aria-label=\"Descargar Bonuskong\" >Descargar Bonuskong<\/button><\/div><div class=\"scrollable-content-wrap my-5\"><div class=\"scrollable-content-inner\"><h2>Bonus Kong Casino: versi\u00f3n de escritorio<\/h2>\n<p>Si prefieres jugar de forma m\u00e1s cl\u00e1sica en un PC o port\u00e1til, tampoco hay problema con Bonuskong. Puedes acceder a nuestro sitio web desde cualquier navegador que prefieras. La plataforma est\u00e1 optimizada para todos los tama\u00f1os de pantalla. No limitamos tu forma de jugar. Los usuarios pueden utilizar f\u00e1cilmente sus tel\u00e9fonos inteligentes mientras se desplazan y cambiar a un PC en casa. Despu\u00e9s de iniciar sesi\u00f3n, todas tus preferencias se sincronizar\u00e1n entre los dispositivos.<\/p>\n<p>Para un acceso m\u00e1s r\u00e1pido, siempre puedes instalar el icono de acceso directo. Esto te permitir\u00e1 abrir nuestra plataforma Bonuskong Casino con un solo clic sin tener que visitar tu navegador. Si tienes alg\u00fan problema al utilizar el sitio web o la aplicaci\u00f3n en el ordenador o el m\u00f3vil, siempre puedes ponerte en contacto con nuestro equipo de asistencia a trav\u00e9s del chat en vivo o del correo electr\u00f3nico.<\/p>\n<h3>Seguridad y juego limpio<\/h3>\n<p>Independientemente de la plataforma o el dispositivo que utilices, daremos prioridad a tu seguridad. En el software m\u00f3vil, ciframos y tokenizamos todos tus datos de pago. Adem\u00e1s, en Bonuskong utilizamos el intercambio seguro de claves RSA-2048+. Para garantizar el juego limpio, todos nuestros t\u00edtulos cuentan con RNG certificados.<\/p>\n<p>Adem\u00e1s, pedimos a todos nuestros usuarios de escritorio y m\u00f3viles que completen un sencillo proceso de verificaci\u00f3n. Si quieres que tu perfil sea m\u00e1s seguro, siempre puedes habilitar la autenticaci\u00f3n de dos factores.<\/p>\n<p><img loading=\"lazy\" decoding=\"async\" src=\"https:\/\/bonuskongcasino.net\/wp-content\/uploads\/2026\/02\/Bonuskong-Desktop.webp\" alt=\"Bonuskong Desktop\" width=\"1248\" height=\"536\" \/><\/p>\n<\/div><\/div><div style=\"clear: both\"><\/div><div class=\"d-flex justify-content-center\"><button data-item=\"decouvrez_link\" data-group=\"website_links\" class=\"goto fw-bold rounded-pill btn btn-orange\" aria-label=\"Descarga la aplicaci\u00f3n Bonuskong\" >Descarga la aplicaci\u00f3n Bonuskong<\/button><\/div><div class=\"scrollable-content-wrap my-5\"><div class=\"scrollable-content-inner\"><h2>Preguntas frecuentes<\/h2>\n<h3>\u00bfLa aplicaci\u00f3n Bonuskong Casino est\u00e1 optimizada para tabletas y pantallas m\u00e1s grandes?<\/h3>\n<p>La aplicaci\u00f3n Bonuskong Casino est\u00e1 optimizada para todas las tabletas y dispositivos con pantallas m\u00e1s grandes. Utilizamos funciones especiales de control t\u00e1ctil, desplazamiento y deslizamiento para que puedas disfrutar de los procesos en cualquier dispositivo.<\/p>\n<h3>\u00bfPuedo cambiar f\u00e1cilmente entre la aplicaci\u00f3n y la versi\u00f3n de escritorio?<\/h3>\n<p>Los usuarios pueden elegir el dispositivo que prefieran, dependiendo de la situaci\u00f3n. Despu\u00e9s de iniciar sesi\u00f3n en su cuenta, su saldo, preferencias y logros se sincronizan. Lo importante es no utilizar varios dispositivos al mismo tiempo.<\/p>\n<h3>\u00bfTodos los juegos de Bonus Kong est\u00e1n disponibles en la aplicaci\u00f3n?<\/h3>\n<p>Toda la colecci\u00f3n de t\u00edtulos est\u00e1 disponible en la aplicaci\u00f3n Bonuskong. Encontrar\u00e1s tragamonedas populares, opciones de casino en vivo, juegos de mesa y juegos con premios instant\u00e1neos. Nuestros proveedores de software los desarrollan para que est\u00e9n optimizados para todos los dispositivos m\u00f3viles modernos.<\/p>\n<\/div><\/div><\/p>\n","protected":false},"excerpt":{"rendered":"<p>Aplicaci\u00f3n Bonuskong Es dif\u00edcil imaginar el mundo moderno sin tel\u00e9fonos inteligentes y la oportunidad de utilizar todas tus fuentes favoritas en un dispositivo m\u00f3vil. Por eso ofrecemos a todos nuestros clientes espa\u00f1oles la Bonuskong App. Est\u00e1 disponible en todos los dispositivos Android e iOS. Puedes instalarla f\u00e1cilmente directamente desde nuestro sitio web. En el software [&hellip;]<\/p>\n","protected":false},"author":9,"featured_media":0,"parent":0,"menu_order":0,"comment_status":"closed","ping_status":"closed","template":"template-builder.php","meta":{"_acf_changed":false,"inline_featured_image":false,"footnotes":""},"class_list":["post-1422","page","type-page","status-publish","hentry"],"acf":[],"yoast_head":"<!-- This site is optimized with the Yoast SEO plugin v24.4 - https:\/\/yoast.com\/wordpress\/plugins\/seo\/ -->\n<title>Bonuskong Login \u2013 Acceso Seguro a tu Cuenta de Casino<\/title>\n<meta name=\"description\" content=\"Bonuskong Login \u2013 entra de forma segura a tu cuenta de casino con inicio cifrado y verificaci\u00f3n r\u00e1pida. Gestiona seguridad, perfil y contrase\u00f1a en Bonus Kong.\" \/>\n<meta name=\"robots\" content=\"index, follow, max-snippet:-1, max-image-preview:large, max-video-preview:-1\" \/>\n<link rel=\"canonical\" href=\"https:\/\/bonuskongcasino.net\/es\/aplicacion\/\" \/>\n<meta property=\"og:locale\" content=\"es_ES\" \/>\n<meta property=\"og:type\" content=\"article\" \/>\n<meta property=\"og:title\" content=\"Bonuskong Login \u2013 Acceso Seguro a tu Cuenta de Casino\" \/>\n<meta property=\"og:description\" content=\"Bonuskong Login \u2013 entra de forma segura a tu cuenta de casino con inicio cifrado y verificaci\u00f3n r\u00e1pida. Gestiona seguridad, perfil y contrase\u00f1a en Bonus Kong.\" \/>\n<meta property=\"og:url\" content=\"https:\/\/bonuskongcasino.net\/es\/aplicacion\/\" \/>\n<meta property=\"og:site_name\" content=\"bonuskong\" \/>\n<meta property=\"article:modified_time\" content=\"2026-02-12T10:37:22+00:00\" \/>\n<meta name=\"twitter:card\" content=\"summary_large_image\" \/>\n<meta name=\"twitter:label1\" content=\"Est. reading time\" \/>\n\t<meta name=\"twitter:data1\" content=\"2 minutes\" \/>\n<script type=\"application\/ld+json\" class=\"yoast-schema-graph\">{\"@context\":\"https:\/\/schema.org\",\"@graph\":[{\"@type\":\"WebPage\",\"@id\":\"https:\/\/bonuskongcasino.net\/es\/aplicacion\/\",\"url\":\"https:\/\/bonuskongcasino.net\/es\/aplicacion\/\",\"name\":\"Bonuskong Login \u2013 Acceso Seguro a tu Cuenta de Casino\",\"isPartOf\":{\"@id\":\"https:\/\/bonuskongcasino.net\/es\/#website\"},\"datePublished\":\"2026-02-12T06:26:05+00:00\",\"dateModified\":\"2026-02-12T10:37:22+00:00\",\"description\":\"Bonuskong Login \u2013 entra de forma segura a tu cuenta de casino con inicio cifrado y verificaci\u00f3n r\u00e1pida. Gestiona seguridad, perfil y contrase\u00f1a en Bonus Kong.\",\"breadcrumb\":{\"@id\":\"https:\/\/bonuskongcasino.net\/es\/aplicacion\/#breadcrumb\"},\"inLanguage\":\"es-ES\",\"potentialAction\":[{\"@type\":\"ReadAction\",\"target\":[\"https:\/\/bonuskongcasino.net\/es\/aplicacion\/\"]}]},{\"@type\":\"BreadcrumbList\",\"@id\":\"https:\/\/bonuskongcasino.net\/es\/aplicacion\/#breadcrumb\",\"itemListElement\":[{\"@type\":\"ListItem\",\"position\":1,\"name\":\"Bonuskong\",\"item\":\"https:\/\/bonuskongcasino.net\/es\/\"},{\"@type\":\"ListItem\",\"position\":2,\"name\":\"Aplicaci\u00f3n\"}]},{\"@type\":\"WebSite\",\"@id\":\"https:\/\/bonuskongcasino.net\/es\/#website\",\"url\":\"https:\/\/bonuskongcasino.net\/es\/\",\"name\":\"Bonuskong\",\"description\":\"\",\"publisher\":{\"@id\":\"https:\/\/bonuskongcasino.net\/es\/#organization\"},\"potentialAction\":[{\"@type\":\"SearchAction\",\"target\":{\"@type\":\"EntryPoint\",\"urlTemplate\":\"https:\/\/bonuskongcasino.net\/es\/?s={search_term_string}\"},\"query-input\":{\"@type\":\"PropertyValueSpecification\",\"valueRequired\":true,\"valueName\":\"search_term_string\"}}],\"inLanguage\":\"es-ES\"},{\"@type\":\"Organization\",\"@id\":\"https:\/\/bonuskongcasino.net\/es\/#organization\",\"name\":\"Bonuskong\",\"url\":\"https:\/\/bonuskongcasino.net\/es\/\",\"logo\":{\"@type\":\"ImageObject\",\"inLanguage\":\"es-ES\",\"@id\":\"https:\/\/bonuskongcasino.net\/es\/#\/schema\/logo\/image\/\",\"url\":\"https:\/\/bonuskongcasino.net\/wp-content\/uploads\/2026\/02\/Bonuskong-logo.png\",\"contentUrl\":\"https:\/\/bonuskongcasino.net\/wp-content\/uploads\/2026\/02\/Bonuskong-logo.png\",\"width\":60,\"height\":24,\"caption\":\"Bonuskong\"},\"image\":{\"@id\":\"https:\/\/bonuskongcasino.net\/es\/#\/schema\/logo\/image\/\"}}]}<\/script>\n<!-- \/ Yoast SEO plugin. -->","yoast_head_json":{"title":"Bonuskong Login \u2013 Acceso Seguro a tu Cuenta de Casino","description":"Bonuskong Login \u2013 entra de forma segura a tu cuenta de casino con inicio cifrado y verificaci\u00f3n r\u00e1pida. Gestiona seguridad, perfil y contrase\u00f1a en Bonus Kong.","robots":{"index":"index","follow":"follow","max-snippet":"max-snippet:-1","max-image-preview":"max-image-preview:large","max-video-preview":"max-video-preview:-1"},"canonical":"https:\/\/bonuskongcasino.net\/es\/aplicacion\/","og_locale":"es_ES","og_type":"article","og_title":"Bonuskong Login \u2013 Acceso Seguro a tu Cuenta de Casino","og_description":"Bonuskong Login \u2013 entra de forma segura a tu cuenta de casino con inicio cifrado y verificaci\u00f3n r\u00e1pida. Gestiona seguridad, perfil y contrase\u00f1a en Bonus Kong.","og_url":"https:\/\/bonuskongcasino.net\/es\/aplicacion\/","og_site_name":"bonuskong","article_modified_time":"2026-02-12T10:37:22+00:00","twitter_card":"summary_large_image","twitter_misc":{"Est. reading time":"2 minutes"},"schema":{"@context":"https:\/\/schema.org","@graph":[{"@type":"WebPage","@id":"https:\/\/bonuskongcasino.net\/es\/aplicacion\/","url":"https:\/\/bonuskongcasino.net\/es\/aplicacion\/","name":"Bonuskong Login \u2013 Acceso Seguro a tu Cuenta de Casino","isPartOf":{"@id":"https:\/\/bonuskongcasino.net\/es\/#website"},"datePublished":"2026-02-12T06:26:05+00:00","dateModified":"2026-02-12T10:37:22+00:00","description":"Bonuskong Login \u2013 entra de forma segura a tu cuenta de casino con inicio cifrado y verificaci\u00f3n r\u00e1pida. Gestiona seguridad, perfil y contrase\u00f1a en Bonus Kong.","breadcrumb":{"@id":"https:\/\/bonuskongcasino.net\/es\/aplicacion\/#breadcrumb"},"inLanguage":"es-ES","potentialAction":[{"@type":"ReadAction","target":["https:\/\/bonuskongcasino.net\/es\/aplicacion\/"]}]},{"@type":"BreadcrumbList","@id":"https:\/\/bonuskongcasino.net\/es\/aplicacion\/#breadcrumb","itemListElement":[{"@type":"ListItem","position":1,"name":"Bonuskong","item":"https:\/\/bonuskongcasino.net\/es\/"},{"@type":"ListItem","position":2,"name":"Aplicaci\u00f3n"}]},{"@type":"WebSite","@id":"https:\/\/bonuskongcasino.net\/es\/#website","url":"https:\/\/bonuskongcasino.net\/es\/","name":"Bonuskong","description":"","publisher":{"@id":"https:\/\/bonuskongcasino.net\/es\/#organization"},"potentialAction":[{"@type":"SearchAction","target":{"@type":"EntryPoint","urlTemplate":"https:\/\/bonuskongcasino.net\/es\/?s={search_term_string}"},"query-input":{"@type":"PropertyValueSpecification","valueRequired":true,"valueName":"search_term_string"}}],"inLanguage":"es-ES"},{"@type":"Organization","@id":"https:\/\/bonuskongcasino.net\/es\/#organization","name":"Bonuskong","url":"https:\/\/bonuskongcasino.net\/es\/","logo":{"@type":"ImageObject","inLanguage":"es-ES","@id":"https:\/\/bonuskongcasino.net\/es\/#\/schema\/logo\/image\/","url":"https:\/\/bonuskongcasino.net\/wp-content\/uploads\/2026\/02\/Bonuskong-logo.png","contentUrl":"https:\/\/bonuskongcasino.net\/wp-content\/uploads\/2026\/02\/Bonuskong-logo.png","width":60,"height":24,"caption":"Bonuskong"},"image":{"@id":"https:\/\/bonuskongcasino.net\/es\/#\/schema\/logo\/image\/"}}]}},"_links":{"self":[{"href":"https:\/\/bonuskongcasino.net\/es\/wp-json\/wp\/v2\/pages\/1422"}],"collection":[{"href":"https:\/\/bonuskongcasino.net\/es\/wp-json\/wp\/v2\/pages"}],"about":[{"href":"https:\/\/bonuskongcasino.net\/es\/wp-json\/wp\/v2\/types\/page"}],"author":[{"embeddable":true,"href":"https:\/\/bonuskongcasino.net\/es\/wp-json\/wp\/v2\/users\/9"}],"replies":[{"embeddable":true,"href":"https:\/\/bonuskongcasino.net\/es\/wp-json\/wp\/v2\/comments?post=1422"}],"version-history":[{"count":2,"href":"https:\/\/bonuskongcasino.net\/es\/wp-json\/wp\/v2\/pages\/1422\/revisions"}],"predecessor-version":[{"id":1797,"href":"https:\/\/bonuskongcasino.net\/es\/wp-json\/wp\/v2\/pages\/1422\/revisions\/1797"}],"wp:attachment":[{"href":"https:\/\/bonuskongcasino.net\/es\/wp-json\/wp\/v2\/media?parent=1422"}],"curies":[{"name":"wp","href":"https:\/\/api.w.org\/{rel}","templated":true}]}}