{"id":1456,"date":"2026-02-12T06:31:52","date_gmt":"2026-02-12T06:31:52","guid":{"rendered":"https:\/\/bonuskongcasino.net\/login-and-registration\/"},"modified":"2026-02-12T08:11:12","modified_gmt":"2026-02-12T08:11:12","slug":"anmeldung-und-registrierung","status":"publish","type":"page","link":"https:\/\/bonuskongcasino.net\/de\/anmeldung-und-registrierung\/","title":{"rendered":"Anmeldung und Registrierung"},"content":{"rendered":"<h1>Bonuskong Anmeldung und Registrierung<\/h1>\n<p>Der Bonuskong Login ist der einzige Schritt, der Nutzer davon trennt, um echtes Geld zu spielen. Wir ben\u00f6tigen nur die wesentlichen Informationen wie E-Mail-Adresse und Passwort. Die Registrierung bei Bonuskong Casino ist f\u00fcr alle Personen ab 18 Jahren m\u00f6glich. Der Vorgang dauert nicht lange und kann innerhalb weniger Minuten abgeschlossen werden.<\/p>\n<p><div class=\"banner-wrap\" aria-label=\"Banner\"><img src=\"https:\/\/bonuskongcasino.net\/wp-content\/uploads\/2026\/02\/bonuskong-desktop-banner.webp\" class=\"w-100 d-none d-lg-block img-pc main-banner-img\" alt=\"Bonuskong desktop banner\" fetchpriority=\"high\" decoding=\"async\"><img src=\"https:\/\/bonuskongcasino.net\/wp-content\/uploads\/2026\/02\/bonuskong-mobile.webp\" class=\"w-100 d-none d-md-block d-lg-none main-banner-img\" alt=\"Bonuskong banner mobile\" fetchpriority=\"high\" decoding=\"async\"><img src=\"https:\/\/bonuskongcasino.net\/wp-content\/uploads\/2026\/02\/bonuskong-mobile.webp\" class=\"w-100 d-md-none\" alt=\"Bonuskong banner mobile\" fetchpriority=\"high\" decoding=\"async\"><div class=\"banner-description\">\n<div class=\"banner-title\">Willkommensboni<\/div>\n<p class=\"banner-header-title\">\u20ac1,500<\/p>\n<div class=\"banner-header-AdditionalText\">+ 250 Freispiele<\/div>\n<button data-item=\"homepage_banner_link\" class=\"goto m-button m-gradient-border m-button--primary m-button--large banner-button btn-orange\">\n            <div class=\"m-button-content\">\n                <span>Jetzt anmelden<\/span>\n                <span><\/span>\n            <\/div>\n        <\/button>\n<\/div>\n<div class=\"WelcomePack\">\n<p><img loading=\"lazy\" decoding=\"async\" class=\"alignnone size-full wp-image-1386\" src=\"https:\/\/bonuskongcasino.net\/wp-content\/uploads\/2026\/02\/welcome-crown.png\" alt=\"welcome crown\" width=\"25\" height=\"26\" \/><\/p>\n<div class=\"WelcomePack-Info\">W\u00f6chentlicher Cashback von bis zu 25 %<\/div>\n<p><img loading=\"lazy\" decoding=\"async\" class=\"alignnone size-full wp-image-1386\" src=\"https:\/\/bonuskongcasino.net\/wp-content\/uploads\/2026\/02\/welcome-crown.png\" alt=\"welcome crown\" width=\"25\" height=\"26\" \/><\/p>\n<\/div>\n<\/div><div class=\"scrollable-content-wrap my-5\"><div class=\"scrollable-content-inner\"><h2>Bonuskong Registrierungsprozess<\/h2>\n<p>Alle neuen Nutzer, die unsere Plattform zum ersten Mal besuchen, sollten den Registrierungsprozess bei Bonus Kong in Betracht ziehen. Wir empfehlen dringend, ein Konto zu erstellen, da es viele Funktionen und Vorteile bietet. Zun\u00e4chst einmal erhalten alle neuen Spieler nach der Registrierung ein Willkommenspaket von bis zu 1.500 \u20ac + 250 Freispielen.<\/p>\n<p>Nur registrierte Nutzer k\u00f6nnen Einzahlungen vornehmen, um echtes Geld spielen und ihre Gewinne auszahlen lassen. Sie erhalten Zugang zu einer Spielesammlung mit \u00fcber 6.000 Optionen in verschiedenen Kategorien und Genres. Dar\u00fcber hinaus k\u00f6nnen Sie die gro\u00dfz\u00fcgigen Bonuskong Casino Boni nutzen.<\/p>\n<h3>Konto erstellen<\/h3>\n<p>Die Registrierung bei Bonuskong ist f\u00fcr alle Nutzer ab 18 Jahren m\u00f6glich. Jeder Spieler kann nur ein Konto auf unserer Plattform haben. Wenn Sie also auf verschiedenen Ger\u00e4ten spielen, verwenden Sie bitte dasselbe Konto. Wenn Sie bereit sind, Zugang zu allen coolen Funktionen unseres Online-Casinos zu erhalten, folgen Sie bitte den unten stehenden Anweisungen zur Registrierung:<\/p>\n<ol>\n<li>Benutzer sollten unsere Website auf einem beliebigen Ger\u00e4t in einem beliebigen Browser besuchen.<\/li>\n<li>Um den Vorgang zu starten, m\u00fcssen Sie auf die Schaltfl\u00e4che \u201eAnmelden\u201c klicken.<\/li>\n<li>Geben Sie die erforderlichen Informationen ein: E-Mail-Adresse, Passwort und Promo-Code (falls vorhanden).<\/li>\n<li>Aktivieren Sie die Kontrollk\u00e4stchen, um zu best\u00e4tigen, dass Sie mindestens 18 Jahre alt sind und unseren Allgemeinen Gesch\u00e4ftsbedingungen zustimmen.<\/li>\n<li>Nachdem Sie die Angaben \u00fcberpr\u00fcft haben, klicken Sie am Ende des Formulars auf \u201eAnmelden\u201c.<\/li>\n<\/ol>\n<h2>Bonuskong Kontoanmeldung<\/h2>\n<p>Der Anmeldevorgang bei Bonus Kong steht allen Personen zur Verf\u00fcgung, die bereits ein Konto auf unserer Plattform haben. Hier m\u00fcssen Sie uns die Informationen angeben, die Sie bei der Registrierung verwendet haben: Ihre E-Mail-Adresse und Ihr Passwort. Um Ihr Profil mit zus\u00e4tzlichen Ma\u00dfnahmen zu sch\u00fctzen, k\u00f6nnen Sie die Zwei-Faktor-Authentifizierung verwenden.<\/p>\n<p>Ein Konto bei Bonuskong Casino bietet Ihnen nicht nur Zugriff auf die coolen Funktionen der Plattform, sondern auch auf einige wichtige Tools und Kontoeinstellungen, die Ihr Erlebnis noch angenehmer machen.<\/p>\n<table>\n<tbody>\n<tr>\n<td>Kontofunktionen<\/td>\n<td>Details<\/td>\n<\/tr>\n<tr>\n<td>Aktivit\u00e4tsverlauf<\/td>\n<td>Benutzer k\u00f6nnen jederzeit Informationen \u00fcber ihre Zeit auf der Plattform, den Status von Werbeaktionen, Einzahlungen, Wetten und Auszahlungen einsehen.<\/td>\n<\/tr>\n<tr>\n<td>Tools f\u00fcr verantwortungsbewusstes Spielen<\/td>\n<td>Sie haben die M\u00f6glichkeit, Zeit- und Finanzlimits zu aktivieren. Wenn das Spielen Ihr Leben negativ beeinflusst, k\u00f6nnen Sie die Selbstausschlussoption nutzen.<\/td>\n<\/tr>\n<tr>\n<td>Kontoverwaltung<\/td>\n<td>Spieler k\u00f6nnen ihre pers\u00f6nlichen und finanziellen Daten bearbeiten und aktualisieren.<\/td>\n<\/tr>\n<tr>\n<td>Partnerprogramm<\/td>\n<td>Benutzer finden ihren pers\u00f6nlichen Link, den sie mit Freunden und Familie teilen k\u00f6nnen. F\u00fcr jeden neuen Kunden, der \u00fcber Ihren Link registriert wird, erhalten Sie zus\u00e4tzliche Pr\u00e4mien.<\/td>\n<\/tr>\n<\/tbody>\n<\/table>\n<h3>Bonuskong Casino Verifizierung<\/h3>\n<p>Bevor Sie die erste Auszahlung vornehmen k\u00f6nnen, m\u00fcssen Sie einen einfachen Verifizierungsprozess durchlaufen. Dies ist Teil unserer Sicherheitsrichtlinien. Wir m\u00fcssen Ihr Alter, die Inhaberschaft Ihres Zahlungskontos und Ihre Wohnadresse best\u00e4tigen. Danach k\u00f6nnen Sie sich ohne Verz\u00f6gerungen bei Bonuskong anmelden und Auszahlungen vornehmen.<\/p>\n<p>Der Prozess erfordert, dass alle Benutzer Fotos ihrer pers\u00f6nlichen Dokumente in das System hochladen. Unsere Manager werden alles innerhalb von 48 Stunden \u00fcberpr\u00fcfen. Danach wird der Verifizierungsstatus in Ihrem Bonus Kong Casino Konto aktualisiert.<\/p>\n<h2>Zugriff auf das Konto<\/h2>\n<p>Benutzer k\u00f6nnen mit einem PC, Laptop, Smartphone oder Tablet auf ihre Konten zugreifen. Bei Mobilger\u00e4ten kann es sich um Android- oder iOS-Ger\u00e4te handeln. Bonuskong Casino ist in allen modernen Browsern wie Safari, Google Chrome oder Firefox verf\u00fcgbar.<\/p>\n<p>Wenn Sie Ihr Passwort vergessen haben, ist das kein gro\u00dfes Problem. Klicken Sie einfach auf den Link \u201ePasswort vergessen?\u201c auf der Bonuskong-Anmeldeseite. Spieler m\u00fcssen ihre E-Mail-Adresse angeben, damit wir ihnen einen speziellen Link zum Zur\u00fccksetzen zusenden k\u00f6nnen. Danach erstellen Sie einfach ein neues Passwort und verwenden es bei Ihrer n\u00e4chsten Anmeldung.<\/p>\n<h2>FAQ<\/h2>\n<h3>Was soll ich tun, wenn ich meinen Benutzernamen oder meine E-Mail-Adresse vergessen habe?<\/h3>\n<p>Falls Sie Ihr Passwort vergessen haben, finden Sie auf der Bonuskong-Anmeldeseite eine spezielle Funktion zur Wiederherstellung. Wenn Sie sich nicht an Ihre E-Mail-Adresse erinnern k\u00f6nnen, wenden Sie sich bitte an unser mehrsprachiges Support-Team. Dieses \u00fcberpr\u00fcft Ihre Identit\u00e4t und hilft Ihnen beim Zugriff.<\/p>\n<h3>Wie kann ich meine Identit\u00e4t nach Anmeldeproblemen \u00fcberpr\u00fcfen?<\/h3>\n<p>Wir senden Ihnen eine E-Mail mit einem Best\u00e4tigungslink. Sollte dies nicht ausreichen, wird unser Bonus Kong Team Sie bitten, einige Ihrer pers\u00f6nlichen Dokumente zur \u00dcberpr\u00fcfung Ihrer Identit\u00e4t vorzulegen.<\/p>\n<h3>Was soll ich tun, wenn mein Konto vor\u00fcbergehend gesperrt wurde?<\/h3>\n<p>Wenn wir beschlie\u00dfen, ein Konto zu sperren oder zu suspendieren, erh\u00e4lt der Nutzer eine E-Mail mit zus\u00e4tzlichen Informationen zu seinem speziellen Fall. Wenn Sie keine E-Mail erhalten haben, wenden Sie sich bitte per Live-Chat oder E-Mail an das Support-Team.<\/p>\n<\/div><\/div><\/p>\n","protected":false},"excerpt":{"rendered":"<p>Bonuskong Anmeldung und Registrierung Der Bonuskong Login ist der einzige Schritt, der Nutzer davon trennt, um echtes Geld zu spielen. Wir ben\u00f6tigen nur die wesentlichen Informationen wie E-Mail-Adresse und Passwort. Die Registrierung bei Bonuskong Casino ist f\u00fcr alle Personen ab 18 Jahren m\u00f6glich. Der Vorgang dauert nicht lange und kann innerhalb weniger Minuten abgeschlossen werden.<\/p>\n","protected":false},"author":9,"featured_media":0,"parent":0,"menu_order":0,"comment_status":"closed","ping_status":"closed","template":"template-builder.php","meta":{"_acf_changed":false,"inline_featured_image":false,"footnotes":""},"class_list":["post-1456","page","type-page","status-publish","hentry"],"acf":[],"yoast_head":"<!-- This site is optimized with the Yoast SEO plugin v24.4 - https:\/\/yoast.com\/wordpress\/plugins\/seo\/ -->\n<title>Bonuskong Login &amp; Registrierung | Sicherer Zugriff<\/title>\n<meta name=\"description\" content=\"Bonuskong Login \u2013 melden Sie sich sicher an oder registrieren Sie ein neues Konto mit verschl\u00fcsseltem Zugang. Verwalten Sie Verifizierung, Passwort-Reset und Profileinstellungen bequem bei Bonus Kong.\" \/>\n<meta name=\"robots\" content=\"index, follow, max-snippet:-1, max-image-preview:large, max-video-preview:-1\" \/>\n<link rel=\"canonical\" href=\"https:\/\/bonuskongcasino.net\/de\/anmeldung-und-registrierung\/\" \/>\n<meta property=\"og:locale\" content=\"de_DE\" \/>\n<meta property=\"og:type\" content=\"article\" \/>\n<meta property=\"og:title\" content=\"Bonuskong Login &amp; Registrierung | Sicherer Zugriff\" \/>\n<meta property=\"og:description\" content=\"Bonuskong Login \u2013 melden Sie sich sicher an oder registrieren Sie ein neues Konto mit verschl\u00fcsseltem Zugang. Verwalten Sie Verifizierung, Passwort-Reset und Profileinstellungen bequem bei Bonus Kong.\" \/>\n<meta property=\"og:url\" content=\"https:\/\/bonuskongcasino.net\/de\/anmeldung-und-registrierung\/\" \/>\n<meta property=\"og:site_name\" content=\"bonuskong\" \/>\n<meta property=\"article:modified_time\" content=\"2026-02-12T08:11:12+00:00\" \/>\n<meta name=\"twitter:card\" content=\"summary_large_image\" \/>\n<meta name=\"twitter:label1\" content=\"Gesch\u00e4tzte Lesezeit\" \/>\n\t<meta name=\"twitter:data1\" content=\"1\u00a0Minute\" \/>\n<script type=\"application\/ld+json\" class=\"yoast-schema-graph\">{\"@context\":\"https:\/\/schema.org\",\"@graph\":[{\"@type\":\"WebPage\",\"@id\":\"https:\/\/bonuskongcasino.net\/de\/anmeldung-und-registrierung\/\",\"url\":\"https:\/\/bonuskongcasino.net\/de\/anmeldung-und-registrierung\/\",\"name\":\"Bonuskong Login & Registrierung | Sicherer Zugriff\",\"isPartOf\":{\"@id\":\"https:\/\/bonuskongcasino.net\/de\/#website\"},\"datePublished\":\"2026-02-12T06:31:52+00:00\",\"dateModified\":\"2026-02-12T08:11:12+00:00\",\"description\":\"Bonuskong Login \u2013 melden Sie sich sicher an oder registrieren Sie ein neues Konto mit verschl\u00fcsseltem Zugang. Verwalten Sie Verifizierung, Passwort-Reset und Profileinstellungen bequem bei Bonus Kong.\",\"breadcrumb\":{\"@id\":\"https:\/\/bonuskongcasino.net\/de\/anmeldung-und-registrierung\/#breadcrumb\"},\"inLanguage\":\"de\",\"potentialAction\":[{\"@type\":\"ReadAction\",\"target\":[\"https:\/\/bonuskongcasino.net\/de\/anmeldung-und-registrierung\/\"]}]},{\"@type\":\"BreadcrumbList\",\"@id\":\"https:\/\/bonuskongcasino.net\/de\/anmeldung-und-registrierung\/#breadcrumb\",\"itemListElement\":[{\"@type\":\"ListItem\",\"position\":1,\"name\":\"Bonuskong\",\"item\":\"https:\/\/bonuskongcasino.net\/de\/\"},{\"@type\":\"ListItem\",\"position\":2,\"name\":\"Anmeldung und Registrierung\"}]},{\"@type\":\"WebSite\",\"@id\":\"https:\/\/bonuskongcasino.net\/de\/#website\",\"url\":\"https:\/\/bonuskongcasino.net\/de\/\",\"name\":\"Bonuskong\",\"description\":\"\",\"publisher\":{\"@id\":\"https:\/\/bonuskongcasino.net\/de\/#organization\"},\"potentialAction\":[{\"@type\":\"SearchAction\",\"target\":{\"@type\":\"EntryPoint\",\"urlTemplate\":\"https:\/\/bonuskongcasino.net\/de\/?s={search_term_string}\"},\"query-input\":{\"@type\":\"PropertyValueSpecification\",\"valueRequired\":true,\"valueName\":\"search_term_string\"}}],\"inLanguage\":\"de\"},{\"@type\":\"Organization\",\"@id\":\"https:\/\/bonuskongcasino.net\/de\/#organization\",\"name\":\"Bonuskong\",\"url\":\"https:\/\/bonuskongcasino.net\/de\/\",\"logo\":{\"@type\":\"ImageObject\",\"inLanguage\":\"de\",\"@id\":\"https:\/\/bonuskongcasino.net\/de\/#\/schema\/logo\/image\/\",\"url\":\"https:\/\/bonuskongcasino.net\/wp-content\/uploads\/2026\/02\/Bonuskong-logo.png\",\"contentUrl\":\"https:\/\/bonuskongcasino.net\/wp-content\/uploads\/2026\/02\/Bonuskong-logo.png\",\"width\":60,\"height\":24,\"caption\":\"Bonuskong\"},\"image\":{\"@id\":\"https:\/\/bonuskongcasino.net\/de\/#\/schema\/logo\/image\/\"}}]}<\/script>\n<!-- \/ Yoast SEO plugin. -->","yoast_head_json":{"title":"Bonuskong Login & Registrierung | Sicherer Zugriff","description":"Bonuskong Login \u2013 melden Sie sich sicher an oder registrieren Sie ein neues Konto mit verschl\u00fcsseltem Zugang. Verwalten Sie Verifizierung, Passwort-Reset und Profileinstellungen bequem bei Bonus Kong.","robots":{"index":"index","follow":"follow","max-snippet":"max-snippet:-1","max-image-preview":"max-image-preview:large","max-video-preview":"max-video-preview:-1"},"canonical":"https:\/\/bonuskongcasino.net\/de\/anmeldung-und-registrierung\/","og_locale":"de_DE","og_type":"article","og_title":"Bonuskong Login & Registrierung | Sicherer Zugriff","og_description":"Bonuskong Login \u2013 melden Sie sich sicher an oder registrieren Sie ein neues Konto mit verschl\u00fcsseltem Zugang. Verwalten Sie Verifizierung, Passwort-Reset und Profileinstellungen bequem bei Bonus Kong.","og_url":"https:\/\/bonuskongcasino.net\/de\/anmeldung-und-registrierung\/","og_site_name":"bonuskong","article_modified_time":"2026-02-12T08:11:12+00:00","twitter_card":"summary_large_image","twitter_misc":{"Gesch\u00e4tzte Lesezeit":"1\u00a0Minute"},"schema":{"@context":"https:\/\/schema.org","@graph":[{"@type":"WebPage","@id":"https:\/\/bonuskongcasino.net\/de\/anmeldung-und-registrierung\/","url":"https:\/\/bonuskongcasino.net\/de\/anmeldung-und-registrierung\/","name":"Bonuskong Login & Registrierung | Sicherer Zugriff","isPartOf":{"@id":"https:\/\/bonuskongcasino.net\/de\/#website"},"datePublished":"2026-02-12T06:31:52+00:00","dateModified":"2026-02-12T08:11:12+00:00","description":"Bonuskong Login \u2013 melden Sie sich sicher an oder registrieren Sie ein neues Konto mit verschl\u00fcsseltem Zugang. Verwalten Sie Verifizierung, Passwort-Reset und Profileinstellungen bequem bei Bonus Kong.","breadcrumb":{"@id":"https:\/\/bonuskongcasino.net\/de\/anmeldung-und-registrierung\/#breadcrumb"},"inLanguage":"de","potentialAction":[{"@type":"ReadAction","target":["https:\/\/bonuskongcasino.net\/de\/anmeldung-und-registrierung\/"]}]},{"@type":"BreadcrumbList","@id":"https:\/\/bonuskongcasino.net\/de\/anmeldung-und-registrierung\/#breadcrumb","itemListElement":[{"@type":"ListItem","position":1,"name":"Bonuskong","item":"https:\/\/bonuskongcasino.net\/de\/"},{"@type":"ListItem","position":2,"name":"Anmeldung und Registrierung"}]},{"@type":"WebSite","@id":"https:\/\/bonuskongcasino.net\/de\/#website","url":"https:\/\/bonuskongcasino.net\/de\/","name":"Bonuskong","description":"","publisher":{"@id":"https:\/\/bonuskongcasino.net\/de\/#organization"},"potentialAction":[{"@type":"SearchAction","target":{"@type":"EntryPoint","urlTemplate":"https:\/\/bonuskongcasino.net\/de\/?s={search_term_string}"},"query-input":{"@type":"PropertyValueSpecification","valueRequired":true,"valueName":"search_term_string"}}],"inLanguage":"de"},{"@type":"Organization","@id":"https:\/\/bonuskongcasino.net\/de\/#organization","name":"Bonuskong","url":"https:\/\/bonuskongcasino.net\/de\/","logo":{"@type":"ImageObject","inLanguage":"de","@id":"https:\/\/bonuskongcasino.net\/de\/#\/schema\/logo\/image\/","url":"https:\/\/bonuskongcasino.net\/wp-content\/uploads\/2026\/02\/Bonuskong-logo.png","contentUrl":"https:\/\/bonuskongcasino.net\/wp-content\/uploads\/2026\/02\/Bonuskong-logo.png","width":60,"height":24,"caption":"Bonuskong"},"image":{"@id":"https:\/\/bonuskongcasino.net\/de\/#\/schema\/logo\/image\/"}}]}},"_links":{"self":[{"href":"https:\/\/bonuskongcasino.net\/de\/wp-json\/wp\/v2\/pages\/1456"}],"collection":[{"href":"https:\/\/bonuskongcasino.net\/de\/wp-json\/wp\/v2\/pages"}],"about":[{"href":"https:\/\/bonuskongcasino.net\/de\/wp-json\/wp\/v2\/types\/page"}],"author":[{"embeddable":true,"href":"https:\/\/bonuskongcasino.net\/de\/wp-json\/wp\/v2\/users\/9"}],"replies":[{"embeddable":true,"href":"https:\/\/bonuskongcasino.net\/de\/wp-json\/wp\/v2\/comments?post=1456"}],"version-history":[{"count":2,"href":"https:\/\/bonuskongcasino.net\/de\/wp-json\/wp\/v2\/pages\/1456\/revisions"}],"predecessor-version":[{"id":1613,"href":"https:\/\/bonuskongcasino.net\/de\/wp-json\/wp\/v2\/pages\/1456\/revisions\/1613"}],"wp:attachment":[{"href":"https:\/\/bonuskongcasino.net\/de\/wp-json\/wp\/v2\/media?parent=1456"}],"curies":[{"name":"wp","href":"https:\/\/api.w.org\/{rel}","templated":true}]}}