{"id":1427,"date":"2026-02-12T06:38:26","date_gmt":"2026-02-12T06:38:26","guid":{"rendered":"https:\/\/bonuskongcasino.net\/bonus\/"},"modified":"2026-02-12T08:14:42","modified_gmt":"2026-02-12T08:14:42","slug":"aktionen","status":"publish","type":"page","link":"https:\/\/bonuskongcasino.net\/de\/aktionen\/","title":{"rendered":"Aktionen"},"content":{"rendered":"<h1>Bonuskong Boni<\/h1>\n<p>Mit der Bonuskong Bonus Kollektion k\u00f6nnen wir Ihr Erlebnis noch angenehmer und profitabler gestalten. Durch die Aktivierung einer Aktion k\u00f6nnen Sie Bonusgelder, Freispiele, M\u00fcnzen und zus\u00e4tzliche Runden erhalten. Alle Angebote haben klare Bedingungen, die Sie lesen sollten, bevor Sie sich f\u00fcr eines davon entscheiden. Nach der Registrierung erhalten alle neuen Kunden ein Willkommenspaket von bis zu 1.500 \u20ac + 250 Freispielen.<\/p>\n<p><div class=\"banner-wrap\" aria-label=\"Banner\"><img src=\"https:\/\/bonuskongcasino.net\/wp-content\/uploads\/2026\/02\/bonuskong-desktop-banner.webp\" class=\"w-100 d-none d-lg-block img-pc main-banner-img\" alt=\"Bonuskong desktop banner\" fetchpriority=\"high\" decoding=\"async\"><img src=\"https:\/\/bonuskongcasino.net\/wp-content\/uploads\/2026\/02\/bonuskong-mobile.webp\" class=\"w-100 d-none d-md-block d-lg-none main-banner-img\" alt=\"Bonuskong banner mobile\" fetchpriority=\"high\" decoding=\"async\"><img src=\"https:\/\/bonuskongcasino.net\/wp-content\/uploads\/2026\/02\/bonuskong-mobile.webp\" class=\"w-100 d-md-none\" alt=\"Bonuskong banner mobile\" fetchpriority=\"high\" decoding=\"async\"><div class=\"banner-description\">\n<div class=\"banner-title\">Willkommensboni<\/div>\n<p class=\"banner-header-title\">\u20ac1,500<\/p>\n<div class=\"banner-header-AdditionalText\">+ 250 Freispiele<\/div>\n<button data-item=\"homepage_banner_link\" class=\"goto m-button m-gradient-border m-button--primary m-button--large banner-button btn-orange\">\n            <div class=\"m-button-content\">\n                <span>Jetzt anmelden<\/span>\n                <span><\/span>\n            <\/div>\n        <\/button>\n<\/div>\n<div class=\"WelcomePack\">\n<p><img loading=\"lazy\" decoding=\"async\" class=\"alignnone size-full wp-image-1386\" src=\"https:\/\/bonuskongcasino.net\/wp-content\/uploads\/2026\/02\/welcome-crown.png\" alt=\"welcome crown\" width=\"25\" height=\"26\" \/><\/p>\n<div class=\"WelcomePack-Info\">W\u00f6chentlicher Cashback von bis zu 25 %<\/div>\n<p><img loading=\"lazy\" decoding=\"async\" class=\"alignnone size-full wp-image-1386\" src=\"https:\/\/bonuskongcasino.net\/wp-content\/uploads\/2026\/02\/welcome-crown.png\" alt=\"welcome crown\" width=\"25\" height=\"26\" \/><\/p>\n<\/div>\n<\/div><div class=\"promotions-wrap\"><div class=\"promotion-card\" style=\"background-image: url(https:\/\/bonuskongcasino.net\/wp-content\/uploads\/2026\/02\/bonuskong-first-dep.webp);\"><h2 class=\"promotion-card__title\">Angebot f\u00fcr die 1. Einzahlung<\/h2><label class=\"promotion-card__offer\">500 \u20ac + 150 Freispiele<\/label><label class=\"promotion-card__description\"><\/label><div class=\"promotion-card__actions\"><button data-item=\"payments_link\" data-group=\"website_links\" class=\"goto btn btn-orange rounded-pill fw-bold px-4 m-button m-gradient-border m-button--primary m-button--large promotion-button promotion-card__action-btn\" aria-label=\"Anmelden\"><div class=\"m-button-content\"><span class=\"promotion-button__content\">Anmelden<\/span><\/div><\/button><button data-item=\"http:\/\/bonus_link\" data-group=\"website_links\" class=\"goto m-button m-gradient-border m-button--secondary m-button--medium promotion-card__info-btn\" aria-label=\"More information\"><div class=\"m-button-content\"><svg viewBox=\"0 0 24 24\" fill=\"none\" xmlns=\"http:\/\/www.w3.org\/2000\/svg\" class=\"m-icon m-icon-loadable\" name=\"Attention\" loading=\"false\" aria-hidden=\"true\"><path d=\"M12 22C6.477 22 2 17.522 2 12S6.477 2 12 2s10 4.478 10 10-4.477 10-10 10m-.002-13.004a.999.999 0 1 0 0-1.997.999.999 0 0 0 0 1.997M12 17a1 1 0 0 0 .993-.884L13 16l-.002-5.001-.007-.117a1 1 0 0 0-1.986 0l-.007.117L11 16l.007.117A1 1 0 0 0 12 17\" fill=\"currentColor\"><\/path><\/svg><\/div><\/button><\/div><\/div><div class=\"promotion-card\" style=\"background-image: url(https:\/\/bonuskongcasino.net\/wp-content\/uploads\/2026\/02\/bonuskong-2-dep.webp);\"><h2 class=\"promotion-card__title\">Angebot f\u00fcr die 2. Einzahlung<\/h2><label class=\"promotion-card__offer\">500 \u20ac + 100 Freispiele<\/label><label class=\"promotion-card__description\"><\/label><div class=\"promotion-card__actions\"><button data-item=\"payments_link\" data-group=\"website_links\" class=\"goto btn btn-orange rounded-pill fw-bold px-4 m-button m-gradient-border m-button--primary m-button--large promotion-button promotion-card__action-btn\" aria-label=\"Anmelden\"><div class=\"m-button-content\"><span class=\"promotion-button__content\">Anmelden<\/span><\/div><\/button><button data-item=\"http:\/\/bonus_link\" data-group=\"website_links\" class=\"goto m-button m-gradient-border m-button--secondary m-button--medium promotion-card__info-btn\" aria-label=\"More information\"><div class=\"m-button-content\"><svg viewBox=\"0 0 24 24\" fill=\"none\" xmlns=\"http:\/\/www.w3.org\/2000\/svg\" class=\"m-icon m-icon-loadable\" name=\"Attention\" loading=\"false\" aria-hidden=\"true\"><path d=\"M12 22C6.477 22 2 17.522 2 12S6.477 2 12 2s10 4.478 10 10-4.477 10-10 10m-.002-13.004a.999.999 0 1 0 0-1.997.999.999 0 0 0 0 1.997M12 17a1 1 0 0 0 .993-.884L13 16l-.002-5.001-.007-.117a1 1 0 0 0-1.986 0l-.007.117L11 16l.007.117A1 1 0 0 0 12 17\" fill=\"currentColor\"><\/path><\/svg><\/div><\/button><\/div><\/div><div class=\"promotion-card\" style=\"background-image: url(https:\/\/bonuskongcasino.net\/wp-content\/uploads\/2026\/02\/bonuskong-3-dep.webp);\"><h2 class=\"promotion-card__title\">Angebot f\u00fcr die 3. Einzahlung<\/h2><label class=\"promotion-card__offer\">500 \u20ac<\/label><label class=\"promotion-card__description\"><\/label><div class=\"promotion-card__actions\"><button data-item=\"payments_link\" data-group=\"website_links\" class=\"goto btn btn-orange rounded-pill fw-bold px-4 m-button m-gradient-border m-button--primary m-button--large promotion-button promotion-card__action-btn\" aria-label=\"Anmelden\"><div class=\"m-button-content\"><span class=\"promotion-button__content\">Anmelden<\/span><\/div><\/button><button data-item=\"http:\/\/bonus_link\" data-group=\"website_links\" class=\"goto m-button m-gradient-border m-button--secondary m-button--medium promotion-card__info-btn\" aria-label=\"More information\"><div class=\"m-button-content\"><svg viewBox=\"0 0 24 24\" fill=\"none\" xmlns=\"http:\/\/www.w3.org\/2000\/svg\" class=\"m-icon m-icon-loadable\" name=\"Attention\" loading=\"false\" aria-hidden=\"true\"><path d=\"M12 22C6.477 22 2 17.522 2 12S6.477 2 12 2s10 4.478 10 10-4.477 10-10 10m-.002-13.004a.999.999 0 1 0 0-1.997.999.999 0 0 0 0 1.997M12 17a1 1 0 0 0 .993-.884L13 16l-.002-5.001-.007-.117a1 1 0 0 0-1.986 0l-.007.117L11 16l.007.117A1 1 0 0 0 12 17\" fill=\"currentColor\"><\/path><\/svg><\/div><\/button><\/div><\/div><div class=\"promotion-card\" style=\"background-image: url(https:\/\/bonuskongcasino.net\/wp-content\/uploads\/2026\/02\/bonuskong-cashback.webp);\"><h2 class=\"promotion-card__title\">W\u00f6chentlicher Cashback<\/h2><label class=\"promotion-card__offer\">bis zu 25 %<\/label><label class=\"promotion-card__description\"><\/label><div class=\"promotion-card__actions\"><button data-item=\"payments_link\" data-group=\"website_links\" class=\"goto btn btn-orange rounded-pill fw-bold px-4 m-button m-gradient-border m-button--primary m-button--large promotion-button promotion-card__action-btn\" aria-label=\"Anmelden\"><div class=\"m-button-content\"><span class=\"promotion-button__content\">Anmelden<\/span><\/div><\/button><button data-item=\"http:\/\/bonus_link\" data-group=\"website_links\" class=\"goto m-button m-gradient-border m-button--secondary m-button--medium promotion-card__info-btn\" aria-label=\"More information\"><div class=\"m-button-content\"><svg viewBox=\"0 0 24 24\" fill=\"none\" xmlns=\"http:\/\/www.w3.org\/2000\/svg\" class=\"m-icon m-icon-loadable\" name=\"Attention\" loading=\"false\" aria-hidden=\"true\"><path d=\"M12 22C6.477 22 2 17.522 2 12S6.477 2 12 2s10 4.478 10 10-4.477 10-10 10m-.002-13.004a.999.999 0 1 0 0-1.997.999.999 0 0 0 0 1.997M12 17a1 1 0 0 0 .993-.884L13 16l-.002-5.001-.007-.117a1 1 0 0 0-1.986 0l-.007.117L11 16l.007.117A1 1 0 0 0 12 17\" fill=\"currentColor\"><\/path><\/svg><\/div><\/button><\/div><\/div><div class=\"promotion-card\" style=\"background-image: url(https:\/\/bonuskongcasino.net\/wp-content\/uploads\/2026\/02\/bonuskong-spinoleague.webp);\"><h2 class=\"promotion-card__title\">Sonntag-Reload<\/h2><label class=\"promotion-card__offer\">25 % bis zu 100 \u20ac<\/label><label class=\"promotion-card__description\"><\/label><div class=\"promotion-card__actions\"><button data-item=\"payments_link\" data-group=\"website_links\" class=\"goto btn btn-orange rounded-pill fw-bold px-4 m-button m-gradient-border m-button--primary m-button--large promotion-button promotion-card__action-btn\" aria-label=\"Anmelden\"><div class=\"m-button-content\"><span class=\"promotion-button__content\">Anmelden<\/span><\/div><\/button><button data-item=\"http:\/\/bonus_link\" data-group=\"website_links\" class=\"goto m-button m-gradient-border m-button--secondary m-button--medium promotion-card__info-btn\" aria-label=\"More information\"><div class=\"m-button-content\"><svg viewBox=\"0 0 24 24\" fill=\"none\" xmlns=\"http:\/\/www.w3.org\/2000\/svg\" class=\"m-icon m-icon-loadable\" name=\"Attention\" loading=\"false\" aria-hidden=\"true\"><path d=\"M12 22C6.477 22 2 17.522 2 12S6.477 2 12 2s10 4.478 10 10-4.477 10-10 10m-.002-13.004a.999.999 0 1 0 0-1.997.999.999 0 0 0 0 1.997M12 17a1 1 0 0 0 .993-.884L13 16l-.002-5.001-.007-.117a1 1 0 0 0-1.986 0l-.007.117L11 16l.007.117A1 1 0 0 0 12 17\" fill=\"currentColor\"><\/path><\/svg><\/div><\/button><\/div><\/div><div class=\"promotion-card\" style=\"background-image: url(https:\/\/bonuskongcasino.net\/wp-content\/uploads\/2026\/02\/bonuskong-rakeback.webp);\"><h2 class=\"promotion-card__title\">Rakeback<\/h2><label class=\"promotion-card__offer\">bis zu 17 %<\/label><label class=\"promotion-card__description\"><\/label><div class=\"promotion-card__actions\"><button data-item=\"payments_link\" data-group=\"website_links\" class=\"goto btn btn-orange rounded-pill fw-bold px-4 m-button m-gradient-border m-button--primary m-button--large promotion-button promotion-card__action-btn\" aria-label=\"Anmelden\"><div class=\"m-button-content\"><span class=\"promotion-button__content\">Anmelden<\/span><\/div><\/button><button data-item=\"http:\/\/bonus_link\" data-group=\"website_links\" class=\"goto m-button m-gradient-border m-button--secondary m-button--medium promotion-card__info-btn\" aria-label=\"More information\"><div class=\"m-button-content\"><svg viewBox=\"0 0 24 24\" fill=\"none\" xmlns=\"http:\/\/www.w3.org\/2000\/svg\" class=\"m-icon m-icon-loadable\" name=\"Attention\" loading=\"false\" aria-hidden=\"true\"><path d=\"M12 22C6.477 22 2 17.522 2 12S6.477 2 12 2s10 4.478 10 10-4.477 10-10 10m-.002-13.004a.999.999 0 1 0 0-1.997.999.999 0 0 0 0 1.997M12 17a1 1 0 0 0 .993-.884L13 16l-.002-5.001-.007-.117a1 1 0 0 0-1.986 0l-.007.117L11 16l.007.117A1 1 0 0 0 12 17\" fill=\"currentColor\"><\/path><\/svg><\/div><\/button><\/div><\/div><div class=\"promotion-card\" style=\"background-image: url(https:\/\/bonuskongcasino.net\/wp-content\/uploads\/2026\/02\/bonuskong-highroller.webp);\"><h2 class=\"promotion-card__title\">Highroller-Bonus<\/h2><label class=\"promotion-card__offer\">50 % bis zu 500 \u20ac<\/label><label class=\"promotion-card__description\"><\/label><div class=\"promotion-card__actions\"><button data-item=\"payments_link\" data-group=\"website_links\" class=\"goto btn btn-orange rounded-pill fw-bold px-4 m-button m-gradient-border m-button--primary m-button--large promotion-button promotion-card__action-btn\" aria-label=\"Anmelden\"><div class=\"m-button-content\"><span class=\"promotion-button__content\">Anmelden<\/span><\/div><\/button><button data-item=\"http:\/\/bonus_link\" data-group=\"website_links\" class=\"goto m-button m-gradient-border m-button--secondary m-button--medium promotion-card__info-btn\" aria-label=\"More information\"><div class=\"m-button-content\"><svg viewBox=\"0 0 24 24\" fill=\"none\" xmlns=\"http:\/\/www.w3.org\/2000\/svg\" class=\"m-icon m-icon-loadable\" name=\"Attention\" loading=\"false\" aria-hidden=\"true\"><path d=\"M12 22C6.477 22 2 17.522 2 12S6.477 2 12 2s10 4.478 10 10-4.477 10-10 10m-.002-13.004a.999.999 0 1 0 0-1.997.999.999 0 0 0 0 1.997M12 17a1 1 0 0 0 .993-.884L13 16l-.002-5.001-.007-.117a1 1 0 0 0-1.986 0l-.007.117L11 16l.007.117A1 1 0 0 0 12 17\" fill=\"currentColor\"><\/path><\/svg><\/div><\/button><\/div><\/div><\/div><div class=\"scrollable-content-wrap my-5\"><div class=\"scrollable-content-inner\"><h2>Bonuskong Bonussystem<\/h2>\n<p>Die Bonuskong-Bonusauswahl umfasst Optionen f\u00fcr neue und regelm\u00e4\u00dfige Nutzer. Sie alle haben unterschiedliche Regeln und Belohnungen. Wir garantieren, dass jeder etwas Passendes f\u00fcr seinen Geschmack und sein Budget finden wird. Als Erstes k\u00f6nnen Sie den Willkommensbonus mit Bargeld und Freispielen erhalten.<\/p>\n<p>Dar\u00fcber hinaus k\u00f6nnen Nutzer regelm\u00e4\u00dfig von Sonderaktionen profitieren. Einige davon sind zeitlich begrenzt, andere saisonal und zeitlich begrenzt. Unter den aktuellen Angeboten im Bonus Kong Casino finden Sie einen w\u00f6chentlichen Cashback von bis zu 25 %. Der Prozentsatz h\u00e4ngt von Ihrem Treuelevel ab. Dar\u00fcber hinaus gibt es ein Rakeback-System von bis zu 17 %. Spieler k\u00f6nnen diesen monatlich, w\u00f6chentlich oder t\u00e4glich erhalten. F\u00fcr diejenigen, die gro\u00dfe Gewinne m\u00f6gen, gibt es ein High-Roller-Angebot von 50 % bis zu 500 \u20ac.<\/p>\n<h2>Bonus Kong \u2013 Willkommenspaket<\/h2>\n<p>Wir freuen uns, dass Sie sich f\u00fcr unsere Plattform entschieden und sich registriert haben. Deshalb erhalten alle neuen Nutzer nach der Erstellung eines Kontos und der ersten Einzahlung ein Willkommenspaket von bis zu 1.500 \u20ac + 250 Freispielen. Der Bonuskong-Bonus f\u00fcr Neukunden wird auf die ersten drei Einzahlungen aufgeteilt.<\/p>\n<table>\n<tbody>\n<tr>\n<td>Angebot f\u00fcr die 1. Einzahlung<\/td>\n<td>500 \u20ac + 150 Freispiele<\/td>\n<\/tr>\n<tr>\n<td>Angebot f\u00fcr die 2. Einzahlung<\/td>\n<td>500 \u20ac + 100 Freispiele<\/td>\n<\/tr>\n<tr>\n<td>Angebot f\u00fcr die 3. Einzahlung<\/td>\n<td>500 \u20ac<\/td>\n<\/tr>\n<\/tbody>\n<\/table>\n<p>Um die Aktion zu aktivieren, m\u00fcssen Sie mindestens 20 \u20ac einzahlen. Die Freispiele werden mit einer Rate von 50 pro Tag gutgeschrieben. Sie k\u00f6nnen in den Online-Slots des Softwareanbieters BGaming verwendet werden. Die Umsatzbedingungen des Bonuskong Casinos betragen x35. Erst nach Erf\u00fcllung aller Bedingungen d\u00fcrfen Spieler ihre Gewinne auszahlen lassen.<\/p>\n<h2>Liste der Turniere und Aktivit\u00e4ten<\/h2>\n<p>Zus\u00e4tzlich zu den oben genannten Bonusoptionen von Bonus Kong bieten wir auch eine gro\u00dfe Auswahl an Turnieren an. Diese haben riesige Preispools und erm\u00f6glichen es Ihnen, einen Platz in der Rangliste einzunehmen. Die meisten Veranstaltungen sind f\u00fcr Online-Slots und Live-Dealer-Spiele konzipiert. Nachfolgend finden Sie die derzeit verf\u00fcgbaren Optionen bei Bonuskong:<\/p>\n<ul>\n<li>Live-Turnier mit einem Preispool von 10.000 \u20ac<\/li>\n<li>BGaming Drops mit einem Preispool von 60.000 \u20ac<\/li>\n<li>Spinoleague mit einem Preispool von 12.000.000 \u20ac<\/li>\n<\/ul>\n<p>Je nach gew\u00e4hlter Option gelten unterschiedliche Teilnahmeregeln. Bei einigen ist eine Teilnahmegeb\u00fchr erforderlich. Andere Events bei Bonuskong Casino sind automatisch verf\u00fcgbar, wenn Sie die erforderlichen Titel spielen.<\/p>\n<p>Wenn Sie etwas anderes ausprobieren m\u00f6chten, gibt es auch Onboarding- und regelm\u00e4\u00dfige Missionen f\u00fcr alle registrierten Spieler. Sie m\u00fcssen einfache Bonus Kong-Aufgaben erf\u00fcllen, um M\u00fcnzen zu verdienen. Mit diesen M\u00fcnzen k\u00f6nnen Sie exklusive Belohnungen erwerben.<\/p>\n<h2>Allgemeine Gesch\u00e4ftsbedingungen<\/h2>\n<p>Bonuskong Casino ist eine sichere und faire Plattform. Wir bieten Ihnen klare Regeln f\u00fcr jedes einzelne Bonusangebot. Sie finden diese, indem Sie auf die jeweilige Option klicken. Allgemeine Informationen zu den Aktionen bei Bonuskong finden Sie auf der Seite mit den Bonusbedingungen.<\/p>\n<p>Auch wenn Sie bereits Erfahrung mit Boni in einem anderen Online-Casino haben, lesen Sie bitte die Regeln f\u00fcr jede einzelne Option bei Bonuskong Casino, da diese unterschiedlich sein k\u00f6nnen. Die allgemeine Voraussetzung ist, dass ein Benutzer nur eine aktive Einzahlungsaktion haben kann.<\/p>\n<p>Die meisten Boni haben eine G\u00fcltigkeitsdauer von 7 bis 14 Tagen. In der Regel gibt es eine Regel bez\u00fcglich der Mindesteinzahlung. Der maximale Einsatz auf unserer Plattform betr\u00e4gt immer 5 \u20ac. Der Spielbeitrag zeigt, welche Titelkategorien sich auf das Ergebnis auswirken. Die Bonuskong-Wettanforderung spielt eine wichtige Rolle, da sie angibt, wie oft der Bonusbetrag vor einer Auszahlung umgesetzt werden muss.<\/p>\n<h2>FAQ<\/h2>\n<h3>Gibt es Boni f\u00fcr wiederkehrende Spieler?<\/h3>\n<p>Wir freuen uns sehr, dass Sie sich entschieden haben, zu unserer Plattform zur\u00fcckzukehren. Alle Boni bei Bonus Kong, mit Ausnahme des Willkommenspakets, stehen Ihnen zur Verf\u00fcgung.<\/p>\n<h3>Kann ich Gewinne aus einem Bonus auszahlen lassen?<\/h3>\n<p>Alle Nutzer k\u00f6nnen ihre Gewinne auszahlen lassen, nachdem sie alle Regeln des Bonuskong-Bonus erf\u00fcllt haben. Besonders wichtig ist die Umsatzbedingung, die x35 oder x40 betr\u00e4gt.<\/p>\n<h3>Kann ich mehr als einen Bonus gleichzeitig aktiv haben?<\/h3>\n<p>Wir gestatten Spielern nicht, mehrere aktive Einzahlungsboni zu haben. Sie m\u00fcssen die Bedingungen eines Angebots erf\u00fcllen oder es stornieren, um mit dem n\u00e4chsten beginnen zu k\u00f6nnen. Diese Regel gilt nicht f\u00fcr Turniere und Missionen.<\/p>\n<\/div><\/div><\/p>\n","protected":false},"excerpt":{"rendered":"<p>Bonuskong Boni Mit der Bonuskong Bonus Kollektion k\u00f6nnen wir Ihr Erlebnis noch angenehmer und profitabler gestalten. Durch die Aktivierung einer Aktion k\u00f6nnen Sie Bonusgelder, Freispiele, M\u00fcnzen und zus\u00e4tzliche Runden erhalten. Alle Angebote haben klare Bedingungen, die Sie lesen sollten, bevor Sie sich f\u00fcr eines davon entscheiden. Nach der Registrierung erhalten alle neuen Kunden ein Willkommenspaket [&hellip;]<\/p>\n","protected":false},"author":9,"featured_media":0,"parent":0,"menu_order":0,"comment_status":"closed","ping_status":"closed","template":"template-builder.php","meta":{"_acf_changed":false,"inline_featured_image":false,"footnotes":""},"class_list":["post-1427","page","type-page","status-publish","hentry"],"acf":[],"yoast_head":"<!-- This site is optimized with the Yoast SEO plugin v24.4 - https:\/\/yoast.com\/wordpress\/plugins\/seo\/ -->\n<title>Bonuskong Casino Bonus | Willkommens- und Promo-Angebote<\/title>\n<meta name=\"description\" content=\"Bonuskong Casino Bonus \u2013 entdecke Willkommenspakete, Reload-Boni, Freispiele und laufende Aktionen f\u00fcr aktive Spieler. Profitiere von Cashback und saisonalen Angeboten bei Bonus Kong.\" \/>\n<meta name=\"robots\" content=\"index, follow, max-snippet:-1, max-image-preview:large, max-video-preview:-1\" \/>\n<link rel=\"canonical\" href=\"https:\/\/bonuskongcasino.net\/de\/aktionen\/\" \/>\n<meta property=\"og:locale\" content=\"de_DE\" \/>\n<meta property=\"og:type\" content=\"article\" \/>\n<meta property=\"og:title\" content=\"Bonuskong Casino Bonus | Willkommens- und Promo-Angebote\" \/>\n<meta property=\"og:description\" content=\"Bonuskong Casino Bonus \u2013 entdecke Willkommenspakete, Reload-Boni, Freispiele und laufende Aktionen f\u00fcr aktive Spieler. Profitiere von Cashback und saisonalen Angeboten bei Bonus Kong.\" \/>\n<meta property=\"og:url\" content=\"https:\/\/bonuskongcasino.net\/de\/aktionen\/\" \/>\n<meta property=\"og:site_name\" content=\"bonuskong\" \/>\n<meta property=\"article:modified_time\" content=\"2026-02-12T08:14:42+00:00\" \/>\n<meta name=\"twitter:card\" content=\"summary_large_image\" \/>\n<meta name=\"twitter:label1\" content=\"Gesch\u00e4tzte Lesezeit\" \/>\n\t<meta name=\"twitter:data1\" content=\"1\u00a0Minute\" \/>\n<script type=\"application\/ld+json\" class=\"yoast-schema-graph\">{\"@context\":\"https:\/\/schema.org\",\"@graph\":[{\"@type\":\"WebPage\",\"@id\":\"https:\/\/bonuskongcasino.net\/de\/aktionen\/\",\"url\":\"https:\/\/bonuskongcasino.net\/de\/aktionen\/\",\"name\":\"Bonuskong Casino Bonus | Willkommens- und Promo-Angebote\",\"isPartOf\":{\"@id\":\"https:\/\/bonuskongcasino.net\/de\/#website\"},\"datePublished\":\"2026-02-12T06:38:26+00:00\",\"dateModified\":\"2026-02-12T08:14:42+00:00\",\"description\":\"Bonuskong Casino Bonus \u2013 entdecke Willkommenspakete, Reload-Boni, Freispiele und laufende Aktionen f\u00fcr aktive Spieler. Profitiere von Cashback und saisonalen Angeboten bei Bonus Kong.\",\"breadcrumb\":{\"@id\":\"https:\/\/bonuskongcasino.net\/de\/aktionen\/#breadcrumb\"},\"inLanguage\":\"de\",\"potentialAction\":[{\"@type\":\"ReadAction\",\"target\":[\"https:\/\/bonuskongcasino.net\/de\/aktionen\/\"]}]},{\"@type\":\"BreadcrumbList\",\"@id\":\"https:\/\/bonuskongcasino.net\/de\/aktionen\/#breadcrumb\",\"itemListElement\":[{\"@type\":\"ListItem\",\"position\":1,\"name\":\"Bonuskong\",\"item\":\"https:\/\/bonuskongcasino.net\/de\/\"},{\"@type\":\"ListItem\",\"position\":2,\"name\":\"Aktionen\"}]},{\"@type\":\"WebSite\",\"@id\":\"https:\/\/bonuskongcasino.net\/de\/#website\",\"url\":\"https:\/\/bonuskongcasino.net\/de\/\",\"name\":\"Bonuskong\",\"description\":\"\",\"publisher\":{\"@id\":\"https:\/\/bonuskongcasino.net\/de\/#organization\"},\"potentialAction\":[{\"@type\":\"SearchAction\",\"target\":{\"@type\":\"EntryPoint\",\"urlTemplate\":\"https:\/\/bonuskongcasino.net\/de\/?s={search_term_string}\"},\"query-input\":{\"@type\":\"PropertyValueSpecification\",\"valueRequired\":true,\"valueName\":\"search_term_string\"}}],\"inLanguage\":\"de\"},{\"@type\":\"Organization\",\"@id\":\"https:\/\/bonuskongcasino.net\/de\/#organization\",\"name\":\"Bonuskong\",\"url\":\"https:\/\/bonuskongcasino.net\/de\/\",\"logo\":{\"@type\":\"ImageObject\",\"inLanguage\":\"de\",\"@id\":\"https:\/\/bonuskongcasino.net\/de\/#\/schema\/logo\/image\/\",\"url\":\"https:\/\/bonuskongcasino.net\/wp-content\/uploads\/2026\/02\/Bonuskong-logo.png\",\"contentUrl\":\"https:\/\/bonuskongcasino.net\/wp-content\/uploads\/2026\/02\/Bonuskong-logo.png\",\"width\":60,\"height\":24,\"caption\":\"Bonuskong\"},\"image\":{\"@id\":\"https:\/\/bonuskongcasino.net\/de\/#\/schema\/logo\/image\/\"}}]}<\/script>\n<!-- \/ Yoast SEO plugin. -->","yoast_head_json":{"title":"Bonuskong Casino Bonus | Willkommens- und Promo-Angebote","description":"Bonuskong Casino Bonus \u2013 entdecke Willkommenspakete, Reload-Boni, Freispiele und laufende Aktionen f\u00fcr aktive Spieler. Profitiere von Cashback und saisonalen Angeboten bei Bonus Kong.","robots":{"index":"index","follow":"follow","max-snippet":"max-snippet:-1","max-image-preview":"max-image-preview:large","max-video-preview":"max-video-preview:-1"},"canonical":"https:\/\/bonuskongcasino.net\/de\/aktionen\/","og_locale":"de_DE","og_type":"article","og_title":"Bonuskong Casino Bonus | Willkommens- und Promo-Angebote","og_description":"Bonuskong Casino Bonus \u2013 entdecke Willkommenspakete, Reload-Boni, Freispiele und laufende Aktionen f\u00fcr aktive Spieler. Profitiere von Cashback und saisonalen Angeboten bei Bonus Kong.","og_url":"https:\/\/bonuskongcasino.net\/de\/aktionen\/","og_site_name":"bonuskong","article_modified_time":"2026-02-12T08:14:42+00:00","twitter_card":"summary_large_image","twitter_misc":{"Gesch\u00e4tzte Lesezeit":"1\u00a0Minute"},"schema":{"@context":"https:\/\/schema.org","@graph":[{"@type":"WebPage","@id":"https:\/\/bonuskongcasino.net\/de\/aktionen\/","url":"https:\/\/bonuskongcasino.net\/de\/aktionen\/","name":"Bonuskong Casino Bonus | Willkommens- und Promo-Angebote","isPartOf":{"@id":"https:\/\/bonuskongcasino.net\/de\/#website"},"datePublished":"2026-02-12T06:38:26+00:00","dateModified":"2026-02-12T08:14:42+00:00","description":"Bonuskong Casino Bonus \u2013 entdecke Willkommenspakete, Reload-Boni, Freispiele und laufende Aktionen f\u00fcr aktive Spieler. Profitiere von Cashback und saisonalen Angeboten bei Bonus Kong.","breadcrumb":{"@id":"https:\/\/bonuskongcasino.net\/de\/aktionen\/#breadcrumb"},"inLanguage":"de","potentialAction":[{"@type":"ReadAction","target":["https:\/\/bonuskongcasino.net\/de\/aktionen\/"]}]},{"@type":"BreadcrumbList","@id":"https:\/\/bonuskongcasino.net\/de\/aktionen\/#breadcrumb","itemListElement":[{"@type":"ListItem","position":1,"name":"Bonuskong","item":"https:\/\/bonuskongcasino.net\/de\/"},{"@type":"ListItem","position":2,"name":"Aktionen"}]},{"@type":"WebSite","@id":"https:\/\/bonuskongcasino.net\/de\/#website","url":"https:\/\/bonuskongcasino.net\/de\/","name":"Bonuskong","description":"","publisher":{"@id":"https:\/\/bonuskongcasino.net\/de\/#organization"},"potentialAction":[{"@type":"SearchAction","target":{"@type":"EntryPoint","urlTemplate":"https:\/\/bonuskongcasino.net\/de\/?s={search_term_string}"},"query-input":{"@type":"PropertyValueSpecification","valueRequired":true,"valueName":"search_term_string"}}],"inLanguage":"de"},{"@type":"Organization","@id":"https:\/\/bonuskongcasino.net\/de\/#organization","name":"Bonuskong","url":"https:\/\/bonuskongcasino.net\/de\/","logo":{"@type":"ImageObject","inLanguage":"de","@id":"https:\/\/bonuskongcasino.net\/de\/#\/schema\/logo\/image\/","url":"https:\/\/bonuskongcasino.net\/wp-content\/uploads\/2026\/02\/Bonuskong-logo.png","contentUrl":"https:\/\/bonuskongcasino.net\/wp-content\/uploads\/2026\/02\/Bonuskong-logo.png","width":60,"height":24,"caption":"Bonuskong"},"image":{"@id":"https:\/\/bonuskongcasino.net\/de\/#\/schema\/logo\/image\/"}}]}},"_links":{"self":[{"href":"https:\/\/bonuskongcasino.net\/de\/wp-json\/wp\/v2\/pages\/1427"}],"collection":[{"href":"https:\/\/bonuskongcasino.net\/de\/wp-json\/wp\/v2\/pages"}],"about":[{"href":"https:\/\/bonuskongcasino.net\/de\/wp-json\/wp\/v2\/types\/page"}],"author":[{"embeddable":true,"href":"https:\/\/bonuskongcasino.net\/de\/wp-json\/wp\/v2\/users\/9"}],"replies":[{"embeddable":true,"href":"https:\/\/bonuskongcasino.net\/de\/wp-json\/wp\/v2\/comments?post=1427"}],"version-history":[{"count":2,"href":"https:\/\/bonuskongcasino.net\/de\/wp-json\/wp\/v2\/pages\/1427\/revisions"}],"predecessor-version":[{"id":1615,"href":"https:\/\/bonuskongcasino.net\/de\/wp-json\/wp\/v2\/pages\/1427\/revisions\/1615"}],"wp:attachment":[{"href":"https:\/\/bonuskongcasino.net\/de\/wp-json\/wp\/v2\/media?parent=1427"}],"curies":[{"name":"wp","href":"https:\/\/api.w.org\/{rel}","templated":true}]}}