{"id":1415,"date":"2026-02-12T06:26:05","date_gmt":"2026-02-12T06:26:05","guid":{"rendered":"https:\/\/bonuskongcasino.net\/app-2\/"},"modified":"2026-02-12T08:10:06","modified_gmt":"2026-02-12T08:10:06","slug":"app","status":"publish","type":"page","link":"https:\/\/bonuskongcasino.net\/de\/app\/","title":{"rendered":"App"},"content":{"rendered":"<h1>Bonuskong App<\/h1>\n<p>Eine moderne Welt ohne Smartphones und die M\u00f6glichkeit, alle Ihre Lieblingsquellen auf einem mobilen Ger\u00e4t zu nutzen, ist kaum vorstellbar. Aus diesem Grund bieten wir allen unseren Kunden die Bonuskong App an. Sie ist f\u00fcr alle Android- und iOS-Ger\u00e4te verf\u00fcgbar. Sie k\u00f6nnen sie ganz einfach direkt von unserer Website installieren. In der mobilen Software finden Nutzer alle ihre Lieblingsfunktionen, wie Titel, Boni, Zahlungen und Kundenservice.<\/p>\n<div class=\"banner-wrap\" aria-label=\"Banner\"><img src=\"https:\/\/bonuskongcasino.net\/wp-content\/uploads\/2026\/02\/bonuskong-desktop-banner.webp\" class=\"w-100 d-none d-lg-block img-pc main-banner-img\" alt=\"Bonuskong desktop banner\" fetchpriority=\"high\" decoding=\"async\"><img src=\"https:\/\/bonuskongcasino.net\/wp-content\/uploads\/2026\/02\/bonuskong-mobile.webp\" class=\"w-100 d-none d-md-block d-lg-none main-banner-img\" alt=\"Bonuskong banner mobile\" fetchpriority=\"high\" decoding=\"async\"><img src=\"https:\/\/bonuskongcasino.net\/wp-content\/uploads\/2026\/02\/bonuskong-mobile.webp\" class=\"w-100 d-md-none\" alt=\"Bonuskong banner mobile\" fetchpriority=\"high\" decoding=\"async\"><div class=\"banner-description\">\n<div class=\"banner-title\">Willkommensboni<\/div>\n<p class=\"banner-header-title\">\u20ac1,500<\/p>\n<div class=\"banner-header-AdditionalText\">+ 250 Freispiele<\/div>\n<button data-item=\"homepage_banner_link\" class=\"goto m-button m-gradient-border m-button--primary m-button--large banner-button btn-orange\">\n            <div class=\"m-button-content\">\n                <span>Jetzt anmelden<\/span>\n                <span><\/span>\n            <\/div>\n        <\/button>\n<\/div>\n<div class=\"WelcomePack\">\n<p><img loading=\"lazy\" decoding=\"async\" class=\"alignnone size-full wp-image-1386\" src=\"https:\/\/bonuskongcasino.net\/wp-content\/uploads\/2026\/02\/welcome-crown.png\" alt=\"welcome crown\" width=\"25\" height=\"26\" \/><\/p>\n<div class=\"WelcomePack-Info\">W\u00f6chentlicher Cashback von bis zu 25 %<\/div>\n<p><img loading=\"lazy\" decoding=\"async\" class=\"alignnone size-full wp-image-1386\" src=\"https:\/\/bonuskongcasino.net\/wp-content\/uploads\/2026\/02\/welcome-crown.png\" alt=\"welcome crown\" width=\"25\" height=\"26\" \/><\/p>\n<\/div>\n<\/div>\n<h2>Funktionen der Bonuskong App<\/h2>\n<p>F\u00fcr die meisten Websites ist es ein Muss, eine mobile Version oder eine spezielle App zu haben. Das hilft den Nutzern, \u00fcberall online zu bleiben. Bonuskong Casino bietet sowohl die mobile Browser-Version als auch die mobile Software an. Hier finden Sie alle Funktionen, die auch auf dem PC oder Laptop verf\u00fcgbar sind.<\/p>\n<p>Die Bonus Kong App kann innerhalb weniger Minuten direkt von unserer Website installiert werden. Sie ist auf allen modernen Android- und iOS-Ger\u00e4ten verf\u00fcgbar, einschlie\u00dflich Smartphones und Tablets. Unsere mobile Software fordert nur die wesentlichen Berechtigungen an, wie z. B. Internetzugang f\u00fcr Echtzeit-Gameplay und Benachrichtigungen f\u00fcr wichtige Konto- oder Werbeaktualisierungen. Alle Interaktionen bei Bonuskong sind durch verschl\u00fcsselte Verbindungen gesch\u00fctzt, um unbefugten Zugriff oder Datenabfang zu verhindern.<\/p>\n<p>Die folgende Tabelle zeigt den Unterschied zwischen der Nutzung der Website auf einem PC und der Bonuskong App auf einem Mobilger\u00e4t.<\/p>\n<table>\n<tbody>\n<tr>\n<td>Funktion<\/td>\n<td>PC-Browser-Version<\/td>\n<td>Mobile Software<\/td>\n<\/tr>\n<tr>\n<td>Installation<\/td>\n<td>Keine Installation erforderlich.<\/td>\n<td>Einfache Installation ohne App Store oder Google Play.<\/td>\n<\/tr>\n<tr>\n<td>Layout der Benutzeroberfl\u00e4che<\/td>\n<td>Optimiert f\u00fcr gro\u00dfe Bildschirme mit erweiterten Men\u00fcs und einem vollst\u00e4ndigen Navigationsbereich.<\/td>\n<td>Touch-optimiertes Layout mit vereinfachten Men\u00fcs und vertikalem Bildlauf.<\/td>\n<\/tr>\n<tr>\n<td>Aktualisierungen<\/td>\n<td>Automatisch, wenn die Website aktualisiert wird.<\/td>\n<td>Aktualisiert sich automatisch im Hintergrund, ohne dass manuelle Downloads erforderlich sind.<\/td>\n<\/tr>\n<tr>\n<td>Benachrichtigungen<\/td>\n<td>Eingeschr\u00e4nkte Browser-Benachrichtigungen.<\/td>\n<td>Push-Benachrichtigungen werden unterst\u00fctzt (Boni, Turniere, Warnmeldungen).<\/td>\n<\/tr>\n<tr>\n<td>Komfort<\/td>\n<td>Ideal f\u00fcr l\u00e4ngere Sitzungen und das Surfen mit mehreren Tabs.<\/td>\n<td>Schneller Zugriff \u00fcber das Symbol auf dem Startbildschirm, speziell f\u00fcr das Spielen unterwegs entwickelt.<\/td>\n<\/tr>\n<\/tbody>\n<\/table>\n<p><div class=\"scrollable-content-wrap my-5\"><div class=\"scrollable-content-inner\"><h2>Bonuskong App f\u00fcr Android<\/h2>\n<p>Wir garantieren Ihnen, dass Ihr Spielerlebnis durch die Nutzung unserer App f\u00fcr Android nur noch besser wird. Sie m\u00fcssen keine Bonus Kong APK Dateien installieren oder Konten in App-Stores erstellen. Wir bieten Ihnen eine progressive Web-App (PWA), die nicht viel Speicherplatz auf Ihrem Ger\u00e4t beansprucht. Der Vorgang ist absolut sicher und wird regelm\u00e4\u00dfig von unserem Team getestet.<\/p>\n<p>In der App finden Sie die gesamte Spielesammlung mit Tausenden von Titeln, darunter Online-Slots, Tischspiele, Live-Dealer-Optionen und vieles mehr. Im Allgemeinen sind Sie bei der Nutzung eines Smartphones oder Tablets nicht eingeschr\u00e4nkt, da alle Funktionen von Bonuskong Casino hier verf\u00fcgbar sind.<\/p>\n<p>Wenn Sie bereit sind, die Bonuskong-Anwendung auszuprobieren, befolgen Sie bitte die folgenden Anweisungen:<\/p>\n<ol>\n<li>Benutzer m\u00fcssen unsere offizielle Website auf einem mobilen Ger\u00e4t besuchen.<\/li>\n<li>In der Adressleiste sollten Sie die Schaltfl\u00e4che \u201eMehr\u201c suchen und anklicken. Sie sieht aus wie drei vertikale Punkte.<\/li>\n<li>W\u00e4hlen Sie aus den verf\u00fcgbaren Optionen \u201eZum Startbildschirm hinzuf\u00fcgen\u201c aus.<\/li>\n<li>Benutzer k\u00f6nnen den Namen und das Aussehen des Symbols personalisieren.<\/li>\n<li>Klicken Sie auf \u201eHinzuf\u00fcgen\u201c, um den Vorgang abzuschlie\u00dfen und ein Bonus Kong Symbol auf Ihrem Startbildschirm zu erstellen.<\/li>\n<\/ol>\n<p><img loading=\"lazy\" decoding=\"async\" src=\"https:\/\/bonuskongcasino.net\/wp-content\/uploads\/2026\/02\/Bonuskong-Android.webp\" alt=\"Bonuskong Android\" width=\"1248\" height=\"536\" \/><\/p>\n<\/div><\/div><div style=\"clear: both\"><\/div><div class=\"d-flex justify-content-center\"><button data-item=\"decouvrez_link\" data-group=\"website_links\" class=\"goto fw-bold rounded-pill btn btn-orange\" aria-label=\"Laden Sie die Bonuskong-App herunter\" >Laden Sie die Bonuskong-App herunter<\/button><\/div><div class=\"scrollable-content-wrap my-5\"><div class=\"scrollable-content-inner\"><h2>Bonuskong App \u2013 iOS<\/h2>\n<p>Mehr als die H\u00e4lfte unserer iOS-Nutzer spielt lieber unterwegs. Mit Bonuskong Casino ist das m\u00f6glich und sehr bequem. Die erste Option ist die Verwendung der mobilen Browserversion. Dazu besuchen Sie einfach unsere offizielle Website in Safari oder Google Chrome. Die Bonuskong-Website passt sich der Bildschirmgr\u00f6\u00dfe und den Einstellungen an.<\/p>\n<p>Eine weitere Option f\u00fcr iOS-Nutzer ist die Bonuskong App. Wir haben sie mit fortschrittlichen Touch-Control-Techniken entwickelt, sodass Nutzer ohne Unterbrechung auf alle ihre Lieblingsspiele und andere Funktionen zugreifen k\u00f6nnen. Unser mobiles Casino ist absolut sicher. Wir verwenden innovative 1.3 TLS-Verschl\u00fcsselung, um Ihre pers\u00f6nlichen und finanziellen Daten zu sch\u00fctzen.<\/p>\n<p>Der Installationsprozess ist selbst f\u00fcr Neulinge unkompliziert und einfach. Wenn Sie Safari verwenden, klicken Sie einfach auf die Schaltfl\u00e4che \u201eTeilen\u201d und w\u00e4hlen Sie \u201eZum Startbildschirm hinzuf\u00fcgen\u201d. Innerhalb von Sekunden erscheint das Bonus Kong Casino-Symbol auf Ihrem Hauptbildschirm. Spieler k\u00f6nnen es verschieben und an einer beliebigen Stelle auf ihrem Bildschirm platzieren.<\/p>\n<p><img loading=\"lazy\" decoding=\"async\" src=\"https:\/\/bonuskongcasino.net\/wp-content\/uploads\/2026\/02\/Bonuskong-iOS.webp\" alt=\"Bonuskong iOS\" width=\"1248\" height=\"536\" \/><\/p>\n<\/div><\/div><div style=\"clear: both\"><\/div><div class=\"d-flex justify-content-center\"><button data-item=\"decouvrez_link\" data-group=\"website_links\" class=\"goto fw-bold rounded-pill btn btn-orange\" aria-label=\"Bonuskong herunterladen\" >Bonuskong herunterladen<\/button><\/div><div class=\"scrollable-content-wrap my-5\"><div class=\"scrollable-content-inner\"><h2>Bonus Kong Casino \u2013 Desktop Version<\/h2>\n<p>Wenn Sie lieber klassisch auf einem PC oder Laptop spielen, ist das mit Bonuskong ebenfalls kein Problem. Sie k\u00f6nnen unsere Website in jedem bevorzugten Browser aufrufen. Die Plattform ist f\u00fcr alle Bildschirmgr\u00f6\u00dfen optimiert. Wir schr\u00e4nken Ihre Spielweise nicht ein. Benutzer k\u00f6nnen unterwegs ganz einfach ihr Smartphone verwenden und zu Hause auf einen PC umsteigen. Nach der Anmeldung werden alle Ihre Einstellungen zwischen den Ger\u00e4ten synchronisiert.<\/p>\n<p>F\u00fcr einen schnelleren Zugriff k\u00f6nnen Sie jederzeit das Verkn\u00fcpfungssymbol installieren. So k\u00f6nnen Sie unsere Bonuskong Casino Plattform mit einem einzigen Klick \u00f6ffnen, ohne Ihren Browser aufzurufen. Wenn Sie Probleme bei der Nutzung der Website oder der App auf dem PC oder Mobilger\u00e4t haben, k\u00f6nnen Sie sich jederzeit per Live-Chat oder E-Mail an unseren Support wenden.<\/p>\n<h3>Sicherheit und Fair Play<\/h3>\n<p>Unabh\u00e4ngig davon, welche Plattform oder welches Ger\u00e4t Sie verwenden, hat Ihre Sicherheit f\u00fcr uns oberste Priorit\u00e4t. In der mobilen Software verschl\u00fcsseln und tokenisieren wir alle Ihre Zahlungsdaten. Dar\u00fcber hinaus verwenden wir bei Bonuskong einen sicheren RSA-2048+-Schl\u00fcsselaustausch. Um Fairplay zu gew\u00e4hrleisten, verf\u00fcgen alle unsere Titel \u00fcber zertifizierte RNGs.<\/p>\n<p>Dar\u00fcber hinaus bitten wir alle unsere Desktop- und Mobilger\u00e4te-Nutzer, einen einfachen Verifizierungsprozess durchzuf\u00fchren. Wenn Sie Ihr Profil noch sicherer machen m\u00f6chten, k\u00f6nnen Sie jederzeit die Zwei-Faktor-Authentifizierung aktivieren.<\/p>\n<p><img loading=\"lazy\" decoding=\"async\" src=\"https:\/\/bonuskongcasino.net\/wp-content\/uploads\/2026\/02\/Bonuskong-Desktop.webp\" alt=\"Bonuskong Desktop\" width=\"1248\" height=\"536\" \/><\/p>\n<\/div><\/div><div style=\"clear: both\"><\/div><div class=\"d-flex justify-content-center\"><button data-item=\"decouvrez_link\" data-group=\"website_links\" class=\"goto fw-bold rounded-pill btn btn-orange\" aria-label=\"Laden Sie die Bonuskong-App herunter\" >Laden Sie die Bonuskong-App herunter<\/button><\/div><div class=\"scrollable-content-wrap my-5\"><div class=\"scrollable-content-inner\"><h2>FAQ<\/h2>\n<h3>Ist die Bonuskong Casino App f\u00fcr Tablets und gr\u00f6\u00dfere Bildschirme optimiert?<\/h3>\n<p>Die Bonuskong Casino App ist f\u00fcr alle Tablets und Ger\u00e4te mit gr\u00f6\u00dferen Bildschirmen optimiert. Wir verwenden spezielle Touch-Control-, Scroll- und Swipe-Funktionen, damit Sie die Prozesse auf jedem Ger\u00e4t genie\u00dfen k\u00f6nnen.<\/p>\n<h3>Kann ich einfach zwischen der App und der Desktop Version wechseln?<\/h3>\n<p>Benutzer k\u00f6nnen je nach Situation das bevorzugte Ger\u00e4t ausw\u00e4hlen. Nachdem Sie sich in Ihr Konto eingeloggt haben, werden Ihr Guthaben, Ihre Einstellungen und Ihre Erfolge synchronisiert. Wichtig ist, dass Sie nicht mehrere Ger\u00e4te gleichzeitig verwenden.<\/p>\n<h3>Sind alle Bonus Kong-Spiele in der App verf\u00fcgbar?<\/h3>\n<p>Die gesamte Titelkollektion ist in der Bonuskong-App verf\u00fcgbar. Sie finden dort beliebte Slots, Live-Casino-Optionen, Tischspiele und Sofortgewinnspiele. Unsere Softwareanbieter entwickeln sie so, dass sie f\u00fcr alle modernen Mobilger\u00e4te optimiert sind.<\/p>\n<\/div><\/div><\/p>\n","protected":false},"excerpt":{"rendered":"<p>Bonuskong App Eine moderne Welt ohne Smartphones und die M\u00f6glichkeit, alle Ihre Lieblingsquellen auf einem mobilen Ger\u00e4t zu nutzen, ist kaum vorstellbar. Aus diesem Grund bieten wir allen unseren Kunden die Bonuskong App an. Sie ist f\u00fcr alle Android- und iOS-Ger\u00e4te verf\u00fcgbar. Sie k\u00f6nnen sie ganz einfach direkt von unserer Website installieren. In der mobilen [&hellip;]<\/p>\n","protected":false},"author":9,"featured_media":0,"parent":0,"menu_order":0,"comment_status":"closed","ping_status":"closed","template":"template-builder.php","meta":{"_acf_changed":false,"inline_featured_image":false,"footnotes":""},"class_list":["post-1415","page","type-page","status-publish","hentry"],"acf":[],"yoast_head":"<!-- This site is optimized with the Yoast SEO plugin v24.4 - https:\/\/yoast.com\/wordpress\/plugins\/seo\/ -->\n<title>Bonuskong Login \u2013 Sicherer Zugang zu Ihrem Casino-Konto<\/title>\n<meta name=\"description\" content=\"Bonuskong Login \u2013 greifen Sie sicher auf Ihr Casino-Konto zu oder melden Sie sich neu an mit verschl\u00fcsseltem Login. Verwalten Sie Passwort, Profil und Sicherheit bei Bonus Kong.\" \/>\n<meta name=\"robots\" content=\"index, follow, max-snippet:-1, max-image-preview:large, max-video-preview:-1\" \/>\n<link rel=\"canonical\" href=\"https:\/\/bonuskongcasino.net\/de\/app\/\" \/>\n<meta property=\"og:locale\" content=\"de_DE\" \/>\n<meta property=\"og:type\" content=\"article\" \/>\n<meta property=\"og:title\" content=\"Bonuskong Login \u2013 Sicherer Zugang zu Ihrem Casino-Konto\" \/>\n<meta property=\"og:description\" content=\"Bonuskong Login \u2013 greifen Sie sicher auf Ihr Casino-Konto zu oder melden Sie sich neu an mit verschl\u00fcsseltem Login. Verwalten Sie Passwort, Profil und Sicherheit bei Bonus Kong.\" \/>\n<meta property=\"og:url\" content=\"https:\/\/bonuskongcasino.net\/de\/app\/\" \/>\n<meta property=\"og:site_name\" content=\"bonuskong\" \/>\n<meta property=\"article:modified_time\" content=\"2026-02-12T08:10:06+00:00\" \/>\n<meta name=\"twitter:card\" content=\"summary_large_image\" \/>\n<meta name=\"twitter:label1\" content=\"Gesch\u00e4tzte Lesezeit\" \/>\n\t<meta name=\"twitter:data1\" content=\"2\u00a0Minuten\" \/>\n<script type=\"application\/ld+json\" class=\"yoast-schema-graph\">{\"@context\":\"https:\/\/schema.org\",\"@graph\":[{\"@type\":\"WebPage\",\"@id\":\"https:\/\/bonuskongcasino.net\/de\/app\/\",\"url\":\"https:\/\/bonuskongcasino.net\/de\/app\/\",\"name\":\"Bonuskong Login \u2013 Sicherer Zugang zu Ihrem Casino-Konto\",\"isPartOf\":{\"@id\":\"https:\/\/bonuskongcasino.net\/de\/#website\"},\"datePublished\":\"2026-02-12T06:26:05+00:00\",\"dateModified\":\"2026-02-12T08:10:06+00:00\",\"description\":\"Bonuskong Login \u2013 greifen Sie sicher auf Ihr Casino-Konto zu oder melden Sie sich neu an mit verschl\u00fcsseltem Login. Verwalten Sie Passwort, Profil und Sicherheit bei Bonus Kong.\",\"breadcrumb\":{\"@id\":\"https:\/\/bonuskongcasino.net\/de\/app\/#breadcrumb\"},\"inLanguage\":\"de\",\"potentialAction\":[{\"@type\":\"ReadAction\",\"target\":[\"https:\/\/bonuskongcasino.net\/de\/app\/\"]}]},{\"@type\":\"BreadcrumbList\",\"@id\":\"https:\/\/bonuskongcasino.net\/de\/app\/#breadcrumb\",\"itemListElement\":[{\"@type\":\"ListItem\",\"position\":1,\"name\":\"Bonuskong\",\"item\":\"https:\/\/bonuskongcasino.net\/de\/\"},{\"@type\":\"ListItem\",\"position\":2,\"name\":\"App\"}]},{\"@type\":\"WebSite\",\"@id\":\"https:\/\/bonuskongcasino.net\/de\/#website\",\"url\":\"https:\/\/bonuskongcasino.net\/de\/\",\"name\":\"Bonuskong\",\"description\":\"\",\"publisher\":{\"@id\":\"https:\/\/bonuskongcasino.net\/de\/#organization\"},\"potentialAction\":[{\"@type\":\"SearchAction\",\"target\":{\"@type\":\"EntryPoint\",\"urlTemplate\":\"https:\/\/bonuskongcasino.net\/de\/?s={search_term_string}\"},\"query-input\":{\"@type\":\"PropertyValueSpecification\",\"valueRequired\":true,\"valueName\":\"search_term_string\"}}],\"inLanguage\":\"de\"},{\"@type\":\"Organization\",\"@id\":\"https:\/\/bonuskongcasino.net\/de\/#organization\",\"name\":\"Bonuskong\",\"url\":\"https:\/\/bonuskongcasino.net\/de\/\",\"logo\":{\"@type\":\"ImageObject\",\"inLanguage\":\"de\",\"@id\":\"https:\/\/bonuskongcasino.net\/de\/#\/schema\/logo\/image\/\",\"url\":\"https:\/\/bonuskongcasino.net\/wp-content\/uploads\/2026\/02\/Bonuskong-logo.png\",\"contentUrl\":\"https:\/\/bonuskongcasino.net\/wp-content\/uploads\/2026\/02\/Bonuskong-logo.png\",\"width\":60,\"height\":24,\"caption\":\"Bonuskong\"},\"image\":{\"@id\":\"https:\/\/bonuskongcasino.net\/de\/#\/schema\/logo\/image\/\"}}]}<\/script>\n<!-- \/ Yoast SEO plugin. -->","yoast_head_json":{"title":"Bonuskong Login \u2013 Sicherer Zugang zu Ihrem Casino-Konto","description":"Bonuskong Login \u2013 greifen Sie sicher auf Ihr Casino-Konto zu oder melden Sie sich neu an mit verschl\u00fcsseltem Login. Verwalten Sie Passwort, Profil und Sicherheit bei Bonus Kong.","robots":{"index":"index","follow":"follow","max-snippet":"max-snippet:-1","max-image-preview":"max-image-preview:large","max-video-preview":"max-video-preview:-1"},"canonical":"https:\/\/bonuskongcasino.net\/de\/app\/","og_locale":"de_DE","og_type":"article","og_title":"Bonuskong Login \u2013 Sicherer Zugang zu Ihrem Casino-Konto","og_description":"Bonuskong Login \u2013 greifen Sie sicher auf Ihr Casino-Konto zu oder melden Sie sich neu an mit verschl\u00fcsseltem Login. Verwalten Sie Passwort, Profil und Sicherheit bei Bonus Kong.","og_url":"https:\/\/bonuskongcasino.net\/de\/app\/","og_site_name":"bonuskong","article_modified_time":"2026-02-12T08:10:06+00:00","twitter_card":"summary_large_image","twitter_misc":{"Gesch\u00e4tzte Lesezeit":"2\u00a0Minuten"},"schema":{"@context":"https:\/\/schema.org","@graph":[{"@type":"WebPage","@id":"https:\/\/bonuskongcasino.net\/de\/app\/","url":"https:\/\/bonuskongcasino.net\/de\/app\/","name":"Bonuskong Login \u2013 Sicherer Zugang zu Ihrem Casino-Konto","isPartOf":{"@id":"https:\/\/bonuskongcasino.net\/de\/#website"},"datePublished":"2026-02-12T06:26:05+00:00","dateModified":"2026-02-12T08:10:06+00:00","description":"Bonuskong Login \u2013 greifen Sie sicher auf Ihr Casino-Konto zu oder melden Sie sich neu an mit verschl\u00fcsseltem Login. Verwalten Sie Passwort, Profil und Sicherheit bei Bonus Kong.","breadcrumb":{"@id":"https:\/\/bonuskongcasino.net\/de\/app\/#breadcrumb"},"inLanguage":"de","potentialAction":[{"@type":"ReadAction","target":["https:\/\/bonuskongcasino.net\/de\/app\/"]}]},{"@type":"BreadcrumbList","@id":"https:\/\/bonuskongcasino.net\/de\/app\/#breadcrumb","itemListElement":[{"@type":"ListItem","position":1,"name":"Bonuskong","item":"https:\/\/bonuskongcasino.net\/de\/"},{"@type":"ListItem","position":2,"name":"App"}]},{"@type":"WebSite","@id":"https:\/\/bonuskongcasino.net\/de\/#website","url":"https:\/\/bonuskongcasino.net\/de\/","name":"Bonuskong","description":"","publisher":{"@id":"https:\/\/bonuskongcasino.net\/de\/#organization"},"potentialAction":[{"@type":"SearchAction","target":{"@type":"EntryPoint","urlTemplate":"https:\/\/bonuskongcasino.net\/de\/?s={search_term_string}"},"query-input":{"@type":"PropertyValueSpecification","valueRequired":true,"valueName":"search_term_string"}}],"inLanguage":"de"},{"@type":"Organization","@id":"https:\/\/bonuskongcasino.net\/de\/#organization","name":"Bonuskong","url":"https:\/\/bonuskongcasino.net\/de\/","logo":{"@type":"ImageObject","inLanguage":"de","@id":"https:\/\/bonuskongcasino.net\/de\/#\/schema\/logo\/image\/","url":"https:\/\/bonuskongcasino.net\/wp-content\/uploads\/2026\/02\/Bonuskong-logo.png","contentUrl":"https:\/\/bonuskongcasino.net\/wp-content\/uploads\/2026\/02\/Bonuskong-logo.png","width":60,"height":24,"caption":"Bonuskong"},"image":{"@id":"https:\/\/bonuskongcasino.net\/de\/#\/schema\/logo\/image\/"}}]}},"_links":{"self":[{"href":"https:\/\/bonuskongcasino.net\/de\/wp-json\/wp\/v2\/pages\/1415"}],"collection":[{"href":"https:\/\/bonuskongcasino.net\/de\/wp-json\/wp\/v2\/pages"}],"about":[{"href":"https:\/\/bonuskongcasino.net\/de\/wp-json\/wp\/v2\/types\/page"}],"author":[{"embeddable":true,"href":"https:\/\/bonuskongcasino.net\/de\/wp-json\/wp\/v2\/users\/9"}],"replies":[{"embeddable":true,"href":"https:\/\/bonuskongcasino.net\/de\/wp-json\/wp\/v2\/comments?post=1415"}],"version-history":[{"count":2,"href":"https:\/\/bonuskongcasino.net\/de\/wp-json\/wp\/v2\/pages\/1415\/revisions"}],"predecessor-version":[{"id":1612,"href":"https:\/\/bonuskongcasino.net\/de\/wp-json\/wp\/v2\/pages\/1415\/revisions\/1612"}],"wp:attachment":[{"href":"https:\/\/bonuskongcasino.net\/de\/wp-json\/wp\/v2\/media?parent=1415"}],"curies":[{"name":"wp","href":"https:\/\/api.w.org\/{rel}","templated":true}]}}